{"id":19936,"date":"2025-10-20T12:28:56","date_gmt":"2025-10-20T10:28:56","guid":{"rendered":"https:\/\/www.sunkaraoke.hu\/?post_type=product&#038;p=19936"},"modified":"2025-10-20T12:30:56","modified_gmt":"2025-10-20T10:30:56","slug":"mache-x-dj-dizma-sosem-vetkezo-szerelem-2025-new-remix-pb-edition","status":"publish","type":"product","link":"https:\/\/www.sunkaraoke.hu\/index.php\/termek\/mache-x-dj-dizma-sosem-vetkezo-szerelem-2025-new-remix-pb-edition\/","title":{"rendered":"<div class=\"wcmp-player-container product-19936\"><audio controlslist=\"nodownload\" data-product=\"19936\"  volume=\"1\"  preload=\"none\" data-lazyloading=\"none\" class=\"wcmp-player track mejs-classic\" data-duration=\"0:37\" data-estimated_duration=\"4\"><source src=\"https:\/\/www.sunkaraoke.hu\/wp-content\/uploads\/2025\/10\/Sosem-vetkezo-szerelem-2025.-Newdemoo-03.mp3\" type=\"audio\/mp3\" \/><\/audio><\/div>Mach\u00e9 X Dj Dizma: Sosem v\u00e9tkez\u0151 szerelem 2025. New Remix ( PB Edition)"},"content":{"rendered":"<p><strong>03:44<\/strong>| <strong><img loading=\"lazy\" decoding=\"async\" class=\"alignnone size-full wp-image-467\" src=\"https:\/\/www.sunkaraoke.hu\/wp-content\/uploads\/2022\/07\/choir_2-copy.webp\" alt=\"\" width=\"30\" height=\"30\" \/> <strong> | <img loading=\"lazy\" decoding=\"async\" class=\"alignnone size-full wp-image-613\" src=\"https:\/\/www.sunkaraoke.hu\/wp-content\/uploads\/2022\/07\/transzponalas.webp\" alt=\"\" width=\"30\" height=\"30\" \/> <\/strong><\/strong><\/p>\n","protected":false},"excerpt":{"rendered":"<h5><strong>Bits\u0171r\u0171s\u00e9g: 320kb\/s<\/strong><br \/>\n<strong>Hossz: 03:44<\/strong><br \/>\n<strong>Vok\u00e1lt tartalmaz: Nem <img loading=\"lazy\" decoding=\"async\" class=\"alignnone size-full wp-image-467\" src=\"http:\/\/www.sunkaraoke.hu\/wp-content\/uploads\/2022\/07\/choir_2-copy.png\" alt=\"\" width=\"30\" height=\"30\" \/><\/strong><\/h5>\n<p>Sunkaraoke mp3 st\u00fadi\u00f3 \/ www.sunkaraoke.hu \/ Inf: Tel: 06 20 4275001<\/p>\n<p>&#8212;Intr\u00f3&#8212;<br \/>\nMondd azt, hogy \u00fagy v\u00e1rsz, mint hajnalt az \u00e9g,<br \/>\ns \u00e1lmomban sz\u00f6ktetsz \u00e1t sok rossz mes\u00e9t.<br \/>\nBiztos, hogy tiszta a sz\u00e1nd\u00e9k, a c\u00e9l,<br \/>\ns mostoha v\u00e1gyban nem \u00e9breszt a f\u00e9ny.<br \/>\nHad legyek fontos, \u00e9s sz\u00e9p pillanat,<br \/>\narcodban had l\u00e1ssam meg \u00f6nmagam.<br \/>\nMondd azt, hogy elringat, bec\u00e9z a v\u00e1gy,<br \/>\ns felragyog t\u0151led az utca, a h\u00e1z.<br \/>\n\u00dagy k\u00e9rlek, adj es\u00e9lyt,<br \/>\negy sosem v\u00e9tkez\u0151 szerelem\u00e9rt,<br \/>\nmint sz\u00e9tgurult gy\u00f6ngy\u00f6k az \u0151szi avaron,<br \/>\nragyogj fel bennem, \u00fagy akarom.<br \/>\nMinden \u00e9jjel, minden nap,<br \/>\nhiszem, az egyetlen csak te vagy.<br \/>\nGy\u00f6ny\u00f6r\u0171 sz\u00e9p szerelmesem,<br \/>\ncsak te legy\u00e9l, te maradj meg nekem.<br \/>\nMinden \u00e9jjel, minden nap,<br \/>\nhiszem, az egyetlenem te vagy.<br \/>\nMiattad hiszem, s nem feledem,<br \/>\nhogy van sosem v\u00e9tkez\u0151 szerelem.<br \/>\n&#8212;Sz\u00f3l\u00f3&#8212;<br \/>\nMondd azt, hogy \u00fagy v\u00e1rsz, mint hajnalt az \u00e9g,<br \/>\ns egym\u00e1shoz ill\u00fcnk, mint gy\u00e9m\u00e1nt, s a f\u00e9ny.<br \/>\nMost minden sz\u00f3, minden hang t\u00e9ged kutat,<br \/>\nm\u00e1r nincs k\u00e9rd\u00e9s bennem, te mutass utat.<br \/>\n\u00dagy k\u00e9rlek, adj es\u00e9lyt,<br \/>\negy sosem v\u00e9tkez\u0151 szerelem\u00e9rt,<br \/>\nmint sz\u00e9tgurult gy\u00f6ngy\u00f6k az \u0151szi avaron,<br \/>\nragyogj fel bennem, \u00fagy akarom.<br \/>\nMinden \u00e9jjel, minden nap,<br \/>\nhiszem, az egyetlen csak te vagy.<br \/>\nGy\u00f6ny\u00f6r\u0171 sz\u00e9p szerelmesem,<br \/>\ncsak te legy\u00e9l, te maradj meg nekem.<br \/>\nMinden \u00e9jjel, minden nap,<br \/>\nhiszem, az egyetlenem te vagy.<br \/>\nMiattad hiszem, s nem feledem,<br \/>\nhogy van sosem v\u00e9tkez\u0151 szerelem.<br \/>\n&#8212;Sz\u00f3l\u00f3&#8212;-<br \/>\nMinden \u00e9jjel, minden nap,<br \/>\nhiszem, az egyetlen csak te vagy.<br \/>\nGy\u00f6ny\u00f6r\u0171 sz\u00e9p szerelmesem,<br \/>\ncsak te legy\u00e9l, te maradj meg nekem.<br \/>\nMinden \u00e9jjel, minden nap,<br \/>\nhiszem, az egyetlenem te vagy.<br \/>\nMiattad hiszem, s nem feledem,<br \/>\nhogy van sosem v\u00e9tkez\u0151 szerelem.<br \/>\n&#8212;V\u00e9ge&#8212;<\/p>\n<p>&nbsp;<\/p>\n","protected":false},"featured_media":19939,"template":"","meta":{"site-sidebar-layout":"default","site-content-layout":"default","ast-site-content-layout":"default","site-content-style":"default","site-sidebar-style":"default","ast-global-header-display":"","ast-banner-title-visibility":"","ast-main-header-display":"","ast-hfb-above-header-display":"","ast-hfb-below-header-display":"","ast-hfb-mobile-header-display":"","site-post-title":"","ast-breadcrumbs-content":"","ast-featured-img":"","footer-sml-layout":"","theme-transparent-header-meta":"default","adv-header-id-meta":"","stick-header-meta":"","header-above-stick-meta":"","header-main-stick-meta":"","header-below-stick-meta":"","astra-migrate-meta-layouts":"set","ast-page-background-enabled":"default","ast-page-background-meta":{"desktop":{"background-color":"var(--ast-global-color-4)","background-image":"","background-repeat":"repeat","background-position":"center center","background-size":"auto","background-attachment":"scroll","background-type":"","background-media":"","overlay-type":"","overlay-color":"","overlay-opacity":"","overlay-gradient":""},"tablet":{"background-color":"","background-image":"","background-repeat":"repeat","background-position":"center center","background-size":"auto","background-attachment":"scroll","background-type":"","background-media":"","overlay-type":"","overlay-color":"","overlay-opacity":"","overlay-gradient":""},"mobile":{"background-color":"","background-image":"","background-repeat":"repeat","background-position":"center center","background-size":"auto","background-attachment":"scroll","background-type":"","background-media":"","overlay-type":"","overlay-color":"","overlay-opacity":"","overlay-gradient":""}},"ast-content-background-meta":{"desktop":{"background-color":"var(--ast-global-color-5)","background-image":"","background-repeat":"repeat","background-position":"center center","background-size":"auto","background-attachment":"scroll","background-type":"","background-media":"","overlay-type":"","overlay-color":"","overlay-opacity":"","overlay-gradient":""},"tablet":{"background-color":"var(--ast-global-color-5)","background-image":"","background-repeat":"repeat","background-position":"center center","background-size":"auto","background-attachment":"scroll","background-type":"","background-media":"","overlay-type":"","overlay-color":"","overlay-opacity":"","overlay-gradient":""},"mobile":{"background-color":"var(--ast-global-color-5)","background-image":"","background-repeat":"repeat","background-position":"center center","background-size":"auto","background-attachment":"scroll","background-type":"","background-media":"","overlay-type":"","overlay-color":"","overlay-opacity":"","overlay-gradient":""}}},"product_cat":[48],"product_tag":[],"class_list":["post-19936","product","type-product","status-publish","has-post-thumbnail","hentry","product_cat-sunkaraoke-dalok","desktop-align-left","tablet-align-left","mobile-align-left"],"_links":{"self":[{"href":"https:\/\/www.sunkaraoke.hu\/index.php\/wp-json\/wp\/v2\/product\/19936","targetHints":{"allow":["GET"]}}],"collection":[{"href":"https:\/\/www.sunkaraoke.hu\/index.php\/wp-json\/wp\/v2\/product"}],"about":[{"href":"https:\/\/www.sunkaraoke.hu\/index.php\/wp-json\/wp\/v2\/types\/product"}],"wp:featuredmedia":[{"embeddable":true,"href":"https:\/\/www.sunkaraoke.hu\/index.php\/wp-json\/wp\/v2\/media\/19939"}],"wp:attachment":[{"href":"https:\/\/www.sunkaraoke.hu\/index.php\/wp-json\/wp\/v2\/media?parent=19936"}],"wp:term":[{"taxonomy":"product_cat","embeddable":true,"href":"https:\/\/www.sunkaraoke.hu\/index.php\/wp-json\/wp\/v2\/product_cat?post=19936"},{"taxonomy":"product_tag","embeddable":true,"href":"https:\/\/www.sunkaraoke.hu\/index.php\/wp-json\/wp\/v2\/product_tag?post=19936"}],"curies":[{"name":"wp","href":"https:\/\/api.w.org\/{rel}","templated":true}]}}