{"id":19928,"date":"2025-10-18T14:29:01","date_gmt":"2025-10-18T12:29:01","guid":{"rendered":"https:\/\/www.sunkaraoke.hu\/?post_type=product&#038;p=19928"},"modified":"2025-10-18T14:31:34","modified_gmt":"2025-10-18T12:31:34","slug":"szikora-robert-valmar-balatoni-nyar-2025-new-pb-edition","status":"publish","type":"product","link":"https:\/\/www.sunkaraoke.hu\/index.php\/termek\/szikora-robert-valmar-balatoni-nyar-2025-new-pb-edition\/","title":{"rendered":"<div class=\"wcmp-player-container product-19928\"><audio controlslist=\"nodownload\" data-product=\"19928\"  volume=\"1\"  preload=\"none\" data-lazyloading=\"none\" class=\"wcmp-player track mejs-classic\" data-duration=\"0:32\" data-estimated_duration=\"4\"><source src=\"https:\/\/www.sunkaraoke.hu\/wp-content\/uploads\/2025\/10\/Balatoni-lany-2025.-New-trpmin2-Cover-_demoo.mp3\" type=\"audio\/mp3\" \/><\/audio><\/div>Szikora R\u00f3bert &#038; Valmar &#8211; Balatoni ny\u00e1r 2025. New (PB Edition)"},"content":{"rendered":"<p><strong>03:31<\/strong>| <strong><img loading=\"lazy\" decoding=\"async\" class=\"alignnone size-full wp-image-467\" src=\"https:\/\/www.sunkaraoke.hu\/wp-content\/uploads\/2022\/07\/choir_2-copy.webp\" alt=\"\" width=\"30\" height=\"30\" \/> <strong> | <img loading=\"lazy\" decoding=\"async\" class=\"alignnone size-full wp-image-613\" src=\"https:\/\/www.sunkaraoke.hu\/wp-content\/uploads\/2022\/07\/transzponalas.webp\" alt=\"\" width=\"30\" height=\"30\" \/> <\/strong><strong>-2<\/strong><\/strong><\/p>\n","protected":false},"excerpt":{"rendered":"<h5><strong>Bits\u0171r\u0171s\u00e9g: 320kb\/s<\/strong><br \/>\n<strong>Hossz: 03:31<\/strong><br \/>\n<strong>Vok\u00e1lt tartalmaz: Nem <img loading=\"lazy\" decoding=\"async\" class=\"alignnone size-full wp-image-467\" src=\"http:\/\/www.sunkaraoke.hu\/wp-content\/uploads\/2022\/07\/choir_2-copy.png\" alt=\"\" width=\"30\" height=\"30\" \/><\/strong><br \/>\n<strong>Transzpon\u00e1l\u00e1s: <img loading=\"lazy\" decoding=\"async\" class=\"alignnone size-full wp-image-613\" src=\"http:\/\/www.sunkaraoke.hu\/wp-content\/uploads\/2022\/07\/transzponalas.png\" alt=\"\" width=\"30\" height=\"30\" \/> -2<\/strong><\/h5>\n<p>Sunkaraoke mp3 st\u00fadi\u00f3 \/ www.sunkaraoke.hu \/ Inf: Tel: 06 20 4275001<\/p>\n<p>&#8212;Intr\u00f3&#8212;<br \/>\nCsillagok sz\u00f3rj\u00e1k az \u00e9jt az \u00e9gre,<br \/>\nBalaton partja t\u00e1ncol a sz\u00e9llel.<br \/>\nHull\u00e1mok sz\u00f3rj\u00e1k a titkain sz\u00e9jjel,<br \/>\nam\u00edg nem t\u00e1ncolunk addig te nem m\u00e9sz el.<br \/>\nMaradsz velem a hold alatt,<br \/>\nfr\u00f6ccsel felkavarva,<br \/>\nbalatoni l\u00e1ny, ne hagyj magamra,<br \/>\nTe vagy a ny\u00e1r, \u00e9s a csoda.<br \/>\nK\u00e9z a k\u00e9zben, ritmus a l\u00e1bunkban,<br \/>\nD\u00e9ja vu \u00e9rz\u00e9s megt\u00f6rt\u00e9nt m\u00e1r \u00e1lmunkban.<br \/>\nIlyen ez a hit, ilyen ez a val\u00f3s\u00e1g,<br \/>\nlehetne a most egy \u00e1lland\u00f3s\u00e1g.<br \/>\n\u00d3\u00f3\u00f3, a vak vil\u00e1g,vezet vil\u00e1gtalant ,az \u00e9jjelig,<br \/>\nhang egy jel tal\u00e1n, ami t\u00e9ged is megtal\u00e1l.<br \/>\n\u00c9s maradsz velem a hold alatt,<br \/>\nfr\u00f6ccsel felkavarva .<br \/>\nBalatoni l\u00e1ny, ne hagyj magamra,<br \/>\nTe vagy a ny\u00e1r, \u00e9s a csoda.<br \/>\nHa j\u00f6v\u0151re tal\u00e1lkozunk,<br \/>\negy h\u00e9tig csak t\u00e1ncolunk.<br \/>\nSz\u00edvemet ma itt hagyom,<br \/>\nBalaton, Balaton, magam kitombolom.<br \/>\nHa j\u00f6v\u0151re tal\u00e1lkozunk,<br \/>\negy h\u00e9tig bab\u00e1zgatunk,<br \/>\nm\u00e1r kem\u00e9nyek a bambuszok<br \/>\nBalaton, Balaton, let&#8217;s go, come on, come on.<br \/>\n&#8212;Sz\u00f3l\u00f3&#8212;<br \/>\n\u00d3\u00f3\u00f3, a vak vil\u00e1g,vezet vil\u00e1gtalant az \u00e9jjelig,<br \/>\nhang egy jel tal\u00e1n, ami t\u00e9ged is megtal\u00e1l.<br \/>\n\u00c9s maradsz velem a hold alatt,<br \/>\nfr\u00f6ccsel felkavarva .<br \/>\nBalatoni l\u00e1ny, ne hagyj magamra,<br \/>\nTe vagy a ny\u00e1r&#8230;<br \/>\n\u00c9s maradsz velem a hold alatt,<br \/>\nfr\u00f6ccsel felkavarva .<br \/>\nBalatoni l\u00e1ny, ne hagyj magamra,<br \/>\nTe vagy a ny\u00e1r, \u00e9s csoda.<br \/>\nHa j\u00f6v\u0151re tal\u00e1lkozunk,<br \/>\negy h\u00e9tig csak t\u00e1ncolunk.<br \/>\nm\u00e1r kem\u00e9nyek a bambuszok<br \/>\nBalaton, Balaton, let&#8217;s go, come on, come on.<br \/>\n\u00c9s maradsz velem a hold alatt,<br \/>\nfr\u00f6ccsel felkavarva .<br \/>\nBalatoni l\u00e1ny, ne hagyj magamra,<br \/>\nTe vagy a ny\u00e1r, \u00e9s a csoda.<br \/>\n&#8212;V\u00e9ge&#8212;<\/p>\n","protected":false},"featured_media":19931,"template":"","meta":{"site-sidebar-layout":"default","site-content-layout":"default","ast-site-content-layout":"default","site-content-style":"default","site-sidebar-style":"default","ast-global-header-display":"","ast-banner-title-visibility":"","ast-main-header-display":"","ast-hfb-above-header-display":"","ast-hfb-below-header-display":"","ast-hfb-mobile-header-display":"","site-post-title":"","ast-breadcrumbs-content":"","ast-featured-img":"","footer-sml-layout":"","theme-transparent-header-meta":"default","adv-header-id-meta":"","stick-header-meta":"","header-above-stick-meta":"","header-main-stick-meta":"","header-below-stick-meta":"","astra-migrate-meta-layouts":"set","ast-page-background-enabled":"default","ast-page-background-meta":{"desktop":{"background-color":"var(--ast-global-color-4)","background-image":"","background-repeat":"repeat","background-position":"center center","background-size":"auto","background-attachment":"scroll","background-type":"","background-media":"","overlay-type":"","overlay-color":"","overlay-opacity":"","overlay-gradient":""},"tablet":{"background-color":"","background-image":"","background-repeat":"repeat","background-position":"center center","background-size":"auto","background-attachment":"scroll","background-type":"","background-media":"","overlay-type":"","overlay-color":"","overlay-opacity":"","overlay-gradient":""},"mobile":{"background-color":"","background-image":"","background-repeat":"repeat","background-position":"center center","background-size":"auto","background-attachment":"scroll","background-type":"","background-media":"","overlay-type":"","overlay-color":"","overlay-opacity":"","overlay-gradient":""}},"ast-content-background-meta":{"desktop":{"background-color":"var(--ast-global-color-5)","background-image":"","background-repeat":"repeat","background-position":"center center","background-size":"auto","background-attachment":"scroll","background-type":"","background-media":"","overlay-type":"","overlay-color":"","overlay-opacity":"","overlay-gradient":""},"tablet":{"background-color":"var(--ast-global-color-5)","background-image":"","background-repeat":"repeat","background-position":"center center","background-size":"auto","background-attachment":"scroll","background-type":"","background-media":"","overlay-type":"","overlay-color":"","overlay-opacity":"","overlay-gradient":""},"mobile":{"background-color":"var(--ast-global-color-5)","background-image":"","background-repeat":"repeat","background-position":"center center","background-size":"auto","background-attachment":"scroll","background-type":"","background-media":"","overlay-type":"","overlay-color":"","overlay-opacity":"","overlay-gradient":""}}},"product_cat":[48],"product_tag":[],"class_list":["post-19928","product","type-product","status-publish","has-post-thumbnail","hentry","product_cat-sunkaraoke-dalok","desktop-align-left","tablet-align-left","mobile-align-left"],"_links":{"self":[{"href":"https:\/\/www.sunkaraoke.hu\/index.php\/wp-json\/wp\/v2\/product\/19928","targetHints":{"allow":["GET"]}}],"collection":[{"href":"https:\/\/www.sunkaraoke.hu\/index.php\/wp-json\/wp\/v2\/product"}],"about":[{"href":"https:\/\/www.sunkaraoke.hu\/index.php\/wp-json\/wp\/v2\/types\/product"}],"wp:featuredmedia":[{"embeddable":true,"href":"https:\/\/www.sunkaraoke.hu\/index.php\/wp-json\/wp\/v2\/media\/19931"}],"wp:attachment":[{"href":"https:\/\/www.sunkaraoke.hu\/index.php\/wp-json\/wp\/v2\/media?parent=19928"}],"wp:term":[{"taxonomy":"product_cat","embeddable":true,"href":"https:\/\/www.sunkaraoke.hu\/index.php\/wp-json\/wp\/v2\/product_cat?post=19928"},{"taxonomy":"product_tag","embeddable":true,"href":"https:\/\/www.sunkaraoke.hu\/index.php\/wp-json\/wp\/v2\/product_tag?post=19928"}],"curies":[{"name":"wp","href":"https:\/\/api.w.org\/{rel}","templated":true}]}}