{"id":19919,"date":"2025-10-17T10:37:04","date_gmt":"2025-10-17T08:37:04","guid":{"rendered":"https:\/\/www.sunkaraoke.hu\/?post_type=product&#038;p=19919"},"modified":"2025-10-17T10:42:16","modified_gmt":"2025-10-17T08:42:16","slug":"zambo-jimmy-ha-majd-nem-leszek-2025-new-pb-edition","status":"publish","type":"product","link":"https:\/\/www.sunkaraoke.hu\/index.php\/termek\/zambo-jimmy-ha-majd-nem-leszek-2025-new-pb-edition\/","title":{"rendered":"<div class=\"wcmp-player-container product-19919\"><audio controlslist=\"nodownload\" data-product=\"19919\"  volume=\"1\"  preload=\"none\" data-lazyloading=\"none\" class=\"wcmp-player track mejs-classic\" data-duration=\"0:37\" data-estimated_duration=\"4\"><source src=\"https:\/\/www.sunkaraoke.hu\/wp-content\/uploads\/2025\/10\/Ha-majd-nem-leszek-2025.-New_demo.mp3\" type=\"audio\/mp3\" \/><\/audio><\/div>Z\u00e1mb\u00f3 Jimmy &#8211;  Ha majd nem leszek 2025 New ( PB Edition)"},"content":{"rendered":"<p><strong>03:30<\/strong>\u00a0| <strong><img loading=\"lazy\" decoding=\"async\" class=\"alignnone size-full wp-image-467\" src=\"https:\/\/www.sunkaraoke.hu\/wp-content\/uploads\/2022\/07\/choir_2-copy.webp\" alt=\"\" width=\"30\" height=\"30\" \/>\u00a0 <img loading=\"lazy\" decoding=\"async\" class=\"\" src=\"https:\/\/www.sunkaraoke.hu\/wp-content\/uploads\/2022\/07\/transzponalas.webp\" width=\"32\" height=\"32\" \/> -4<\/strong><\/p>\n","protected":false},"excerpt":{"rendered":"<h6><strong>Bits\u0171r\u0171s\u00e9g: 320kb\/s<\/strong><br \/>\n<strong>Hossz: 02:52<\/strong><\/h6>\n<h6><strong>Vok\u00e1lt tartalmaz: Nem <img loading=\"lazy\" decoding=\"async\" class=\"alignnone size-full wp-image-467\" src=\"http:\/\/www.sunkaraoke.hu\/wp-content\/uploads\/2022\/07\/choir_2-copy.png\" alt=\"\" width=\"30\" height=\"30\" \/><\/strong><\/h6>\n<p><strong>Transzpon\u00e1l\u00e1s: <img decoding=\"async\" src=\"https:\/\/www.sunkaraoke.hu\/wp-content\/uploads\/2022\/07\/transzponalas.png\" \/> -4<\/strong><\/p>\n<p>Sunkaraoke mp3 st\u00fadi\u00f3 \/ www.sunkaraoke.hu \/ Inf: Tel: 06 20 4275001<\/p>\n<p>&#8212;Intr\u00f3&#8212;<br \/>\n\u00c9l\u00fcnk viharban,de mindig veled,<br \/>\nvan \u00fagy, hogy nem megy\u00fcnk tov\u00e1bb,<br \/>\nmajd \u00e9lek n\u00e9lk\u00fcled.<br \/>\n\u00c9n \u00e9s a sz\u00edvem,ketten vagyunk,<br \/>\n\u0151rizve minden j\u00f3t neked,majd arr\u00f3l \u00e1lmodunk:<br \/>\nHa majd nem leszek melletted \u00e9n,<br \/>\nte csak menj tov\u00e1bb a szeretet\u00e9rt,<br \/>\nha majd nem leszek meg\u00e9rten\u00e9d,<br \/>\nami egyszer indult sz\u00e1zszor v\u00e9get \u00e9r.<br \/>\n&#8212;Sz\u00f3l\u00f3&#8212;<br \/>\n\u00c9n, \u00e9s a sz\u00edvem,ketten vagyunk,<br \/>\nb\u00e1r n\u00e9ha elfelejten\u00e9nk,<br \/>\nhogy merr\u0151l indultunk.<br \/>\n\u00c9l\u00fcnk viharban,m\u00edg egy\u00fctt vagyunk,<br \/>\nb\u00e1r n\u00e9ha az \u00e9gben j\u00e1r sz\u00edvem,s arr\u00f3l \u00e1lmodom.<br \/>\nHa majd nem leszek melletted \u00e9n,<br \/>\nte csak menj tov\u00e1bb a szeretet\u00e9rt,<br \/>\nha majd nem leszek meg\u00e9rten\u00e9d,<br \/>\nami egyszer indult sz\u00e1zszor v\u00e9get \u00e9r.<br \/>\n&#8212;Sz\u00f3l\u00f3&#8212;<br \/>\nHa majd nem leszek melletted \u00e9n,<br \/>\nte csak menj tov\u00e1bb a szeretet\u00e9rt,<br \/>\nha majd nem leszek meg\u00e9rten\u00e9d,<br \/>\nami egyszer indult sz\u00e1zszor v\u00e9get \u00e9r.<br \/>\nHa majd nem leszek melletted \u00e9n,<br \/>\nte csak menj tov\u00e1bb a szeretet\u00e9rt,<br \/>\nha majd nem leszek meg\u00e9rten\u00e9d,<br \/>\nami egyszer indult sz\u00e1zszor v\u00e9get \u00e9r.<br \/>\n&#8212;.V\u00e9ge&#8212;<\/p>\n","protected":false},"featured_media":9274,"template":"","meta":{"site-sidebar-layout":"default","site-content-layout":"default","ast-site-content-layout":"default","site-content-style":"default","site-sidebar-style":"default","ast-global-header-display":"","ast-banner-title-visibility":"","ast-main-header-display":"","ast-hfb-above-header-display":"","ast-hfb-below-header-display":"","ast-hfb-mobile-header-display":"","site-post-title":"","ast-breadcrumbs-content":"","ast-featured-img":"","footer-sml-layout":"","theme-transparent-header-meta":"default","adv-header-id-meta":"","stick-header-meta":"","header-above-stick-meta":"","header-main-stick-meta":"","header-below-stick-meta":"","astra-migrate-meta-layouts":"set","ast-page-background-enabled":"default","ast-page-background-meta":{"desktop":{"background-color":"var(--ast-global-color-4)","background-image":"","background-repeat":"repeat","background-position":"center center","background-size":"auto","background-attachment":"scroll","background-type":"","background-media":"","overlay-type":"","overlay-color":"","overlay-opacity":"","overlay-gradient":""},"tablet":{"background-color":"","background-image":"","background-repeat":"repeat","background-position":"center center","background-size":"auto","background-attachment":"scroll","background-type":"","background-media":"","overlay-type":"","overlay-color":"","overlay-opacity":"","overlay-gradient":""},"mobile":{"background-color":"","background-image":"","background-repeat":"repeat","background-position":"center center","background-size":"auto","background-attachment":"scroll","background-type":"","background-media":"","overlay-type":"","overlay-color":"","overlay-opacity":"","overlay-gradient":""}},"ast-content-background-meta":{"desktop":{"background-color":"var(--ast-global-color-5)","background-image":"","background-repeat":"repeat","background-position":"center center","background-size":"auto","background-attachment":"scroll","background-type":"","background-media":"","overlay-type":"","overlay-color":"","overlay-opacity":"","overlay-gradient":""},"tablet":{"background-color":"var(--ast-global-color-5)","background-image":"","background-repeat":"repeat","background-position":"center center","background-size":"auto","background-attachment":"scroll","background-type":"","background-media":"","overlay-type":"","overlay-color":"","overlay-opacity":"","overlay-gradient":""},"mobile":{"background-color":"var(--ast-global-color-5)","background-image":"","background-repeat":"repeat","background-position":"center center","background-size":"auto","background-attachment":"scroll","background-type":"","background-media":"","overlay-type":"","overlay-color":"","overlay-opacity":"","overlay-gradient":""}}},"product_cat":[48],"product_tag":[],"class_list":["post-19919","product","type-product","status-publish","has-post-thumbnail","hentry","product_cat-sunkaraoke-dalok","desktop-align-left","tablet-align-left","mobile-align-left"],"_links":{"self":[{"href":"https:\/\/www.sunkaraoke.hu\/index.php\/wp-json\/wp\/v2\/product\/19919","targetHints":{"allow":["GET"]}}],"collection":[{"href":"https:\/\/www.sunkaraoke.hu\/index.php\/wp-json\/wp\/v2\/product"}],"about":[{"href":"https:\/\/www.sunkaraoke.hu\/index.php\/wp-json\/wp\/v2\/types\/product"}],"wp:featuredmedia":[{"embeddable":true,"href":"https:\/\/www.sunkaraoke.hu\/index.php\/wp-json\/wp\/v2\/media\/9274"}],"wp:attachment":[{"href":"https:\/\/www.sunkaraoke.hu\/index.php\/wp-json\/wp\/v2\/media?parent=19919"}],"wp:term":[{"taxonomy":"product_cat","embeddable":true,"href":"https:\/\/www.sunkaraoke.hu\/index.php\/wp-json\/wp\/v2\/product_cat?post=19919"},{"taxonomy":"product_tag","embeddable":true,"href":"https:\/\/www.sunkaraoke.hu\/index.php\/wp-json\/wp\/v2\/product_tag?post=19919"}],"curies":[{"name":"wp","href":"https:\/\/api.w.org\/{rel}","templated":true}]}}