{"id":19915,"date":"2025-10-16T19:46:13","date_gmt":"2025-10-16T17:46:13","guid":{"rendered":"https:\/\/www.sunkaraoke.hu\/?post_type=product&#038;p=19915"},"modified":"2025-10-16T19:48:03","modified_gmt":"2025-10-16T17:48:03","slug":"bitto-duo-x-baba-boldog-igazan-2025-new-pb-edition","status":"publish","type":"product","link":"https:\/\/www.sunkaraoke.hu\/index.php\/termek\/bitto-duo-x-baba-boldog-igazan-2025-new-pb-edition\/","title":{"rendered":"<div class=\"wcmp-player-container product-19915\"><audio controlslist=\"nodownload\" data-product=\"19915\"  volume=\"1\"  preload=\"none\" data-lazyloading=\"none\" class=\"wcmp-player track mejs-classic\" data-duration=\"0:34\" data-estimated_duration=\"4\"><source src=\"https:\/\/www.sunkaraoke.hu\/wp-content\/uploads\/2025\/10\/Boldog-igazan-2025.-BittoX-Baba-PB.-.demoo_.mp3\" type=\"audio\/mp3\" \/><\/audio><\/div>Bitt\u00f3 Du\u00f3 X Baba &#8211; Boldog igaz\u00e1n 2025. NEW ( PB Edition)"},"content":{"rendered":"<p><strong>03:06<\/strong>| <strong><img loading=\"lazy\" decoding=\"async\" class=\"alignnone size-full wp-image-467\" src=\"https:\/\/www.sunkaraoke.hu\/wp-content\/uploads\/2022\/07\/choir_2-copy.webp\" alt=\"\" width=\"30\" height=\"30\" \/> <\/strong><\/p>\n","protected":false},"excerpt":{"rendered":"<h6><strong>Bits\u0171r\u0171s\u00e9g: 320kb\/s<\/strong><\/h6>\n<h6><strong>Hossza: 03:06<\/strong><\/h6>\n<h6><strong>Vok\u00e1l: Nem<\/strong><\/h6>\n<p>Sunkaraoke mp3 st\u00fadi\u00f3 \/ www.sunkaraoke.hu \/ Inf: Tel: 06 20 4275001<\/p>\n<p>&#8212;Intr\u00f3&#8212;<br \/>\nZ\u00f6lden vir\u00edt a lombkoron\u00e1n,az \u00e9n \u00e9letem bab\u00e1m,<br \/>\nszepl\u0151tlen\u00fcl, \u00edgy elmer\u00fcl, az \u00e9vek partvonal\u00e1n.<br \/>\nVigy\u00e1z a f\u00f6ldre \u00e9s vigy\u00e1z az \u00e9gre,amerre sodor el a sz\u00e9l,<br \/>\nvigy\u00e1z r\u00e1d mert ha elt\u0171nn\u00e9l,a sz\u00edve az nem sokat \u00e9r.<br \/>\n\u00c9letemben egyszer voltam boldog igaz\u00e1n,<br \/>\nakkor is a k\u00e9t szememb\u0151l k\u00f6nny hullott tal\u00e1n,<br \/>\n\u00e9desem megvan mindenem,<br \/>\nde az utat, amit j\u00e1rsz azt \u00e9vek \u00f3ta keresem.<br \/>\nM\u00e9g nem besz\u00e9lt\u00fcnk f\u00e9lre,m\u00e9g nem rontottuk el,<br \/>\nvan egy k\u00e9t k\u00f6r a h\u00e1z k\u00f6r\u00fcl,<br \/>\nde te ne v\u00e1rj, ha nem \u00e9rlek el.<br \/>\nMert sz\u00e9p ez a vil\u00e1g, akkor is ha kih\u00e1g,<br \/>\nbaba beleb\u00fajok a szab\u00e1sodba,<br \/>\nmert nincs aki kiz\u00e1r este a sz\u00edvem kij\u00e1r,<br \/>\n\u00e9s ha kedve tartja beborul az \u00e1rokba.<\/p>\n<p>\u00c9letemben egyszer voltam boldog igaz\u00e1n,<br \/>\nakkor is a k\u00e9t szememb\u0151l k\u00f6nny hullott tal\u00e1n,<br \/>\n\u00e9desem megvan mindenem,<br \/>\nde az utat, amit j\u00e1rsz azt \u00e9vek \u00f3ta keresem.<br \/>\nElhagyott a feles\u00e9gem nincs a f\u00f6ld\u00f6n senkim se,<br \/>\n\u00e1rva fejem hov\u00e1 tegyem nincsen helye sehol se.<br \/>\nB\u00fasan \u00e9lem a vil\u00e1gom f\u00e1j a sz\u00edvem s\u00edrok \u00e9n,<br \/>\nelhagyott a feles\u00e9gem elhagyott mert iszok \u00e9n.<\/p>\n<p>Elhagytak a gyerekek is mind itt hagytak engemet,<br \/>\nkicsi fiam merre lehet a l\u00e1nyom most kit szeret.<br \/>\nB\u00fasan \u00e9lem a vil\u00e1gom f\u00e1j a sz\u00edvem s\u00edrok \u00e9n,<br \/>\nelhagyott a feles\u00e9gem, elhagyott mert iszok \u00e9n.<br \/>\n\u00c9letemben egyszer voltam boldog igaz\u00e1n,<br \/>\nakkor is a k\u00e9t szememb\u0151l k\u00f6nny hullott tal\u00e1n,<br \/>\n\u00e9desem megvan mindenem,<br \/>\nde az utat, amit j\u00e1rsz azt \u00e9vek \u00f3ta keresem.<br \/>\n&#8212;Sz\u00f3l\u00f3&#8212;<br \/>\n\u00c9letemben egyszer voltam boldog igaz\u00e1n,<br \/>\nakkor is a k\u00e9t szememb\u0151l k\u00f6nny hullott tal\u00e1n,<br \/>\n\u00e9desem megvan mindenem,<br \/>\nde az utat, amit j\u00e1rsz azt \u00e9vek \u00f3ta keresem.<br \/>\n&#8212;V\u00e9ge&#8212;<\/p>\n","protected":false},"featured_media":14762,"template":"","meta":{"site-sidebar-layout":"default","site-content-layout":"default","ast-site-content-layout":"default","site-content-style":"default","site-sidebar-style":"default","ast-global-header-display":"","ast-banner-title-visibility":"","ast-main-header-display":"","ast-hfb-above-header-display":"","ast-hfb-below-header-display":"","ast-hfb-mobile-header-display":"","site-post-title":"","ast-breadcrumbs-content":"","ast-featured-img":"","footer-sml-layout":"","theme-transparent-header-meta":"default","adv-header-id-meta":"","stick-header-meta":"","header-above-stick-meta":"","header-main-stick-meta":"","header-below-stick-meta":"","astra-migrate-meta-layouts":"set","ast-page-background-enabled":"default","ast-page-background-meta":{"desktop":{"background-color":"var(--ast-global-color-4)","background-image":"","background-repeat":"repeat","background-position":"center center","background-size":"auto","background-attachment":"scroll","background-type":"","background-media":"","overlay-type":"","overlay-color":"","overlay-opacity":"","overlay-gradient":""},"tablet":{"background-color":"","background-image":"","background-repeat":"repeat","background-position":"center center","background-size":"auto","background-attachment":"scroll","background-type":"","background-media":"","overlay-type":"","overlay-color":"","overlay-opacity":"","overlay-gradient":""},"mobile":{"background-color":"","background-image":"","background-repeat":"repeat","background-position":"center center","background-size":"auto","background-attachment":"scroll","background-type":"","background-media":"","overlay-type":"","overlay-color":"","overlay-opacity":"","overlay-gradient":""}},"ast-content-background-meta":{"desktop":{"background-color":"var(--ast-global-color-5)","background-image":"","background-repeat":"repeat","background-position":"center center","background-size":"auto","background-attachment":"scroll","background-type":"","background-media":"","overlay-type":"","overlay-color":"","overlay-opacity":"","overlay-gradient":""},"tablet":{"background-color":"var(--ast-global-color-5)","background-image":"","background-repeat":"repeat","background-position":"center center","background-size":"auto","background-attachment":"scroll","background-type":"","background-media":"","overlay-type":"","overlay-color":"","overlay-opacity":"","overlay-gradient":""},"mobile":{"background-color":"var(--ast-global-color-5)","background-image":"","background-repeat":"repeat","background-position":"center center","background-size":"auto","background-attachment":"scroll","background-type":"","background-media":"","overlay-type":"","overlay-color":"","overlay-opacity":"","overlay-gradient":""}}},"product_cat":[48],"product_tag":[],"class_list":["post-19915","product","type-product","status-publish","has-post-thumbnail","hentry","product_cat-sunkaraoke-dalok","desktop-align-left","tablet-align-left","mobile-align-left"],"_links":{"self":[{"href":"https:\/\/www.sunkaraoke.hu\/index.php\/wp-json\/wp\/v2\/product\/19915","targetHints":{"allow":["GET"]}}],"collection":[{"href":"https:\/\/www.sunkaraoke.hu\/index.php\/wp-json\/wp\/v2\/product"}],"about":[{"href":"https:\/\/www.sunkaraoke.hu\/index.php\/wp-json\/wp\/v2\/types\/product"}],"wp:featuredmedia":[{"embeddable":true,"href":"https:\/\/www.sunkaraoke.hu\/index.php\/wp-json\/wp\/v2\/media\/14762"}],"wp:attachment":[{"href":"https:\/\/www.sunkaraoke.hu\/index.php\/wp-json\/wp\/v2\/media?parent=19915"}],"wp:term":[{"taxonomy":"product_cat","embeddable":true,"href":"https:\/\/www.sunkaraoke.hu\/index.php\/wp-json\/wp\/v2\/product_cat?post=19915"},{"taxonomy":"product_tag","embeddable":true,"href":"https:\/\/www.sunkaraoke.hu\/index.php\/wp-json\/wp\/v2\/product_tag?post=19915"}],"curies":[{"name":"wp","href":"https:\/\/api.w.org\/{rel}","templated":true}]}}