{"id":19908,"date":"2025-10-15T11:06:04","date_gmt":"2025-10-15T09:06:04","guid":{"rendered":"https:\/\/www.sunkaraoke.hu\/?post_type=product&#038;p=19908"},"modified":"2025-10-15T11:11:37","modified_gmt":"2025-10-15T09:11:37","slug":"csore-bela-ott-allt-a-lany-2025-new-pb-edition","status":"publish","type":"product","link":"https:\/\/www.sunkaraoke.hu\/index.php\/termek\/csore-bela-ott-allt-a-lany-2025-new-pb-edition\/","title":{"rendered":"<div class=\"wcmp-player-container product-19908\"><audio controlslist=\"nodownload\" data-product=\"19908\"  volume=\"1\"  preload=\"none\" data-lazyloading=\"none\" class=\"wcmp-player track mejs-classic\" data-duration=\"0:36\" data-estimated_duration=\"4\"><source src=\"https:\/\/www.sunkaraoke.hu\/wp-content\/uploads\/2025\/10\/Ott-all-a-lany-2025.-New-Voc.-_demoo.mp3\" type=\"audio\/mp3\" \/><\/audio><\/div>Cs\u00f3r\u00e9 B\u00e9la &#8211; Ott \u00e1llt a l\u00e1ny  2025.New (PB Edition)"},"content":{"rendered":"<p><strong>03:12<\/strong>\/ <strong><img loading=\"lazy\" decoding=\"async\" class=\"alignnone size-full wp-image-467\" src=\"https:\/\/www.sunkaraoke.hu\/wp-content\/uploads\/2022\/07\/choir_2-copy.webp\" alt=\"\" width=\"30\" height=\"30\" \/> \/\u00a0\u00a0<\/strong><\/p>\n","protected":false},"excerpt":{"rendered":"<h5><strong>Bits\u0171r\u0171s\u00e9g: 320kb\/s<\/strong><\/h5>\n<h5><strong>Hossz: 03:12<\/strong><br \/>\n<strong>Vok\u00e1lt tartalmaz: Igen!<\/strong><\/h5>\n<p>Sunkaraoke mp3 st\u00fadi\u00f3 \/ www.sunkaraoke.hu \/ Inf: Tel: 06 20 4275001<\/p>\n<p>&#8212;Intr\u00f3&#8212;<br \/>\nOtt \u00e1ll, ott \u00e1ll a l\u00e1ny, a buszmeg\u00e1ll\u00f3ban v\u00e1r,<br \/>\nm\u00e9gis ott \u00e1ll, csak egyre v\u00e1r, a haj\u00e1t f\u00fajja a sz\u00e9l.<br \/>\nOda megyek hozz\u00e1, de nem merek,<br \/>\ndobog a sz\u00edvem,de m\u00e9gsem indulok el,<br \/>\npedig csak \u00e9n r\u00e1m v\u00e1r,<br \/>\nez a l\u00e1ny, sz\u00f3tlanul \u00e1ll,a busz is elment m\u00e1r,<br \/>\nm\u00e9gis ott \u00e1ll, egyre csak v\u00e1r, a szeme h\u00edvogat engem!<br \/>\nOda megyek hozz\u00e1, de nem merek,<br \/>\ndobog a sz\u00edvem, de m\u00e9gsem indulok el,<br \/>\npedig csak \u00e9n r\u00e1m v\u00e1r!<br \/>\n&#8212;Sz\u00f3l\u00f3&#8212;<br \/>\nOtt \u00e1ll, ott \u00e1ll a l\u00e1ny, a buszmeg\u00e1ll\u00f3ban v\u00e1r,<br \/>\nm\u00e9gis ott \u00e1ll, csak egyre v\u00e1r, a haj\u00e1t f\u00fajja a sz\u00e9l.<br \/>\nOda megyek hozz\u00e1, de nem merek,<br \/>\ndobog a sz\u00edvem,de m\u00e9gsem indulok el,<br \/>\npedig csak \u00e9n r\u00e1m v\u00e1r,<br \/>\nez a l\u00e1ny, sz\u00f3tlanul \u00e1ll,a busz is elment m\u00e1r,<br \/>\nm\u00e9gis ott \u00e1ll, egyre csak v\u00e1r, a szeme h\u00edvogat engem!<br \/>\nOda megyek hozz\u00e1, de nem merek,<br \/>\ndobog a sz\u00edvem, de m\u00e9gsem indulok el,<br \/>\npedig csak \u00e9n r\u00e1m v\u00e1r, ez a l\u00e1ny!<br \/>\n&#8212;V\u00e9ge&#8212;<\/p>\n","protected":false},"featured_media":8991,"template":"","meta":{"site-sidebar-layout":"default","site-content-layout":"default","ast-site-content-layout":"default","site-content-style":"default","site-sidebar-style":"default","ast-global-header-display":"","ast-banner-title-visibility":"","ast-main-header-display":"","ast-hfb-above-header-display":"","ast-hfb-below-header-display":"","ast-hfb-mobile-header-display":"","site-post-title":"","ast-breadcrumbs-content":"","ast-featured-img":"","footer-sml-layout":"","theme-transparent-header-meta":"default","adv-header-id-meta":"","stick-header-meta":"","header-above-stick-meta":"","header-main-stick-meta":"","header-below-stick-meta":"","astra-migrate-meta-layouts":"set","ast-page-background-enabled":"default","ast-page-background-meta":{"desktop":{"background-color":"var(--ast-global-color-4)","background-image":"","background-repeat":"repeat","background-position":"center center","background-size":"auto","background-attachment":"scroll","background-type":"","background-media":"","overlay-type":"","overlay-color":"","overlay-opacity":"","overlay-gradient":""},"tablet":{"background-color":"","background-image":"","background-repeat":"repeat","background-position":"center center","background-size":"auto","background-attachment":"scroll","background-type":"","background-media":"","overlay-type":"","overlay-color":"","overlay-opacity":"","overlay-gradient":""},"mobile":{"background-color":"","background-image":"","background-repeat":"repeat","background-position":"center center","background-size":"auto","background-attachment":"scroll","background-type":"","background-media":"","overlay-type":"","overlay-color":"","overlay-opacity":"","overlay-gradient":""}},"ast-content-background-meta":{"desktop":{"background-color":"var(--ast-global-color-5)","background-image":"","background-repeat":"repeat","background-position":"center center","background-size":"auto","background-attachment":"scroll","background-type":"","background-media":"","overlay-type":"","overlay-color":"","overlay-opacity":"","overlay-gradient":""},"tablet":{"background-color":"var(--ast-global-color-5)","background-image":"","background-repeat":"repeat","background-position":"center center","background-size":"auto","background-attachment":"scroll","background-type":"","background-media":"","overlay-type":"","overlay-color":"","overlay-opacity":"","overlay-gradient":""},"mobile":{"background-color":"var(--ast-global-color-5)","background-image":"","background-repeat":"repeat","background-position":"center center","background-size":"auto","background-attachment":"scroll","background-type":"","background-media":"","overlay-type":"","overlay-color":"","overlay-opacity":"","overlay-gradient":""}}},"product_cat":[48],"product_tag":[],"class_list":["post-19908","product","type-product","status-publish","has-post-thumbnail","hentry","product_cat-sunkaraoke-dalok","desktop-align-left","tablet-align-left","mobile-align-left"],"_links":{"self":[{"href":"https:\/\/www.sunkaraoke.hu\/index.php\/wp-json\/wp\/v2\/product\/19908","targetHints":{"allow":["GET"]}}],"collection":[{"href":"https:\/\/www.sunkaraoke.hu\/index.php\/wp-json\/wp\/v2\/product"}],"about":[{"href":"https:\/\/www.sunkaraoke.hu\/index.php\/wp-json\/wp\/v2\/types\/product"}],"wp:featuredmedia":[{"embeddable":true,"href":"https:\/\/www.sunkaraoke.hu\/index.php\/wp-json\/wp\/v2\/media\/8991"}],"wp:attachment":[{"href":"https:\/\/www.sunkaraoke.hu\/index.php\/wp-json\/wp\/v2\/media?parent=19908"}],"wp:term":[{"taxonomy":"product_cat","embeddable":true,"href":"https:\/\/www.sunkaraoke.hu\/index.php\/wp-json\/wp\/v2\/product_cat?post=19908"},{"taxonomy":"product_tag","embeddable":true,"href":"https:\/\/www.sunkaraoke.hu\/index.php\/wp-json\/wp\/v2\/product_tag?post=19908"}],"curies":[{"name":"wp","href":"https:\/\/api.w.org\/{rel}","templated":true}]}}