{"id":19887,"date":"2025-10-10T12:06:58","date_gmt":"2025-10-10T10:06:58","guid":{"rendered":"https:\/\/www.sunkaraoke.hu\/?post_type=product&#038;p=19887"},"modified":"2025-10-10T12:08:28","modified_gmt":"2025-10-10T10:08:28","slug":"goombay-dance-fly-flamingo-2025-extended-new-magyar-pb-editing","status":"publish","type":"product","link":"https:\/\/www.sunkaraoke.hu\/index.php\/termek\/goombay-dance-fly-flamingo-2025-extended-new-magyar-pb-editing\/","title":{"rendered":"<div class=\"wcmp-player-container product-19887\"><audio controlslist=\"nodownload\" data-product=\"19887\"  volume=\"1\"  preload=\"none\" data-lazyloading=\"none\" class=\"wcmp-player track mejs-classic\" data-duration=\"0:35\" data-estimated_duration=\"4\"><source src=\"https:\/\/www.sunkaraoke.hu\/wp-content\/uploads\/2025\/10\/Fly-Flamingo-2025.New-Enek-vok-01-demooo.mp3\" type=\"audio\/mp3\" \/><\/audio><\/div>Goombay Dance &#8211; Fly Flaming\u00f3 2025. Extended NEW \/Magyar\/ (PB Editing)"},"content":{"rendered":"<p><strong>03:34<\/strong>\u00a0\/\u00a0<strong><img loading=\"lazy\" decoding=\"async\" class=\"alignnone size-full wp-image-467\" src=\"https:\/\/www.sunkaraoke.hu\/wp-content\/uploads\/2022\/07\/choir_2-copy.webp\" alt=\"\" width=\"30\" height=\"30\" \/>\u00a0<\/strong><\/p>\n","protected":false},"excerpt":{"rendered":"<h5><strong>Bits\u0171r\u0171s\u00e9g: 320kb\/s<\/strong><br \/>\n<strong>Hossz: 03:34<\/strong><br \/>\n<strong>Vok\u00e1lt tartalmaz: Nem <img loading=\"lazy\" decoding=\"async\" class=\"alignnone size-full wp-image-467\" src=\"http:\/\/www.sunkaraoke.hu\/wp-content\/uploads\/2022\/07\/choir_2-copy.png\" alt=\"\" width=\"30\" height=\"30\" \/><\/strong><\/h5>\n<p>Sunkaraoke mp3 st\u00fadi\u00f3 \/ www.sunkaraoke.hu \/ Inf: Tel: 06 20 4275001<\/p>\n<p>&#8212;Intr\u00f3&#8212;<br \/>\nHa lesz sok p\u00e9nzem, mit megkeresek,<br \/>\ns egy \u00faj hely, mit meglelek,<br \/>\nha egy mad\u00e1r j\u00f6nne fel\u00e9m, \u00fatra kelhetn\u00e9k \u00e9n.<br \/>\nL\u00e1tok sok bajt, mi visszatart,<br \/>\nde a gyerekek m\u00e9g j\u00e1tszanak,<br \/>\na s\u00f6t\u00e9tben is \u00e9l a rem\u00e9ny, s visszat\u00e9rhetek \u00e9n.<br \/>\nSz\u00e1llj, sz\u00e1llj fel\u00e9m, sz\u00e1llj fel\u00e9m, sz\u00e1llj, flaming\u00f3!<br \/>\nVezess haza, hamar a tengeren!<br \/>\nSz\u00e1llj, sz\u00e1llj fel\u00e9m, sz\u00e1llj fel\u00e9m, sz\u00e1llj, flaming\u00f3!<br \/>\nSz\u00e1llj fel\u00e9m, sz\u00e1llj fel\u00e9m, sz\u00e1llj , hozz egy \u00fczenetet!<br \/>\n&#8212;Sz\u00f3l\u00f3&#8212;<br \/>\nTestem hideg, a sz\u00edvem neh\u00e9z, lelkem az \u00fatra k\u00e9sz,<br \/>\nhiszem azt, hogy nem csak \u00e1lom,<br \/>\nkit v\u00e1rok, megtal\u00e1lom.<br \/>\nHa lesz sok p\u00e9nzem \u00e9s megtehetem,<br \/>\na haz\u00e1mat \u00fajra, megkeresem,<br \/>\nha egy mad\u00e1r j\u00f6nne el\u00e9m, \u00fatra kelhetn\u00e9k \u00e9n.<br \/>\nSz\u00e1llj, sz\u00e1llj fel\u00e9m, sz\u00e1llj fel\u00e9m, sz\u00e1llj, flaming\u00f3!<br \/>\nVezess haza, hamar a tengeren!<br \/>\nSz\u00e1llj, sz\u00e1llj fel\u00e9m, sz\u00e1llj fel\u00e9m, sz\u00e1llj, flaming\u00f3!<br \/>\nSz\u00e1llj fel\u00e9m, sz\u00e1llj fel\u00e9m, sz\u00e1llj ,hozz egy \u00fczenetet!<br \/>\nSz\u00e1llj ,sz\u00e1llj fel\u00e9m, sz\u00e1llj fel\u00e9m, sz\u00e1llj, flaming\u00f3!<br \/>\nVezess haza, hamar a tengeren!<br \/>\nSz\u00e1llj, sz\u00e1llj fel\u00e9m, sz\u00e1llj fel\u00e9m, sz\u00e1llj flaming\u00f3!<br \/>\nSz\u00e1llj fel\u00e9m, sz\u00e1llj fel\u00e9m, sz\u00e1llj ,hozz egy \u00fczenetet!<br \/>\n&#8212;V\u00e9ge&#8212;<\/p>\n","protected":false},"featured_media":19257,"template":"","meta":{"site-sidebar-layout":"default","site-content-layout":"default","ast-site-content-layout":"default","site-content-style":"default","site-sidebar-style":"default","ast-global-header-display":"","ast-banner-title-visibility":"","ast-main-header-display":"","ast-hfb-above-header-display":"","ast-hfb-below-header-display":"","ast-hfb-mobile-header-display":"","site-post-title":"","ast-breadcrumbs-content":"","ast-featured-img":"","footer-sml-layout":"","theme-transparent-header-meta":"default","adv-header-id-meta":"","stick-header-meta":"","header-above-stick-meta":"","header-main-stick-meta":"","header-below-stick-meta":"","astra-migrate-meta-layouts":"set","ast-page-background-enabled":"default","ast-page-background-meta":{"desktop":{"background-color":"var(--ast-global-color-4)","background-image":"","background-repeat":"repeat","background-position":"center center","background-size":"auto","background-attachment":"scroll","background-type":"","background-media":"","overlay-type":"","overlay-color":"","overlay-opacity":"","overlay-gradient":""},"tablet":{"background-color":"","background-image":"","background-repeat":"repeat","background-position":"center center","background-size":"auto","background-attachment":"scroll","background-type":"","background-media":"","overlay-type":"","overlay-color":"","overlay-opacity":"","overlay-gradient":""},"mobile":{"background-color":"","background-image":"","background-repeat":"repeat","background-position":"center center","background-size":"auto","background-attachment":"scroll","background-type":"","background-media":"","overlay-type":"","overlay-color":"","overlay-opacity":"","overlay-gradient":""}},"ast-content-background-meta":{"desktop":{"background-color":"var(--ast-global-color-5)","background-image":"","background-repeat":"repeat","background-position":"center center","background-size":"auto","background-attachment":"scroll","background-type":"","background-media":"","overlay-type":"","overlay-color":"","overlay-opacity":"","overlay-gradient":""},"tablet":{"background-color":"var(--ast-global-color-5)","background-image":"","background-repeat":"repeat","background-position":"center center","background-size":"auto","background-attachment":"scroll","background-type":"","background-media":"","overlay-type":"","overlay-color":"","overlay-opacity":"","overlay-gradient":""},"mobile":{"background-color":"var(--ast-global-color-5)","background-image":"","background-repeat":"repeat","background-position":"center center","background-size":"auto","background-attachment":"scroll","background-type":"","background-media":"","overlay-type":"","overlay-color":"","overlay-opacity":"","overlay-gradient":""}}},"product_cat":[48],"product_tag":[],"class_list":["post-19887","product","type-product","status-publish","has-post-thumbnail","hentry","product_cat-sunkaraoke-dalok","desktop-align-left","tablet-align-left","mobile-align-left"],"_links":{"self":[{"href":"https:\/\/www.sunkaraoke.hu\/index.php\/wp-json\/wp\/v2\/product\/19887","targetHints":{"allow":["GET"]}}],"collection":[{"href":"https:\/\/www.sunkaraoke.hu\/index.php\/wp-json\/wp\/v2\/product"}],"about":[{"href":"https:\/\/www.sunkaraoke.hu\/index.php\/wp-json\/wp\/v2\/types\/product"}],"wp:featuredmedia":[{"embeddable":true,"href":"https:\/\/www.sunkaraoke.hu\/index.php\/wp-json\/wp\/v2\/media\/19257"}],"wp:attachment":[{"href":"https:\/\/www.sunkaraoke.hu\/index.php\/wp-json\/wp\/v2\/media?parent=19887"}],"wp:term":[{"taxonomy":"product_cat","embeddable":true,"href":"https:\/\/www.sunkaraoke.hu\/index.php\/wp-json\/wp\/v2\/product_cat?post=19887"},{"taxonomy":"product_tag","embeddable":true,"href":"https:\/\/www.sunkaraoke.hu\/index.php\/wp-json\/wp\/v2\/product_tag?post=19887"}],"curies":[{"name":"wp","href":"https:\/\/api.w.org\/{rel}","templated":true}]}}