{"id":19850,"date":"2025-10-03T06:58:53","date_gmt":"2025-10-03T04:58:53","guid":{"rendered":"https:\/\/www.sunkaraoke.hu\/?post_type=product&#038;p=19850"},"modified":"2025-10-03T07:00:24","modified_gmt":"2025-10-03T05:00:24","slug":"groovehouse-hajnal-2025-new-pb-edition","status":"publish","type":"product","link":"https:\/\/www.sunkaraoke.hu\/index.php\/termek\/groovehouse-hajnal-2025-new-pb-edition\/","title":{"rendered":"<div class=\"wcmp-player-container product-19850\"><audio controlslist=\"nodownload\" data-product=\"19850\"  volume=\"1\"  preload=\"none\" data-lazyloading=\"none\" class=\"wcmp-player track mejs-classic\" data-duration=\"0:37\" data-estimated_duration=\"4\"><source src=\"https:\/\/www.sunkaraoke.hu\/wp-content\/uploads\/2025\/10\/Hajnal-2025-New-01-_demo.mp3\" type=\"audio\/mp3\" \/><\/audio><\/div>Groovehouse &#8211; Hajnal 2025. New (PB Edition)"},"content":{"rendered":"<p><strong>03:50<\/strong>\u00a0| <strong><img loading=\"lazy\" decoding=\"async\" class=\"alignnone size-full wp-image-467\" src=\"https:\/\/www.sunkaraoke.hu\/wp-content\/uploads\/2022\/07\/choir_2-copy.webp\" alt=\"\" width=\"30\" height=\"30\" \/> <\/strong><\/p>\n","protected":false},"excerpt":{"rendered":"<h6><strong>Bits\u0171r\u0171s\u00e9g: 320 kb\/s<\/strong><br \/>\n<strong>Hossz: 03:50<\/strong><br \/>\n<strong>Vok\u00e1lt tartalmaz: Nem <img loading=\"lazy\" decoding=\"async\" class=\"alignnone size-full wp-image-467\" src=\"http:\/\/www.sunkaraoke.hu\/wp-content\/uploads\/2022\/07\/choir_2-copy.png\" alt=\"\" width=\"30\" height=\"30\" \/><\/strong><strong style=\"font-size: 16px;\"><br \/>\n<\/strong><\/h6>\n<p>Sunkaraoke mp3 st\u00fadi\u00f3 \/ www.sunkaraoke.hu \/ Inf: Tel: 06 20 4275001<\/p>\n<p>&#8212;Intr\u00f3&#8212;<br \/>\n\u00c1rtatlan szemmel n\u00e9z most r\u00e1d a hajnal,<br \/>\nmadarak \u00e9brednek a reggeli zajjal.<br \/>\nMegsz\u0171nt a csend a v\u00e1ros felett,<br \/>\nelt\u0171nt egy gy\u00f6ny\u00f6r\u0171 \u00e1lom.<br \/>\nMonoton g\u00e9pek hangja remeg,<br \/>\nezen a csoda vil\u00e1gon.<br \/>\n\u00c9bredj fel,nemcsak neked f\u00e1j, magad maradt\u00e1l,<br \/>\nhideg hajnalon annyit mondhatn\u00e1l,<br \/>\nmit kezdj magaddal, a sz\u00edved \u00e9rtem f\u00e1j m\u00e9g.<br \/>\nNemcsak neked f\u00e1j, magad maradt\u00e1l,<br \/>\nhideg hajnalon annyit mondhatn\u00e1l,<br \/>\nmit kezdj magaddal, a sz\u00edved \u00e9rtem f\u00e1j m\u00e9g.<br \/>\n&#8212;Sz\u00f3l\u00f3&#8212;<br \/>\nN\u00e9lk\u00fcled \u00e9bredtem fel reggel,<br \/>\nhideg \u00e9j ut\u00e1n a nap is felkelt.<br \/>\nEngem a reggel az \u00e1gy is \u00f6lel,<br \/>\nelt\u0171nt egy gy\u00f6ny\u00f6r\u0171 \u00e1lom.<br \/>\nTitokban engem a hajnal figyel,<br \/>\ntudom, hogy neked hi\u00e1nyzom.<br \/>\n\u00c9bredj fel, nemcsak neked f\u00e1j, magad maradt\u00e1l,<br \/>\nhideg hajnalon annyit mondhatn\u00e1l,<br \/>\nmit kezdj magaddal, a sz\u00edved \u00e9rtem f\u00e1j m\u00e9g.<br \/>\nNemcsak neked f\u00e1j, magad maradt\u00e1l,<br \/>\nhideg hajnalon annyit mondhatn\u00e1l,<br \/>\nmit kezdj magaddal,a sz\u00edved \u00e9rtem f\u00e1j m\u00e9g.<br \/>\n&#8212;Sz\u00f3l\u00f3&#8212;<br \/>\n\u00c9bredj fel, nemcsak neked f\u00e1j, magad maradt\u00e1l,<br \/>\nhideg hajnalon annyit mondhatn\u00e1l,<br \/>\nmit kezdj magaddal, a sz\u00edved \u00e9rtem f\u00e1j m\u00e9g.<br \/>\nNemcsak neked f\u00e1j, magad maradt\u00e1l,<br \/>\nhideg hajnalon annyit mondhatn\u00e1l,<br \/>\nmit kezdj magaddal,a sz\u00edved \u00e9rtem f\u00e1j m\u00e9g.<br \/>\n&#8212;V\u00e9ge&#8212;<\/p>\n","protected":false},"featured_media":9329,"template":"","meta":{"site-sidebar-layout":"default","site-content-layout":"default","ast-site-content-layout":"default","site-content-style":"default","site-sidebar-style":"default","ast-global-header-display":"","ast-banner-title-visibility":"","ast-main-header-display":"","ast-hfb-above-header-display":"","ast-hfb-below-header-display":"","ast-hfb-mobile-header-display":"","site-post-title":"","ast-breadcrumbs-content":"","ast-featured-img":"","footer-sml-layout":"","theme-transparent-header-meta":"default","adv-header-id-meta":"","stick-header-meta":"","header-above-stick-meta":"","header-main-stick-meta":"","header-below-stick-meta":"","astra-migrate-meta-layouts":"set","ast-page-background-enabled":"default","ast-page-background-meta":{"desktop":{"background-color":"var(--ast-global-color-4)","background-image":"","background-repeat":"repeat","background-position":"center center","background-size":"auto","background-attachment":"scroll","background-type":"","background-media":"","overlay-type":"","overlay-color":"","overlay-opacity":"","overlay-gradient":""},"tablet":{"background-color":"","background-image":"","background-repeat":"repeat","background-position":"center center","background-size":"auto","background-attachment":"scroll","background-type":"","background-media":"","overlay-type":"","overlay-color":"","overlay-opacity":"","overlay-gradient":""},"mobile":{"background-color":"","background-image":"","background-repeat":"repeat","background-position":"center center","background-size":"auto","background-attachment":"scroll","background-type":"","background-media":"","overlay-type":"","overlay-color":"","overlay-opacity":"","overlay-gradient":""}},"ast-content-background-meta":{"desktop":{"background-color":"var(--ast-global-color-5)","background-image":"","background-repeat":"repeat","background-position":"center center","background-size":"auto","background-attachment":"scroll","background-type":"","background-media":"","overlay-type":"","overlay-color":"","overlay-opacity":"","overlay-gradient":""},"tablet":{"background-color":"var(--ast-global-color-5)","background-image":"","background-repeat":"repeat","background-position":"center center","background-size":"auto","background-attachment":"scroll","background-type":"","background-media":"","overlay-type":"","overlay-color":"","overlay-opacity":"","overlay-gradient":""},"mobile":{"background-color":"var(--ast-global-color-5)","background-image":"","background-repeat":"repeat","background-position":"center center","background-size":"auto","background-attachment":"scroll","background-type":"","background-media":"","overlay-type":"","overlay-color":"","overlay-opacity":"","overlay-gradient":""}}},"product_cat":[48],"product_tag":[],"class_list":["post-19850","product","type-product","status-publish","has-post-thumbnail","hentry","product_cat-sunkaraoke-dalok","desktop-align-left","tablet-align-left","mobile-align-left"],"_links":{"self":[{"href":"https:\/\/www.sunkaraoke.hu\/index.php\/wp-json\/wp\/v2\/product\/19850","targetHints":{"allow":["GET"]}}],"collection":[{"href":"https:\/\/www.sunkaraoke.hu\/index.php\/wp-json\/wp\/v2\/product"}],"about":[{"href":"https:\/\/www.sunkaraoke.hu\/index.php\/wp-json\/wp\/v2\/types\/product"}],"wp:featuredmedia":[{"embeddable":true,"href":"https:\/\/www.sunkaraoke.hu\/index.php\/wp-json\/wp\/v2\/media\/9329"}],"wp:attachment":[{"href":"https:\/\/www.sunkaraoke.hu\/index.php\/wp-json\/wp\/v2\/media?parent=19850"}],"wp:term":[{"taxonomy":"product_cat","embeddable":true,"href":"https:\/\/www.sunkaraoke.hu\/index.php\/wp-json\/wp\/v2\/product_cat?post=19850"},{"taxonomy":"product_tag","embeddable":true,"href":"https:\/\/www.sunkaraoke.hu\/index.php\/wp-json\/wp\/v2\/product_tag?post=19850"}],"curies":[{"name":"wp","href":"https:\/\/api.w.org\/{rel}","templated":true}]}}