{"id":19847,"date":"2025-10-02T08:03:20","date_gmt":"2025-10-02T06:03:20","guid":{"rendered":"https:\/\/www.sunkaraoke.hu\/?post_type=product&#038;p=19847"},"modified":"2025-10-02T08:04:50","modified_gmt":"2025-10-02T06:04:50","slug":"piros-bela-te-a-szivem-vitted-el-2025-new-pb-edition","status":"publish","type":"product","link":"https:\/\/www.sunkaraoke.hu\/index.php\/termek\/piros-bela-te-a-szivem-vitted-el-2025-new-pb-edition\/","title":{"rendered":"<div class=\"wcmp-player-container product-19847\"><audio controlslist=\"nodownload\" data-product=\"19847\"  volume=\"1\"  preload=\"none\" data-lazyloading=\"none\" class=\"wcmp-player track mejs-classic\" data-duration=\"0:40\" data-estimated_duration=\"4\"><source src=\"https:\/\/www.sunkaraoke.hu\/wp-content\/uploads\/2025\/10\/A-szivem-vitted-el-2025-Piros-demoo.mp3\" type=\"audio\/mp3\" \/><\/audio><\/div>Piros B\u00e9la &#8211; Te a sz\u00edvem vitted el 2025. New ( PB Edition)"},"content":{"rendered":"<p><b>04:00<\/b>| <strong><img loading=\"lazy\" decoding=\"async\" class=\"alignnone size-full wp-image-467\" src=\"https:\/\/www.sunkaraoke.hu\/wp-content\/uploads\/2022\/07\/choir_2-copy.webp\" alt=\"\" width=\"30\" height=\"30\" \/> <\/strong><\/p>\n","protected":false},"excerpt":{"rendered":"<h6><strong>Bits\u0171r\u0171s\u00e9g: 320kb\/s<\/strong><br \/>\n<strong>Hossz: 04:00<\/strong><br \/>\n<strong>Vok\u00e1lt tartalmaz: Nem <img loading=\"lazy\" decoding=\"async\" class=\"alignnone size-full wp-image-467\" src=\"http:\/\/www.sunkaraoke.hu\/wp-content\/uploads\/2022\/07\/choir_2-copy.png\" alt=\"\" width=\"30\" height=\"30\" \/><\/strong><strong style=\"font-size: 16px;\"><br \/>\n<\/strong><\/h6>\n<p>Sunkaraoke mp3 st\u00fadi\u00f3 \/ www.sunkaraoke.hu \/ Inf: Tel: 06 20 4275001<\/p>\n<p>&#8212;Intr\u00f3&#8212;<br \/>\n\u00d6sszet\u00e9pt\u00e9l minden k\u00f6z\u00f6s f\u00e9nyk\u00e9pet,<br \/>\nhogy v\u00e9ge lett csak engem okolsz,<br \/>\nannyi csillag ragyog az \u00e9gen,<br \/>\nha r\u00e1d \u00edrok nem v\u00e1laszolsz.<br \/>\nB\u00e1natom az\u00f3ta italba folytom,<br \/>\nminden percben r\u00e1d gondolok,<br \/>\nolyan szomor\u00fa lett a sorsom,<br \/>\nha nem vagy mellettem, \u00fagy \u00e9rzem nem \u00e9n vagyok.<br \/>\nTe a sz\u00edvem vitted el, hogy szeretlek \u00e9n sosem mondtam el,<br \/>\nk\u00f6nnyeimet elf\u00fajja a sz\u00e9l, nem vagyok j\u00f3l mi\u00f3ta elment\u00e9l.<br \/>\nTe a sz\u00edvem vitted el, hogy szeretlek \u00e9n sosem mondtam el,<br \/>\nk\u00f6nnyeimet elf\u00fajja a sz\u00e9l, nem vagyok j\u00f3l mi\u00f3ta elment\u00e9l.<br \/>\n&#8212;Sz\u00f3l\u00f3&#8212;<br \/>\nB\u00e1natomban feln\u00e9zek \u00e9n az \u00e9gre,<br \/>\nhozd vissza \u0151t k\u00e9rlek Istenem,<br \/>\nn\u00e9lk\u00fcled nincs egy boldog percem,<br \/>\nm\u00e1s szerelem nem kell nekem.<br \/>\nB\u00e1natomban feln\u00e9zek \u00e9n az \u00e9gre,<br \/>\nadd vissza \u0150t k\u00e9rlek Istenem,<br \/>\nn\u00e9lk\u00fcled nincs egy boldog percem<br \/>\nm\u00e1s szerelem \u00fagy \u00e9rzem, soha t\u00f6bb\u00e9 nem kell nekem.<br \/>\nTe a sz\u00edvem vitted el, hogy szeretlek \u00e9n sosem mondtam el,<br \/>\nk\u00f6nnyeimet elf\u00fajja a sz\u00e9l, nem vagyok j\u00f3l mi\u00f3ta elment\u00e9l.<br \/>\nTe a sz\u00edvem vitted el, hogy szeretlek \u00e9n sosem mondtam el,<br \/>\nk\u00f6nnyeimet elf\u00fajja a sz\u00e9l, nem vagyok j\u00f3l mi\u00f3ta elment\u00e9l.<br \/>\n&#8212;Sz\u00f3l\u00f3&#8212;<br \/>\n\u00d6sszet\u00e9pt\u00e9l minden k\u00f6z\u00f6s f\u00e9nyk\u00e9pet,<br \/>\nhogy v\u00e9ge lett csak engem okolsz,<br \/>\nannyi csillag ragyog az \u00e9gen,<br \/>\nha r\u00e1d \u00edrok nem v\u00e1laszolsz.<br \/>\nB\u00e1natom az\u00f3ta italba folytom,<br \/>\nminden percben r\u00e1d gondolok,<br \/>\nolyan szomor\u00fa lett a sorsom,<br \/>\nha nem vagy mellettem, \u00fagy \u00e9rzem nem \u00e9n vagyok.<br \/>\nTe a sz\u00edvem vitted el, hogy szeretlek \u00e9n sosem mondtam el,<br \/>\nk\u00f6nnyeimet elf\u00fajja a sz\u00e9l, nem vagyok j\u00f3l mi\u00f3ta elment\u00e9l.<br \/>\nTe a sz\u00edvem vitted el, hogy szeretlek \u00e9n sosem mondtam el,<br \/>\nk\u00f6nnyeimet elf\u00fajja a sz\u00e9l, nem vagyok j\u00f3l mi\u00f3ta elment\u00e9l.<br \/>\n&#8212;V\u00e9ge&#8212;<\/p>\n","protected":false},"featured_media":12989,"template":"","meta":{"site-sidebar-layout":"default","site-content-layout":"default","ast-site-content-layout":"default","site-content-style":"default","site-sidebar-style":"default","ast-global-header-display":"","ast-banner-title-visibility":"","ast-main-header-display":"","ast-hfb-above-header-display":"","ast-hfb-below-header-display":"","ast-hfb-mobile-header-display":"","site-post-title":"","ast-breadcrumbs-content":"","ast-featured-img":"","footer-sml-layout":"","theme-transparent-header-meta":"default","adv-header-id-meta":"","stick-header-meta":"","header-above-stick-meta":"","header-main-stick-meta":"","header-below-stick-meta":"","astra-migrate-meta-layouts":"set","ast-page-background-enabled":"default","ast-page-background-meta":{"desktop":{"background-color":"var(--ast-global-color-4)","background-image":"","background-repeat":"repeat","background-position":"center center","background-size":"auto","background-attachment":"scroll","background-type":"","background-media":"","overlay-type":"","overlay-color":"","overlay-opacity":"","overlay-gradient":""},"tablet":{"background-color":"","background-image":"","background-repeat":"repeat","background-position":"center center","background-size":"auto","background-attachment":"scroll","background-type":"","background-media":"","overlay-type":"","overlay-color":"","overlay-opacity":"","overlay-gradient":""},"mobile":{"background-color":"","background-image":"","background-repeat":"repeat","background-position":"center center","background-size":"auto","background-attachment":"scroll","background-type":"","background-media":"","overlay-type":"","overlay-color":"","overlay-opacity":"","overlay-gradient":""}},"ast-content-background-meta":{"desktop":{"background-color":"var(--ast-global-color-5)","background-image":"","background-repeat":"repeat","background-position":"center center","background-size":"auto","background-attachment":"scroll","background-type":"","background-media":"","overlay-type":"","overlay-color":"","overlay-opacity":"","overlay-gradient":""},"tablet":{"background-color":"var(--ast-global-color-5)","background-image":"","background-repeat":"repeat","background-position":"center center","background-size":"auto","background-attachment":"scroll","background-type":"","background-media":"","overlay-type":"","overlay-color":"","overlay-opacity":"","overlay-gradient":""},"mobile":{"background-color":"var(--ast-global-color-5)","background-image":"","background-repeat":"repeat","background-position":"center center","background-size":"auto","background-attachment":"scroll","background-type":"","background-media":"","overlay-type":"","overlay-color":"","overlay-opacity":"","overlay-gradient":""}}},"product_cat":[48],"product_tag":[],"class_list":["post-19847","product","type-product","status-publish","has-post-thumbnail","hentry","product_cat-sunkaraoke-dalok","desktop-align-left","tablet-align-left","mobile-align-left"],"_links":{"self":[{"href":"https:\/\/www.sunkaraoke.hu\/index.php\/wp-json\/wp\/v2\/product\/19847","targetHints":{"allow":["GET"]}}],"collection":[{"href":"https:\/\/www.sunkaraoke.hu\/index.php\/wp-json\/wp\/v2\/product"}],"about":[{"href":"https:\/\/www.sunkaraoke.hu\/index.php\/wp-json\/wp\/v2\/types\/product"}],"wp:featuredmedia":[{"embeddable":true,"href":"https:\/\/www.sunkaraoke.hu\/index.php\/wp-json\/wp\/v2\/media\/12989"}],"wp:attachment":[{"href":"https:\/\/www.sunkaraoke.hu\/index.php\/wp-json\/wp\/v2\/media?parent=19847"}],"wp:term":[{"taxonomy":"product_cat","embeddable":true,"href":"https:\/\/www.sunkaraoke.hu\/index.php\/wp-json\/wp\/v2\/product_cat?post=19847"},{"taxonomy":"product_tag","embeddable":true,"href":"https:\/\/www.sunkaraoke.hu\/index.php\/wp-json\/wp\/v2\/product_tag?post=19847"}],"curies":[{"name":"wp","href":"https:\/\/api.w.org\/{rel}","templated":true}]}}