{"id":19840,"date":"2025-09-30T13:11:08","date_gmt":"2025-09-30T11:11:08","guid":{"rendered":"https:\/\/www.sunkaraoke.hu\/?post_type=product&#038;p=19840"},"modified":"2025-09-30T13:12:28","modified_gmt":"2025-09-30T11:12:28","slug":"zambo-jimmy-senki-nem-szeret-2025-new-pb-edition","status":"publish","type":"product","link":"https:\/\/www.sunkaraoke.hu\/index.php\/termek\/zambo-jimmy-senki-nem-szeret-2025-new-pb-edition\/","title":{"rendered":"<div class=\"wcmp-player-container product-19840\"><audio controlslist=\"nodownload\" data-product=\"19840\"  volume=\"1\"  preload=\"none\" data-lazyloading=\"none\" class=\"wcmp-player track mejs-classic\" data-duration=\"0:35\" data-estimated_duration=\"4\"><source src=\"https:\/\/www.sunkaraoke.hu\/wp-content\/uploads\/2025\/09\/Senki-nem-szeret-2023-Master-01demo.mp3\" type=\"audio\/mp3\" \/><\/audio><\/div>Z\u00e1mb\u00f3 Jimmy &#8211; Senki nem szeret 2025. New ( PB Edition)"},"content":{"rendered":"<p><strong>03:49<\/strong>\u00a0| <strong><img loading=\"lazy\" decoding=\"async\" class=\"alignnone size-full wp-image-467\" src=\"https:\/\/www.sunkaraoke.hu\/wp-content\/uploads\/2022\/07\/choir_2-copy.webp\" alt=\"\" width=\"30\" height=\"30\" \/> <strong> | <img loading=\"lazy\" decoding=\"async\" class=\"alignnone size-full wp-image-613\" src=\"https:\/\/www.sunkaraoke.hu\/wp-content\/uploads\/2022\/07\/transzponalas.webp\" alt=\"\" width=\"30\" height=\"30\" \/> <\/strong><\/strong><\/p>\n","protected":false},"excerpt":{"rendered":"<h6><strong>Bits\u0171r\u0171s\u00e9g: 320kb\/s<\/strong><br \/>\n<strong>Hossz: 03:46<\/strong><br \/>\n<strong>Vok\u00e1lt tartalmaz: Nem <img loading=\"lazy\" decoding=\"async\" class=\"alignnone size-full wp-image-467\" src=\"http:\/\/www.sunkaraoke.hu\/wp-content\/uploads\/2022\/07\/choir_2-copy.png\" alt=\"\" width=\"30\" height=\"30\" \/><\/strong><\/h6>\n<p>Sunkaraoke mp3 st\u00fadi\u00f3 \/ www.sunkaraoke.hu \/ Inf: Tel: 06 20 4275001<\/p>\n<p>&#8212;Intr\u00f3&#8212;<br \/>\nL\u00e9gy j\u00f3 hozz\u00e1m, vigy\u00e1zz majd r\u00e1m,<br \/>\nha elj\u00f6v\u00f6k \u00e9rted,<br \/>\nl\u00e9gy j\u00f3 hozz\u00e1m, vigy\u00e1zz majd r\u00e1m,<br \/>\ns mondd azt, hogy f\u00e9ltesz.<br \/>\nHadd mondjam el, ha majd itt leszel,<br \/>\nhogy v\u00e9gre meg\u00e9rtsed,<br \/>\negy \u0151r\u00fclt vil\u00e1g, m\u00e1r nem sz\u00e1m\u00edt r\u00e1m,<br \/>\n\u00e9s neh\u00e9z a sz\u00edvem.<br \/>\nN\u00e9ha senki nem szeret, \u00fagy \u00e9rzem,<br \/>\npedig ez a vil\u00e1gon az egyetlen, ami kell.<br \/>\nSenki nem szeret, \u00fagy \u00e9rzem,<br \/>\nolyan messze a j\u00f3, s a szerelem.<br \/>\nSenki nem szeret, \u00fagy \u00e9rzem,<br \/>\nte is t\u00e1vol vagy t\u0151lem, most ki \u00f6lel \u00e1t.<br \/>\nSenki nem szeret \u00fagy \u00e9rzem,<br \/>\nolyan m\u00e9lyen a sz\u00edvembe senki sem l\u00e1t.<br \/>\nIndultam m\u00e1r, pr\u00f3b\u00e1ltam m\u00e1r,<br \/>\n\u00faj, boldog sz\u00edvvel,<br \/>\nindulok m\u00e9g, pr\u00f3b\u00e1lok m\u00e9g,<br \/>\nde kevesebb hittel.<br \/>\nL\u00e9gy j\u00f3 hozz\u00e1m, vigy\u00e1zz majd r\u00e1m,<br \/>\nha elj\u00f6ssz majd \u00e9rtem,<br \/>\nl\u00e9gy j\u00f3 hozz\u00e1m, vigy\u00e1zz majd r\u00e1m,<br \/>\ns mondd azt, hogy \u00e9rted.<br \/>\nN\u00e9ha senki nem szeret, \u00fagy \u00e9rzem,<br \/>\npedig ez a vil\u00e1gon az egyetlen, ami kell.<br \/>\nSenki nem szeret, \u00fagy \u00e9rzem,<br \/>\nolyan messze a j\u00f3, s a szerelem.<br \/>\nSenki nem szeret, \u00fagy \u00e9rzem,<br \/>\nte is t\u00e1vol vagy t\u0151lem, most ki \u00f6lel \u00e1t.<br \/>\nSenki nem szeret \u00fagy \u00e9rzem,<br \/>\nolyan m\u00e9lyen a sz\u00edvembe senki sem l\u00e1t.<br \/>\n&#8212;V\u00e9ge&#8212;<\/p>\n","protected":false},"featured_media":9274,"template":"","meta":{"site-sidebar-layout":"default","site-content-layout":"default","ast-site-content-layout":"default","site-content-style":"default","site-sidebar-style":"default","ast-global-header-display":"","ast-banner-title-visibility":"","ast-main-header-display":"","ast-hfb-above-header-display":"","ast-hfb-below-header-display":"","ast-hfb-mobile-header-display":"","site-post-title":"","ast-breadcrumbs-content":"","ast-featured-img":"","footer-sml-layout":"","theme-transparent-header-meta":"default","adv-header-id-meta":"","stick-header-meta":"","header-above-stick-meta":"","header-main-stick-meta":"","header-below-stick-meta":"","astra-migrate-meta-layouts":"set","ast-page-background-enabled":"default","ast-page-background-meta":{"desktop":{"background-color":"var(--ast-global-color-4)","background-image":"","background-repeat":"repeat","background-position":"center center","background-size":"auto","background-attachment":"scroll","background-type":"","background-media":"","overlay-type":"","overlay-color":"","overlay-opacity":"","overlay-gradient":""},"tablet":{"background-color":"","background-image":"","background-repeat":"repeat","background-position":"center center","background-size":"auto","background-attachment":"scroll","background-type":"","background-media":"","overlay-type":"","overlay-color":"","overlay-opacity":"","overlay-gradient":""},"mobile":{"background-color":"","background-image":"","background-repeat":"repeat","background-position":"center center","background-size":"auto","background-attachment":"scroll","background-type":"","background-media":"","overlay-type":"","overlay-color":"","overlay-opacity":"","overlay-gradient":""}},"ast-content-background-meta":{"desktop":{"background-color":"var(--ast-global-color-5)","background-image":"","background-repeat":"repeat","background-position":"center center","background-size":"auto","background-attachment":"scroll","background-type":"","background-media":"","overlay-type":"","overlay-color":"","overlay-opacity":"","overlay-gradient":""},"tablet":{"background-color":"var(--ast-global-color-5)","background-image":"","background-repeat":"repeat","background-position":"center center","background-size":"auto","background-attachment":"scroll","background-type":"","background-media":"","overlay-type":"","overlay-color":"","overlay-opacity":"","overlay-gradient":""},"mobile":{"background-color":"var(--ast-global-color-5)","background-image":"","background-repeat":"repeat","background-position":"center center","background-size":"auto","background-attachment":"scroll","background-type":"","background-media":"","overlay-type":"","overlay-color":"","overlay-opacity":"","overlay-gradient":""}}},"product_cat":[48],"product_tag":[],"class_list":["post-19840","product","type-product","status-publish","has-post-thumbnail","hentry","product_cat-sunkaraoke-dalok","desktop-align-left","tablet-align-left","mobile-align-left"],"_links":{"self":[{"href":"https:\/\/www.sunkaraoke.hu\/index.php\/wp-json\/wp\/v2\/product\/19840","targetHints":{"allow":["GET"]}}],"collection":[{"href":"https:\/\/www.sunkaraoke.hu\/index.php\/wp-json\/wp\/v2\/product"}],"about":[{"href":"https:\/\/www.sunkaraoke.hu\/index.php\/wp-json\/wp\/v2\/types\/product"}],"wp:featuredmedia":[{"embeddable":true,"href":"https:\/\/www.sunkaraoke.hu\/index.php\/wp-json\/wp\/v2\/media\/9274"}],"wp:attachment":[{"href":"https:\/\/www.sunkaraoke.hu\/index.php\/wp-json\/wp\/v2\/media?parent=19840"}],"wp:term":[{"taxonomy":"product_cat","embeddable":true,"href":"https:\/\/www.sunkaraoke.hu\/index.php\/wp-json\/wp\/v2\/product_cat?post=19840"},{"taxonomy":"product_tag","embeddable":true,"href":"https:\/\/www.sunkaraoke.hu\/index.php\/wp-json\/wp\/v2\/product_tag?post=19840"}],"curies":[{"name":"wp","href":"https:\/\/api.w.org\/{rel}","templated":true}]}}