{"id":19823,"date":"2025-09-28T15:15:17","date_gmt":"2025-09-28T13:15:17","guid":{"rendered":"https:\/\/www.sunkaraoke.hu\/?post_type=product&#038;p=19823"},"modified":"2025-09-28T17:01:19","modified_gmt":"2025-09-28T15:01:19","slug":"lakatos-dani-te-vagy-a-sztar-2025-new-version-pb-edition","status":"publish","type":"product","link":"https:\/\/www.sunkaraoke.hu\/index.php\/termek\/lakatos-dani-te-vagy-a-sztar-2025-new-version-pb-edition\/","title":{"rendered":"<div class=\"wcmp-player-container product-19823\"><audio controlslist=\"nodownload\" data-product=\"19823\"  volume=\"1\"  preload=\"none\" data-lazyloading=\"none\" class=\"wcmp-player track mejs-classic\" data-duration=\"0:36\" data-estimated_duration=\"36\"><source src=\"https:\/\/www.sunkaraoke.hu\/wp-content\/uploads\/2025\/09\/Te-vagy-a-sztar-2025.-NEW-Lakatos-D-_demo.mp3\" type=\"audio\/mp3\" \/><\/audio><\/div>Lakatos Dani: Te vagy a szt\u00e1r 2025. NEW Version (PB Edition)"},"content":{"rendered":"<p><strong>03:43<\/strong>| <strong><img loading=\"lazy\" decoding=\"async\" class=\"alignnone size-full wp-image-467\" src=\"https:\/\/www.sunkaraoke.hu\/wp-content\/uploads\/2022\/07\/choir_2-copy.webp\" alt=\"\" width=\"30\" height=\"30\" \/> <\/strong><\/p>\n","protected":false},"excerpt":{"rendered":"<h6>Bits\u0171r\u0171s\u00e9g:320 kb\/s<br \/>\nHossz: 03:43<br \/>\nVok\u00e1lt tartalmaz: Nem <img loading=\"lazy\" decoding=\"async\" class=\"alignnone size-full wp-image-467\" src=\"http:\/\/www.sunkaraoke.hu\/wp-content\/uploads\/2022\/07\/choir_2-copy.png\" alt=\"\" width=\"30\" height=\"30\" \/><strong style=\"font-size: 16px;\"><br \/>\n<\/strong><\/h6>\n<p>Sunkaraoke mp3 st\u00fadi\u00f3 \/ www.sunkaraoke.hu \/ Inf: Tel: 06 20 4275001<\/p>\n<p>&#8212;Intr\u00f3&#8212;<br \/>\nElj\u00f6tt a szombat este m\u00e1r, t\u00e1ncold \u00e1t ezt az \u00e9jszak\u00e1t,<br \/>\nmert te vagy most, itt a kir\u00e1ly.<br \/>\nMert te vagy most, itt a kir\u00e1ly.<br \/>\nTedd fel h\u00e1t a kezed \u00e9s mulass\u00e1l,<br \/>\nmert te vagy itt ma a szt\u00e1r.<br \/>\nTedd fel h\u00e1t a kezed \u00e9s mulass\u00e1l,<br \/>\nmert te vagy itt ma a szt\u00e1r.<br \/>\nA zen\u00e9t aki most adja,<br \/>\na Dani meg a csapata,<br \/>\nmi reggelig nem megy\u00fcnk haza.<br \/>\nMi reggelig nem megy\u00fcnk haza.<br \/>\nTedd fel h\u00e1t a kezed \u00e9s mulass\u00e1l,<br \/>\nmert te vagy itt ma a szt\u00e1r.<br \/>\nTedd fel h\u00e1t a kezed \u00e9s mulass\u00e1l,<br \/>\nmert te vagy itt ma a szt\u00e1r.<br \/>\n&#8212;Sz\u00f3l\u00f3&#8212;<br \/>\nElj\u00f6tt a szombat este m\u00e1r, t\u00e1ncold \u00e1t ezt az \u00e9jszak\u00e1t,<br \/>\nmert te vagy most itt a kir\u00e1ly.<br \/>\nMert te vagy most itt a kir\u00e1ly.<br \/>\nTedd fel h\u00e1t a kezed \u00e9s mulass\u00e1l,<br \/>\nmert te vagy itt ma a szt\u00e1r.<br \/>\nTedd fel h\u00e1t a kezed \u00e9s mulass\u00e1l,<br \/>\nmert te vagy itt ma a szt\u00e1r.<br \/>\nA zen\u00e9t aki most adja,<br \/>\na Dani meg a csapata,<br \/>\nmi reggelig nem megy\u00fcnk haza.<br \/>\nMi reggelig nem megy\u00fcnk haza.<br \/>\nTedd fel h\u00e1t a kezed \u00e9s mulass\u00e1l,<br \/>\nmert te vagy itt ma a szt\u00e1r.<br \/>\nTedd fel h\u00e1t a kezed \u00e9s mulass\u00e1l,<br \/>\nmert te vagy itt ma a szt\u00e1r.<br \/>\n&#8212;V\u00e9ge&#8212;<\/p>\n","protected":false},"featured_media":14737,"template":"","meta":{"site-sidebar-layout":"default","site-content-layout":"default","ast-site-content-layout":"default","site-content-style":"default","site-sidebar-style":"default","ast-global-header-display":"","ast-banner-title-visibility":"","ast-main-header-display":"","ast-hfb-above-header-display":"","ast-hfb-below-header-display":"","ast-hfb-mobile-header-display":"","site-post-title":"","ast-breadcrumbs-content":"","ast-featured-img":"","footer-sml-layout":"","theme-transparent-header-meta":"default","adv-header-id-meta":"","stick-header-meta":"","header-above-stick-meta":"","header-main-stick-meta":"","header-below-stick-meta":"","astra-migrate-meta-layouts":"set","ast-page-background-enabled":"default","ast-page-background-meta":{"desktop":{"background-color":"var(--ast-global-color-4)","background-image":"","background-repeat":"repeat","background-position":"center center","background-size":"auto","background-attachment":"scroll","background-type":"","background-media":"","overlay-type":"","overlay-color":"","overlay-opacity":"","overlay-gradient":""},"tablet":{"background-color":"","background-image":"","background-repeat":"repeat","background-position":"center center","background-size":"auto","background-attachment":"scroll","background-type":"","background-media":"","overlay-type":"","overlay-color":"","overlay-opacity":"","overlay-gradient":""},"mobile":{"background-color":"","background-image":"","background-repeat":"repeat","background-position":"center center","background-size":"auto","background-attachment":"scroll","background-type":"","background-media":"","overlay-type":"","overlay-color":"","overlay-opacity":"","overlay-gradient":""}},"ast-content-background-meta":{"desktop":{"background-color":"var(--ast-global-color-5)","background-image":"","background-repeat":"repeat","background-position":"center center","background-size":"auto","background-attachment":"scroll","background-type":"","background-media":"","overlay-type":"","overlay-color":"","overlay-opacity":"","overlay-gradient":""},"tablet":{"background-color":"var(--ast-global-color-5)","background-image":"","background-repeat":"repeat","background-position":"center center","background-size":"auto","background-attachment":"scroll","background-type":"","background-media":"","overlay-type":"","overlay-color":"","overlay-opacity":"","overlay-gradient":""},"mobile":{"background-color":"var(--ast-global-color-5)","background-image":"","background-repeat":"repeat","background-position":"center center","background-size":"auto","background-attachment":"scroll","background-type":"","background-media":"","overlay-type":"","overlay-color":"","overlay-opacity":"","overlay-gradient":""}}},"product_cat":[48],"product_tag":[],"class_list":["post-19823","product","type-product","status-publish","has-post-thumbnail","hentry","product_cat-sunkaraoke-dalok","desktop-align-left","tablet-align-left","mobile-align-left"],"_links":{"self":[{"href":"https:\/\/www.sunkaraoke.hu\/index.php\/wp-json\/wp\/v2\/product\/19823","targetHints":{"allow":["GET"]}}],"collection":[{"href":"https:\/\/www.sunkaraoke.hu\/index.php\/wp-json\/wp\/v2\/product"}],"about":[{"href":"https:\/\/www.sunkaraoke.hu\/index.php\/wp-json\/wp\/v2\/types\/product"}],"wp:featuredmedia":[{"embeddable":true,"href":"https:\/\/www.sunkaraoke.hu\/index.php\/wp-json\/wp\/v2\/media\/14737"}],"wp:attachment":[{"href":"https:\/\/www.sunkaraoke.hu\/index.php\/wp-json\/wp\/v2\/media?parent=19823"}],"wp:term":[{"taxonomy":"product_cat","embeddable":true,"href":"https:\/\/www.sunkaraoke.hu\/index.php\/wp-json\/wp\/v2\/product_cat?post=19823"},{"taxonomy":"product_tag","embeddable":true,"href":"https:\/\/www.sunkaraoke.hu\/index.php\/wp-json\/wp\/v2\/product_tag?post=19823"}],"curies":[{"name":"wp","href":"https:\/\/api.w.org\/{rel}","templated":true}]}}