{"id":19798,"date":"2025-09-24T12:43:21","date_gmt":"2025-09-24T10:43:21","guid":{"rendered":"https:\/\/www.sunkaraoke.hu\/?post_type=product&#038;p=19798"},"modified":"2025-09-24T12:44:56","modified_gmt":"2025-09-24T10:44:56","slug":"balogh-bence-titkos-szerelem-2025-new-bence-edition","status":"publish","type":"product","link":"https:\/\/www.sunkaraoke.hu\/index.php\/termek\/balogh-bence-titkos-szerelem-2025-new-bence-edition\/","title":{"rendered":"<div class=\"wcmp-player-container product-19798\"><audio controlslist=\"nodownload\" data-product=\"19798\"  volume=\"1\"  preload=\"none\" data-lazyloading=\"none\" class=\"wcmp-player track mejs-classic\" data-duration=\"0:33\" data-estimated_duration=\"4\"><source src=\"https:\/\/www.sunkaraoke.hu\/wp-content\/uploads\/2025\/09\/TITKOS-SZERELEM_demo.mp3\" type=\"audio\/mp3\" \/><\/audio><\/div>Balogh Bence: Titkos szerelem 2025. New (Bence Edition)"},"content":{"rendered":"<p><strong>02:56<\/strong>\u00a0| <strong><img loading=\"lazy\" decoding=\"async\" class=\"alignnone size-full wp-image-467\" src=\"https:\/\/www.sunkaraoke.hu\/wp-content\/uploads\/2022\/07\/choir_2-copy.webp\" alt=\"\" width=\"30\" height=\"30\" \/> | <img decoding=\"async\" src=\"https:\/\/www.sunkaraoke.hu\/wp-content\/uploads\/2022\/07\/transzponalas.webp\" \/> \u00a0<\/strong><\/p>\n","protected":false},"excerpt":{"rendered":"<h5><strong>Bits\u0171r\u0171s\u00e9g: 320kb\/s<\/strong><br \/>\n<strong>Hossz: 02:56<\/strong><br \/>\n<strong>Vok\u00e1lt tartalmaz: Nem <img loading=\"lazy\" decoding=\"async\" class=\"alignnone size-full wp-image-467\" src=\"http:\/\/www.sunkaraoke.hu\/wp-content\/uploads\/2022\/07\/choir_2-copy.png\" alt=\"\" width=\"30\" height=\"30\" \/><\/strong><\/h5>\n<p>Sunkaraoke mp3 st\u00fadi\u00f3 \/ www.sunkaraoke.hu \/ Inf: Tel: 06 20 4275001<\/p>\n<p>&#8212;Intr\u00f3&#8212;<br \/>\n\u00c9jszak\u00e1nk\u00e9nt nem alszom mert r\u00f3lad \u00e1lmodom,<br \/>\nnem tudom mi van velem ki k\u00e9sz\u00edtett teljesen<br \/>\nez az eltitkolt szerelem.<br \/>\nDe tudom azt, hogy megtal\u00e1llak t\u00e9ged,<br \/>\n\u00e9s csak is az eny\u00e9m lesz majd a sz\u00edved.<br \/>\nB\u00e1rmerre legy\u00fcnk a vil\u00e1gban<br \/>\nt\u00e9ged soha el nem engedlek.<br \/>\nAz maradjon a titkunk, hogy \u00fagy szeretlek,<br \/>\nahogyan m\u00e1s senki nem tudna.<br \/>\nMert ez az \u00e9rz\u00e9s fogva tart m\u00e9g engem,<br \/>\nn\u00e9lk\u00fcled nem m\u00falik el soha.<br \/>\nAz maradjon a titkunk, hogy \u00fagy szeretlek,<br \/>\nahogyan m\u00e1s senki nem tudna.<br \/>\nMert ez az \u00e9rz\u00e9s fogva tart m\u00e9g engem,<br \/>\nn\u00e9lk\u00fcled nem m\u00falik el soha.<br \/>\n&#8212;Sz\u00f3l\u00f3&#8212;<br \/>\nSoha senki nem tudna t\u00e9ged szeretni,<br \/>\n\u00fagy ahogy \u00e9n, \u00fagy ahogy \u00e9n.<br \/>\nCsak az \u00e9jszak\u00e1kat j\u00e1rom,<br \/>\nkeresem a boldogs\u00e1gom.<br \/>\nDe tudom azt, hogy megtal\u00e1llak t\u00e9ged,<br \/>\n\u00e9s csak is az eny\u00e9m lesz majd a sz\u00edved.<br \/>\nB\u00e1rmerre legy\u00fcnk a vil\u00e1gban<br \/>\nt\u00e9ged soha el nem engedlek.<br \/>\nAz maradjon a titkunk, hogy \u00fagy szeretlek,<br \/>\nahogyan m\u00e1s senki nem tudna.<br \/>\nMert ez az \u00e9rz\u00e9s fogva tart m\u00e9g engem,<br \/>\nn\u00e9lk\u00fcled nem m\u00falik el soha.<br \/>\nAz maradjon a titkunk, hogy \u00fagy szeretlek,<br \/>\nahogyan m\u00e1s senki nem tudna.<br \/>\nMert ez az \u00e9rz\u00e9s fogva tart m\u00e9g engem,<br \/>\nn\u00e9lk\u00fcled nem m\u00falik el soha.<\/p>\n","protected":false},"featured_media":14902,"template":"","meta":{"site-sidebar-layout":"default","site-content-layout":"default","ast-site-content-layout":"default","site-content-style":"default","site-sidebar-style":"default","ast-global-header-display":"","ast-banner-title-visibility":"","ast-main-header-display":"","ast-hfb-above-header-display":"","ast-hfb-below-header-display":"","ast-hfb-mobile-header-display":"","site-post-title":"","ast-breadcrumbs-content":"","ast-featured-img":"","footer-sml-layout":"","theme-transparent-header-meta":"default","adv-header-id-meta":"","stick-header-meta":"","header-above-stick-meta":"","header-main-stick-meta":"","header-below-stick-meta":"","astra-migrate-meta-layouts":"set","ast-page-background-enabled":"default","ast-page-background-meta":{"desktop":{"background-color":"var(--ast-global-color-4)","background-image":"","background-repeat":"repeat","background-position":"center center","background-size":"auto","background-attachment":"scroll","background-type":"","background-media":"","overlay-type":"","overlay-color":"","overlay-opacity":"","overlay-gradient":""},"tablet":{"background-color":"","background-image":"","background-repeat":"repeat","background-position":"center center","background-size":"auto","background-attachment":"scroll","background-type":"","background-media":"","overlay-type":"","overlay-color":"","overlay-opacity":"","overlay-gradient":""},"mobile":{"background-color":"","background-image":"","background-repeat":"repeat","background-position":"center center","background-size":"auto","background-attachment":"scroll","background-type":"","background-media":"","overlay-type":"","overlay-color":"","overlay-opacity":"","overlay-gradient":""}},"ast-content-background-meta":{"desktop":{"background-color":"var(--ast-global-color-5)","background-image":"","background-repeat":"repeat","background-position":"center center","background-size":"auto","background-attachment":"scroll","background-type":"","background-media":"","overlay-type":"","overlay-color":"","overlay-opacity":"","overlay-gradient":""},"tablet":{"background-color":"var(--ast-global-color-5)","background-image":"","background-repeat":"repeat","background-position":"center center","background-size":"auto","background-attachment":"scroll","background-type":"","background-media":"","overlay-type":"","overlay-color":"","overlay-opacity":"","overlay-gradient":""},"mobile":{"background-color":"var(--ast-global-color-5)","background-image":"","background-repeat":"repeat","background-position":"center center","background-size":"auto","background-attachment":"scroll","background-type":"","background-media":"","overlay-type":"","overlay-color":"","overlay-opacity":"","overlay-gradient":""}}},"product_cat":[89],"product_tag":[],"class_list":["post-19798","product","type-product","status-publish","has-post-thumbnail","hentry","product_cat-balog-bence","desktop-align-left","tablet-align-left","mobile-align-left"],"_links":{"self":[{"href":"https:\/\/www.sunkaraoke.hu\/index.php\/wp-json\/wp\/v2\/product\/19798","targetHints":{"allow":["GET"]}}],"collection":[{"href":"https:\/\/www.sunkaraoke.hu\/index.php\/wp-json\/wp\/v2\/product"}],"about":[{"href":"https:\/\/www.sunkaraoke.hu\/index.php\/wp-json\/wp\/v2\/types\/product"}],"wp:featuredmedia":[{"embeddable":true,"href":"https:\/\/www.sunkaraoke.hu\/index.php\/wp-json\/wp\/v2\/media\/14902"}],"wp:attachment":[{"href":"https:\/\/www.sunkaraoke.hu\/index.php\/wp-json\/wp\/v2\/media?parent=19798"}],"wp:term":[{"taxonomy":"product_cat","embeddable":true,"href":"https:\/\/www.sunkaraoke.hu\/index.php\/wp-json\/wp\/v2\/product_cat?post=19798"},{"taxonomy":"product_tag","embeddable":true,"href":"https:\/\/www.sunkaraoke.hu\/index.php\/wp-json\/wp\/v2\/product_tag?post=19798"}],"curies":[{"name":"wp","href":"https:\/\/api.w.org\/{rel}","templated":true}]}}