{"id":19784,"date":"2025-09-17T11:44:17","date_gmt":"2025-09-17T09:44:17","guid":{"rendered":"https:\/\/www.sunkaraoke.hu\/?post_type=product&#038;p=19784"},"modified":"2025-09-17T11:45:41","modified_gmt":"2025-09-17T09:45:41","slug":"mercy-zold-szalagos-original","status":"publish","type":"product","link":"https:\/\/www.sunkaraoke.hu\/index.php\/termek\/mercy-zold-szalagos-original\/","title":{"rendered":"<div class=\"wcmp-player-container product-19784\"><audio controlslist=\"nodownload\" data-product=\"19784\"  volume=\"1\"  preload=\"none\" data-lazyloading=\"none\" class=\"wcmp-player track mejs-classic\" data-duration=\"0:40\" data-estimated_duration=\"4\"><source src=\"https:\/\/www.sunkaraoke.hu\/wp-content\/uploads\/2025\/09\/Zold-szalagos-a-kalapom-Mercy-demoo.mp3\" type=\"audio\/mp3\" \/><\/audio><\/div>Mercy &#8211; Z\u00f6ld szalagos (Original)"},"content":{"rendered":"<p><b>03:14<\/b>\/ <img decoding=\"async\" src=\"https:\/\/www.sunkaraoke.hu\/wp-content\/uploads\/2022\/07\/choir_2-copy.webp\" \/>\u00a0 \/<\/p>\n","protected":false},"excerpt":{"rendered":"<h6><strong>Bits\u0171r\u0171s\u00e9g: 320<\/strong>kb\/s<strong><br \/>\n<\/strong><strong>Hossz: 03:14<\/strong><strong><br \/>\n<\/strong><strong style=\"font-size: 16px;\">Vok\u00e1lt tartalmaz: Nem\u00a0 <img decoding=\"async\" src=\"https:\/\/www.sunkaraoke.hu\/wp-content\/uploads\/2022\/07\/choir_2-copy.png\" \/><\/strong><strong style=\"font-size: 16px;\"><br \/>\n<\/strong><\/h6>\n<p>Sunkaraoke mp3 st\u00fadi\u00f3 \/ www.sunkaraoke.hu \/ Inf: Tel: 06 20 4275001<\/p>\n<p>&#8211;Intr\u00f3&#8212;<br \/>\nJaj, z\u00f6ld szalagos a kalapom, jaj,<br \/>\ns\u00e1rga csizm\u00e1m puha, mint a vaj jaj jaj jaj,<br \/>\nRipeg-ropog a j\u00e1r\u00e1sa,sz\u0151ke asszony adom\u00e1nya.<br \/>\nRipeg-ropog a j\u00e1r\u00e1sa,sz\u0151ke asszony adom\u00e1nya.<br \/>\nAd\u00f3s vagyok n\u00e9ki de nem baj,<br \/>\nde ebb\u0151l nem lesz semmi baj,<br \/>\nmert ha szerelemre k\u00e9rne, cs\u00f3kra cs\u00f3kot adn\u00e1k \u00e9rte..<br \/>\nmert ha szerelemre k\u00e9rne, cs\u00f3kra cs\u00f3kot adn\u00e1k \u00e9rte..<br \/>\nJ\u00e1, d\u00e1, d\u00e1, d\u00e1\u2026..<br \/>\nJaj, z\u00f6ld szalagos a kalapom, jaj,<br \/>\ns\u00e1rga csizm\u00e1m puha, mint a vaj jaj jaj jaj,<br \/>\nRipeg-ropog a j\u00e1r\u00e1sa,sz\u0151ke asszony adom\u00e1nya.<br \/>\nRipeg-ropog a j\u00e1r\u00e1sa,sz\u0151ke asszony adom\u00e1nya.<br \/>\nJ\u00e1, d\u00e1, d\u00e1, d\u00e1\u2026<br \/>\n&#8212;Sz\u00f3l\u00f3&#8212;<br \/>\nJaj, z\u00f6ld szalagos a kalapom, jaj,<br \/>\ns\u00e1rga csizm\u00e1m puha, mint a vaj jaj jaj jaj,<br \/>\nRipeg-ropog a j\u00e1r\u00e1sa,sz\u0151ke asszony adom\u00e1nya.<br \/>\nRipeg-ropog a j\u00e1r\u00e1sa,sz\u0151ke asszony adom\u00e1nya.<br \/>\nAd\u00f3s vagyok n\u00e9ki de nem baj,<br \/>\nde ebb\u0151l nem lesz semmi baj,<br \/>\nmert ha szerelemre k\u00e9rne, cs\u00f3kra cs\u00f3kot adn\u00e1k \u00e9rte..<br \/>\nmert ha szerelemre k\u00e9rne, cs\u00f3kra cs\u00f3kot adn\u00e1k \u00e9rte..<br \/>\nJ\u00e1, d\u00e1, d\u00e1, d\u00e1\u2026..<br \/>\n&#8212;V\u00e9ge&#8212;<\/p>\n<p>&nbsp;<\/p>\n","protected":false},"featured_media":9777,"template":"","meta":{"site-sidebar-layout":"default","site-content-layout":"default","ast-site-content-layout":"default","site-content-style":"default","site-sidebar-style":"default","ast-global-header-display":"","ast-banner-title-visibility":"","ast-main-header-display":"","ast-hfb-above-header-display":"","ast-hfb-below-header-display":"","ast-hfb-mobile-header-display":"","site-post-title":"","ast-breadcrumbs-content":"","ast-featured-img":"","footer-sml-layout":"","theme-transparent-header-meta":"default","adv-header-id-meta":"","stick-header-meta":"","header-above-stick-meta":"","header-main-stick-meta":"","header-below-stick-meta":"","astra-migrate-meta-layouts":"set","ast-page-background-enabled":"default","ast-page-background-meta":{"desktop":{"background-color":"var(--ast-global-color-4)","background-image":"","background-repeat":"repeat","background-position":"center center","background-size":"auto","background-attachment":"scroll","background-type":"","background-media":"","overlay-type":"","overlay-color":"","overlay-opacity":"","overlay-gradient":""},"tablet":{"background-color":"","background-image":"","background-repeat":"repeat","background-position":"center center","background-size":"auto","background-attachment":"scroll","background-type":"","background-media":"","overlay-type":"","overlay-color":"","overlay-opacity":"","overlay-gradient":""},"mobile":{"background-color":"","background-image":"","background-repeat":"repeat","background-position":"center center","background-size":"auto","background-attachment":"scroll","background-type":"","background-media":"","overlay-type":"","overlay-color":"","overlay-opacity":"","overlay-gradient":""}},"ast-content-background-meta":{"desktop":{"background-color":"var(--ast-global-color-5)","background-image":"","background-repeat":"repeat","background-position":"center center","background-size":"auto","background-attachment":"scroll","background-type":"","background-media":"","overlay-type":"","overlay-color":"","overlay-opacity":"","overlay-gradient":""},"tablet":{"background-color":"var(--ast-global-color-5)","background-image":"","background-repeat":"repeat","background-position":"center center","background-size":"auto","background-attachment":"scroll","background-type":"","background-media":"","overlay-type":"","overlay-color":"","overlay-opacity":"","overlay-gradient":""},"mobile":{"background-color":"var(--ast-global-color-5)","background-image":"","background-repeat":"repeat","background-position":"center center","background-size":"auto","background-attachment":"scroll","background-type":"","background-media":"","overlay-type":"","overlay-color":"","overlay-opacity":"","overlay-gradient":""}}},"product_cat":[46],"product_tag":[],"class_list":["post-19784","product","type-product","status-publish","has-post-thumbnail","hentry","product_cat-eredeti-karaoke-dalok","desktop-align-left","tablet-align-left","mobile-align-left"],"_links":{"self":[{"href":"https:\/\/www.sunkaraoke.hu\/index.php\/wp-json\/wp\/v2\/product\/19784","targetHints":{"allow":["GET"]}}],"collection":[{"href":"https:\/\/www.sunkaraoke.hu\/index.php\/wp-json\/wp\/v2\/product"}],"about":[{"href":"https:\/\/www.sunkaraoke.hu\/index.php\/wp-json\/wp\/v2\/types\/product"}],"wp:featuredmedia":[{"embeddable":true,"href":"https:\/\/www.sunkaraoke.hu\/index.php\/wp-json\/wp\/v2\/media\/9777"}],"wp:attachment":[{"href":"https:\/\/www.sunkaraoke.hu\/index.php\/wp-json\/wp\/v2\/media?parent=19784"}],"wp:term":[{"taxonomy":"product_cat","embeddable":true,"href":"https:\/\/www.sunkaraoke.hu\/index.php\/wp-json\/wp\/v2\/product_cat?post=19784"},{"taxonomy":"product_tag","embeddable":true,"href":"https:\/\/www.sunkaraoke.hu\/index.php\/wp-json\/wp\/v2\/product_tag?post=19784"}],"curies":[{"name":"wp","href":"https:\/\/api.w.org\/{rel}","templated":true}]}}