{"id":19762,"date":"2025-09-09T14:28:48","date_gmt":"2025-09-09T12:28:48","guid":{"rendered":"https:\/\/www.sunkaraoke.hu\/?post_type=product&#038;p=19762"},"modified":"2025-09-09T14:30:31","modified_gmt":"2025-09-09T12:30:31","slug":"csore-bela-miert-kellett-most-talalkoznom-2025-new-pb-edition","status":"publish","type":"product","link":"https:\/\/www.sunkaraoke.hu\/index.php\/termek\/csore-bela-miert-kellett-most-talalkoznom-2025-new-pb-edition\/","title":{"rendered":"<div class=\"wcmp-player-container product-19762\"><audio controlslist=\"nodownload\" data-product=\"19762\"  volume=\"1\"  preload=\"none\" data-lazyloading=\"none\" class=\"wcmp-player track mejs-classic\" data-duration=\"0:38\" data-estimated_duration=\"4\"><source src=\"https:\/\/www.sunkaraoke.hu\/wp-content\/uploads\/2025\/09\/Miert-kellett-most-Trsz-2025-Csore-PB.-demoo.mp3\" type=\"audio\/mp3\" \/><\/audio><\/div>Cs\u00f3r\u00e9 B\u00e9la &#8211; Mi\u00e9rt kellett most tal\u00e1lkoznom  2025. New (PB Edition)"},"content":{"rendered":"<p><strong>03:41<\/strong>\/ <strong><img loading=\"lazy\" decoding=\"async\" class=\"alignnone size-full wp-image-467\" src=\"https:\/\/www.sunkaraoke.hu\/wp-content\/uploads\/2022\/07\/choir_2-copy.webp\" alt=\"\" width=\"30\" height=\"30\" \/> \/\u00a0 -4<\/strong><\/p>\n","protected":false},"excerpt":{"rendered":"<h5><strong>Bits\u0171r\u0171s\u00e9g: 320kb\/s<\/strong><\/h5>\n<h5><strong>Hossz: 04:22<\/strong><br \/>\n<strong>Vok\u00e1lt tartalmaz: Nem <img loading=\"lazy\" decoding=\"async\" class=\"alignnone size-full wp-image-467\" src=\"http:\/\/www.sunkaraoke.hu\/wp-content\/uploads\/2022\/07\/choir_2-copy.png\" alt=\"\" width=\"30\" height=\"30\" \/><\/strong><\/h5>\n<h5>Transzpon\u00e1lt: Igen -4<\/h5>\n<p>Sunkaraoke mp3 st\u00fadi\u00f3 \/ www.sunkaraoke.hu \/ Inf: Tel: 06 20 4275001<\/p>\n<p>&#8212;Intr\u00f3&#8212;<br \/>\nMi\u00e9rt kellet most tal\u00e1lkoznom v\u00e9led,<br \/>\nmi\u00e9rt sodort a v\u00e9letlen fel\u00e9d.<br \/>\nMi\u00e9rt kellet a sz\u00e9p szemedbe n\u00e9znem,<br \/>\nm\u00e1snap este mi\u00e9rt j\u00f6tt\u00e9l el\u00e9m.<br \/>\nMi\u00e9rt hittem el mindazt amit mondt\u00e1l,<br \/>\nmi volt az a h\u00f3dit\u00f3 var\u00e1zs.<br \/>\nMi\u00e9rt kellet a sz\u00e9p, szemedbe n\u00e9znem,<br \/>\nm\u00e1snap este mi\u00e9rt v\u00e1rt\u00e1l re\u00e1m.<br \/>\nFelelted elkeser\u00edt engem,<br \/>\nnem gondolok n\u00e9ha sem ter\u00e1d,<br \/>\ntudom hogy majd k\u00e1rp\u00f3tol az \u00e9let,<br \/>\namit velem tett\u00e9l, nem feledem.<br \/>\nNem \u00e1tkozlak \u00e1ldjon meg az isten,<br \/>\nlegy\u00e9l boldog eg\u00e9sz \u00e9letedben.<br \/>\nAz eml\u00e9keimb\u0151l, ne maradjon semmi,<br \/>\npr\u00f3b\u00e1ljuk h\u00e1t egym\u00e1st elfeledeni.<br \/>\n&#8212;Sz\u00f3l\u00f3&#8212;<br \/>\nMi\u00e9rt kellet most tal\u00e1lkoznom v\u00e9led,<br \/>\nmi\u00e9rt sodort a v\u00e9letlen fel\u00e9d.<br \/>\nMi\u00e9rt kellet a sz\u00e9p szemedbe n\u00e9znem,<br \/>\nm\u00e1snap este mi\u00e9rt j\u00f6tt\u00e9l el\u00e9m.<br \/>\nMi\u00e9rt hittem el mindazt amit mondt\u00e1l,<br \/>\nmi volt az a h\u00f3dit\u00f3 var\u00e1zs.<br \/>\nMi\u00e9rt kellet a sz\u00e9p, szemedbe n\u00e9znem,<br \/>\nm\u00e1snap este mi\u00e9rt v\u00e1rt\u00e1l re\u00e1m.<br \/>\nFelelted elkeser\u00edt engem,<br \/>\nnem gondolok n\u00e9ha sem ter\u00e1d,<br \/>\ntudom hogy majd k\u00e1rp\u00f3tol az \u00e9let,<br \/>\namit velem tett\u00e9l, nem feledem.<br \/>\nNem \u00e1tkozlak \u00e1ldjon meg az isten,<br \/>\nlegy\u00e9l boldog eg\u00e9sz \u00e9letedben.<br \/>\nAz eml\u00e9keimb\u0151l, ne maradjon semmi,<br \/>\npr\u00f3b\u00e1ljuk h\u00e1t egym\u00e1st elfeledeni.<br \/>\n&#8212;V\u00e9ge&#8212;<\/p>\n","protected":false},"featured_media":8991,"template":"","meta":{"site-sidebar-layout":"default","site-content-layout":"default","ast-site-content-layout":"default","site-content-style":"default","site-sidebar-style":"default","ast-global-header-display":"","ast-banner-title-visibility":"","ast-main-header-display":"","ast-hfb-above-header-display":"","ast-hfb-below-header-display":"","ast-hfb-mobile-header-display":"","site-post-title":"","ast-breadcrumbs-content":"","ast-featured-img":"","footer-sml-layout":"","theme-transparent-header-meta":"default","adv-header-id-meta":"","stick-header-meta":"","header-above-stick-meta":"","header-main-stick-meta":"","header-below-stick-meta":"","astra-migrate-meta-layouts":"set","ast-page-background-enabled":"default","ast-page-background-meta":{"desktop":{"background-color":"var(--ast-global-color-4)","background-image":"","background-repeat":"repeat","background-position":"center center","background-size":"auto","background-attachment":"scroll","background-type":"","background-media":"","overlay-type":"","overlay-color":"","overlay-opacity":"","overlay-gradient":""},"tablet":{"background-color":"","background-image":"","background-repeat":"repeat","background-position":"center center","background-size":"auto","background-attachment":"scroll","background-type":"","background-media":"","overlay-type":"","overlay-color":"","overlay-opacity":"","overlay-gradient":""},"mobile":{"background-color":"","background-image":"","background-repeat":"repeat","background-position":"center center","background-size":"auto","background-attachment":"scroll","background-type":"","background-media":"","overlay-type":"","overlay-color":"","overlay-opacity":"","overlay-gradient":""}},"ast-content-background-meta":{"desktop":{"background-color":"var(--ast-global-color-5)","background-image":"","background-repeat":"repeat","background-position":"center center","background-size":"auto","background-attachment":"scroll","background-type":"","background-media":"","overlay-type":"","overlay-color":"","overlay-opacity":"","overlay-gradient":""},"tablet":{"background-color":"var(--ast-global-color-5)","background-image":"","background-repeat":"repeat","background-position":"center center","background-size":"auto","background-attachment":"scroll","background-type":"","background-media":"","overlay-type":"","overlay-color":"","overlay-opacity":"","overlay-gradient":""},"mobile":{"background-color":"var(--ast-global-color-5)","background-image":"","background-repeat":"repeat","background-position":"center center","background-size":"auto","background-attachment":"scroll","background-type":"","background-media":"","overlay-type":"","overlay-color":"","overlay-opacity":"","overlay-gradient":""}}},"product_cat":[48],"product_tag":[],"class_list":["post-19762","product","type-product","status-publish","has-post-thumbnail","hentry","product_cat-sunkaraoke-dalok","desktop-align-left","tablet-align-left","mobile-align-left"],"_links":{"self":[{"href":"https:\/\/www.sunkaraoke.hu\/index.php\/wp-json\/wp\/v2\/product\/19762","targetHints":{"allow":["GET"]}}],"collection":[{"href":"https:\/\/www.sunkaraoke.hu\/index.php\/wp-json\/wp\/v2\/product"}],"about":[{"href":"https:\/\/www.sunkaraoke.hu\/index.php\/wp-json\/wp\/v2\/types\/product"}],"wp:featuredmedia":[{"embeddable":true,"href":"https:\/\/www.sunkaraoke.hu\/index.php\/wp-json\/wp\/v2\/media\/8991"}],"wp:attachment":[{"href":"https:\/\/www.sunkaraoke.hu\/index.php\/wp-json\/wp\/v2\/media?parent=19762"}],"wp:term":[{"taxonomy":"product_cat","embeddable":true,"href":"https:\/\/www.sunkaraoke.hu\/index.php\/wp-json\/wp\/v2\/product_cat?post=19762"},{"taxonomy":"product_tag","embeddable":true,"href":"https:\/\/www.sunkaraoke.hu\/index.php\/wp-json\/wp\/v2\/product_tag?post=19762"}],"curies":[{"name":"wp","href":"https:\/\/api.w.org\/{rel}","templated":true}]}}