{"id":19705,"date":"2025-08-22T14:34:30","date_gmt":"2025-08-22T12:34:30","guid":{"rendered":"https:\/\/www.sunkaraoke.hu\/?post_type=product&#038;p=19705"},"modified":"2025-08-22T14:36:51","modified_gmt":"2025-08-22T12:36:51","slug":"flipper-ocsi-homokot-szor-a-szemembe-2025-new-pb-edition","status":"publish","type":"product","link":"https:\/\/www.sunkaraoke.hu\/index.php\/termek\/flipper-ocsi-homokot-szor-a-szemembe-2025-new-pb-edition\/","title":{"rendered":"<div class=\"wcmp-player-container product-19705\"><audio controlslist=\"nodownload\" data-product=\"19705\"  volume=\"1\"  preload=\"none\" data-lazyloading=\"none\" class=\"wcmp-player track mejs-classic\" data-duration=\"0:42\" data-estimated_duration=\"5\"><source src=\"https:\/\/www.sunkaraoke.hu\/wp-content\/uploads\/2025\/08\/Homokot-szor-TRSZ-2025.-New-Flipper-.PB_demoo.mp3\" type=\"audio\/mp3\" \/><\/audio><\/div>Flipper \u00d6csi: Homokot sz\u00f3r a szemembe 2025. NEW (PB Edition)"},"content":{"rendered":"<p><strong>03:16<\/strong>| <strong><img loading=\"lazy\" decoding=\"async\" class=\"alignnone size-full wp-image-467\" src=\"https:\/\/www.sunkaraoke.hu\/wp-content\/uploads\/2022\/07\/choir_2-copy.webp\" alt=\"\" width=\"30\" height=\"30\" \/>\/ -2<\/strong><\/p>\n","protected":false},"excerpt":{"rendered":"<h5><strong>Bits\u0171r\u0171s\u00e9g: 320kb\/s<\/strong><\/h5>\n<h5><strong>Hossz: 03:16<\/strong><\/h5>\n<h5><strong>Vok\u00e1l: Nem <img loading=\"lazy\" decoding=\"async\" class=\"alignnone size-full wp-image-467\" src=\"http:\/\/www.sunkaraoke.hu\/wp-content\/uploads\/2022\/07\/choir_2-copy.png\" alt=\"\" width=\"30\" height=\"30\" \/><\/strong><\/h5>\n<p>Sunkaraoke mp3 st\u00fadi\u00f3 \/ www.sunkaraoke.hu \/ Inf: Tel: 06 20 4275001<\/p>\n<p>&#8212;Intr\u00f3&#8212;<br \/>\nEgy hideg ital \u00fagy felkavart,<br \/>\na teraszon egy git\u00e1r sz\u00f3l,<br \/>\n\u00e9s egy l\u00e1ny megzavar.<br \/>\nGy\u0151z\u00f6tt az els\u0151 sz\u00f3n\u00e1l,<br \/>\namit nekem s\u00fagott,<br \/>\nahhoz nem kell sz\u00f3t\u00e1r.<br \/>\nAzt hittem, mindent \u00e9rtek,<br \/>\nez Szajna part,ahol sok szajha hajt.<\/p>\n<p>Homokot sz\u00f3r a szemembe,<br \/>\ntov\u00e1bb \u00e1ll nevetve,<br \/>\nmint a hurrik\u00e1n, amerre j\u00e1r, puszt\u00edt a l\u00e1ny.<br \/>\nHomokot sz\u00f3r a szemembe,<br \/>\ntov\u00e1bb \u00e1ll nevetve,<br \/>\nk\u00f6nny\u0171 n\u0151, neh\u00e9z ital, megvigasztal.<br \/>\nA nyaral\u00e1sr\u00f3l, r\u00f6viden csak ennyit,<br \/>\n\u0151 elhagyott, s nem l\u00e1ttam P\u00e1rizsb\u00f3l semmit.<br \/>\n&#8212;Sz\u00f3l\u00f3&#8212;<br \/>\n\u00d3h, \u00f3h, \u00f3h, \u00f3h, bel\u00e1tom,<br \/>\n\u0151 megt\u00e1ncoltatott, ezen a ny\u00e1ron.<br \/>\nHomokot sz\u00f3r a szemembe,<br \/>\ntov\u00e1bb \u00e1ll nevetve,<br \/>\nmint a hurrik\u00e1n,amerre j\u00e1r, puszt\u00edt a l\u00e1ny.<br \/>\nHomokot sz\u00f3r a szemembe,<br \/>\ntov\u00e1bb \u00e1ll nevetve,<br \/>\nk\u00f6nny\u0171 n\u0151, neh\u00e9z ital megvigasztal.<br \/>\nHomokot sz\u00f3r a szemembe,<br \/>\ntov\u00e1bb \u00e1ll nevetve,<br \/>\nmint a hurrik\u00e1n,amerre j\u00e1r, puszt\u00edt a l\u00e1ny.<br \/>\nHomokot sz\u00f3r a szemembe,<br \/>\ntov\u00e1bb \u00e1ll nevetve,<br \/>\nk\u00f6nny\u0171 n\u0151, neh\u00e9z ital megvigasztal.<br \/>\nN\u00e1,n\u00e1,n\u00e1,n\u00e1,\u2026&#8230;<br \/>\n&#8212;V\u00e9ge&#8212;<\/p>\n","protected":false},"featured_media":19709,"template":"","meta":{"site-sidebar-layout":"default","site-content-layout":"default","ast-site-content-layout":"default","site-content-style":"default","site-sidebar-style":"default","ast-global-header-display":"","ast-banner-title-visibility":"","ast-main-header-display":"","ast-hfb-above-header-display":"","ast-hfb-below-header-display":"","ast-hfb-mobile-header-display":"","site-post-title":"","ast-breadcrumbs-content":"","ast-featured-img":"","footer-sml-layout":"","theme-transparent-header-meta":"default","adv-header-id-meta":"","stick-header-meta":"","header-above-stick-meta":"","header-main-stick-meta":"","header-below-stick-meta":"","astra-migrate-meta-layouts":"set","ast-page-background-enabled":"default","ast-page-background-meta":{"desktop":{"background-color":"var(--ast-global-color-4)","background-image":"","background-repeat":"repeat","background-position":"center center","background-size":"auto","background-attachment":"scroll","background-type":"","background-media":"","overlay-type":"","overlay-color":"","overlay-opacity":"","overlay-gradient":""},"tablet":{"background-color":"","background-image":"","background-repeat":"repeat","background-position":"center center","background-size":"auto","background-attachment":"scroll","background-type":"","background-media":"","overlay-type":"","overlay-color":"","overlay-opacity":"","overlay-gradient":""},"mobile":{"background-color":"","background-image":"","background-repeat":"repeat","background-position":"center center","background-size":"auto","background-attachment":"scroll","background-type":"","background-media":"","overlay-type":"","overlay-color":"","overlay-opacity":"","overlay-gradient":""}},"ast-content-background-meta":{"desktop":{"background-color":"var(--ast-global-color-5)","background-image":"","background-repeat":"repeat","background-position":"center center","background-size":"auto","background-attachment":"scroll","background-type":"","background-media":"","overlay-type":"","overlay-color":"","overlay-opacity":"","overlay-gradient":""},"tablet":{"background-color":"var(--ast-global-color-5)","background-image":"","background-repeat":"repeat","background-position":"center center","background-size":"auto","background-attachment":"scroll","background-type":"","background-media":"","overlay-type":"","overlay-color":"","overlay-opacity":"","overlay-gradient":""},"mobile":{"background-color":"var(--ast-global-color-5)","background-image":"","background-repeat":"repeat","background-position":"center center","background-size":"auto","background-attachment":"scroll","background-type":"","background-media":"","overlay-type":"","overlay-color":"","overlay-opacity":"","overlay-gradient":""}}},"product_cat":[48],"product_tag":[],"class_list":["post-19705","product","type-product","status-publish","has-post-thumbnail","hentry","product_cat-sunkaraoke-dalok","desktop-align-left","tablet-align-left","mobile-align-left"],"_links":{"self":[{"href":"https:\/\/www.sunkaraoke.hu\/index.php\/wp-json\/wp\/v2\/product\/19705","targetHints":{"allow":["GET"]}}],"collection":[{"href":"https:\/\/www.sunkaraoke.hu\/index.php\/wp-json\/wp\/v2\/product"}],"about":[{"href":"https:\/\/www.sunkaraoke.hu\/index.php\/wp-json\/wp\/v2\/types\/product"}],"wp:featuredmedia":[{"embeddable":true,"href":"https:\/\/www.sunkaraoke.hu\/index.php\/wp-json\/wp\/v2\/media\/19709"}],"wp:attachment":[{"href":"https:\/\/www.sunkaraoke.hu\/index.php\/wp-json\/wp\/v2\/media?parent=19705"}],"wp:term":[{"taxonomy":"product_cat","embeddable":true,"href":"https:\/\/www.sunkaraoke.hu\/index.php\/wp-json\/wp\/v2\/product_cat?post=19705"},{"taxonomy":"product_tag","embeddable":true,"href":"https:\/\/www.sunkaraoke.hu\/index.php\/wp-json\/wp\/v2\/product_tag?post=19705"}],"curies":[{"name":"wp","href":"https:\/\/api.w.org\/{rel}","templated":true}]}}