{"id":19700,"date":"2025-08-22T07:13:17","date_gmt":"2025-08-22T05:13:17","guid":{"rendered":"https:\/\/www.sunkaraoke.hu\/?post_type=product&#038;p=19700"},"modified":"2025-08-22T07:14:55","modified_gmt":"2025-08-22T05:14:55","slug":"balogh-bence-hajtsd-a-fejed-2025-new-bence-edition","status":"publish","type":"product","link":"https:\/\/www.sunkaraoke.hu\/index.php\/termek\/balogh-bence-hajtsd-a-fejed-2025-new-bence-edition\/","title":{"rendered":"<div class=\"wcmp-player-container product-19700\"><audio controlslist=\"nodownload\" data-product=\"19700\"  volume=\"1\"  preload=\"none\" data-lazyloading=\"none\" class=\"wcmp-player track mejs-classic\" data-duration=\"0:37\" data-estimated_duration=\"4\"><source src=\"https:\/\/www.sunkaraoke.hu\/wp-content\/uploads\/2025\/08\/HAJTSD-A-FEJED_demoo.mp3\" type=\"audio\/mp3\" \/><\/audio><\/div>Balogh Bence: Hajtsd a fejed 2025. New (Bence Edition)"},"content":{"rendered":"<p><strong>02:50<\/strong>\u00a0| <strong><img loading=\"lazy\" decoding=\"async\" class=\"alignnone size-full wp-image-467\" src=\"https:\/\/www.sunkaraoke.hu\/wp-content\/uploads\/2022\/07\/choir_2-copy.webp\" alt=\"\" width=\"30\" height=\"30\" \/> | <img decoding=\"async\" src=\"https:\/\/www.sunkaraoke.hu\/wp-content\/uploads\/2022\/07\/transzponalas.webp\" \/> \u00a0<\/strong><\/p>\n","protected":false},"excerpt":{"rendered":"<h5><strong>Bits\u0171r\u0171s\u00e9g: 320kb\/s<\/strong><br \/>\n<strong>Hossz: 02:50<\/strong><br \/>\n<strong>Vok\u00e1lt tartalmaz: Nem <img loading=\"lazy\" decoding=\"async\" class=\"alignnone size-full wp-image-467\" src=\"http:\/\/www.sunkaraoke.hu\/wp-content\/uploads\/2022\/07\/choir_2-copy.png\" alt=\"\" width=\"30\" height=\"30\" \/><\/strong><\/h5>\n<p>Sunkaraoke mp3 st\u00fadi\u00f3 \/ www.sunkaraoke.hu \/ Inf: Tel: 06 20 4275001<\/p>\n<p>&#8212;Intr\u00f3&#8212;<br \/>\nR\u00e9gen amikor \u00fagy \u00e9reztem menek\u00fcl\u00f6k az \u00e1lmokt\u00f3l.<br \/>\nEl\u0151 b\u00fajt a f\u00e9nysug\u00e1r egy ny\u00e1ri \u00e9jszak\u00e1n.<br \/>\nR\u00e9gen amikor \u00fagy f\u00e9ltettem magamat minden \u00e9rz\u00e9st\u0151l.<br \/>\nMegjelent egy l\u00e1ny ki most is v\u00e1r tal\u00e1n.<br \/>\nHajtsd a fejed a v\u00e1llamra.<br \/>\nK\u00e9t karod h\u00fazzon az \u00e1gyadba.<br \/>\nHunyd le a sz\u00e9p szemed.<br \/>\nAkkor \u00fagy hiszed nincs n\u00e1lad boldogabb.<br \/>\nSoha nem feledem az \u00e9jszak\u00e1t.<br \/>\nMit ketten a parton \u00e9lt\u00fcnk \u00e1t.<br \/>\nAz \u00f6reg f\u00e1k a f\u00e9lt\u0151 holdvil\u00e1g.<br \/>\n&#8212;Sz\u00f3l\u00f3&#8212;<br \/>\nVoltak napok \u00e9s voltak percek.<br \/>\nAmikor minden k\u00f6nnyen ment.<br \/>\nSenki nem figyelt re\u00e1m.<br \/>\n\u00c9s sz\u00e1lltak az \u00f3r\u00e1k egym\u00e1s ut\u00e1n.<br \/>\nHidd el szavam a sorsom \u00e9lem.<br \/>\nEgyed\u00fcl j\u00e1rom az \u00e9letem.<br \/>\nDe megjelent egy l\u00e1ny ki most is v\u00e1r tal\u00e1n.<br \/>\nHajtsd a fejed a v\u00e1llamra.<br \/>\nK\u00e9t karod h\u00fazzon az \u00e1gyadba.<br \/>\nHunyd le a sz\u00e9p szemed.<br \/>\nAkkor \u00fagy hiszed nincs n\u00e1lad boldogabb.<br \/>\nSoha nem feledem az \u00e9jszak\u00e1t.<br \/>\nMit ketten a parton \u00e9lt\u00fcnk \u00e1t.<br \/>\nAz \u00f6reg f\u00e1k a f\u00e9lt\u0151 holdvil\u00e1g.<br \/>\nHajtsd a fejed a v\u00e1llamra.<br \/>\nK\u00e9t karod h\u00fazzon az \u00e1gyadba.<br \/>\nHunyd le a sz\u00e9p szemed.<br \/>\nAkkor \u00fagy hiszed nincs n\u00e1lad boldogabb.<br \/>\nSoha nem feledem az \u00e9jszak\u00e1t.<br \/>\nMit ketten a parton \u00e9lt\u00fcnk \u00e1t.<br \/>\nAz \u00f6reg f\u00e1k a f\u00e9lt\u0151 holdvil\u00e1g.<br \/>\n&#8212;V\u00e9ge&#8212;<\/p>\n","protected":false},"featured_media":14902,"template":"","meta":{"site-sidebar-layout":"default","site-content-layout":"default","ast-site-content-layout":"default","site-content-style":"default","site-sidebar-style":"default","ast-global-header-display":"","ast-banner-title-visibility":"","ast-main-header-display":"","ast-hfb-above-header-display":"","ast-hfb-below-header-display":"","ast-hfb-mobile-header-display":"","site-post-title":"","ast-breadcrumbs-content":"","ast-featured-img":"","footer-sml-layout":"","theme-transparent-header-meta":"default","adv-header-id-meta":"","stick-header-meta":"","header-above-stick-meta":"","header-main-stick-meta":"","header-below-stick-meta":"","astra-migrate-meta-layouts":"set","ast-page-background-enabled":"default","ast-page-background-meta":{"desktop":{"background-color":"var(--ast-global-color-4)","background-image":"","background-repeat":"repeat","background-position":"center center","background-size":"auto","background-attachment":"scroll","background-type":"","background-media":"","overlay-type":"","overlay-color":"","overlay-opacity":"","overlay-gradient":""},"tablet":{"background-color":"","background-image":"","background-repeat":"repeat","background-position":"center center","background-size":"auto","background-attachment":"scroll","background-type":"","background-media":"","overlay-type":"","overlay-color":"","overlay-opacity":"","overlay-gradient":""},"mobile":{"background-color":"","background-image":"","background-repeat":"repeat","background-position":"center center","background-size":"auto","background-attachment":"scroll","background-type":"","background-media":"","overlay-type":"","overlay-color":"","overlay-opacity":"","overlay-gradient":""}},"ast-content-background-meta":{"desktop":{"background-color":"var(--ast-global-color-5)","background-image":"","background-repeat":"repeat","background-position":"center center","background-size":"auto","background-attachment":"scroll","background-type":"","background-media":"","overlay-type":"","overlay-color":"","overlay-opacity":"","overlay-gradient":""},"tablet":{"background-color":"var(--ast-global-color-5)","background-image":"","background-repeat":"repeat","background-position":"center center","background-size":"auto","background-attachment":"scroll","background-type":"","background-media":"","overlay-type":"","overlay-color":"","overlay-opacity":"","overlay-gradient":""},"mobile":{"background-color":"var(--ast-global-color-5)","background-image":"","background-repeat":"repeat","background-position":"center center","background-size":"auto","background-attachment":"scroll","background-type":"","background-media":"","overlay-type":"","overlay-color":"","overlay-opacity":"","overlay-gradient":""}}},"product_cat":[89],"product_tag":[],"class_list":["post-19700","product","type-product","status-publish","has-post-thumbnail","hentry","product_cat-balog-bence","desktop-align-left","tablet-align-left","mobile-align-left"],"_links":{"self":[{"href":"https:\/\/www.sunkaraoke.hu\/index.php\/wp-json\/wp\/v2\/product\/19700","targetHints":{"allow":["GET"]}}],"collection":[{"href":"https:\/\/www.sunkaraoke.hu\/index.php\/wp-json\/wp\/v2\/product"}],"about":[{"href":"https:\/\/www.sunkaraoke.hu\/index.php\/wp-json\/wp\/v2\/types\/product"}],"wp:featuredmedia":[{"embeddable":true,"href":"https:\/\/www.sunkaraoke.hu\/index.php\/wp-json\/wp\/v2\/media\/14902"}],"wp:attachment":[{"href":"https:\/\/www.sunkaraoke.hu\/index.php\/wp-json\/wp\/v2\/media?parent=19700"}],"wp:term":[{"taxonomy":"product_cat","embeddable":true,"href":"https:\/\/www.sunkaraoke.hu\/index.php\/wp-json\/wp\/v2\/product_cat?post=19700"},{"taxonomy":"product_tag","embeddable":true,"href":"https:\/\/www.sunkaraoke.hu\/index.php\/wp-json\/wp\/v2\/product_tag?post=19700"}],"curies":[{"name":"wp","href":"https:\/\/api.w.org\/{rel}","templated":true}]}}