{"id":19690,"date":"2025-08-16T15:25:27","date_gmt":"2025-08-16T13:25:27","guid":{"rendered":"https:\/\/www.sunkaraoke.hu\/?post_type=product&#038;p=19690"},"modified":"2025-08-16T15:27:21","modified_gmt":"2025-08-16T13:27:21","slug":"bitto-duo-te-vagy-az-a-lany-2025-new-pb-edition","status":"publish","type":"product","link":"https:\/\/www.sunkaraoke.hu\/index.php\/termek\/bitto-duo-te-vagy-az-a-lany-2025-new-pb-edition\/","title":{"rendered":"<div class=\"wcmp-player-container product-19690\"><audio controlslist=\"nodownload\" data-product=\"19690\"  volume=\"1\"  preload=\"none\" data-lazyloading=\"none\" class=\"wcmp-player track mejs-classic\" data-duration=\"0:36\" data-estimated_duration=\"4\"><source src=\"https:\/\/www.sunkaraoke.hu\/wp-content\/uploads\/2025\/08\/Te-vagy-az-a-lany-Bitto-2025.PB_.-demoo.mp3\" type=\"audio\/mp3\" \/><\/audio><\/div>Bitt\u00f3 Du\u00f3 &#8211; Te vagy az a l\u00e1ny 2025. NEW (PB Edition)"},"content":{"rendered":"<p><strong>03:58<\/strong>| <strong><img loading=\"lazy\" decoding=\"async\" class=\"alignnone size-full wp-image-467\" src=\"https:\/\/www.sunkaraoke.hu\/wp-content\/uploads\/2022\/07\/choir_2-copy.webp\" alt=\"\" width=\"30\" height=\"30\" \/> <\/strong><\/p>\n","protected":false},"excerpt":{"rendered":"<h5><strong>Bits\u0171r\u0171s\u00e9g: 320kb\/s<\/strong><\/h5>\n<h5><strong>Hossz: 03:58<\/strong><\/h5>\n<h5><strong>Vok\u00e1l: Nem <img loading=\"lazy\" decoding=\"async\" class=\"alignnone size-full wp-image-467\" src=\"http:\/\/www.sunkaraoke.hu\/wp-content\/uploads\/2022\/07\/choir_2-copy.png\" alt=\"\" width=\"30\" height=\"30\" \/><\/strong><\/h5>\n<p>Sunkaraoke mp3 st\u00fadi\u00f3 \/ www.sunkaraoke.hu \/ Inf: Tel: 06 20 4275001<\/p>\n<p>&#8212;Intr\u00f3&#8212;<br \/>\nEg\u00e9sz \u00e9jjel csak r\u00e1d gondolok, nem m\u00e9sz ki a fejemb\u0151l,<br \/>\nahogy akkor n\u00e9zt\u00e9l r\u00e1m, azon a k\u00fcl\u00f6n\u00f6s \u00e9jszak\u00e1n.<br \/>\nNem j\u00f6n \u00e1lom a szememre, mert folyton csak r\u00e1d gondolok,<br \/>\na sz\u00e9p mosolyodt\u00f3l,mindig elolvadok.<br \/>\nTe vagy az a l\u00e1ny, te olyan sz\u00e9pen n\u00e9zt\u00e9l r\u00e1m,<br \/>\na sz\u00e9p szemeddel megbolond\u00edtott\u00e1l.<br \/>\nTe vagy az a l\u00e1ny, engem elvar\u00e1zsolt\u00e1l,<br \/>\naz \u00e9n sz\u00edvemben, te t\u00fczet gy\u00fajtott\u00e1l.<br \/>\nEg\u00e9sz \u00e9jjel csak r\u00e1d gondolok, nem m\u00e9sz ki a fejemb\u0151l,<br \/>\nahogy akkor n\u00e9zt\u00e9l r\u00e1m, azon a k\u00fcl\u00f6n\u00f6s \u00e9jszak\u00e1n.<br \/>\nNem j\u00f6n \u00e1lom a szememre, mert folyton csak r\u00e1d gondolok,<br \/>\na sz\u00e9p mosolyodt\u00f3l mindig elolvadok.<br \/>\nTe vagy az a l\u00e1ny, te olyan sz\u00e9pen n\u00e9zt\u00e9l r\u00e1m,<br \/>\na sz\u00e9p szemeddel megbolond\u00edtott\u00e1l.<br \/>\nTe vagy az a l\u00e1ny, engem elvar\u00e1zsolt\u00e1l,<br \/>\naz \u00e9n sz\u00edvemben, te t\u00fczet gy\u00fajtott\u00e1l.<br \/>\n&#8212;Sz\u00f3l\u00f3&#8212;<br \/>\nTe vagy az a l\u00e1ny, te olyan sz\u00e9pen n\u00e9zt\u00e9l r\u00e1m,<br \/>\na sz\u00e9p szemeddel megbolond\u00edtott\u00e1l.<br \/>\nTe vagy az a l\u00e1ny, engem elvar\u00e1zsolt\u00e1l,<br \/>\naz \u00e9n sz\u00edvemben, te t\u00fczet gy\u00fajtott\u00e1l.<br \/>\nTe vagy az a l\u00e1ny, te olyan sz\u00e9pen n\u00e9zt\u00e9l r\u00e1m,<br \/>\nEg\u00e9sz \u00e9jjel csak r\u00e1d gondolok, nem m\u00e9sz ki a fejemb\u0151l,<br \/>\nahogy akkor n\u00e9zt\u00e9l r\u00e1m, azon a k\u00fcl\u00f6n\u00f6s \u00e9jszak\u00e1n.<br \/>\nNem j\u00f6n \u00e1lom a szememre, mert folyton csak r\u00e1d gondolok,<br \/>\na sz\u00e9p mosolyodt\u00f3l mindig elolvadok.<br \/>\nTe vagy az a l\u00e1ny, te olyan sz\u00e9pen n\u00e9zt\u00e9l r\u00e1m,<br \/>\na sz\u00e9p szemeddel megbolond\u00edtott\u00e1l.<br \/>\nTe vagy az a l\u00e1ny, engem elvar\u00e1zsolt\u00e1l,<br \/>\naz \u00e9n sz\u00edvemben, te t\u00fczet gy\u00fajtott\u00e1l.<br \/>\n&#8212;V\u00e9ge&#8212;<\/p>\n","protected":false},"featured_media":11406,"template":"","meta":{"site-sidebar-layout":"default","site-content-layout":"default","ast-site-content-layout":"default","site-content-style":"default","site-sidebar-style":"default","ast-global-header-display":"","ast-banner-title-visibility":"","ast-main-header-display":"","ast-hfb-above-header-display":"","ast-hfb-below-header-display":"","ast-hfb-mobile-header-display":"","site-post-title":"","ast-breadcrumbs-content":"","ast-featured-img":"","footer-sml-layout":"","theme-transparent-header-meta":"default","adv-header-id-meta":"","stick-header-meta":"","header-above-stick-meta":"","header-main-stick-meta":"","header-below-stick-meta":"","astra-migrate-meta-layouts":"set","ast-page-background-enabled":"default","ast-page-background-meta":{"desktop":{"background-color":"var(--ast-global-color-4)","background-image":"","background-repeat":"repeat","background-position":"center center","background-size":"auto","background-attachment":"scroll","background-type":"","background-media":"","overlay-type":"","overlay-color":"","overlay-opacity":"","overlay-gradient":""},"tablet":{"background-color":"","background-image":"","background-repeat":"repeat","background-position":"center center","background-size":"auto","background-attachment":"scroll","background-type":"","background-media":"","overlay-type":"","overlay-color":"","overlay-opacity":"","overlay-gradient":""},"mobile":{"background-color":"","background-image":"","background-repeat":"repeat","background-position":"center center","background-size":"auto","background-attachment":"scroll","background-type":"","background-media":"","overlay-type":"","overlay-color":"","overlay-opacity":"","overlay-gradient":""}},"ast-content-background-meta":{"desktop":{"background-color":"var(--ast-global-color-5)","background-image":"","background-repeat":"repeat","background-position":"center center","background-size":"auto","background-attachment":"scroll","background-type":"","background-media":"","overlay-type":"","overlay-color":"","overlay-opacity":"","overlay-gradient":""},"tablet":{"background-color":"var(--ast-global-color-5)","background-image":"","background-repeat":"repeat","background-position":"center center","background-size":"auto","background-attachment":"scroll","background-type":"","background-media":"","overlay-type":"","overlay-color":"","overlay-opacity":"","overlay-gradient":""},"mobile":{"background-color":"var(--ast-global-color-5)","background-image":"","background-repeat":"repeat","background-position":"center center","background-size":"auto","background-attachment":"scroll","background-type":"","background-media":"","overlay-type":"","overlay-color":"","overlay-opacity":"","overlay-gradient":""}}},"product_cat":[48],"product_tag":[],"class_list":["post-19690","product","type-product","status-publish","has-post-thumbnail","hentry","product_cat-sunkaraoke-dalok","desktop-align-left","tablet-align-left","mobile-align-left"],"_links":{"self":[{"href":"https:\/\/www.sunkaraoke.hu\/index.php\/wp-json\/wp\/v2\/product\/19690","targetHints":{"allow":["GET"]}}],"collection":[{"href":"https:\/\/www.sunkaraoke.hu\/index.php\/wp-json\/wp\/v2\/product"}],"about":[{"href":"https:\/\/www.sunkaraoke.hu\/index.php\/wp-json\/wp\/v2\/types\/product"}],"wp:featuredmedia":[{"embeddable":true,"href":"https:\/\/www.sunkaraoke.hu\/index.php\/wp-json\/wp\/v2\/media\/11406"}],"wp:attachment":[{"href":"https:\/\/www.sunkaraoke.hu\/index.php\/wp-json\/wp\/v2\/media?parent=19690"}],"wp:term":[{"taxonomy":"product_cat","embeddable":true,"href":"https:\/\/www.sunkaraoke.hu\/index.php\/wp-json\/wp\/v2\/product_cat?post=19690"},{"taxonomy":"product_tag","embeddable":true,"href":"https:\/\/www.sunkaraoke.hu\/index.php\/wp-json\/wp\/v2\/product_tag?post=19690"}],"curies":[{"name":"wp","href":"https:\/\/api.w.org\/{rel}","templated":true}]}}