{"id":19652,"date":"2025-07-28T16:10:50","date_gmt":"2025-07-28T14:10:50","guid":{"rendered":"https:\/\/www.sunkaraoke.hu\/?post_type=product&#038;p=19652"},"modified":"2025-07-28T16:12:08","modified_gmt":"2025-07-28T14:12:08","slug":"lakatos-dani-szeretlek-is-meg-nem-is-2025-new-version-pb-edition","status":"publish","type":"product","link":"https:\/\/www.sunkaraoke.hu\/index.php\/termek\/lakatos-dani-szeretlek-is-meg-nem-is-2025-new-version-pb-edition\/","title":{"rendered":"<div class=\"wcmp-player-container product-19652\"><audio controlslist=\"nodownload\" data-product=\"19652\"  volume=\"1\"  preload=\"none\" data-lazyloading=\"none\" class=\"wcmp-player track mejs-classic\" data-duration=\"0:32\" data-estimated_duration=\"32\"><source src=\"https:\/\/www.sunkaraoke.hu\/wp-content\/uploads\/2025\/07\/Szeretlek-is-meg-nem-is_demoo.mp3\" type=\"audio\/mp3\" \/><\/audio><\/div>Lakatos Dani: Szeretlek is meg nem is 2025. NEW Version (PB Edition)"},"content":{"rendered":"<p><strong>03:20 <\/strong>| <strong><img loading=\"lazy\" decoding=\"async\" class=\"alignnone size-full wp-image-467\" src=\"https:\/\/www.sunkaraoke.hu\/wp-content\/uploads\/2022\/07\/choir_2-copy.webp\" alt=\"\" width=\"30\" height=\"30\" \/> <\/strong><\/p>\n","protected":false},"excerpt":{"rendered":"<h6>Bits\u0171r\u0171s\u00e9g:320 kb\/s<br \/>\nHossz: 03:20<br \/>\nVok\u00e1lt tartalmaz: Nem <img loading=\"lazy\" decoding=\"async\" class=\"alignnone size-full wp-image-467\" src=\"http:\/\/www.sunkaraoke.hu\/wp-content\/uploads\/2022\/07\/choir_2-copy.png\" alt=\"\" width=\"30\" height=\"30\" \/><strong style=\"font-size: 16px;\"><br \/>\n<\/strong><\/h6>\n<p>Sunkaraoke mp3 st\u00fadi\u00f3 \/ www.sunkaraoke.hu \/ Inf: Tel: 06 20 4275001<\/p>\n<p>&#8212;Intr\u00f3&#8212;<br \/>\n\u00c9vek \u00f3ta form\u00e1ljuk egym\u00e1st, mint v\u00edz s a part,<br \/>\nvad sz\u00edv\u00fcnkbe eret v\u00e1jt, sok k\u00f6nnypatak.<br \/>\nAjkad a sz\u00e1mhoz, mint h\u0171s lik\u0151r, \u00fagy simult,<br \/>\nprobl\u00e9m\u00e1k nem voltak,csak megold\u00e1sok.<br \/>\n\u00d3hajtva csontot t\u00f6rt\u00fcnk \u00e9s egy\u00fctt mondtuk, hogy igen.<br \/>\nHogy t\u00f6rt\u00e9nt,nem \u00e9rtem,hogy nem t\u00f6rt\u00e9nt semmi sem?<br \/>\nSzeretlek is, meg nem is, tudod,\u00edgy van ez.<br \/>\nA szerelem engem mindig bolondd\u00e1 tesz.<br \/>\nMa is \u0151t,ma is \u0151t, ma is \u0151t szeretem,<br \/>\negyed\u00fcl,egyed\u00fcl,<br \/>\nhogy is mondjam meg, b\u00e9bi,azt neked,hogy,<br \/>\nharagszom is, meg nem is, tudod,\u00edgy van ez.<br \/>\nA szerelem engem mindig t\u00f6nkretesz.<br \/>\nSzeretlek is, meg nem is, tudod,\u00edgy van ez.<br \/>\nA szerelem engem mindig bolondd\u00e1 tesz.<br \/>\n&#8212;Sz\u00f3l\u00f3&#8212;<br \/>\nMa is \u0151t,ma is \u0151t,ma is \u0151t szeretem,<br \/>\negyed\u00fcl,egyed\u00fcl, hogy mondjam el neked?<br \/>\nSzeretlek is, meg nem is, tudod,\u00edgy van ez.<br \/>\nA szerelem engem mindig bolondd\u00e1 tesz.<br \/>\nHaragszom is, meg nem is, tudod,\u00edgy van ez.<br \/>\nA szerelem engem mindig t\u00f6nkretesz.<br \/>\n&#8212;V\u00e9ge&#8212;<\/p>\n","protected":false},"featured_media":14737,"template":"","meta":{"site-sidebar-layout":"default","site-content-layout":"default","ast-site-content-layout":"default","site-content-style":"default","site-sidebar-style":"default","ast-global-header-display":"","ast-banner-title-visibility":"","ast-main-header-display":"","ast-hfb-above-header-display":"","ast-hfb-below-header-display":"","ast-hfb-mobile-header-display":"","site-post-title":"","ast-breadcrumbs-content":"","ast-featured-img":"","footer-sml-layout":"","theme-transparent-header-meta":"default","adv-header-id-meta":"","stick-header-meta":"","header-above-stick-meta":"","header-main-stick-meta":"","header-below-stick-meta":"","astra-migrate-meta-layouts":"set","ast-page-background-enabled":"default","ast-page-background-meta":{"desktop":{"background-color":"var(--ast-global-color-4)","background-image":"","background-repeat":"repeat","background-position":"center center","background-size":"auto","background-attachment":"scroll","background-type":"","background-media":"","overlay-type":"","overlay-color":"","overlay-opacity":"","overlay-gradient":""},"tablet":{"background-color":"","background-image":"","background-repeat":"repeat","background-position":"center center","background-size":"auto","background-attachment":"scroll","background-type":"","background-media":"","overlay-type":"","overlay-color":"","overlay-opacity":"","overlay-gradient":""},"mobile":{"background-color":"","background-image":"","background-repeat":"repeat","background-position":"center center","background-size":"auto","background-attachment":"scroll","background-type":"","background-media":"","overlay-type":"","overlay-color":"","overlay-opacity":"","overlay-gradient":""}},"ast-content-background-meta":{"desktop":{"background-color":"var(--ast-global-color-5)","background-image":"","background-repeat":"repeat","background-position":"center center","background-size":"auto","background-attachment":"scroll","background-type":"","background-media":"","overlay-type":"","overlay-color":"","overlay-opacity":"","overlay-gradient":""},"tablet":{"background-color":"var(--ast-global-color-5)","background-image":"","background-repeat":"repeat","background-position":"center center","background-size":"auto","background-attachment":"scroll","background-type":"","background-media":"","overlay-type":"","overlay-color":"","overlay-opacity":"","overlay-gradient":""},"mobile":{"background-color":"var(--ast-global-color-5)","background-image":"","background-repeat":"repeat","background-position":"center center","background-size":"auto","background-attachment":"scroll","background-type":"","background-media":"","overlay-type":"","overlay-color":"","overlay-opacity":"","overlay-gradient":""}}},"product_cat":[48],"product_tag":[],"class_list":["post-19652","product","type-product","status-publish","has-post-thumbnail","hentry","product_cat-sunkaraoke-dalok","desktop-align-left","tablet-align-left","mobile-align-left"],"_links":{"self":[{"href":"https:\/\/www.sunkaraoke.hu\/index.php\/wp-json\/wp\/v2\/product\/19652","targetHints":{"allow":["GET"]}}],"collection":[{"href":"https:\/\/www.sunkaraoke.hu\/index.php\/wp-json\/wp\/v2\/product"}],"about":[{"href":"https:\/\/www.sunkaraoke.hu\/index.php\/wp-json\/wp\/v2\/types\/product"}],"wp:featuredmedia":[{"embeddable":true,"href":"https:\/\/www.sunkaraoke.hu\/index.php\/wp-json\/wp\/v2\/media\/14737"}],"wp:attachment":[{"href":"https:\/\/www.sunkaraoke.hu\/index.php\/wp-json\/wp\/v2\/media?parent=19652"}],"wp:term":[{"taxonomy":"product_cat","embeddable":true,"href":"https:\/\/www.sunkaraoke.hu\/index.php\/wp-json\/wp\/v2\/product_cat?post=19652"},{"taxonomy":"product_tag","embeddable":true,"href":"https:\/\/www.sunkaraoke.hu\/index.php\/wp-json\/wp\/v2\/product_tag?post=19652"}],"curies":[{"name":"wp","href":"https:\/\/api.w.org\/{rel}","templated":true}]}}