{"id":19636,"date":"2025-07-21T20:55:37","date_gmt":"2025-07-21T18:55:37","guid":{"rendered":"https:\/\/www.sunkaraoke.hu\/?post_type=product&#038;p=19636"},"modified":"2025-07-21T20:56:39","modified_gmt":"2025-07-21T18:56:39","slug":"mercy-ha-reggel-boldog-vagyok-original","status":"publish","type":"product","link":"https:\/\/www.sunkaraoke.hu\/index.php\/termek\/mercy-ha-reggel-boldog-vagyok-original\/","title":{"rendered":"<div class=\"wcmp-player-container product-19636\"><audio controlslist=\"nodownload\" data-product=\"19636\"  volume=\"1\"  preload=\"none\" data-lazyloading=\"none\" class=\"wcmp-player track mejs-classic\" data-duration=\"0:48\" data-estimated_duration=\"5\"><source src=\"https:\/\/www.sunkaraoke.hu\/wp-content\/uploads\/2025\/07\/Ha-reggel-boldog-vagyok.-demooo.mp3\" type=\"audio\/mp3\" \/><\/audio><\/div>Mercy &#8211; Ha reggel boldog vagyok (Original)"},"content":{"rendered":"<p><b>03:31<\/b>\/ <img decoding=\"async\" src=\"https:\/\/www.sunkaraoke.hu\/wp-content\/uploads\/2022\/07\/choir_2-copy.webp\" \/>\u00a0 \/<\/p>\n","protected":false},"excerpt":{"rendered":"<h6><strong>Bits\u0171r\u0171s\u00e9g: 320<\/strong>kb\/s<strong><br \/>\n<\/strong><strong>Hossz: 03:31<\/strong><strong><br \/>\n<\/strong><strong style=\"font-size: 16px;\">Vok\u00e1lt tartalmaz: Nem\u00a0 <img decoding=\"async\" src=\"https:\/\/www.sunkaraoke.hu\/wp-content\/uploads\/2022\/07\/choir_2-copy.png\" \/><\/strong><strong style=\"font-size: 16px;\"><br \/>\n<\/strong><\/h6>\n<p>Sunkaraoke mp3 st\u00fadi\u00f3 \/ www.sunkaraoke.hu \/ Inf: Tel: 06 20 4275001<\/p>\n<p>&#8212;Intr\u00f3&#8212;00:07<br \/>\nHa reggel boldog vagyok, a nap is szebben ragyog,<br \/>\nmert tudom hogy v\u00e1rok r\u00e1d.<br \/>\n\u00dagy dobog az \u00e9n sz\u00edvem, m\u00e1r nem is kell t\u00f6bb nekem,<br \/>\nmert telefonon felh\u00edvt\u00e1l.<br \/>\nCs\u00e1 kedvesem merre vagy, \u00e9n sosem voltam boldogabb,<br \/>\nhamarosan \u00e9rkezem, engem m\u00e1s nem \u00e9rdekel.<br \/>\n\u00c1more-more, mi\u00f3, a kedvem most is oly j\u00f3,<br \/>\n\u00e9s tudnod kell hogy v\u00e1rok r\u00e1d.<br \/>\nNem kell hozz\u00e1 sok sz\u00f3, \u00c1more-more-mi\u00f3,<br \/>\ngyere \u00e9s csak cs\u00f3kolj\u00e1l.<br \/>\nKezemben egy sz\u00e1l vir\u00e1g, oly boldogan v\u00e1rok r\u00e1d,<br \/>\nf\u00e9nyesen ragyog a nap, sosem voltam boldogabb.<br \/>\nFeledni nem lehet a m\u00e1moros perceket,<br \/>\naz ajkad mikor sz\u00e1mhoz \u00e9r.<br \/>\nM\u00e1r alig, alig v\u00e1rom hogy karod k\u00f6rbe z\u00e1rjon,<br \/>\nakarom hogy szeress\u00e9l.<br \/>\nCs\u00e1 kedvesem merre vagy, \u00e9n sosem voltam boldogabb,<br \/>\ntudod j\u00f3l hogy szeretlek, hamarosan \u00e9rkezek.<br \/>\n\u00c1more-more, mi\u00f3, a kedvem most is oly j\u00f3,<br \/>\n\u00e9s tudnod kell hogy v\u00e1rok r\u00e1d.<br \/>\nNem kell hozz\u00e1 sok sz\u00f3, \u00c1more-more-mi\u00f3,<br \/>\ngyere \u00e9s csak cs\u00f3kolj\u00e1l.<br \/>\nKezemben egy sz\u00e1l vir\u00e1g, oly boldogan v\u00e1rok r\u00e1d,<br \/>\nf\u00e9nyesen ragyog a nap, sosem voltam boldogabb.<br \/>\n\u00c9&#8230;.\u00c1more, \u00c1more, \u00c9j\u00e1, \u00c9j\u00e1-\u00f3&#8212;<br \/>\n&#8212;Sz\u00f3l\u00f3&#8212;02:42<br \/>\nKezemben egy sz\u00e1l vir\u00e1g, oly boldogan v\u00e1rok r\u00e1d,<br \/>\nf\u00e9nyesen ragyog a nap, sosem voltam boldogabb.<br \/>\n\u00c1more-more, mi\u00f3, a kedvem most is oly j\u00f3,<br \/>\n\u00e9s tudnod kell hogy v\u00e1rok r\u00e1d.<br \/>\nNem kell hozz\u00e1 sok sz\u00f3, \u00c1more-more-mi\u00f3,<br \/>\ngyere \u00e9s csak cs\u00f3kolj\u00e1l.<br \/>\nKezemben egy sz\u00e1l vir\u00e1g, oly boldogan v\u00e1rok r\u00e1d,<br \/>\nf\u00e9nyesen ragyog a nap, sosem voltam boldogabb.<br \/>\n&#8212;V\u00e9ge&#8212;<\/p>\n","protected":false},"featured_media":9777,"template":"","meta":{"site-sidebar-layout":"default","site-content-layout":"default","ast-site-content-layout":"default","site-content-style":"default","site-sidebar-style":"default","ast-global-header-display":"","ast-banner-title-visibility":"","ast-main-header-display":"","ast-hfb-above-header-display":"","ast-hfb-below-header-display":"","ast-hfb-mobile-header-display":"","site-post-title":"","ast-breadcrumbs-content":"","ast-featured-img":"","footer-sml-layout":"","theme-transparent-header-meta":"default","adv-header-id-meta":"","stick-header-meta":"","header-above-stick-meta":"","header-main-stick-meta":"","header-below-stick-meta":"","astra-migrate-meta-layouts":"set","ast-page-background-enabled":"default","ast-page-background-meta":{"desktop":{"background-color":"var(--ast-global-color-4)","background-image":"","background-repeat":"repeat","background-position":"center center","background-size":"auto","background-attachment":"scroll","background-type":"","background-media":"","overlay-type":"","overlay-color":"","overlay-opacity":"","overlay-gradient":""},"tablet":{"background-color":"","background-image":"","background-repeat":"repeat","background-position":"center center","background-size":"auto","background-attachment":"scroll","background-type":"","background-media":"","overlay-type":"","overlay-color":"","overlay-opacity":"","overlay-gradient":""},"mobile":{"background-color":"","background-image":"","background-repeat":"repeat","background-position":"center center","background-size":"auto","background-attachment":"scroll","background-type":"","background-media":"","overlay-type":"","overlay-color":"","overlay-opacity":"","overlay-gradient":""}},"ast-content-background-meta":{"desktop":{"background-color":"var(--ast-global-color-5)","background-image":"","background-repeat":"repeat","background-position":"center center","background-size":"auto","background-attachment":"scroll","background-type":"","background-media":"","overlay-type":"","overlay-color":"","overlay-opacity":"","overlay-gradient":""},"tablet":{"background-color":"var(--ast-global-color-5)","background-image":"","background-repeat":"repeat","background-position":"center center","background-size":"auto","background-attachment":"scroll","background-type":"","background-media":"","overlay-type":"","overlay-color":"","overlay-opacity":"","overlay-gradient":""},"mobile":{"background-color":"var(--ast-global-color-5)","background-image":"","background-repeat":"repeat","background-position":"center center","background-size":"auto","background-attachment":"scroll","background-type":"","background-media":"","overlay-type":"","overlay-color":"","overlay-opacity":"","overlay-gradient":""}}},"product_cat":[46],"product_tag":[],"class_list":["post-19636","product","type-product","status-publish","has-post-thumbnail","hentry","product_cat-eredeti-karaoke-dalok","desktop-align-left","tablet-align-left","mobile-align-left"],"_links":{"self":[{"href":"https:\/\/www.sunkaraoke.hu\/index.php\/wp-json\/wp\/v2\/product\/19636","targetHints":{"allow":["GET"]}}],"collection":[{"href":"https:\/\/www.sunkaraoke.hu\/index.php\/wp-json\/wp\/v2\/product"}],"about":[{"href":"https:\/\/www.sunkaraoke.hu\/index.php\/wp-json\/wp\/v2\/types\/product"}],"wp:featuredmedia":[{"embeddable":true,"href":"https:\/\/www.sunkaraoke.hu\/index.php\/wp-json\/wp\/v2\/media\/9777"}],"wp:attachment":[{"href":"https:\/\/www.sunkaraoke.hu\/index.php\/wp-json\/wp\/v2\/media?parent=19636"}],"wp:term":[{"taxonomy":"product_cat","embeddable":true,"href":"https:\/\/www.sunkaraoke.hu\/index.php\/wp-json\/wp\/v2\/product_cat?post=19636"},{"taxonomy":"product_tag","embeddable":true,"href":"https:\/\/www.sunkaraoke.hu\/index.php\/wp-json\/wp\/v2\/product_tag?post=19636"}],"curies":[{"name":"wp","href":"https:\/\/api.w.org\/{rel}","templated":true}]}}