{"id":19632,"date":"2025-07-21T20:38:02","date_gmt":"2025-07-21T18:38:02","guid":{"rendered":"https:\/\/www.sunkaraoke.hu\/?post_type=product&#038;p=19632"},"modified":"2025-07-21T20:39:10","modified_gmt":"2025-07-21T18:39:10","slug":"mercy-gyere-gyere-original","status":"publish","type":"product","link":"https:\/\/www.sunkaraoke.hu\/index.php\/termek\/mercy-gyere-gyere-original\/","title":{"rendered":"<div class=\"wcmp-player-container product-19632\"><audio controlslist=\"nodownload\" data-product=\"19632\"  volume=\"1\"  preload=\"none\" data-lazyloading=\"none\" class=\"wcmp-player track mejs-classic\" data-duration=\"0:35\" data-estimated_duration=\"4\"><source src=\"https:\/\/www.sunkaraoke.hu\/wp-content\/uploads\/2025\/07\/Gyere-gyere-alap-demoo.mp3\" type=\"audio\/mp3\" \/><\/audio><\/div>Mercy &#8211; Gyere gyere (Original)"},"content":{"rendered":"<p><b>02:37<\/b>\/ <img decoding=\"async\" src=\"https:\/\/www.sunkaraoke.hu\/wp-content\/uploads\/2022\/07\/choir_2-copy.webp\" \/>\u00a0 \/<\/p>\n","protected":false},"excerpt":{"rendered":"<h6><strong>Bits\u0171r\u0171s\u00e9g: 320<\/strong>kb\/s<strong><br \/>\n<\/strong><strong>Hossz: 02:37<\/strong><strong><br \/>\n<\/strong><strong style=\"font-size: 16px;\">Vok\u00e1lt tartalmaz: Nem\u00a0 <img decoding=\"async\" src=\"https:\/\/www.sunkaraoke.hu\/wp-content\/uploads\/2022\/07\/choir_2-copy.png\" \/><\/strong><strong style=\"font-size: 16px;\"><br \/>\n<\/strong><\/h6>\n<p>Sunkaraoke mp3 st\u00fadi\u00f3 \/ www.sunkaraoke.hu \/ Inf: Tel: 06 20 4275001<\/p>\n<p>&#8212;Intr\u00f3&#8212;<br \/>\nLesz m\u00e9g majd h\u00e9tk\u00f6znap , munka meg b\u00fa,<br \/>\ncsapb\u00f3l is folyik m\u00e1r a h\u00e1bor\u00fa,<br \/>\nki tudja mit hoz majd a holnapunk,<br \/>\nlegal\u00e1bb p\u00e1r \u00f3r\u00e1ra boldogok vagyunk.<br \/>\nGyere, gyere, gyere, gyere mulass velem,<br \/>\ntedd vid\u00e1mabb\u00e1 az \u00e9leted.<br \/>\nGyere, gyere, gyere, gyere, igyunk sokat,<br \/>\nfeledj\u00fck el most a gondokat.<br \/>\nGyere, gyere, gyere, gyere mulass velem,<br \/>\ntedd vid\u00e1mabb\u00e1 az \u00e9leted.<br \/>\nGyere, gyere, gyere, gyere, igyunk sokat,<br \/>\nfeledj\u00fck el most a gondokat.<br \/>\nHolnap meg \u00fagyis majd f\u00e1j a fej\u00fcnk,<br \/>\nlesz macskajaj ha fel\u00e9bred\u00fcnk.<br \/>\nNe gondolj bele, hogy mi lesz vel\u00fcnk,<br \/>\n\u00e9lj\u00fcnk a m\u00e1nak, \u00e9s vid\u00e1mak legy\u00fcnk.<br \/>\nH\u00e1t ez\u00e9rt,gyere, gyere, gyere, gyere mulass velem,<br \/>\ntedd vid\u00e1mabb\u00e1 az \u00e9leted.<br \/>\nGyere, gyere, gyere, gyere, igyunk sokat,<br \/>\nfeledj\u00fck el most a gondokat.<br \/>\nGyere, gyere, gyere, gyere mulass velem,<br \/>\ntedd vid\u00e1mabb\u00e1 az \u00e9leted.<br \/>\nGyere, gyere, gyere, gyere, igyunk sokat,<br \/>\nfeledj\u00fck el most a gondokat.<br \/>\n&#8212;Sz\u00f3l\u00f3&#8212;<br \/>\nLesz m\u00e9g majd h\u00e9tk\u00f6znap , munka meg b\u00fa,<br \/>\ncsapb\u00f3l is folyik m\u00e1r a h\u00e1bor\u00fa,<br \/>\nki tudja mit hoz majd a holnapunk,<br \/>\nlegal\u00e1bb p\u00e1r \u00f3r\u00e1ra boldogok vagyunk.<br \/>\nHolnap meg \u00fagyis majd f\u00e1j a fej\u00fcnk,<br \/>\nlesz macskajaj ha fel\u00e9bred\u00fcnk.<br \/>\nNe gondolj bele, hogy mi lesz vel\u00fcnk,<br \/>\n\u00e9lj\u00fcnk a m\u00e1nak, \u00e9s vid\u00e1mak legy\u00fcnk.<br \/>\nH\u00e1t ez\u00e9rt, gyere, gyere, gyere, gyere mulass velem,<br \/>\ntedd vid\u00e1mabb\u00e1 az \u00e9leted.<br \/>\nGyere, gyere, gyere, gyere, igyunk sokat,<br \/>\nfeledj\u00fck el most a gondokat.<br \/>\n&#8212;V\u00e9ge&#8212;<\/p>\n","protected":false},"featured_media":9777,"template":"","meta":{"site-sidebar-layout":"default","site-content-layout":"default","ast-site-content-layout":"default","site-content-style":"default","site-sidebar-style":"default","ast-global-header-display":"","ast-banner-title-visibility":"","ast-main-header-display":"","ast-hfb-above-header-display":"","ast-hfb-below-header-display":"","ast-hfb-mobile-header-display":"","site-post-title":"","ast-breadcrumbs-content":"","ast-featured-img":"","footer-sml-layout":"","theme-transparent-header-meta":"default","adv-header-id-meta":"","stick-header-meta":"","header-above-stick-meta":"","header-main-stick-meta":"","header-below-stick-meta":"","astra-migrate-meta-layouts":"set","ast-page-background-enabled":"default","ast-page-background-meta":{"desktop":{"background-color":"var(--ast-global-color-4)","background-image":"","background-repeat":"repeat","background-position":"center center","background-size":"auto","background-attachment":"scroll","background-type":"","background-media":"","overlay-type":"","overlay-color":"","overlay-opacity":"","overlay-gradient":""},"tablet":{"background-color":"","background-image":"","background-repeat":"repeat","background-position":"center center","background-size":"auto","background-attachment":"scroll","background-type":"","background-media":"","overlay-type":"","overlay-color":"","overlay-opacity":"","overlay-gradient":""},"mobile":{"background-color":"","background-image":"","background-repeat":"repeat","background-position":"center center","background-size":"auto","background-attachment":"scroll","background-type":"","background-media":"","overlay-type":"","overlay-color":"","overlay-opacity":"","overlay-gradient":""}},"ast-content-background-meta":{"desktop":{"background-color":"var(--ast-global-color-5)","background-image":"","background-repeat":"repeat","background-position":"center center","background-size":"auto","background-attachment":"scroll","background-type":"","background-media":"","overlay-type":"","overlay-color":"","overlay-opacity":"","overlay-gradient":""},"tablet":{"background-color":"var(--ast-global-color-5)","background-image":"","background-repeat":"repeat","background-position":"center center","background-size":"auto","background-attachment":"scroll","background-type":"","background-media":"","overlay-type":"","overlay-color":"","overlay-opacity":"","overlay-gradient":""},"mobile":{"background-color":"var(--ast-global-color-5)","background-image":"","background-repeat":"repeat","background-position":"center center","background-size":"auto","background-attachment":"scroll","background-type":"","background-media":"","overlay-type":"","overlay-color":"","overlay-opacity":"","overlay-gradient":""}}},"product_cat":[46],"product_tag":[],"class_list":["post-19632","product","type-product","status-publish","has-post-thumbnail","hentry","product_cat-eredeti-karaoke-dalok","desktop-align-left","tablet-align-left","mobile-align-left"],"_links":{"self":[{"href":"https:\/\/www.sunkaraoke.hu\/index.php\/wp-json\/wp\/v2\/product\/19632","targetHints":{"allow":["GET"]}}],"collection":[{"href":"https:\/\/www.sunkaraoke.hu\/index.php\/wp-json\/wp\/v2\/product"}],"about":[{"href":"https:\/\/www.sunkaraoke.hu\/index.php\/wp-json\/wp\/v2\/types\/product"}],"wp:featuredmedia":[{"embeddable":true,"href":"https:\/\/www.sunkaraoke.hu\/index.php\/wp-json\/wp\/v2\/media\/9777"}],"wp:attachment":[{"href":"https:\/\/www.sunkaraoke.hu\/index.php\/wp-json\/wp\/v2\/media?parent=19632"}],"wp:term":[{"taxonomy":"product_cat","embeddable":true,"href":"https:\/\/www.sunkaraoke.hu\/index.php\/wp-json\/wp\/v2\/product_cat?post=19632"},{"taxonomy":"product_tag","embeddable":true,"href":"https:\/\/www.sunkaraoke.hu\/index.php\/wp-json\/wp\/v2\/product_tag?post=19632"}],"curies":[{"name":"wp","href":"https:\/\/api.w.org\/{rel}","templated":true}]}}