{"id":19628,"date":"2025-07-21T19:03:29","date_gmt":"2025-07-21T17:03:29","guid":{"rendered":"https:\/\/www.sunkaraoke.hu\/?post_type=product&#038;p=19628"},"modified":"2025-07-21T19:05:35","modified_gmt":"2025-07-21T17:05:35","slug":"mercy-ez-az-elet-original-dance-edition","status":"publish","type":"product","link":"https:\/\/www.sunkaraoke.hu\/index.php\/termek\/mercy-ez-az-elet-original-dance-edition\/","title":{"rendered":"<div class=\"wcmp-player-container product-19628\"><audio controlslist=\"nodownload\" data-product=\"19628\"  volume=\"1\"  preload=\"none\" data-lazyloading=\"none\" class=\"wcmp-player track mejs-classic\" data-duration=\"0:38\" data-estimated_duration=\"4\"><source src=\"https:\/\/www.sunkaraoke.hu\/wp-content\/uploads\/2025\/07\/Ez-az-elet-Orig-Dance-Edit-Mercy.-demoo.mp3\" type=\"audio\/mp3\" \/><\/audio><\/div>Mercy &#8211; Ez az \u00e9let (Original Dance Edition)"},"content":{"rendered":"<p><strong>04:01<\/strong>\u00a0\/ <img decoding=\"async\" src=\"https:\/\/www.sunkaraoke.hu\/wp-content\/uploads\/2022\/07\/choir_2-copy.webp\" \/>\u00a0 \/<\/p>\n","protected":false},"excerpt":{"rendered":"<h6><strong>Bits\u0171r\u0171s\u00e9g: 320<\/strong>kb\/s<strong><br \/>\n<\/strong><strong>Hossz: 04:01<\/strong><strong><br \/>\n<\/strong><strong style=\"font-size: 16px;\">Vok\u00e1lt tartalmaz: Nem\u00a0 <img decoding=\"async\" src=\"https:\/\/www.sunkaraoke.hu\/wp-content\/uploads\/2022\/07\/choir_2-copy.png\" \/><\/strong><strong style=\"font-size: 16px;\"><br \/>\n<\/strong><\/h6>\n<p>Sunkaraoke mp3 st\u00fadi\u00f3 \/ www.sunkaraoke.hu \/ Inf: Tel: 06 20 4275001<\/p>\n<p>&#8212;Intr\u00f3&#8212;<br \/>\nHa v\u00e9tkeztem is mi az a nagy v\u00e9tek,<br \/>\nm\u00e9rt b\u00fcntet engem ez az \u00e9let,<br \/>\nmi\u00e9rt nem tudsz a k\u00e9t szemembe n\u00e9zni,<br \/>\nv\u00e9tkeimet mindet felsorolni.<br \/>\nHa elmondan\u00e1d tal\u00e1n nem is f\u00e1jna,<br \/>\nmert a b\u00e1nat sz\u00edvemet \u00fagy nyomja,<br \/>\nha bele tudn\u00e9k a szemedbe n\u00e9zni,<br \/>\ntal\u00e1n mindent el tudn\u00e9k feledni.<br \/>\nEz az \u00e9let, ez az \u00e9let,<br \/>\nakkor sz\u00e9p ha veled \u00e9lek,<br \/>\nmindent megbocs\u00e1jtok n\u00e9ked,<br \/>\ncsak annyit mondj hogy \u00fagy szeretlek.<br \/>\nEz az \u00e9let, ez az \u00e9let,<br \/>\nakkor sz\u00e9p ha veled \u00e9lek,<br \/>\nmindent megbocs\u00e1jtok n\u00e9ked,<br \/>\ncsak annyit mondj hogy \u00fagy szeretlek.<br \/>\n&#8212;Sz\u00f3l\u00f3&#8212;<br \/>\nHa ellened \u00e9n b\u00e1rmit elk\u00f6vettem,<br \/>\nbocs\u00e1ss meg mert nem tudattal tettem,<br \/>\nnem tudok \u00e9n n\u00e9lk\u00fcled m\u00e1r \u00e9lni,<br \/>\nszeretn\u00e9m ha bocs\u00e1natot k\u00e9rn\u00e9l.<br \/>\nMikor b\u00e1ntott\u00e1l \u00e9n nehezen viseltem,<br \/>\nminden rosszat a sz\u00edvemre vettem,<br \/>\nj\u00f3 lenne ha meg tudn\u00e1nk besz\u00e9lni,<br \/>\nlehet mindent el tudn\u00e9k feledni!<br \/>\nEz az \u00e9let, ez az \u00e9let,<br \/>\nakkor sz\u00e9p ha veled \u00e9lek,<br \/>\nmindent megbocs\u00e1jtok n\u00e9ked,<br \/>\ncsak annyit mondj hogy \u00fagy szeretlek.<br \/>\nEz az \u00e9let, ez az \u00e9let,<br \/>\nakkor sz\u00e9p ha veled \u00e9lek,<br \/>\nmindent megbocs\u00e1jtok n\u00e9ked,<br \/>\ncsak annyit mondj hogy \u00fagy szeretlek.<br \/>\nEz az \u00e9let, ez az \u00e9let,<br \/>\nakkor sz\u00e9p ha veled \u00e9lek,<br \/>\nmindent megbocs\u00e1jtok n\u00e9ked!<br \/>\nCsak annyit mondj hogy \u00fagy szeretlek&#8230;<br \/>\nCsak annyit mondj hogy \u00fagy szeretlek..<br \/>\nCsak annyit mondj hogy \u00fagy szeretlek..<br \/>\n&#8212;V\u00e9ge&#8212;<\/p>\n","protected":false},"featured_media":9777,"template":"","meta":{"site-sidebar-layout":"default","site-content-layout":"default","ast-site-content-layout":"default","site-content-style":"default","site-sidebar-style":"default","ast-global-header-display":"","ast-banner-title-visibility":"","ast-main-header-display":"","ast-hfb-above-header-display":"","ast-hfb-below-header-display":"","ast-hfb-mobile-header-display":"","site-post-title":"","ast-breadcrumbs-content":"","ast-featured-img":"","footer-sml-layout":"","theme-transparent-header-meta":"default","adv-header-id-meta":"","stick-header-meta":"","header-above-stick-meta":"","header-main-stick-meta":"","header-below-stick-meta":"","astra-migrate-meta-layouts":"set","ast-page-background-enabled":"default","ast-page-background-meta":{"desktop":{"background-color":"var(--ast-global-color-4)","background-image":"","background-repeat":"repeat","background-position":"center center","background-size":"auto","background-attachment":"scroll","background-type":"","background-media":"","overlay-type":"","overlay-color":"","overlay-opacity":"","overlay-gradient":""},"tablet":{"background-color":"","background-image":"","background-repeat":"repeat","background-position":"center center","background-size":"auto","background-attachment":"scroll","background-type":"","background-media":"","overlay-type":"","overlay-color":"","overlay-opacity":"","overlay-gradient":""},"mobile":{"background-color":"","background-image":"","background-repeat":"repeat","background-position":"center center","background-size":"auto","background-attachment":"scroll","background-type":"","background-media":"","overlay-type":"","overlay-color":"","overlay-opacity":"","overlay-gradient":""}},"ast-content-background-meta":{"desktop":{"background-color":"var(--ast-global-color-5)","background-image":"","background-repeat":"repeat","background-position":"center center","background-size":"auto","background-attachment":"scroll","background-type":"","background-media":"","overlay-type":"","overlay-color":"","overlay-opacity":"","overlay-gradient":""},"tablet":{"background-color":"var(--ast-global-color-5)","background-image":"","background-repeat":"repeat","background-position":"center center","background-size":"auto","background-attachment":"scroll","background-type":"","background-media":"","overlay-type":"","overlay-color":"","overlay-opacity":"","overlay-gradient":""},"mobile":{"background-color":"var(--ast-global-color-5)","background-image":"","background-repeat":"repeat","background-position":"center center","background-size":"auto","background-attachment":"scroll","background-type":"","background-media":"","overlay-type":"","overlay-color":"","overlay-opacity":"","overlay-gradient":""}}},"product_cat":[46],"product_tag":[],"class_list":["post-19628","product","type-product","status-publish","has-post-thumbnail","hentry","product_cat-eredeti-karaoke-dalok","desktop-align-left","tablet-align-left","mobile-align-left"],"_links":{"self":[{"href":"https:\/\/www.sunkaraoke.hu\/index.php\/wp-json\/wp\/v2\/product\/19628","targetHints":{"allow":["GET"]}}],"collection":[{"href":"https:\/\/www.sunkaraoke.hu\/index.php\/wp-json\/wp\/v2\/product"}],"about":[{"href":"https:\/\/www.sunkaraoke.hu\/index.php\/wp-json\/wp\/v2\/types\/product"}],"wp:featuredmedia":[{"embeddable":true,"href":"https:\/\/www.sunkaraoke.hu\/index.php\/wp-json\/wp\/v2\/media\/9777"}],"wp:attachment":[{"href":"https:\/\/www.sunkaraoke.hu\/index.php\/wp-json\/wp\/v2\/media?parent=19628"}],"wp:term":[{"taxonomy":"product_cat","embeddable":true,"href":"https:\/\/www.sunkaraoke.hu\/index.php\/wp-json\/wp\/v2\/product_cat?post=19628"},{"taxonomy":"product_tag","embeddable":true,"href":"https:\/\/www.sunkaraoke.hu\/index.php\/wp-json\/wp\/v2\/product_tag?post=19628"}],"curies":[{"name":"wp","href":"https:\/\/api.w.org\/{rel}","templated":true}]}}