{"id":19620,"date":"2025-07-21T18:28:38","date_gmt":"2025-07-21T16:28:38","guid":{"rendered":"https:\/\/www.sunkaraoke.hu\/?post_type=product&#038;p=19620"},"modified":"2025-07-21T18:30:11","modified_gmt":"2025-07-21T16:30:11","slug":"mercy-latod-az-eletben-original","status":"publish","type":"product","link":"https:\/\/www.sunkaraoke.hu\/index.php\/termek\/mercy-latod-az-eletben-original\/","title":{"rendered":"<div class=\"wcmp-player-container product-19620\"><audio controlslist=\"nodownload\" data-product=\"19620\"  volume=\"1\"  preload=\"none\" data-lazyloading=\"none\" class=\"wcmp-player track mejs-classic\" data-duration=\"0:39\" data-estimated_duration=\"4\"><source src=\"https:\/\/www.sunkaraoke.hu\/wp-content\/uploads\/2025\/07\/Latod_az_eletben-demoooo.mp3\" type=\"audio\/mp3\" \/><\/audio><\/div>Mercy &#8211; L\u00e1tod az \u00e9letben (Original)"},"content":{"rendered":"<p><strong>03:15<\/strong>\u00a0\/ <img decoding=\"async\" src=\"https:\/\/www.sunkaraoke.hu\/wp-content\/uploads\/2022\/07\/choir_2-copy.webp\" \/>\u00a0 \/<\/p>\n","protected":false},"excerpt":{"rendered":"<h6><strong>Bits\u0171r\u0171s\u00e9g: 320<\/strong>kb\/s<strong><br \/>\n<\/strong><strong>Hossz: 03:15<\/strong><strong><br \/>\n<\/strong><strong style=\"font-size: 16px;\">Vok\u00e1lt tartalmaz: Nem\u00a0 <img decoding=\"async\" src=\"https:\/\/www.sunkaraoke.hu\/wp-content\/uploads\/2022\/07\/choir_2-copy.png\" \/><\/strong><strong style=\"font-size: 16px;\"><br \/>\n<\/strong><\/h6>\n<p>Sunkaraoke mp3 st\u00fadi\u00f3 \/ www.sunkaraoke.hu \/ Inf: Tel: 06 20 4275001<\/p>\n<p>&#8212;Intr\u00f3&#8212;<br \/>\nMikor a r\u00f3zs\u00e1k illatoznak, mikor a sz\u00edved \u00fagy remeg,<br \/>\nlehet hogy el sem mered hinni, hogy mennyire szeretlek.<br \/>\nMikor \u00e9n l\u00e1gyan hozz\u00e1d \u00e9rek, akkor a tested megremeg,<br \/>\nlehet hogy el sem mered hinni, hogy a sz\u00edvem csak a tied.<br \/>\nL\u00e1tod az \u00e9letben, mennyi a v\u00e9letlen,<br \/>\nsoha nem hitted hogy mi majd tal\u00e1lkozunk,<br \/>\n\u00e9s most itt \u00e1llunk egym\u00e1sra mosolygunk,<br \/>\n\u00e9s a k\u00f6z\u00f6s j\u00f6v\u0151nkr\u0151l gondolkodunk.<br \/>\nL\u00e1tod az \u00e9letben, mennyi a v\u00e9letlen,<br \/>\nsoha nem mondd azt hogy soha-soha,<br \/>\n\u00e9s most itt \u00e1llunk egym\u00e1sra mosolygunk,<br \/>\n\u00e9s a k\u00f6z\u00f6s j\u00f6v\u0151nkr\u0151l gondolkodunk.<br \/>\n&#8212;Sz\u00f3l\u00f3&#8212;<br \/>\nMikor a r\u00f3zs\u00e1k illatoznak, mikor a sz\u00edved \u00fagy remeg,<br \/>\nlehet hogy el sem mered hinni, hogy mennyire szeretlek.<br \/>\nMikor \u00e9n l\u00e1gyan hozz\u00e1d \u00e9rek, akkor a tested megremeg,<br \/>\nlehet hogy el sem mered hinni, hogy a sz\u00edvem csak a tied.<br \/>\nL\u00e1tod az \u00e9letben, mennyi a v\u00e9letlen,<br \/>\nsoha nem hitted hogy mi majd tal\u00e1lkozunk,<br \/>\n\u00e9s most itt \u00e1llunk egym\u00e1sra mosolygunk,<br \/>\n\u00e9s a k\u00f6z\u00f6s j\u00f6v\u0151nkr\u0151l gondolkodunk.<br \/>\nL\u00e1tod az \u00e9letben, mennyi a v\u00e9letlen,<br \/>\nsoha nem mondd azt hogy soha-soha,<br \/>\n\u00e9s most itt \u00e1llunk egym\u00e1sra mosolygunk,<br \/>\n\u00e9s a k\u00f6z\u00f6s j\u00f6v\u0151nkr\u0151l gondolkodunk.<br \/>\nL\u00e1tod az \u00e9letben, mennyi a v\u00e9letlen,<br \/>\nsoha nem hitted hogy mi majd tal\u00e1lkozunk,<br \/>\n\u00e9s most itt \u00e1llunk egym\u00e1sra mosolygunk,<br \/>\n\u00e9s a k\u00f6z\u00f6s j\u00f6v\u0151nkr\u0151l gondolkodunk.<br \/>\nL\u00e1tod az \u00e9letben, mennyi a v\u00e9letlen,<br \/>\nsoha nem mondd azt hogy soha-soha,<br \/>\n\u00e9s most itt \u00e1llunk egym\u00e1sra mosolygunk,<br \/>\n\u00e9s a k\u00f6z\u00f6s j\u00f6v\u0151nkr\u0151l gondolkodunk.<br \/>\n&#8212;V\u00e9ge&#8212;<\/p>\n","protected":false},"featured_media":9777,"template":"","meta":{"site-sidebar-layout":"default","site-content-layout":"default","ast-site-content-layout":"default","site-content-style":"default","site-sidebar-style":"default","ast-global-header-display":"","ast-banner-title-visibility":"","ast-main-header-display":"","ast-hfb-above-header-display":"","ast-hfb-below-header-display":"","ast-hfb-mobile-header-display":"","site-post-title":"","ast-breadcrumbs-content":"","ast-featured-img":"","footer-sml-layout":"","theme-transparent-header-meta":"default","adv-header-id-meta":"","stick-header-meta":"","header-above-stick-meta":"","header-main-stick-meta":"","header-below-stick-meta":"","astra-migrate-meta-layouts":"set","ast-page-background-enabled":"default","ast-page-background-meta":{"desktop":{"background-color":"var(--ast-global-color-4)","background-image":"","background-repeat":"repeat","background-position":"center center","background-size":"auto","background-attachment":"scroll","background-type":"","background-media":"","overlay-type":"","overlay-color":"","overlay-opacity":"","overlay-gradient":""},"tablet":{"background-color":"","background-image":"","background-repeat":"repeat","background-position":"center center","background-size":"auto","background-attachment":"scroll","background-type":"","background-media":"","overlay-type":"","overlay-color":"","overlay-opacity":"","overlay-gradient":""},"mobile":{"background-color":"","background-image":"","background-repeat":"repeat","background-position":"center center","background-size":"auto","background-attachment":"scroll","background-type":"","background-media":"","overlay-type":"","overlay-color":"","overlay-opacity":"","overlay-gradient":""}},"ast-content-background-meta":{"desktop":{"background-color":"var(--ast-global-color-5)","background-image":"","background-repeat":"repeat","background-position":"center center","background-size":"auto","background-attachment":"scroll","background-type":"","background-media":"","overlay-type":"","overlay-color":"","overlay-opacity":"","overlay-gradient":""},"tablet":{"background-color":"var(--ast-global-color-5)","background-image":"","background-repeat":"repeat","background-position":"center center","background-size":"auto","background-attachment":"scroll","background-type":"","background-media":"","overlay-type":"","overlay-color":"","overlay-opacity":"","overlay-gradient":""},"mobile":{"background-color":"var(--ast-global-color-5)","background-image":"","background-repeat":"repeat","background-position":"center center","background-size":"auto","background-attachment":"scroll","background-type":"","background-media":"","overlay-type":"","overlay-color":"","overlay-opacity":"","overlay-gradient":""}}},"product_cat":[46],"product_tag":[],"class_list":["post-19620","product","type-product","status-publish","has-post-thumbnail","hentry","product_cat-eredeti-karaoke-dalok","desktop-align-left","tablet-align-left","mobile-align-left"],"_links":{"self":[{"href":"https:\/\/www.sunkaraoke.hu\/index.php\/wp-json\/wp\/v2\/product\/19620","targetHints":{"allow":["GET"]}}],"collection":[{"href":"https:\/\/www.sunkaraoke.hu\/index.php\/wp-json\/wp\/v2\/product"}],"about":[{"href":"https:\/\/www.sunkaraoke.hu\/index.php\/wp-json\/wp\/v2\/types\/product"}],"wp:featuredmedia":[{"embeddable":true,"href":"https:\/\/www.sunkaraoke.hu\/index.php\/wp-json\/wp\/v2\/media\/9777"}],"wp:attachment":[{"href":"https:\/\/www.sunkaraoke.hu\/index.php\/wp-json\/wp\/v2\/media?parent=19620"}],"wp:term":[{"taxonomy":"product_cat","embeddable":true,"href":"https:\/\/www.sunkaraoke.hu\/index.php\/wp-json\/wp\/v2\/product_cat?post=19620"},{"taxonomy":"product_tag","embeddable":true,"href":"https:\/\/www.sunkaraoke.hu\/index.php\/wp-json\/wp\/v2\/product_tag?post=19620"}],"curies":[{"name":"wp","href":"https:\/\/api.w.org\/{rel}","templated":true}]}}