{"id":19614,"date":"2025-07-21T18:25:28","date_gmt":"2025-07-21T16:25:28","guid":{"rendered":"https:\/\/www.sunkaraoke.hu\/?post_type=product&#038;p=19614"},"modified":"2025-07-21T18:28:15","modified_gmt":"2025-07-21T16:28:15","slug":"mercy-nem-szamit-mar-original","status":"publish","type":"product","link":"https:\/\/www.sunkaraoke.hu\/index.php\/termek\/mercy-nem-szamit-mar-original\/","title":{"rendered":"<div class=\"wcmp-player-container product-19614\"><audio controlslist=\"nodownload\" data-product=\"19614\"  volume=\"1\"  preload=\"none\" data-lazyloading=\"none\" class=\"wcmp-player track mejs-classic\" data-duration=\"0:31\" data-estimated_duration=\"4\"><source src=\"https:\/\/www.sunkaraoke.hu\/wp-content\/uploads\/2025\/07\/Nem_szamit_demooo.mp3\" type=\"audio\/mp3\" \/><\/audio><\/div>Mercy &#8211; Nem sz\u00e1m\u00edt m\u00e1r (Original)"},"content":{"rendered":"<p><strong>03:04<\/strong> \/ <img decoding=\"async\" src=\"https:\/\/www.sunkaraoke.hu\/wp-content\/uploads\/2022\/07\/choir_2-copy.webp\" \/>\u00a0 \/<\/p>\n","protected":false},"excerpt":{"rendered":"<p><strong>Bits\u0171r\u0171s\u00e9g: 320<\/strong>kb\/s<strong><br \/>\n<\/strong><strong>Hossz: 03:04<\/strong><strong><br \/>\n<\/strong><strong style=\"font-size: 16px;\">Vok\u00e1lt tartalmaz: Nem\u00a0 <img decoding=\"async\" src=\"https:\/\/www.sunkaraoke.hu\/wp-content\/uploads\/2022\/07\/choir_2-copy.png\" \/><\/strong><strong style=\"font-size: 16px;\"><br \/>\n<\/strong><\/p>\n<p>Sunkaraoke mp3 st\u00fadi\u00f3 \/ www.sunkaraoke.hu \/ Inf: Tel: 06 20 4275001<\/p>\n<p>&#8212;Intr\u00f3&#8212;<br \/>\nOly sok f\u00e1z\u00f3s \u00e9j ut\u00e1n, fel sem fogtam m\u00e9g tal\u00e1n,<br \/>\negy \u00e9rz\u00e9s \u00fajra r\u00e1mtal\u00e1lt, \u00e9s az id\u0151 most meg\u00e1llt.<br \/>\nNem k\u00f6nny\u0171 a szerelem, sokat j\u00e1tszott m\u00e1r velem,<br \/>\nv\u00e9g\u00fcl m\u00e9gis r\u00e1mtal\u00e1lt, \u00e9s ehozta az \u00faj csod\u00e1t.<br \/>\nNem sz\u00e1m\u00edt f\u00fajhat m\u00e1r az \u0151szi sz\u00e9l,<br \/>\nlehullhat minden f\u00e1r\u00f3l a lev\u00e9l,<br \/>\nsz\u00edvemben \u00fajra \u00e9led a tavasz,<br \/>\nha velem maradsz.<br \/>\nNem sz\u00e1m\u00edt, lehet mostm\u00e1r t\u00e9l vagy ny\u00e1r,<br \/>\na sz\u00edvem ezut\u00e1n csak re\u00e1d v\u00e1r,<br \/>\nmeghoztad sz\u00e1momra az \u00faj tavaszt,<br \/>\nha velem maradsz.<br \/>\n&#8212;Sz\u00f3l\u00f3&#8212;<br \/>\nSok mag\u00e1nyos \u00e9jszak\u00e1t, \u00e9bren \u00e1lmodoztam \u00e1t,<br \/>\nv\u00e1gytam \u00e9n a szerelmet, ami megj\u00f6tt most veled.<br \/>\nMikor karod \u00e1t\u00f6lelt, az minden k\u00e9rd\u00e9sre felet,<br \/>\n\u00fagy \u00e9rzem boldog vagyok, sz\u00edvem is gyorsan dobog.<br \/>\nNem sz\u00e1m\u00edt f\u00fajhat m\u00e1r az \u0151szi sz\u00e9l,<br \/>\nlehullhat minden f\u00e1r\u00f3l a lev\u00e9l,<br \/>\nsz\u00edvemben \u00fajra \u00e9led a tavasz,<br \/>\nha velem maradsz.<br \/>\nNem sz\u00e1m\u00edt, lehet mostm\u00e1r t\u00e9l vagy ny\u00e1r,<br \/>\na sz\u00edvem ezut\u00e1n csak re\u00e1d v\u00e1r,<br \/>\nmeghoztad sz\u00e1momra az \u00faj tavaszt,<br \/>\nha velem maradsz.<br \/>\nNem sz\u00e1m\u00edt f\u00fajhat m\u00e1r az \u0151szi sz\u00e9l,<br \/>\nlehullhat minden f\u00e1r\u00f3l a lev\u00e9l,<br \/>\nsz\u00edvemben \u00fajra \u00e9led a tavasz,<br \/>\nha velem maradsz.<br \/>\nNem sz\u00e1m\u00edt, lehet mostm\u00e1r t\u00e9l vagy ny\u00e1r,<br \/>\na sz\u00edvem ezut\u00e1n csak re\u00e1d v\u00e1r,<br \/>\nmeghoztad sz\u00e1momra az \u00faj tavaszt,<br \/>\nha velem maradsz.<br \/>\n&#8212;V\u00e9ge&#8212;<\/p>\n","protected":false},"featured_media":9777,"template":"","meta":{"site-sidebar-layout":"default","site-content-layout":"default","ast-site-content-layout":"default","site-content-style":"default","site-sidebar-style":"default","ast-global-header-display":"","ast-banner-title-visibility":"","ast-main-header-display":"","ast-hfb-above-header-display":"","ast-hfb-below-header-display":"","ast-hfb-mobile-header-display":"","site-post-title":"","ast-breadcrumbs-content":"","ast-featured-img":"","footer-sml-layout":"","theme-transparent-header-meta":"default","adv-header-id-meta":"","stick-header-meta":"","header-above-stick-meta":"","header-main-stick-meta":"","header-below-stick-meta":"","astra-migrate-meta-layouts":"set","ast-page-background-enabled":"default","ast-page-background-meta":{"desktop":{"background-color":"var(--ast-global-color-4)","background-image":"","background-repeat":"repeat","background-position":"center center","background-size":"auto","background-attachment":"scroll","background-type":"","background-media":"","overlay-type":"","overlay-color":"","overlay-opacity":"","overlay-gradient":""},"tablet":{"background-color":"","background-image":"","background-repeat":"repeat","background-position":"center center","background-size":"auto","background-attachment":"scroll","background-type":"","background-media":"","overlay-type":"","overlay-color":"","overlay-opacity":"","overlay-gradient":""},"mobile":{"background-color":"","background-image":"","background-repeat":"repeat","background-position":"center center","background-size":"auto","background-attachment":"scroll","background-type":"","background-media":"","overlay-type":"","overlay-color":"","overlay-opacity":"","overlay-gradient":""}},"ast-content-background-meta":{"desktop":{"background-color":"var(--ast-global-color-5)","background-image":"","background-repeat":"repeat","background-position":"center center","background-size":"auto","background-attachment":"scroll","background-type":"","background-media":"","overlay-type":"","overlay-color":"","overlay-opacity":"","overlay-gradient":""},"tablet":{"background-color":"var(--ast-global-color-5)","background-image":"","background-repeat":"repeat","background-position":"center center","background-size":"auto","background-attachment":"scroll","background-type":"","background-media":"","overlay-type":"","overlay-color":"","overlay-opacity":"","overlay-gradient":""},"mobile":{"background-color":"var(--ast-global-color-5)","background-image":"","background-repeat":"repeat","background-position":"center center","background-size":"auto","background-attachment":"scroll","background-type":"","background-media":"","overlay-type":"","overlay-color":"","overlay-opacity":"","overlay-gradient":""}}},"product_cat":[46],"product_tag":[],"class_list":["post-19614","product","type-product","status-publish","has-post-thumbnail","hentry","product_cat-eredeti-karaoke-dalok","desktop-align-left","tablet-align-left","mobile-align-left"],"_links":{"self":[{"href":"https:\/\/www.sunkaraoke.hu\/index.php\/wp-json\/wp\/v2\/product\/19614","targetHints":{"allow":["GET"]}}],"collection":[{"href":"https:\/\/www.sunkaraoke.hu\/index.php\/wp-json\/wp\/v2\/product"}],"about":[{"href":"https:\/\/www.sunkaraoke.hu\/index.php\/wp-json\/wp\/v2\/types\/product"}],"wp:featuredmedia":[{"embeddable":true,"href":"https:\/\/www.sunkaraoke.hu\/index.php\/wp-json\/wp\/v2\/media\/9777"}],"wp:attachment":[{"href":"https:\/\/www.sunkaraoke.hu\/index.php\/wp-json\/wp\/v2\/media?parent=19614"}],"wp:term":[{"taxonomy":"product_cat","embeddable":true,"href":"https:\/\/www.sunkaraoke.hu\/index.php\/wp-json\/wp\/v2\/product_cat?post=19614"},{"taxonomy":"product_tag","embeddable":true,"href":"https:\/\/www.sunkaraoke.hu\/index.php\/wp-json\/wp\/v2\/product_tag?post=19614"}],"curies":[{"name":"wp","href":"https:\/\/api.w.org\/{rel}","templated":true}]}}