{"id":19593,"date":"2025-07-15T15:48:17","date_gmt":"2025-07-15T13:48:17","guid":{"rendered":"https:\/\/www.sunkaraoke.hu\/?post_type=product&#038;p=19593"},"modified":"2025-07-15T15:50:56","modified_gmt":"2025-07-15T13:50:56","slug":"cyril-stumblin-in","status":"publish","type":"product","link":"https:\/\/www.sunkaraoke.hu\/index.php\/termek\/cyril-stumblin-in\/","title":{"rendered":"<div class=\"wcmp-player-container product-19593\"><audio controlslist=\"nodownload\" data-product=\"19593\"  volume=\"1\"  preload=\"none\" data-lazyloading=\"none\" class=\"wcmp-player track mejs-classic\" data-duration=\"0:31\" data-estimated_duration=\"4\"><source src=\"https:\/\/www.sunkaraoke.hu\/wp-content\/uploads\/2025\/07\/Stumblin-In_Cyril-E-kdemoo.mp3\" type=\"audio\/mp3\" \/><\/audio><\/div>Cyril- Stumblin&#8217; in"},"content":{"rendered":"<p><strong>03:30<\/strong>\u00a0| <strong><img loading=\"lazy\" decoding=\"async\" class=\"alignnone size-full wp-image-467\" src=\"https:\/\/www.sunkaraoke.hu\/wp-content\/uploads\/2022\/07\/choir_2-copy.webp\" alt=\"\" width=\"30\" height=\"30\" \/> <\/strong><\/p>\n","protected":false},"excerpt":{"rendered":"<h5><strong>Bits\u0171r\u0171s\u00e9g: 320kb\/s<\/strong><br \/>\n<strong>Hossz: 03:30<\/strong><br \/>\n<strong>Vok\u00e1lt tartalmaz: Nem <img loading=\"lazy\" decoding=\"async\" class=\"alignnone size-full wp-image-467\" src=\"http:\/\/www.sunkaraoke.hu\/wp-content\/uploads\/2022\/07\/choir_2-copy.png\" alt=\"\" width=\"30\" height=\"30\" \/><\/strong><strong style=\"font-size: 16px;\"><br \/>\n<\/strong><\/h5>\n<p>Sunkaraoke mp3 st\u00fadi\u00f3 \/ www.sunkaraoke.hu \/ Inf: Tel: 06 20 4275001<\/p>\n<p>&#8212;Intr\u00f3&#8212;<br \/>\nOur love is alive, and so we begin,<br \/>\nfoolishly laying our hearts on the table,Stumblin&#8217; in.<br \/>\nOur love is a flame, burning within,<br \/>\nnow and then firelight will catch us,Stumblin&#8217; in.<br \/>\nWherever you go, whatever you do,<br \/>\nYou know these reckless, thoughts of mine are following you.<br \/>\nI&#8217;m falling for you, whatever you do,<br \/>\n&#8216;Cause baby, you&#8217;ve shown me so many things that I never knew.<br \/>\nWhatever it takes, baby, I&#8217;ll do it for you.<br \/>\nOur love is alive, and so we begin,<br \/>\nfoolishly layin&#8217; our hearts on the table, Stumblin&#8217; in.<br \/>\nOur love is a flame, burning within,<br \/>\nNow and then firelight will catch us, Stumblin&#8217; in.<br \/>\nYou were so young, oh, and I was so free,<br \/>\nI may&#8217;ve been young, but baby, that&#8217;s not what I wanted to be.<br \/>\nWell, you were the one ,oh, why was it me,<br \/>\n&#8216;Cause, baby, you&#8217;ve shown me so many things that I&#8217;ve never seen.<br \/>\nWhatever you need, baby, you&#8217;ve got it from me.<br \/>\nOur love is alive, and so we begin,<br \/>\nFoolishly laying our hearts on the table,Stumblin&#8217; in.<br \/>\nOur love is a flame, burning within,<br \/>\nNow and then firelight will catch us,Stumblin&#8217; in.<br \/>\nStumblin&#8217; in&#8230;&#8230;<br \/>\nStumblin&#8217; in&#8230;&#8230;<br \/>\nFoolishly laying our hearts on the table,Stumblin&#8217; in.<br \/>\nAh, stumblin&#8217; in&#8230;\u2026&#8230;<br \/>\nMmm, stumblin&#8217; in&#8230;\u2026.<br \/>\nNow and then firelight will catch us,Stumblin&#8217; in.<br \/>\nOh, stumblin&#8217; in&#8230;..<br \/>\n&#8212;V\u00e9ge&#8212;<\/p>\n","protected":false},"featured_media":19596,"template":"","meta":{"site-sidebar-layout":"default","site-content-layout":"default","ast-site-content-layout":"default","site-content-style":"default","site-sidebar-style":"default","ast-global-header-display":"","ast-banner-title-visibility":"","ast-main-header-display":"","ast-hfb-above-header-display":"","ast-hfb-below-header-display":"","ast-hfb-mobile-header-display":"","site-post-title":"","ast-breadcrumbs-content":"","ast-featured-img":"","footer-sml-layout":"","theme-transparent-header-meta":"default","adv-header-id-meta":"","stick-header-meta":"","header-above-stick-meta":"","header-main-stick-meta":"","header-below-stick-meta":"","astra-migrate-meta-layouts":"set","ast-page-background-enabled":"default","ast-page-background-meta":{"desktop":{"background-color":"var(--ast-global-color-4)","background-image":"","background-repeat":"repeat","background-position":"center center","background-size":"auto","background-attachment":"scroll","background-type":"","background-media":"","overlay-type":"","overlay-color":"","overlay-opacity":"","overlay-gradient":""},"tablet":{"background-color":"","background-image":"","background-repeat":"repeat","background-position":"center center","background-size":"auto","background-attachment":"scroll","background-type":"","background-media":"","overlay-type":"","overlay-color":"","overlay-opacity":"","overlay-gradient":""},"mobile":{"background-color":"","background-image":"","background-repeat":"repeat","background-position":"center center","background-size":"auto","background-attachment":"scroll","background-type":"","background-media":"","overlay-type":"","overlay-color":"","overlay-opacity":"","overlay-gradient":""}},"ast-content-background-meta":{"desktop":{"background-color":"var(--ast-global-color-5)","background-image":"","background-repeat":"repeat","background-position":"center center","background-size":"auto","background-attachment":"scroll","background-type":"","background-media":"","overlay-type":"","overlay-color":"","overlay-opacity":"","overlay-gradient":""},"tablet":{"background-color":"var(--ast-global-color-5)","background-image":"","background-repeat":"repeat","background-position":"center center","background-size":"auto","background-attachment":"scroll","background-type":"","background-media":"","overlay-type":"","overlay-color":"","overlay-opacity":"","overlay-gradient":""},"mobile":{"background-color":"var(--ast-global-color-5)","background-image":"","background-repeat":"repeat","background-position":"center center","background-size":"auto","background-attachment":"scroll","background-type":"","background-media":"","overlay-type":"","overlay-color":"","overlay-opacity":"","overlay-gradient":""}}},"product_cat":[58],"product_tag":[],"class_list":["post-19593","product","type-product","status-publish","has-post-thumbnail","hentry","product_cat-erdelyi-zoltan","desktop-align-left","tablet-align-left","mobile-align-left"],"_links":{"self":[{"href":"https:\/\/www.sunkaraoke.hu\/index.php\/wp-json\/wp\/v2\/product\/19593","targetHints":{"allow":["GET"]}}],"collection":[{"href":"https:\/\/www.sunkaraoke.hu\/index.php\/wp-json\/wp\/v2\/product"}],"about":[{"href":"https:\/\/www.sunkaraoke.hu\/index.php\/wp-json\/wp\/v2\/types\/product"}],"wp:featuredmedia":[{"embeddable":true,"href":"https:\/\/www.sunkaraoke.hu\/index.php\/wp-json\/wp\/v2\/media\/19596"}],"wp:attachment":[{"href":"https:\/\/www.sunkaraoke.hu\/index.php\/wp-json\/wp\/v2\/media?parent=19593"}],"wp:term":[{"taxonomy":"product_cat","embeddable":true,"href":"https:\/\/www.sunkaraoke.hu\/index.php\/wp-json\/wp\/v2\/product_cat?post=19593"},{"taxonomy":"product_tag","embeddable":true,"href":"https:\/\/www.sunkaraoke.hu\/index.php\/wp-json\/wp\/v2\/product_tag?post=19593"}],"curies":[{"name":"wp","href":"https:\/\/api.w.org\/{rel}","templated":true}]}}