{"id":19517,"date":"2025-06-23T14:15:51","date_gmt":"2025-06-23T12:15:51","guid":{"rendered":"https:\/\/www.sunkaraoke.hu\/?post_type=product&#038;p=19517"},"modified":"2025-06-23T14:17:37","modified_gmt":"2025-06-23T12:17:37","slug":"tesok-whiskey-jeggel-2025-new-2025-new-bence-edition","status":"publish","type":"product","link":"https:\/\/www.sunkaraoke.hu\/index.php\/termek\/tesok-whiskey-jeggel-2025-new-2025-new-bence-edition\/","title":{"rendered":"<div class=\"wcmp-player-container product-19517\"><audio controlslist=\"nodownload\" data-product=\"19517\"  volume=\"1\"  preload=\"none\" data-lazyloading=\"none\" class=\"wcmp-player track mejs-classic\" data-duration=\"0:42\" data-estimated_duration=\"5\"><source src=\"https:\/\/www.sunkaraoke.hu\/wp-content\/uploads\/2025\/06\/Whiskey-jeggel-2025.-New-Tesok-Bence.demoo_.mp3\" type=\"audio\/mp3\" \/><\/audio><\/div>Tes\u00f3k : Whiskey j\u00e9ggel 2025. New 2025. New (Bence Edition)"},"content":{"rendered":"<p><b>03:19<\/b>| <strong><img loading=\"lazy\" decoding=\"async\" class=\"alignnone size-full wp-image-467\" src=\"https:\/\/www.sunkaraoke.hu\/wp-content\/uploads\/2022\/07\/choir_2-copy.webp\" alt=\"\" width=\"30\" height=\"30\" \/> | <img decoding=\"async\" src=\"https:\/\/www.sunkaraoke.hu\/wp-content\/uploads\/2022\/07\/transzponalas.webp\" \/> \u00a0<\/strong><\/p>\n","protected":false},"excerpt":{"rendered":"<h5><strong>Bits\u0171r\u0171s\u00e9g: 320kb\/s<\/strong><br \/>\n<strong>Hossz: 03:19<\/strong><br \/>\n<strong>Vok\u00e1lt tartalmaz: Nem <img loading=\"lazy\" decoding=\"async\" class=\"alignnone size-full wp-image-467\" src=\"http:\/\/www.sunkaraoke.hu\/wp-content\/uploads\/2022\/07\/choir_2-copy.png\" alt=\"\" width=\"30\" height=\"30\" \/><\/strong><\/h5>\n<p>Sunkaraoke mp3 st\u00fadi\u00f3 \/ www.sunkaraoke.hu \/ Inf: Tel: 06 20 4275001<\/p>\n<p>&#8212;Intro&#8212;<br \/>\nPedig \u00e9n j\u00f3 voltam,<br \/>\nmegtettem mindent neki gondoltam,<br \/>\nhib\u00e1it felismeri,<br \/>\nnem tette,s\u0151t k\u00e9pes volt f\u00e9lrel\u00e9pni.<br \/>\nelmentem New Yorkba elfeledni.<br \/>\nWhiskey j\u00e9ggel cs\u00f3kparti szenved\u00e9llyel,<br \/>\n\u0151r\u00fclt \u00e9sszel ezt nyomom minden \u00e9jjel,<br \/>\n\u00edgy pr\u00f3b\u00e1lom sz\u00e9p lassan elfeledni,<br \/>\nb\u00e1rhogy b\u00e1nom, nem tudom nem szeretni.<br \/>\nWhiskey j\u00e9ggel cs\u00f3kparti szenved\u00e9llyel,<br \/>\n\u0151r\u00fclt \u00e9sszel ezt nyomom minden \u00e9jjel,<br \/>\n\u00edgy pr\u00f3b\u00e1lom sz\u00e9p lassan elfeledni,<br \/>\nb\u00e1rhogy b\u00e1nom, nem tudom nem szeretni.<br \/>\n&#8212;Sz\u00f3l\u00f3&#8212;<br \/>\nEzut\u00e1n \u00fagy \u00e9lek, ahogyan \u00e9n akarok,<br \/>\nnem f\u00e9lek, hogy egyed\u00fcl maradok,<br \/>\nholnapt\u00f3l, \u00e9n hordom a nadr\u00e1got,<br \/>\n\u00edgy lesz j\u00f3, megv\u00e1ltom a vil\u00e1got.<br \/>\nWhiskey j\u00e9ggel cs\u00f3kparti szenved\u00e9llyel<br \/>\n\u0151r\u00fclt \u00e9sszel ezt nyomom minden \u00e9jjel<br \/>\n\u00edgy pr\u00f3b\u00e1lom sz\u00e9p lassan elfeledni,<br \/>\nb\u00e1rhogy b\u00e1nom, nem tudom nem szeretni.<br \/>\nWhiskey j\u00e9ggel cs\u00f3kparti szenved\u00e9llyel<br \/>\n\u0151r\u00fclt \u00e9sszel ezt nyomom minden \u00e9jjel<br \/>\n\u00edgy pr\u00f3b\u00e1lom sz\u00e9p lassan elfeledni,<br \/>\nb\u00e1rhogy b\u00e1nom, nem tudom nem szeretni.<br \/>\nRap:Csal\u00f3dtam \u00e9n m\u00e1r sokszor benne,csak valahogy mindig kij\u00e1tszott.<br \/>\n\u00dagy tett mintha angyal lenne,de n\u00e9ha n\u00e9ha hib\u00e1zott,<br \/>\nnem sz\u00e1m\u00edt m\u00e1r semmi t\u00e9nyleg,k\u00f6ssz \u00e9n mostm\u00e1r j\u00f3l vagyok.<br \/>\nval\u00f3ra v\u00e1ltom n\u00e9lk\u00fcle \u00e1lmom,\u00e9s \u00e9jjel nappal partizok.<br \/>\nWhiskey j\u00e9ggel&#8230;\u2026.ezt nyomom minden \u00e9jjel,<br \/>\n\u00edgy pr\u00f3b\u00e1lom sz\u00e9p lassan elfeledni,<br \/>\nb\u00e1rhogy b\u00e1nom nemtudom nem szeretni.<br \/>\nWhiskey j\u00e9ggel, cs\u00f3kparti szenved\u00e9llyel,<br \/>\n\u0151r\u00fclt \u00e9sszel, ezt nyomom minden \u00e9jjel,<br \/>\n\u00edgy pr\u00f3b\u00e1lom, sz\u00e9p lassan elfeledni,<br \/>\nb\u00e1rhogy b\u00e1nom, nem tudom nem szeretni.<br \/>\nWhiskey j\u00e9ggel, cs\u00f3kparti szenved\u00e9llyel,<br \/>\n\u0151r\u00fclt \u00e9sszel, ezt nyomom minden \u00e9jjel,<br \/>\n\u00edgy pr\u00f3b\u00e1lom, sz\u00e9p lassan elfeledni,<br \/>\nb\u00e1rhogy b\u00e1nom, nem tudom nem szeretni.<br \/>\n&#8212;V\u00e9ge&#8212;<\/p>\n","protected":false},"featured_media":8715,"template":"","meta":{"site-sidebar-layout":"default","site-content-layout":"default","ast-site-content-layout":"default","site-content-style":"default","site-sidebar-style":"default","ast-global-header-display":"","ast-banner-title-visibility":"","ast-main-header-display":"","ast-hfb-above-header-display":"","ast-hfb-below-header-display":"","ast-hfb-mobile-header-display":"","site-post-title":"","ast-breadcrumbs-content":"","ast-featured-img":"","footer-sml-layout":"","theme-transparent-header-meta":"default","adv-header-id-meta":"","stick-header-meta":"","header-above-stick-meta":"","header-main-stick-meta":"","header-below-stick-meta":"","astra-migrate-meta-layouts":"set","ast-page-background-enabled":"default","ast-page-background-meta":{"desktop":{"background-color":"var(--ast-global-color-4)","background-image":"","background-repeat":"repeat","background-position":"center center","background-size":"auto","background-attachment":"scroll","background-type":"","background-media":"","overlay-type":"","overlay-color":"","overlay-opacity":"","overlay-gradient":""},"tablet":{"background-color":"","background-image":"","background-repeat":"repeat","background-position":"center center","background-size":"auto","background-attachment":"scroll","background-type":"","background-media":"","overlay-type":"","overlay-color":"","overlay-opacity":"","overlay-gradient":""},"mobile":{"background-color":"","background-image":"","background-repeat":"repeat","background-position":"center center","background-size":"auto","background-attachment":"scroll","background-type":"","background-media":"","overlay-type":"","overlay-color":"","overlay-opacity":"","overlay-gradient":""}},"ast-content-background-meta":{"desktop":{"background-color":"var(--ast-global-color-5)","background-image":"","background-repeat":"repeat","background-position":"center center","background-size":"auto","background-attachment":"scroll","background-type":"","background-media":"","overlay-type":"","overlay-color":"","overlay-opacity":"","overlay-gradient":""},"tablet":{"background-color":"var(--ast-global-color-5)","background-image":"","background-repeat":"repeat","background-position":"center center","background-size":"auto","background-attachment":"scroll","background-type":"","background-media":"","overlay-type":"","overlay-color":"","overlay-opacity":"","overlay-gradient":""},"mobile":{"background-color":"var(--ast-global-color-5)","background-image":"","background-repeat":"repeat","background-position":"center center","background-size":"auto","background-attachment":"scroll","background-type":"","background-media":"","overlay-type":"","overlay-color":"","overlay-opacity":"","overlay-gradient":""}}},"product_cat":[89],"product_tag":[],"class_list":["post-19517","product","type-product","status-publish","has-post-thumbnail","hentry","product_cat-balog-bence","desktop-align-left","tablet-align-left","mobile-align-left"],"_links":{"self":[{"href":"https:\/\/www.sunkaraoke.hu\/index.php\/wp-json\/wp\/v2\/product\/19517","targetHints":{"allow":["GET"]}}],"collection":[{"href":"https:\/\/www.sunkaraoke.hu\/index.php\/wp-json\/wp\/v2\/product"}],"about":[{"href":"https:\/\/www.sunkaraoke.hu\/index.php\/wp-json\/wp\/v2\/types\/product"}],"wp:featuredmedia":[{"embeddable":true,"href":"https:\/\/www.sunkaraoke.hu\/index.php\/wp-json\/wp\/v2\/media\/8715"}],"wp:attachment":[{"href":"https:\/\/www.sunkaraoke.hu\/index.php\/wp-json\/wp\/v2\/media?parent=19517"}],"wp:term":[{"taxonomy":"product_cat","embeddable":true,"href":"https:\/\/www.sunkaraoke.hu\/index.php\/wp-json\/wp\/v2\/product_cat?post=19517"},{"taxonomy":"product_tag","embeddable":true,"href":"https:\/\/www.sunkaraoke.hu\/index.php\/wp-json\/wp\/v2\/product_tag?post=19517"}],"curies":[{"name":"wp","href":"https:\/\/api.w.org\/{rel}","templated":true}]}}