{"id":19485,"date":"2025-06-17T16:15:24","date_gmt":"2025-06-17T14:15:24","guid":{"rendered":"https:\/\/www.sunkaraoke.hu\/?post_type=product&#038;p=19485"},"modified":"2025-06-17T16:17:02","modified_gmt":"2025-06-17T14:17:02","slug":"ad-studio-paratlan-paros-2025-new-pb-edition","status":"publish","type":"product","link":"https:\/\/www.sunkaraoke.hu\/index.php\/termek\/ad-studio-paratlan-paros-2025-new-pb-edition\/","title":{"rendered":"<div class=\"wcmp-player-container product-19485\"><audio controlslist=\"nodownload\" data-product=\"19485\"  volume=\"1\"  preload=\"none\" data-lazyloading=\"none\" class=\"wcmp-player track mejs-classic\" data-duration=\"0:38\" data-estimated_duration=\"4\"><source src=\"https:\/\/www.sunkaraoke.hu\/wp-content\/uploads\/2025\/06\/Paratlan-paros-Trsz-2025.-Newdemoo.mp3\" type=\"audio\/mp3\" \/><\/audio><\/div>AD St\u00fadi\u00f3: P\u00e1ratlan P\u00e1ros 2025. New ( PB Edition)"},"content":{"rendered":"<p><strong>03:27<\/strong>\u00a0\/\u00a0<strong><img loading=\"lazy\" decoding=\"async\" class=\"alignnone size-full wp-image-467\" src=\"https:\/\/www.sunkaraoke.hu\/wp-content\/uploads\/2022\/07\/choir_2-copy.webp\" alt=\"\" width=\"30\" height=\"30\" \/> \/\u00a0 <img decoding=\"async\" src=\"https:\/\/www.sunkaraoke.hu\/wp-content\/uploads\/2022\/07\/transzponalas.webp\" \/> &#8211; 2 \/<\/strong><\/p>\n","protected":false},"excerpt":{"rendered":"<h6><strong>Bits\u0171r\u0171s\u00e9g: 320kb\/s<\/strong><br \/>\n<strong>Hossz: 03:27<\/strong><br \/>\n<strong>Vok\u00e1lt tartalmaz: Nem <img loading=\"lazy\" decoding=\"async\" class=\"alignnone size-full wp-image-467\" src=\"http:\/\/www.sunkaraoke.hu\/wp-content\/uploads\/2022\/07\/choir_2-copy.png\" alt=\"\" width=\"30\" height=\"30\" \/><\/strong><br \/>\n<strong>Transzpon\u00e1lt: Igen <img decoding=\"async\" src=\"https:\/\/www.sunkaraoke.hu\/wp-content\/uploads\/2022\/07\/transzponalas.png\" \/>\u00a0 -2<\/strong><\/h6>\n<p>Sunkaraoke mp3 st\u00fadi\u00f3 \/ www.sunkaraoke.hu \/ Inf: Tel: 06 20 4275001<\/p>\n<p>&#8212;Intr\u00f3&#8212;<br \/>\nEz csak egy \u00e9rz\u00e9s, pont olyan, mint sz\u00e1z m\u00e1s!<br \/>\nMondd, mi\u00e9rt f\u00e1j \u00fagy m\u00e9gis, mi\u00e9rt nincs rajta \u00e1ld\u00e1s!?<br \/>\nEgy \u00e9jszaka kellett, n\u00e1lad vagy n\u00e1lam,<br \/>\n\u00fagy ki voltam \u00e9gve, nagyot hib\u00e1ztam!<br \/>\nMost szeretn\u00e9k mindent, semmiss\u00e9 tenni,<br \/>\nkifogytam a sz\u00f3b\u00f3l, \u00e9s nem maradt semmi!<br \/>\nCsak szerelm\u00fcnk \u00e9ltet, vissza \u00e1lmodom \u00fajra,<br \/>\ncs\u00f3kjaid eml\u00e9ke r\u00e1m virrad n\u00e9ha!<br \/>\nEgy p\u00e1ratlan p\u00e1ros, voltunk mi ketten,<br \/>\nk\u00e9t gy\u00f6ny\u00f6r\u0171 f\u00e9l hang, egy kottaf\u00fczetben.<br \/>\nEgy p\u00e1ratlan p\u00e1ros, k\u00e9t buta kis dallam,<br \/>\negy\u00fctt egym\u00e1s sz\u00edv\u00e9ben!<br \/>\nHa akarod m\u00e9g ezerszer mondom el,<br \/>\nhogy rajtad k\u00edv\u00fcl, senki sem \u00e9rdekel.<br \/>\nHa akarod m\u00e9g ezerszer csak, hogy meg\u00e9rtsd,<br \/>\na lelkemet eladn\u00e1m egy cs\u00f3kod\u00e9rt!<br \/>\nEgy p\u00e1ratlan p\u00e1ros, voltunk mi ketten,<br \/>\nk\u00e9t gy\u00f6ny\u00f6r\u0171 f\u00e9l hang, egy kottaf\u00fczetben.<br \/>\nEgy p\u00e1ratlan p\u00e1ros, k\u00e9t buta kis dallam,<br \/>\negy\u00fctt egym\u00e1s sz\u00edv\u00e9ben \u00e9s \u00f6r\u00f6k\u00f6s harcban!<br \/>\n&#8212;Sz\u00f3l\u00f3&#8212;<br \/>\nMost hi\u00e1nyzik minden \u00e9s te is hi\u00e1nyzol,<br \/>\negyed\u00fcl fekszem, \u00e9rzem, hogy v\u00e1dolsz!<br \/>\nCsak szerelm\u00fcnk \u00e9ltet, vissza \u00e1lmodom n\u00e9ha,<br \/>\ncs\u00f3kjaid eml\u00e9ke r\u00e1m virrad \u00fajra!<br \/>\nMost szeretn\u00e9k mindent, semmiss\u00e9 tenni,<br \/>\nkifogytam a sz\u00f3b\u00f3l, \u00e9s nem maradt semmi!<br \/>\nCsak szerelm\u00fcnk \u00e9ltet, vissza \u00e1lmodom \u00fajra,<br \/>\ncs\u00f3kjaid eml\u00e9ke r\u00e1m virrad n\u00e9ha!<br \/>\nEgy p\u00e1ratlan p\u00e1ros voltunk mi ketten,<br \/>\nk\u00e9t gy\u00f6ny\u00f6r\u0171 f\u00e9l hang egy kottaf\u00fczetben.<br \/>\nEgy p\u00e1ratlan p\u00e1ros k\u00e9t buta kis dallam,<br \/>\negy\u00fctt egym\u00e1s sz\u00edv\u00e9ben!<br \/>\nHa akarod m\u00e9g ezerszer mondom el,<br \/>\nhogy rajtad k\u00edv\u00fcl senki sem \u00e9rdekel.<br \/>\nHa akarod m\u00e9g ezerszer csak hogy meg\u00e9rtsd,<br \/>\na lelkemet eladn\u00e1m, egy cs\u00f3kod\u00e9rt!<br \/>\nEgy p\u00e1ratlan p\u00e1ros voltunk mi ketten,<br \/>\nk\u00e9t gy\u00f6ny\u00f6r\u0171 f\u00e9l hang egy kottaf\u00fczetben.<br \/>\nEgy p\u00e1ratlan p\u00e1ros, k\u00e9t buta kis dallam,<br \/>\negy\u00fctt egym\u00e1s sz\u00edv\u00e9ben \u00e9s \u00f6r\u00f6k\u00f6s harcban!<br \/>\n&#8211;V\u00e9ge<\/p>\n","protected":false},"featured_media":13763,"template":"","meta":{"site-sidebar-layout":"default","site-content-layout":"default","ast-site-content-layout":"default","site-content-style":"default","site-sidebar-style":"default","ast-global-header-display":"","ast-banner-title-visibility":"","ast-main-header-display":"","ast-hfb-above-header-display":"","ast-hfb-below-header-display":"","ast-hfb-mobile-header-display":"","site-post-title":"","ast-breadcrumbs-content":"","ast-featured-img":"","footer-sml-layout":"","theme-transparent-header-meta":"default","adv-header-id-meta":"","stick-header-meta":"","header-above-stick-meta":"","header-main-stick-meta":"","header-below-stick-meta":"","astra-migrate-meta-layouts":"set","ast-page-background-enabled":"default","ast-page-background-meta":{"desktop":{"background-color":"var(--ast-global-color-4)","background-image":"","background-repeat":"repeat","background-position":"center center","background-size":"auto","background-attachment":"scroll","background-type":"","background-media":"","overlay-type":"","overlay-color":"","overlay-opacity":"","overlay-gradient":""},"tablet":{"background-color":"","background-image":"","background-repeat":"repeat","background-position":"center center","background-size":"auto","background-attachment":"scroll","background-type":"","background-media":"","overlay-type":"","overlay-color":"","overlay-opacity":"","overlay-gradient":""},"mobile":{"background-color":"","background-image":"","background-repeat":"repeat","background-position":"center center","background-size":"auto","background-attachment":"scroll","background-type":"","background-media":"","overlay-type":"","overlay-color":"","overlay-opacity":"","overlay-gradient":""}},"ast-content-background-meta":{"desktop":{"background-color":"var(--ast-global-color-5)","background-image":"","background-repeat":"repeat","background-position":"center center","background-size":"auto","background-attachment":"scroll","background-type":"","background-media":"","overlay-type":"","overlay-color":"","overlay-opacity":"","overlay-gradient":""},"tablet":{"background-color":"var(--ast-global-color-5)","background-image":"","background-repeat":"repeat","background-position":"center center","background-size":"auto","background-attachment":"scroll","background-type":"","background-media":"","overlay-type":"","overlay-color":"","overlay-opacity":"","overlay-gradient":""},"mobile":{"background-color":"var(--ast-global-color-5)","background-image":"","background-repeat":"repeat","background-position":"center center","background-size":"auto","background-attachment":"scroll","background-type":"","background-media":"","overlay-type":"","overlay-color":"","overlay-opacity":"","overlay-gradient":""}}},"product_cat":[48],"product_tag":[],"class_list":["post-19485","product","type-product","status-publish","has-post-thumbnail","hentry","product_cat-sunkaraoke-dalok","desktop-align-left","tablet-align-left","mobile-align-left"],"_links":{"self":[{"href":"https:\/\/www.sunkaraoke.hu\/index.php\/wp-json\/wp\/v2\/product\/19485","targetHints":{"allow":["GET"]}}],"collection":[{"href":"https:\/\/www.sunkaraoke.hu\/index.php\/wp-json\/wp\/v2\/product"}],"about":[{"href":"https:\/\/www.sunkaraoke.hu\/index.php\/wp-json\/wp\/v2\/types\/product"}],"wp:featuredmedia":[{"embeddable":true,"href":"https:\/\/www.sunkaraoke.hu\/index.php\/wp-json\/wp\/v2\/media\/13763"}],"wp:attachment":[{"href":"https:\/\/www.sunkaraoke.hu\/index.php\/wp-json\/wp\/v2\/media?parent=19485"}],"wp:term":[{"taxonomy":"product_cat","embeddable":true,"href":"https:\/\/www.sunkaraoke.hu\/index.php\/wp-json\/wp\/v2\/product_cat?post=19485"},{"taxonomy":"product_tag","embeddable":true,"href":"https:\/\/www.sunkaraoke.hu\/index.php\/wp-json\/wp\/v2\/product_tag?post=19485"}],"curies":[{"name":"wp","href":"https:\/\/api.w.org\/{rel}","templated":true}]}}