{"id":19419,"date":"2025-06-02T19:43:54","date_gmt":"2025-06-02T17:43:54","guid":{"rendered":"https:\/\/www.sunkaraoke.hu\/?post_type=product&#038;p=19419"},"modified":"2025-06-02T19:45:21","modified_gmt":"2025-06-02T17:45:21","slug":"tesok-attila-jozsi-palika-edition","status":"publish","type":"product","link":"https:\/\/www.sunkaraoke.hu\/index.php\/termek\/tesok-attila-jozsi-palika-edition\/","title":{"rendered":"<div class=\"wcmp-player-container product-19419\"><audio controlslist=\"nodownload\" data-product=\"19419\"  volume=\"1\"  preload=\"none\" data-lazyloading=\"none\" class=\"wcmp-player track mejs-classic\" data-duration=\"0:33\" data-estimated_duration=\"4\"><source src=\"https:\/\/www.sunkaraoke.hu\/wp-content\/uploads\/2025\/06\/Tesok-Jozsika-demooa.mp3\" type=\"audio\/mp3\" \/><\/audio><\/div>Tes\u00f3k Attila- J\u00f3zsi (Palika Edition)"},"content":{"rendered":"<p><strong>02:54 <\/strong>| <strong><img loading=\"lazy\" decoding=\"async\" class=\"alignnone size-full wp-image-467\" src=\"https:\/\/www.sunkaraoke.hu\/wp-content\/uploads\/2022\/07\/choir_2-copy.webp\" alt=\"\" width=\"30\" height=\"30\" \/> \u00a0<\/strong><\/p>\n","protected":false},"excerpt":{"rendered":"<h6><strong>Bits\u0171r\u0171s\u00e9g: 320kb\/s<\/strong><br \/>\n<strong>Hossz: 02:54<\/strong><\/h6>\n<h6><strong>Vok\u00e1lt tartalmaz: Nem <img loading=\"lazy\" decoding=\"async\" class=\"alignnone size-full wp-image-467\" src=\"http:\/\/www.sunkaraoke.hu\/wp-content\/uploads\/2022\/07\/choir_2-copy.png\" alt=\"\" width=\"30\" height=\"30\" \/><\/strong><\/h6>\n<p>Sunkaraoke mp3 st\u00fadi\u00f3 \/ www.sunkaraoke.hu \/ Inf: Tel: 06 20 4275001<\/p>\n<p>&#8212;Intr\u00f3&#8212;<br \/>\n\u00dagy cser\u00e9li a kocsikat , mint \u00e9n a gaty\u00e1t,<br \/>\na cig\u00e1nyra nem sajn\u00e1lja \u0150 a vagyon\u00e1t,<br \/>\nki is k\u00e9r egy \u00fcveg Whiskyit m\u00e1r az elej\u00e9n,<br \/>\nha sz\u00f3l a zene ott t\u00e1ncol az asztal tetej\u00e9n.<br \/>\nKell neked J\u00f3zsika egy feles\u00e9g, mert n\u00e9ha nem tudod mi az el\u00e9g,<br \/>\nbiznisz az \u00e9leted s az utaz\u00e1s, na meg a j\u00f3 bulik a mulat\u00e1s.<br \/>\nKell neked J\u00f3zsika egy feles\u00e9g, mert te m\u00e1r nem tudod mi az el\u00e9g,<br \/>\nte mindig bomba l\u00e1nyokat cipelsz, ez lesz a v\u00e9gzeted ha nem figyelsz.<br \/>\nKor\u00e1n reggel a kez\u00e9ben \u00e9g a telefon,<br \/>\nest\u00e9re m\u00e1r a zseb\u00e9ben ott van a zseton,<br \/>\nsokan mondj\u00e1k ez a J\u00f3zsi \u00f6r\u00f6k fiatal,<br \/>\npedig lassan hetven de m\u00e9g bulizni akar.<br \/>\nKell neked J\u00f3zsika egy feles\u00e9g, mert n\u00e9ha nem tudod mi az el\u00e9g,<br \/>\nbiznisz az \u00e9leted s az utaz\u00e1s, na meg a j\u00f3 bulik a mulat\u00e1s.<br \/>\nKell neked J\u00f3zsika egy feles\u00e9g, mert te m\u00e1r nem tudod mi az el\u00e9g,<br \/>\nte mindig bomba l\u00e1nyokat cipelsz, ez lesz a v\u00e9gzeted ha nem figyelsz.<br \/>\n&#8212;Sz\u00f3l\u00f3&#8212;<br \/>\nJ\u00f3zsi az \u00e9leted nagyon pazar, de ennyi legyen \u00e9letedben a baj,<br \/>\nsz\u00f3rjad h\u00faszezressel meg a cig\u00e1nyt, hogy megismerj\u00e9k a kir\u00e1lyt.<br \/>\nKell neked J\u00f3zsika egy feles\u00e9g, mert n\u00e9ha nem tudod mi az el\u00e9g,<br \/>\nbiznisz az \u00e9leted s az utaz\u00e1s, na meg a j\u00f3 bulik a mulat\u00e1s.<br \/>\nKell neked J\u00f3zsika egy feles\u00e9g, mert te m\u00e1r nem tudod mi az el\u00e9g,<br \/>\nte mindig bomba l\u00e1nyokat cipelsz, ez lesz a v\u00e9gzeted ha nem figyelsz.<br \/>\nKell neked J\u00f3zsika egy feles\u00e9g, mert te m\u00e1r nem tudod mi az el\u00e9g,<br \/>\nte mindig bomba l\u00e1nyokat cipelsz, ez lesz a v\u00e9gzeted ha nem figyelsz.<br \/>\nEz lesz a v\u00e9gzeted ha nem figyelsz.<br \/>\n&#8212;V\u00e9ge&#8212;<\/p>\n","protected":false},"featured_media":8715,"template":"","meta":{"site-sidebar-layout":"default","site-content-layout":"default","ast-site-content-layout":"default","site-content-style":"default","site-sidebar-style":"default","ast-global-header-display":"","ast-banner-title-visibility":"","ast-main-header-display":"","ast-hfb-above-header-display":"","ast-hfb-below-header-display":"","ast-hfb-mobile-header-display":"","site-post-title":"","ast-breadcrumbs-content":"","ast-featured-img":"","footer-sml-layout":"","theme-transparent-header-meta":"default","adv-header-id-meta":"","stick-header-meta":"","header-above-stick-meta":"","header-main-stick-meta":"","header-below-stick-meta":"","astra-migrate-meta-layouts":"set","ast-page-background-enabled":"default","ast-page-background-meta":{"desktop":{"background-color":"var(--ast-global-color-4)","background-image":"","background-repeat":"repeat","background-position":"center center","background-size":"auto","background-attachment":"scroll","background-type":"","background-media":"","overlay-type":"","overlay-color":"","overlay-opacity":"","overlay-gradient":""},"tablet":{"background-color":"","background-image":"","background-repeat":"repeat","background-position":"center center","background-size":"auto","background-attachment":"scroll","background-type":"","background-media":"","overlay-type":"","overlay-color":"","overlay-opacity":"","overlay-gradient":""},"mobile":{"background-color":"","background-image":"","background-repeat":"repeat","background-position":"center center","background-size":"auto","background-attachment":"scroll","background-type":"","background-media":"","overlay-type":"","overlay-color":"","overlay-opacity":"","overlay-gradient":""}},"ast-content-background-meta":{"desktop":{"background-color":"var(--ast-global-color-5)","background-image":"","background-repeat":"repeat","background-position":"center center","background-size":"auto","background-attachment":"scroll","background-type":"","background-media":"","overlay-type":"","overlay-color":"","overlay-opacity":"","overlay-gradient":""},"tablet":{"background-color":"var(--ast-global-color-5)","background-image":"","background-repeat":"repeat","background-position":"center center","background-size":"auto","background-attachment":"scroll","background-type":"","background-media":"","overlay-type":"","overlay-color":"","overlay-opacity":"","overlay-gradient":""},"mobile":{"background-color":"var(--ast-global-color-5)","background-image":"","background-repeat":"repeat","background-position":"center center","background-size":"auto","background-attachment":"scroll","background-type":"","background-media":"","overlay-type":"","overlay-color":"","overlay-opacity":"","overlay-gradient":""}}},"product_cat":[48],"product_tag":[],"class_list":["post-19419","product","type-product","status-publish","has-post-thumbnail","hentry","product_cat-sunkaraoke-dalok","desktop-align-left","tablet-align-left","mobile-align-left"],"_links":{"self":[{"href":"https:\/\/www.sunkaraoke.hu\/index.php\/wp-json\/wp\/v2\/product\/19419","targetHints":{"allow":["GET"]}}],"collection":[{"href":"https:\/\/www.sunkaraoke.hu\/index.php\/wp-json\/wp\/v2\/product"}],"about":[{"href":"https:\/\/www.sunkaraoke.hu\/index.php\/wp-json\/wp\/v2\/types\/product"}],"wp:featuredmedia":[{"embeddable":true,"href":"https:\/\/www.sunkaraoke.hu\/index.php\/wp-json\/wp\/v2\/media\/8715"}],"wp:attachment":[{"href":"https:\/\/www.sunkaraoke.hu\/index.php\/wp-json\/wp\/v2\/media?parent=19419"}],"wp:term":[{"taxonomy":"product_cat","embeddable":true,"href":"https:\/\/www.sunkaraoke.hu\/index.php\/wp-json\/wp\/v2\/product_cat?post=19419"},{"taxonomy":"product_tag","embeddable":true,"href":"https:\/\/www.sunkaraoke.hu\/index.php\/wp-json\/wp\/v2\/product_tag?post=19419"}],"curies":[{"name":"wp","href":"https:\/\/api.w.org\/{rel}","templated":true}]}}