{"id":19407,"date":"2025-05-30T15:03:28","date_gmt":"2025-05-30T13:03:28","guid":{"rendered":"https:\/\/www.sunkaraoke.hu\/?post_type=product&#038;p=19407"},"modified":"2025-05-30T15:06:47","modified_gmt":"2025-05-30T13:06:47","slug":"zambo-jimmy-engem-csak-szeretni-kell-2025-new-pb-edition","status":"publish","type":"product","link":"https:\/\/www.sunkaraoke.hu\/index.php\/termek\/zambo-jimmy-engem-csak-szeretni-kell-2025-new-pb-edition\/","title":{"rendered":"<div class=\"wcmp-player-container product-19407\"><audio controlslist=\"nodownload\" data-product=\"19407\"  volume=\"1\"  preload=\"none\" data-lazyloading=\"none\" class=\"wcmp-player track mejs-classic\" data-duration=\"0:34\" data-estimated_duration=\"4\"><source src=\"https:\/\/www.sunkaraoke.hu\/wp-content\/uploads\/2025\/05\/Engem-csak-szeretni-2025.-New-TRSZ-Zambo-PB.demoo_.mp3\" type=\"audio\/mp3\" \/><\/audio><\/div>Z\u00e1mb\u00f3 Jimmy: Engem csak szeretni kell 2025. NEW (PB Edition)"},"content":{"rendered":"<p><strong>03:13<\/strong>\u00a0| <strong><img loading=\"lazy\" decoding=\"async\" class=\"alignnone size-full wp-image-467\" src=\"https:\/\/www.sunkaraoke.hu\/wp-content\/uploads\/2022\/07\/choir_2-copy.webp\" alt=\"\" width=\"30\" height=\"30\" \/>\u00a0 <img loading=\"lazy\" decoding=\"async\" class=\"\" src=\"https:\/\/www.sunkaraoke.hu\/wp-content\/uploads\/2022\/07\/transzponalas.webp\" width=\"32\" height=\"32\" \/> -3<\/strong><\/p>\n","protected":false},"excerpt":{"rendered":"<h6><strong>Bits\u0171r\u0171s\u00e9g: 320kb\/s<\/strong><br \/>\n<strong>Hossz: 03:13<\/strong><\/h6>\n<h6><strong>Vok\u00e1lt tartalmaz: Nem <img loading=\"lazy\" decoding=\"async\" class=\"alignnone size-full wp-image-467\" src=\"http:\/\/www.sunkaraoke.hu\/wp-content\/uploads\/2022\/07\/choir_2-copy.png\" alt=\"\" width=\"30\" height=\"30\" \/><\/strong><\/h6>\n<p><strong>Transzpon\u00e1l\u00e1s: <img decoding=\"async\" src=\"https:\/\/www.sunkaraoke.hu\/wp-content\/uploads\/2022\/07\/transzponalas.png\" \/> -3<\/strong><\/p>\n<p>Sunkaraoke mp3 st\u00fadi\u00f3 \/ www.sunkaraoke.hu \/ Inf: Tel: 06 20 4275001<\/p>\n<p>&#8211;Intr\u00f3&#8212;<br \/>\nSzerelem, ami kell, ami hi\u00e1nyzik nagyon,<br \/>\nkeresem, mit\u0151l k\u00f6nny\u0171 lesz az \u00e9let.<br \/>\nVolt r\u00e9g, van m\u00e9g, \u00e9n err\u0151l \u00e1lmodom,<br \/>\naz kell, \u00e9n semmi m\u00e1st sem k\u00e9rek!<br \/>\nEngem csak szeretni kell,<br \/>\nhidd el, m\u00e1s nem \u00e9rdekel,<br \/>\nne gondolj m\u00e1sra, csak az \u00e9jszak\u00e1ra!<br \/>\nEngem csak szeretni kell,<br \/>\nhidd el, m\u00e1s nem \u00e9rdekel,<br \/>\nne gondolj m\u00e1sra, csak az \u00e9jszak\u00e1ra!<br \/>\n&#8212;Sz\u00f3l\u00f3&#8212;<br \/>\nSzerelem, ami kell, ami hi\u00e1nyzik nagyon,<br \/>\nkeresem, mit\u0151l k\u00f6nny\u0171 lesz az \u00e9let.<br \/>\nVolt r\u00e9g, van m\u00e9g, \u00e9n err\u0151l \u00e1lmodom,<br \/>\naz kell, \u00e9n semmi m\u00e1st sem k\u00e9rek!<br \/>\nEngem csak szeretni kell,<br \/>\nhidd el, m\u00e1s nem \u00e9rdekel,<br \/>\nne gondolj m\u00e1sra, csak az \u00e9jszak\u00e1ra!<br \/>\nEngem csak szeretni kell,<br \/>\nhidd el, m\u00e1s nem \u00e9rdekel,<br \/>\nne gondolj m\u00e1sra, csak az \u00e9jszak\u00e1ra!<br \/>\nEngem csak szeretni kell,<br \/>\nhidd el, m\u00e1s nem \u00e9rdekel,<br \/>\nne gondolj m\u00e1sra, csak az \u00e9jszak\u00e1ra!<br \/>\nEngem csak szeretni kell,<br \/>\nhidd el, m\u00e1s nem \u00e9rdekel,<br \/>\nne gondolj m\u00e1sra, csak az \u00e9jszak\u00e1ra!<br \/>\nEngem csak szeretni kell,<br \/>\nhidd el, m\u00e1s nem \u00e9rdekel,<br \/>\nne gondolj m\u00e1sra, csak az \u00e9jszak\u00e1ra!<br \/>\nEngem csak szeretni kell,<br \/>\nhidd el, m\u00e1s nem \u00e9rdekel,<br \/>\nne gondolj m\u00e1sra, csak az \u00e9jszak\u00e1ra!<br \/>\n&#8212;V\u00e9ge&#8212;<\/p>\n","protected":false},"featured_media":9274,"template":"","meta":{"site-sidebar-layout":"default","site-content-layout":"default","ast-site-content-layout":"default","site-content-style":"default","site-sidebar-style":"default","ast-global-header-display":"","ast-banner-title-visibility":"","ast-main-header-display":"","ast-hfb-above-header-display":"","ast-hfb-below-header-display":"","ast-hfb-mobile-header-display":"","site-post-title":"","ast-breadcrumbs-content":"","ast-featured-img":"","footer-sml-layout":"","theme-transparent-header-meta":"default","adv-header-id-meta":"","stick-header-meta":"","header-above-stick-meta":"","header-main-stick-meta":"","header-below-stick-meta":"","astra-migrate-meta-layouts":"set","ast-page-background-enabled":"default","ast-page-background-meta":{"desktop":{"background-color":"var(--ast-global-color-4)","background-image":"","background-repeat":"repeat","background-position":"center center","background-size":"auto","background-attachment":"scroll","background-type":"","background-media":"","overlay-type":"","overlay-color":"","overlay-opacity":"","overlay-gradient":""},"tablet":{"background-color":"","background-image":"","background-repeat":"repeat","background-position":"center center","background-size":"auto","background-attachment":"scroll","background-type":"","background-media":"","overlay-type":"","overlay-color":"","overlay-opacity":"","overlay-gradient":""},"mobile":{"background-color":"","background-image":"","background-repeat":"repeat","background-position":"center center","background-size":"auto","background-attachment":"scroll","background-type":"","background-media":"","overlay-type":"","overlay-color":"","overlay-opacity":"","overlay-gradient":""}},"ast-content-background-meta":{"desktop":{"background-color":"var(--ast-global-color-5)","background-image":"","background-repeat":"repeat","background-position":"center center","background-size":"auto","background-attachment":"scroll","background-type":"","background-media":"","overlay-type":"","overlay-color":"","overlay-opacity":"","overlay-gradient":""},"tablet":{"background-color":"var(--ast-global-color-5)","background-image":"","background-repeat":"repeat","background-position":"center center","background-size":"auto","background-attachment":"scroll","background-type":"","background-media":"","overlay-type":"","overlay-color":"","overlay-opacity":"","overlay-gradient":""},"mobile":{"background-color":"var(--ast-global-color-5)","background-image":"","background-repeat":"repeat","background-position":"center center","background-size":"auto","background-attachment":"scroll","background-type":"","background-media":"","overlay-type":"","overlay-color":"","overlay-opacity":"","overlay-gradient":""}}},"product_cat":[48],"product_tag":[],"class_list":["post-19407","product","type-product","status-publish","has-post-thumbnail","hentry","product_cat-sunkaraoke-dalok","desktop-align-left","tablet-align-left","mobile-align-left"],"_links":{"self":[{"href":"https:\/\/www.sunkaraoke.hu\/index.php\/wp-json\/wp\/v2\/product\/19407","targetHints":{"allow":["GET"]}}],"collection":[{"href":"https:\/\/www.sunkaraoke.hu\/index.php\/wp-json\/wp\/v2\/product"}],"about":[{"href":"https:\/\/www.sunkaraoke.hu\/index.php\/wp-json\/wp\/v2\/types\/product"}],"wp:featuredmedia":[{"embeddable":true,"href":"https:\/\/www.sunkaraoke.hu\/index.php\/wp-json\/wp\/v2\/media\/9274"}],"wp:attachment":[{"href":"https:\/\/www.sunkaraoke.hu\/index.php\/wp-json\/wp\/v2\/media?parent=19407"}],"wp:term":[{"taxonomy":"product_cat","embeddable":true,"href":"https:\/\/www.sunkaraoke.hu\/index.php\/wp-json\/wp\/v2\/product_cat?post=19407"},{"taxonomy":"product_tag","embeddable":true,"href":"https:\/\/www.sunkaraoke.hu\/index.php\/wp-json\/wp\/v2\/product_tag?post=19407"}],"curies":[{"name":"wp","href":"https:\/\/api.w.org\/{rel}","templated":true}]}}