{"id":19383,"date":"2025-05-23T09:51:54","date_gmt":"2025-05-23T09:51:54","guid":{"rendered":"https:\/\/www.sunkaraoke.hu\/?post_type=product&#038;p=19383"},"modified":"2025-05-23T09:55:45","modified_gmt":"2025-05-23T09:55:45","slug":"balogh-bence-mikjor-pici-gyerek-voltam-2025-new-bence-edition","status":"publish","type":"product","link":"https:\/\/www.sunkaraoke.hu\/index.php\/termek\/balogh-bence-mikjor-pici-gyerek-voltam-2025-new-bence-edition\/","title":{"rendered":"<div class=\"wcmp-player-container product-19383\"><audio controlslist=\"nodownload\" data-product=\"19383\"  volume=\"1\"  preload=\"none\" data-lazyloading=\"none\" class=\"wcmp-player track mejs-classic\" data-duration=\"0:39\" data-estimated_duration=\"4\"><source src=\"https:\/\/www.sunkaraoke.hu\/wp-content\/uploads\/2025\/05\/Mikor-pici-gyerek-2025.-New-Bence.-demooo02.mp3\" type=\"audio\/mp3\" \/><\/audio><\/div>Balogh Bence: Mikor pici gyerek voltam 2025. New (Bence Edition)"},"content":{"rendered":"<p><strong>02:45<\/strong>\u00a0| <strong><img loading=\"lazy\" decoding=\"async\" class=\"alignnone size-full wp-image-467\" src=\"https:\/\/www.sunkaraoke.hu\/wp-content\/uploads\/2022\/07\/choir_2-copy.webp\" alt=\"\" width=\"30\" height=\"30\" \/> | <img decoding=\"async\" src=\"https:\/\/www.sunkaraoke.hu\/wp-content\/uploads\/2022\/07\/transzponalas.webp\" \/> \u00a0<\/strong><\/p>\n","protected":false},"excerpt":{"rendered":"<h5><strong>Bits\u0171r\u0171s\u00e9g: 320kb\/s<\/strong><br \/>\n<strong>Hossz: 02:45<\/strong><br \/>\n<strong>Vok\u00e1lt tartalmaz: Nem <img loading=\"lazy\" decoding=\"async\" class=\"alignnone size-full wp-image-467\" src=\"http:\/\/www.sunkaraoke.hu\/wp-content\/uploads\/2022\/07\/choir_2-copy.png\" alt=\"\" width=\"30\" height=\"30\" \/><\/strong><\/h5>\n<p>Sunkaraoke mp3 st\u00fadi\u00f3 \/ www.sunkaraoke.hu \/ Inf: Tel: 06 20 4275001<\/p>\n<p>&#8212;INTRO&#8212;<br \/>\nMikor pici gyerek voltam<br \/>\nPici z\u00f6ld kalapot hordtam<br \/>\nNem volt nekem semmi gondom<br \/>\nSzerencs\u00e9s voltam,\u00e9s boldog<br \/>\nNem volt nekem semmi gondom<br \/>\nSzerencs\u00e9s voltam,\u00e9s boldog<br \/>\n\u00c1lom\u00e1lom\u00e1lom\u00e1l\u00f3 d\u00e9 d\u00e9 rit\u00e1nn\u00e1<br \/>\nD\u00edlom\u00e1lom\u00e1lom\u00e1lom d\u00e9 d\u00e9 rit\u00e1nn\u00e1<br \/>\n\u00c1lom\u00e1lom\u00e1lom\u00e1l\u00f3 d\u00e9 d\u00e9 rit\u00e1nn\u00e1 d\u00e9 d\u00e9 n\u00e1nn\u00e1 rit\u00e1nn\u00e1<br \/>\nD\u00edlom\u00e1lom\u00e1lom\u00e1lom d\u00e9 d\u00e9 rit\u00e1nn\u00e1 d\u00e9 d\u00e9 rit\u00e1nn\u00e1<br \/>\nNem volt nekem semmi gondom<br \/>\nSzerencs\u00e9s voltam,\u00e9s boldog<br \/>\nK\u00e1n\u00e1szim\u00e1sz terno sh\u00e1v\u00f3<br \/>\nPhir\u00e1mosz m\u00e9sz \u00e9len a kalapom<br \/>\nN\u00e1sz b\u00e1n m\u00e1jo m\u00e1 k\u00e1ncsi<br \/>\nB\u00e1cht\u00e1l\u00f3 sz\u00ed m\u00e1 sz\u00e1 tucsi<br \/>\nN\u00e1sz b\u00e1n m\u00e1jo m\u00e1 k\u00e1ncsi<br \/>\nB\u00e1cht\u00e1l\u00f3 sz\u00ed m\u00e1 sz\u00e1 tucsi<br \/>\nMikor pici gyerek voltam<br \/>\nPici z\u00f6ld kalapot hordtam<br \/>\nNem volt nekem semmi gondom<br \/>\nSzerencs\u00e9s voltam,\u00e9s boldog<br \/>\nNem volt nekem semmi gondom<br \/>\nSzerencs\u00e9s voltam,\u00e9s boldog<br \/>\n&#8212;V\u00e9ge&#8212;<\/p>\n","protected":false},"featured_media":14902,"template":"","meta":{"site-sidebar-layout":"default","site-content-layout":"default","ast-site-content-layout":"default","site-content-style":"default","site-sidebar-style":"default","ast-global-header-display":"","ast-banner-title-visibility":"","ast-main-header-display":"","ast-hfb-above-header-display":"","ast-hfb-below-header-display":"","ast-hfb-mobile-header-display":"","site-post-title":"","ast-breadcrumbs-content":"","ast-featured-img":"","footer-sml-layout":"","theme-transparent-header-meta":"default","adv-header-id-meta":"","stick-header-meta":"","header-above-stick-meta":"","header-main-stick-meta":"","header-below-stick-meta":"","astra-migrate-meta-layouts":"set","ast-page-background-enabled":"default","ast-page-background-meta":{"desktop":{"background-color":"var(--ast-global-color-4)","background-image":"","background-repeat":"repeat","background-position":"center center","background-size":"auto","background-attachment":"scroll","background-type":"","background-media":"","overlay-type":"","overlay-color":"","overlay-opacity":"","overlay-gradient":""},"tablet":{"background-color":"","background-image":"","background-repeat":"repeat","background-position":"center center","background-size":"auto","background-attachment":"scroll","background-type":"","background-media":"","overlay-type":"","overlay-color":"","overlay-opacity":"","overlay-gradient":""},"mobile":{"background-color":"","background-image":"","background-repeat":"repeat","background-position":"center center","background-size":"auto","background-attachment":"scroll","background-type":"","background-media":"","overlay-type":"","overlay-color":"","overlay-opacity":"","overlay-gradient":""}},"ast-content-background-meta":{"desktop":{"background-color":"var(--ast-global-color-5)","background-image":"","background-repeat":"repeat","background-position":"center center","background-size":"auto","background-attachment":"scroll","background-type":"","background-media":"","overlay-type":"","overlay-color":"","overlay-opacity":"","overlay-gradient":""},"tablet":{"background-color":"var(--ast-global-color-5)","background-image":"","background-repeat":"repeat","background-position":"center center","background-size":"auto","background-attachment":"scroll","background-type":"","background-media":"","overlay-type":"","overlay-color":"","overlay-opacity":"","overlay-gradient":""},"mobile":{"background-color":"var(--ast-global-color-5)","background-image":"","background-repeat":"repeat","background-position":"center center","background-size":"auto","background-attachment":"scroll","background-type":"","background-media":"","overlay-type":"","overlay-color":"","overlay-opacity":"","overlay-gradient":""}}},"product_cat":[89],"product_tag":[],"class_list":["post-19383","product","type-product","status-publish","has-post-thumbnail","hentry","product_cat-balog-bence","desktop-align-left","tablet-align-left","mobile-align-left"],"_links":{"self":[{"href":"https:\/\/www.sunkaraoke.hu\/index.php\/wp-json\/wp\/v2\/product\/19383","targetHints":{"allow":["GET"]}}],"collection":[{"href":"https:\/\/www.sunkaraoke.hu\/index.php\/wp-json\/wp\/v2\/product"}],"about":[{"href":"https:\/\/www.sunkaraoke.hu\/index.php\/wp-json\/wp\/v2\/types\/product"}],"wp:featuredmedia":[{"embeddable":true,"href":"https:\/\/www.sunkaraoke.hu\/index.php\/wp-json\/wp\/v2\/media\/14902"}],"wp:attachment":[{"href":"https:\/\/www.sunkaraoke.hu\/index.php\/wp-json\/wp\/v2\/media?parent=19383"}],"wp:term":[{"taxonomy":"product_cat","embeddable":true,"href":"https:\/\/www.sunkaraoke.hu\/index.php\/wp-json\/wp\/v2\/product_cat?post=19383"},{"taxonomy":"product_tag","embeddable":true,"href":"https:\/\/www.sunkaraoke.hu\/index.php\/wp-json\/wp\/v2\/product_tag?post=19383"}],"curies":[{"name":"wp","href":"https:\/\/api.w.org\/{rel}","templated":true}]}}