{"id":19379,"date":"2025-05-23T09:50:26","date_gmt":"2025-05-23T09:50:26","guid":{"rendered":"https:\/\/www.sunkaraoke.hu\/?post_type=product&#038;p=19379"},"modified":"2025-05-23T09:51:37","modified_gmt":"2025-05-23T09:51:37","slug":"balogh-bence-selen-selen-bence-edition","status":"publish","type":"product","link":"https:\/\/www.sunkaraoke.hu\/index.php\/termek\/balogh-bence-selen-selen-bence-edition\/","title":{"rendered":"<div class=\"wcmp-player-container product-19379\"><audio controlslist=\"nodownload\" data-product=\"19379\"  volume=\"1\"  preload=\"none\" data-lazyloading=\"none\" class=\"wcmp-player track mejs-classic\" data-duration=\"0:40\" data-estimated_duration=\"4\"><source src=\"https:\/\/www.sunkaraoke.hu\/wp-content\/uploads\/2025\/05\/Selen-selen-Bence-.-demoo.mp3\" type=\"audio\/mp3\" \/><\/audio><\/div>Balogh Bence: Selen Selen (Bence Edition)"},"content":{"rendered":"<p><strong>03:50<\/strong>\u00a0| <strong><img loading=\"lazy\" decoding=\"async\" class=\"alignnone size-full wp-image-467\" src=\"https:\/\/www.sunkaraoke.hu\/wp-content\/uploads\/2022\/07\/choir_2-copy.webp\" alt=\"\" width=\"30\" height=\"30\" \/> | <img decoding=\"async\" src=\"https:\/\/www.sunkaraoke.hu\/wp-content\/uploads\/2022\/07\/transzponalas.webp\" \/> \u00a0<\/strong><\/p>\n","protected":false},"excerpt":{"rendered":"<h5><strong>Bits\u0171r\u0171s\u00e9g: 320kb\/s<\/strong><br \/>\n<strong>Hossz: 03:50<\/strong><br \/>\n<strong>Vok\u00e1lt tartalmaz: Nem <img loading=\"lazy\" decoding=\"async\" class=\"alignnone size-full wp-image-467\" src=\"http:\/\/www.sunkaraoke.hu\/wp-content\/uploads\/2022\/07\/choir_2-copy.png\" alt=\"\" width=\"30\" height=\"30\" \/><\/strong><\/h5>\n<p>Sunkaraoke mp3 st\u00fadi\u00f3 \/ www.sunkaraoke.hu \/ Inf: Tel: 06 20 4275001<\/p>\n<p>&#8212;Intro&#8212;<br \/>\nN\u00e1s cs\u00ed biszt\u00e9r\u00e1v<br \/>\nMiro jilo \u00e1nd\u00e9 m\u00e1nd\u00e9 b\u00e1r\u00e9sz fucs\u00e1rov\u00e9ll\u00e1sz<br \/>\nJojj m\u00e1ng\u00e9 zs\u00e1l\u00e1k\u00e9rdzs\u00e1sz \u00e1v r\u00e9 \u00e1g\u00e9l\u00e1sz<br \/>\nMiro jilo b\u00e1r\u00e9s cs\u00e1joj dukh\u00e1rgy\u00e1n<br \/>\nN\u00e1s cs\u00ed biszt\u00e9r\u00e1v<br \/>\nMiro jilo \u00e1ndr\u00e9 m\u00e1nd\u00e9 b\u00e1r\u00e9sz fucs\u00e1rov\u00e9ll\u00e1sz<br \/>\nJojj m\u00e1ng\u00e9 zs\u00e1l\u00e1k\u00e9rdzs\u00e1sz \u00e1v r\u00e9 \u00e1g\u00e9l\u00e1sz<br \/>\nMiro jilo b\u00e1r\u00e9s cs\u00e1joj dukh\u00e1rgy\u00e1n<br \/>\nSelen selen<br \/>\nN\u00e1s csi selen m\u00e1j tu z\u00e1sz\u00f3l\u00e1v me tut kamav<br \/>\nO jilo rom\u00e1n pr\u00e1tu tukh\u00e1v szoszk\u00e9r m\u00e1ng\u00e9<br \/>\nCs\u00e1j\u00e9 tukh\u00e1n n\u00e1 kh\u00e9rdzs\u00e1v selen selen<br \/>\nSelen selen<br \/>\n\u00c1dn\u00f3 j\u00e1 k\u00e1 m\u00e1ng\u00e9 tusz\u00e1n m\u00e9 tut k\u00e1m\u00e1v<br \/>\nBityir\u00f3 m\u00e9 n\u00e1scsi k\u00e1m\u00e1v ph\u00e9ncs\u00e1 m\u00e1gn\u00e9<br \/>\nCsi tu p\u00e1l\u00e1 k\u00e9 m\u00e1nd\u00e9 tu \u00e1v\u00e9l\u00e1<br \/>\n&#8212;Sz\u00f3l\u00f3&#8212;<br \/>\nN\u00e1s cs\u00ed biszt\u00e9r\u00e1v<br \/>\nMiro jilo \u00e1nd\u00e9 m\u00e1nd\u00e9 b\u00e1r\u00e9sz fucs\u00e1rov\u00e9ll\u00e1sz<br \/>\nJojj m\u00e1ng\u00e9 zs\u00e1l\u00e1k\u00e9rdzs\u00e1sz \u00e1v r\u00e9 \u00e1g\u00e9l\u00e1sz<br \/>\nMiro jilo b\u00e1r\u00e9s cs\u00e1joj dukh\u00e1rgy\u00e1n<br \/>\nN\u00e1s cs\u00ed biszt\u00e9r\u00e1v<br \/>\nMiro jilo \u00e1ndr\u00e9 m\u00e1nd\u00e9 b\u00e1r\u00e9sz fucs\u00e1rov\u00e9ll\u00e1sz<br \/>\nJojj m\u00e1ng\u00e9 zs\u00e1l\u00e1k\u00e9rdzs\u00e1sz \u00e1v r\u00e9 \u00e1g\u00e9l\u00e1sz<br \/>\nMiro jilo b\u00e1r\u00e9s cs\u00e1joj dukh\u00e1rgy\u00e1n<br \/>\nSelen selen<br \/>\nN\u00e1s csi selen m\u00e1j tu z\u00e1sz\u00f3l\u00e1v me tut kamav<br \/>\nO jilo rom\u00e1n pr\u00e1tu tukh\u00e1v szoszk\u00e9r m\u00e1ng\u00e9<br \/>\nCs\u00e1j\u00e9 tukh\u00e1n n\u00e1 kh\u00e9rdzs\u00e1v selen selen<br \/>\nSelen selen<br \/>\n\u00c1dn\u00f3 j\u00e1 k\u00e1 m\u00e1ng\u00e9 tusz\u00e1n m\u00e9 tut k\u00e1m\u00e1v<br \/>\nBityir\u00f3 m\u00e9 n\u00e1scsi k\u00e1m\u00e1v ph\u00e9ncs\u00e1 m\u00e1gn\u00e9<br \/>\nCsi tu p\u00e1l\u00e1 k\u00e9 m\u00e1nd\u00e9 tu \u00e1v\u00e9l\u00e1<br \/>\n&#8212;V\u00e9ge&#8212;<\/p>\n","protected":false},"featured_media":14902,"template":"","meta":{"site-sidebar-layout":"default","site-content-layout":"default","ast-site-content-layout":"default","site-content-style":"default","site-sidebar-style":"default","ast-global-header-display":"","ast-banner-title-visibility":"","ast-main-header-display":"","ast-hfb-above-header-display":"","ast-hfb-below-header-display":"","ast-hfb-mobile-header-display":"","site-post-title":"","ast-breadcrumbs-content":"","ast-featured-img":"","footer-sml-layout":"","theme-transparent-header-meta":"default","adv-header-id-meta":"","stick-header-meta":"","header-above-stick-meta":"","header-main-stick-meta":"","header-below-stick-meta":"","astra-migrate-meta-layouts":"set","ast-page-background-enabled":"default","ast-page-background-meta":{"desktop":{"background-color":"var(--ast-global-color-4)","background-image":"","background-repeat":"repeat","background-position":"center center","background-size":"auto","background-attachment":"scroll","background-type":"","background-media":"","overlay-type":"","overlay-color":"","overlay-opacity":"","overlay-gradient":""},"tablet":{"background-color":"","background-image":"","background-repeat":"repeat","background-position":"center center","background-size":"auto","background-attachment":"scroll","background-type":"","background-media":"","overlay-type":"","overlay-color":"","overlay-opacity":"","overlay-gradient":""},"mobile":{"background-color":"","background-image":"","background-repeat":"repeat","background-position":"center center","background-size":"auto","background-attachment":"scroll","background-type":"","background-media":"","overlay-type":"","overlay-color":"","overlay-opacity":"","overlay-gradient":""}},"ast-content-background-meta":{"desktop":{"background-color":"var(--ast-global-color-5)","background-image":"","background-repeat":"repeat","background-position":"center center","background-size":"auto","background-attachment":"scroll","background-type":"","background-media":"","overlay-type":"","overlay-color":"","overlay-opacity":"","overlay-gradient":""},"tablet":{"background-color":"var(--ast-global-color-5)","background-image":"","background-repeat":"repeat","background-position":"center center","background-size":"auto","background-attachment":"scroll","background-type":"","background-media":"","overlay-type":"","overlay-color":"","overlay-opacity":"","overlay-gradient":""},"mobile":{"background-color":"var(--ast-global-color-5)","background-image":"","background-repeat":"repeat","background-position":"center center","background-size":"auto","background-attachment":"scroll","background-type":"","background-media":"","overlay-type":"","overlay-color":"","overlay-opacity":"","overlay-gradient":""}}},"product_cat":[89],"product_tag":[],"class_list":["post-19379","product","type-product","status-publish","has-post-thumbnail","hentry","product_cat-balog-bence","desktop-align-left","tablet-align-left","mobile-align-left"],"_links":{"self":[{"href":"https:\/\/www.sunkaraoke.hu\/index.php\/wp-json\/wp\/v2\/product\/19379","targetHints":{"allow":["GET"]}}],"collection":[{"href":"https:\/\/www.sunkaraoke.hu\/index.php\/wp-json\/wp\/v2\/product"}],"about":[{"href":"https:\/\/www.sunkaraoke.hu\/index.php\/wp-json\/wp\/v2\/types\/product"}],"wp:featuredmedia":[{"embeddable":true,"href":"https:\/\/www.sunkaraoke.hu\/index.php\/wp-json\/wp\/v2\/media\/14902"}],"wp:attachment":[{"href":"https:\/\/www.sunkaraoke.hu\/index.php\/wp-json\/wp\/v2\/media?parent=19379"}],"wp:term":[{"taxonomy":"product_cat","embeddable":true,"href":"https:\/\/www.sunkaraoke.hu\/index.php\/wp-json\/wp\/v2\/product_cat?post=19379"},{"taxonomy":"product_tag","embeddable":true,"href":"https:\/\/www.sunkaraoke.hu\/index.php\/wp-json\/wp\/v2\/product_tag?post=19379"}],"curies":[{"name":"wp","href":"https:\/\/api.w.org\/{rel}","templated":true}]}}