{"id":19371,"date":"2025-05-21T10:27:44","date_gmt":"2025-05-21T10:27:44","guid":{"rendered":"https:\/\/www.sunkaraoke.hu\/?post_type=product&#038;p=19371"},"modified":"2025-05-21T10:29:17","modified_gmt":"2025-05-21T10:29:17","slug":"joy-hello-2025-new-pb-edition-magyar","status":"publish","type":"product","link":"https:\/\/www.sunkaraoke.hu\/index.php\/termek\/joy-hello-2025-new-pb-edition-magyar\/","title":{"rendered":"<div class=\"wcmp-player-container product-19371\"><audio controlslist=\"nodownload\" data-product=\"19371\"  volume=\"1\"  preload=\"none\" data-lazyloading=\"none\" class=\"wcmp-player track mejs-classic\" data-duration=\"0:34\" data-estimated_duration=\"4\"><source src=\"https:\/\/www.sunkaraoke.hu\/wp-content\/uploads\/2025\/05\/Hello-2025.-New-Joy-Trsz-PB.-demoo.mp3\" type=\"audio\/mp3\" \/><\/audio><\/div>Joy &#8211; Hell\u00f3 2025. New ( PB. Edition ) Magyar"},"content":{"rendered":"<p><strong>03:12<\/strong>\u00a0| <strong><img loading=\"lazy\" decoding=\"async\" class=\"alignnone size-full wp-image-467\" src=\"https:\/\/www.sunkaraoke.hu\/wp-content\/uploads\/2022\/07\/choir_2-copy.webp\" alt=\"\" width=\"30\" height=\"30\" \/> <\/strong><\/p>\n","protected":false},"excerpt":{"rendered":"<h6><strong>Bits\u0171r\u0171s\u00e9g: 320<\/strong>kb\/s<strong><br \/>\n<\/strong><strong>Hossz: <\/strong>03:15<strong><br \/>\n<\/strong><strong style=\"font-size: 16px;\">Vok\u00e1lt tartalmaz: <\/strong>Nem <img loading=\"lazy\" decoding=\"async\" class=\"alignnone size-full wp-image-467\" src=\"http:\/\/www.sunkaraoke.hu\/wp-content\/uploads\/2022\/07\/choir_2-copy.png\" alt=\"\" width=\"30\" height=\"30\" \/><strong style=\"font-size: 16px;\"><br \/>\n<\/strong><\/h6>\n<p>Sunkaraoke mp3 st\u00fadi\u00f3 \/ www.sunkaraoke.hu \/ Inf: Tel: 06 20 4275001<\/p>\n<div>&#8212;Intr\u00f3&#8212;<\/div>\n<div>Mikor megl\u00e1ttalak, egy partin \u00e9ppen,<\/div>\n<div>a bar\u00e1tn\u0151ddel \u00e1llt\u00e1l a f\u00e9nyben,<\/div>\n<div>csak mell\u00e9d l\u00e9ptem, s annyit mondt\u00e1l, h\u00e9j Hell\u00f3, hell\u00f3..<\/div>\n<div>T\u00e1nc k\u00f6zben,\u00a0 felforrt az \u00e9jjel,<\/div>\n<div>\u00f6leltelek szenved\u00e9llyel,<\/div>\n<div>f\u00e9lve cs\u00f3kolt ajkam t\u00e9ged, a sz\u00edvem v\u00e1rt&#8230;\u00fagy v\u00e1rt..<\/div>\n<div>H\u00e9j Hell\u00f3, most r\u00e1d tal\u00e1ltam&#8230;<\/div>\n<div>H\u00e9j Hell\u00f3, gyere szeress b\u00e1tran.<\/div>\n<div>\u00d6r\u00f6kre kelessz m\u00e1r nekem,<\/div>\n<div>n\u00e9lk\u00fcled \u00fcres az \u00e9letem.<\/div>\n<div>H\u00e9j Hell\u00f3, csak r\u00e1d v\u00e1rtam..<\/div>\n<div>H\u00e9j Hell\u00f3,\u00a0 szeress b\u00e1tran.<\/div>\n<div>T\u00e1ncolj m\u00e9g a sz\u00edvemen,<\/div>\n<div>s \u00e9n neked\u00a0 adom mindenem.<\/div>\n<div>&#8212;Sz\u00f3l\u00f3&#8212;<\/div>\n<div>Eg\u00e9sz \u00e9jjel, n\u00e1lam volt\u00e1l,<\/div>\n<div>sok m\u00e1mor\u00edt\u00f3 percet hozt\u00e1l,<\/div>\n<div>cs\u00f3kod \u00edzzott s l\u00e1gyan s\u00fagtad, a sz\u00edvem v\u00e1rt&#8230; \u00fagy v\u00e1rt..<\/div>\n<div>A reggeli a napf\u00e9ny, alig \u00e9bredt,<\/div>\n<div>az ajt\u00f3ban \u00e1llt, s visszan\u00e9zett,<\/div>\n<div>annyit sz\u00f3lt csak, ma \u00fajra l\u00e1tlak, h\u00e9j hell\u00f3, hell\u00f3&#8230;<\/div>\n<div>H\u00e9j Hell\u00f3, most r\u00e1d tal\u00e1ltam&#8230;<\/div>\n<div>H\u00e9j Hell\u00f3, gyere szeress b\u00e1tran.<\/div>\n<div>\u00d6r\u00f6kre kelessz m\u00e1r nekem,<\/div>\n<div>n\u00e9lk\u00fcled \u00fcres az \u00e9letem.<\/div>\n<div>H\u00e9j Hell\u00f3, csak r\u00e1d v\u00e1rtam..<\/div>\n<div>H\u00e9j Hell\u00f3, szeress b\u00e1tran.<\/div>\n<div>T\u00e1ncolj m\u00e9g a sz\u00edvemen,<\/div>\n<div>s \u00e9n neked ,adom mindenem.<\/div>\n<div>&#8212;Sz\u00f3l\u00f3&#8212;<\/div>\n<div>H\u00e9j Hell\u00f3, most r\u00e1d tal\u00e1ltam&#8230;<\/div>\n<div>H\u00e9j Hell\u00f3, gyere szeress b\u00e1tran.<\/div>\n<div>\u00d6r\u00f6kre kelessz m\u00e1r nekem,<\/div>\n<div>n\u00e9lk\u00fcled \u00fcres az \u00e9letem.<\/div>\n<div>H\u00e9j Hell\u00f3, csak r\u00e1d v\u00e1rtam..<\/div>\n<div>H\u00e9j Hell\u00f3,\u00a0 szeress b\u00e1tran.<\/div>\n<div>T\u00e1ncolj m\u00e9g a sz\u00edvemen,<\/div>\n<div>s \u00e9n neked\u00a0 adom mindenem.<\/div>\n<div>&#8212;V\u00e9ge&#8212;<\/div>\n","protected":false},"featured_media":19361,"template":"","meta":{"site-sidebar-layout":"default","site-content-layout":"default","ast-site-content-layout":"default","site-content-style":"default","site-sidebar-style":"default","ast-global-header-display":"","ast-banner-title-visibility":"","ast-main-header-display":"","ast-hfb-above-header-display":"","ast-hfb-below-header-display":"","ast-hfb-mobile-header-display":"","site-post-title":"","ast-breadcrumbs-content":"","ast-featured-img":"","footer-sml-layout":"","theme-transparent-header-meta":"default","adv-header-id-meta":"","stick-header-meta":"","header-above-stick-meta":"","header-main-stick-meta":"","header-below-stick-meta":"","astra-migrate-meta-layouts":"set","ast-page-background-enabled":"default","ast-page-background-meta":{"desktop":{"background-color":"var(--ast-global-color-4)","background-image":"","background-repeat":"repeat","background-position":"center center","background-size":"auto","background-attachment":"scroll","background-type":"","background-media":"","overlay-type":"","overlay-color":"","overlay-opacity":"","overlay-gradient":""},"tablet":{"background-color":"","background-image":"","background-repeat":"repeat","background-position":"center center","background-size":"auto","background-attachment":"scroll","background-type":"","background-media":"","overlay-type":"","overlay-color":"","overlay-opacity":"","overlay-gradient":""},"mobile":{"background-color":"","background-image":"","background-repeat":"repeat","background-position":"center center","background-size":"auto","background-attachment":"scroll","background-type":"","background-media":"","overlay-type":"","overlay-color":"","overlay-opacity":"","overlay-gradient":""}},"ast-content-background-meta":{"desktop":{"background-color":"var(--ast-global-color-5)","background-image":"","background-repeat":"repeat","background-position":"center center","background-size":"auto","background-attachment":"scroll","background-type":"","background-media":"","overlay-type":"","overlay-color":"","overlay-opacity":"","overlay-gradient":""},"tablet":{"background-color":"var(--ast-global-color-5)","background-image":"","background-repeat":"repeat","background-position":"center center","background-size":"auto","background-attachment":"scroll","background-type":"","background-media":"","overlay-type":"","overlay-color":"","overlay-opacity":"","overlay-gradient":""},"mobile":{"background-color":"var(--ast-global-color-5)","background-image":"","background-repeat":"repeat","background-position":"center center","background-size":"auto","background-attachment":"scroll","background-type":"","background-media":"","overlay-type":"","overlay-color":"","overlay-opacity":"","overlay-gradient":""}}},"product_cat":[48],"product_tag":[],"class_list":["post-19371","product","type-product","status-publish","has-post-thumbnail","hentry","product_cat-sunkaraoke-dalok","desktop-align-left","tablet-align-left","mobile-align-left"],"_links":{"self":[{"href":"https:\/\/www.sunkaraoke.hu\/index.php\/wp-json\/wp\/v2\/product\/19371","targetHints":{"allow":["GET"]}}],"collection":[{"href":"https:\/\/www.sunkaraoke.hu\/index.php\/wp-json\/wp\/v2\/product"}],"about":[{"href":"https:\/\/www.sunkaraoke.hu\/index.php\/wp-json\/wp\/v2\/types\/product"}],"wp:featuredmedia":[{"embeddable":true,"href":"https:\/\/www.sunkaraoke.hu\/index.php\/wp-json\/wp\/v2\/media\/19361"}],"wp:attachment":[{"href":"https:\/\/www.sunkaraoke.hu\/index.php\/wp-json\/wp\/v2\/media?parent=19371"}],"wp:term":[{"taxonomy":"product_cat","embeddable":true,"href":"https:\/\/www.sunkaraoke.hu\/index.php\/wp-json\/wp\/v2\/product_cat?post=19371"},{"taxonomy":"product_tag","embeddable":true,"href":"https:\/\/www.sunkaraoke.hu\/index.php\/wp-json\/wp\/v2\/product_tag?post=19371"}],"curies":[{"name":"wp","href":"https:\/\/api.w.org\/{rel}","templated":true}]}}