{"id":19368,"date":"2025-05-18T14:00:45","date_gmt":"2025-05-18T14:00:45","guid":{"rendered":"https:\/\/www.sunkaraoke.hu\/?post_type=product&#038;p=19368"},"modified":"2025-05-18T14:02:13","modified_gmt":"2025-05-18T14:02:13","slug":"csore-bela-valaki-teged-var-2025-new-pb-edition","status":"publish","type":"product","link":"https:\/\/www.sunkaraoke.hu\/index.php\/termek\/csore-bela-valaki-teged-var-2025-new-pb-edition\/","title":{"rendered":"<div class=\"wcmp-player-container product-19368\"><audio controlslist=\"nodownload\" data-product=\"19368\"  volume=\"1\"  preload=\"none\" data-lazyloading=\"none\" class=\"wcmp-player track mejs-classic\" data-duration=\"0:34\" data-estimated_duration=\"4\"><source src=\"https:\/\/www.sunkaraoke.hu\/wp-content\/uploads\/2025\/05\/Valaki-teged-var-2025.New-TRSZ-Csore-PB.-kdemoo.mp3\" type=\"audio\/mp3\" \/><\/audio><\/div>Cs\u00f3r\u00e9 B\u00e9la &#8211; Valaki t\u00e9ged v\u00e1r 2025. New (PB. Edition)"},"content":{"rendered":"<p><strong>03:34<\/strong> |<\/p>\n","protected":false},"excerpt":{"rendered":"<h6><strong>Bits\u0171r\u0171s\u00e9g: 320<\/strong>kb\/s<strong><br \/>\n<\/strong><strong>Hossz: <\/strong>03:34<strong><br \/>\n<\/strong><strong style=\"font-size: 16px;\">Vok\u00e1lt tartalmaz: Nem<\/strong><strong style=\"font-size: 16px;\"><br \/>\n<\/strong><\/h6>\n<p>Sunkaraoke mp3 st\u00fadi\u00f3 \/ www.sunkaraoke.hu \/ Inf: Tel: 06 20 4275001<\/p>\n<p>&#8212;Intr\u00f3&#8212;<br \/>\nHa \u00fagy \u00e9rzed, hogy nem kellesz m\u00e1r senkinek,<br \/>\n\u00f6r\u00f6kre \u00f6sszet\u00f6rt\u00e9k a sz\u00edvedet.<br \/>\nNe add fel, ne add fel semmi\u00e9rt!<br \/>\nAz \u00e9let k\u00e1rp\u00f3tol majd minden\u00e9rt.<br \/>\nHidd el valaki t\u00e9ged v\u00e1r,valaki \u00e9rted sz\u00e1ll,<br \/>\nlesz, aki \u00e9rted \u00e9l,mind\u00f6r\u00f6kre m\u00e1r.<br \/>\nHidd el valaki t\u00e9ged v\u00e1r,valaki \u00e9rted sz\u00e1ll,<br \/>\nLesz, aki \u00e9rted \u00e9l,mind\u00f6r\u00f6kre m\u00e1r.<br \/>\nHa \u00fagy \u00e9rzed, hogy nem kellesz m\u00e1r senkinek,<br \/>\n\u00f6r\u00f6kre \u00f6sszet\u00f6rt\u00e9k a sz\u00edvedet.<br \/>\nNe add fel, ne add fel semmi\u00e9rt!<br \/>\nAz \u00e9let k\u00e1rp\u00f3tol majd minden\u00e9rt.<br \/>\nHidd el valaki t\u00e9ged v\u00e1r,valaki \u00e9rted sz\u00e1ll,<br \/>\nlesz, aki \u00e9rted \u00e9l,mind\u00f6r\u00f6kre m\u00e1r.<br \/>\nHidd el valaki t\u00e9ged v\u00e1r,valaki \u00e9rted sz\u00e1ll,<br \/>\nLesz, aki \u00e9rted \u00e9l,mind\u00f6r\u00f6kre m\u00e1r.<br \/>\n&#8212;Sz\u00f3l\u00f3&#8212;<br \/>\nHa \u00fagy \u00e9rzed, hogy nem kellesz m\u00e1r senkinek,<br \/>\n\u00f6r\u00f6kre \u00f6sszet\u00f6rt\u00e9k a sz\u00edvedet.<br \/>\nNe add fel, ne add fel semmi\u00e9rt!<br \/>\nAz \u00e9let k\u00e1rp\u00f3tol majd minden\u00e9rt.<br \/>\nHidd el valaki t\u00e9ged v\u00e1r,valaki \u00e9rted sz\u00e1ll,<br \/>\nlesz, aki \u00e9rted \u00e9l,mind\u00f6r\u00f6kre m\u00e1r.<br \/>\nHidd el valaki t\u00e9ged v\u00e1r,valaki \u00e9rted sz\u00e1ll,<br \/>\nLesz, aki \u00e9rted \u00e9l,mind\u00f6r\u00f6kre m\u00e1r.<br \/>\nHidd el valaki t\u00e9ged v\u00e1r,valaki \u00e9rted sz\u00e1ll,<br \/>\nlesz, aki \u00e9rted \u00e9l,mind\u00f6r\u00f6kre m\u00e1r.<br \/>\nHidd el valaki t\u00e9ged v\u00e1r,valaki \u00e9rted sz\u00e1ll,<br \/>\nLesz, aki \u00e9rted \u00e9l,mind\u00f6r\u00f6kre m\u00e1r.<br \/>\n&#8212;V\u00e9ge&#8212;<\/p>\n","protected":false},"featured_media":18710,"template":"","meta":{"site-sidebar-layout":"default","site-content-layout":"default","ast-site-content-layout":"default","site-content-style":"default","site-sidebar-style":"default","ast-global-header-display":"","ast-banner-title-visibility":"","ast-main-header-display":"","ast-hfb-above-header-display":"","ast-hfb-below-header-display":"","ast-hfb-mobile-header-display":"","site-post-title":"","ast-breadcrumbs-content":"","ast-featured-img":"","footer-sml-layout":"","theme-transparent-header-meta":"default","adv-header-id-meta":"","stick-header-meta":"","header-above-stick-meta":"","header-main-stick-meta":"","header-below-stick-meta":"","astra-migrate-meta-layouts":"set","ast-page-background-enabled":"default","ast-page-background-meta":{"desktop":{"background-color":"var(--ast-global-color-4)","background-image":"","background-repeat":"repeat","background-position":"center center","background-size":"auto","background-attachment":"scroll","background-type":"","background-media":"","overlay-type":"","overlay-color":"","overlay-opacity":"","overlay-gradient":""},"tablet":{"background-color":"","background-image":"","background-repeat":"repeat","background-position":"center center","background-size":"auto","background-attachment":"scroll","background-type":"","background-media":"","overlay-type":"","overlay-color":"","overlay-opacity":"","overlay-gradient":""},"mobile":{"background-color":"","background-image":"","background-repeat":"repeat","background-position":"center center","background-size":"auto","background-attachment":"scroll","background-type":"","background-media":"","overlay-type":"","overlay-color":"","overlay-opacity":"","overlay-gradient":""}},"ast-content-background-meta":{"desktop":{"background-color":"var(--ast-global-color-5)","background-image":"","background-repeat":"repeat","background-position":"center center","background-size":"auto","background-attachment":"scroll","background-type":"","background-media":"","overlay-type":"","overlay-color":"","overlay-opacity":"","overlay-gradient":""},"tablet":{"background-color":"var(--ast-global-color-5)","background-image":"","background-repeat":"repeat","background-position":"center center","background-size":"auto","background-attachment":"scroll","background-type":"","background-media":"","overlay-type":"","overlay-color":"","overlay-opacity":"","overlay-gradient":""},"mobile":{"background-color":"var(--ast-global-color-5)","background-image":"","background-repeat":"repeat","background-position":"center center","background-size":"auto","background-attachment":"scroll","background-type":"","background-media":"","overlay-type":"","overlay-color":"","overlay-opacity":"","overlay-gradient":""}}},"product_cat":[48],"product_tag":[],"class_list":["post-19368","product","type-product","status-publish","has-post-thumbnail","hentry","product_cat-sunkaraoke-dalok","desktop-align-left","tablet-align-left","mobile-align-left"],"_links":{"self":[{"href":"https:\/\/www.sunkaraoke.hu\/index.php\/wp-json\/wp\/v2\/product\/19368","targetHints":{"allow":["GET"]}}],"collection":[{"href":"https:\/\/www.sunkaraoke.hu\/index.php\/wp-json\/wp\/v2\/product"}],"about":[{"href":"https:\/\/www.sunkaraoke.hu\/index.php\/wp-json\/wp\/v2\/types\/product"}],"wp:featuredmedia":[{"embeddable":true,"href":"https:\/\/www.sunkaraoke.hu\/index.php\/wp-json\/wp\/v2\/media\/18710"}],"wp:attachment":[{"href":"https:\/\/www.sunkaraoke.hu\/index.php\/wp-json\/wp\/v2\/media?parent=19368"}],"wp:term":[{"taxonomy":"product_cat","embeddable":true,"href":"https:\/\/www.sunkaraoke.hu\/index.php\/wp-json\/wp\/v2\/product_cat?post=19368"},{"taxonomy":"product_tag","embeddable":true,"href":"https:\/\/www.sunkaraoke.hu\/index.php\/wp-json\/wp\/v2\/product_tag?post=19368"}],"curies":[{"name":"wp","href":"https:\/\/api.w.org\/{rel}","templated":true}]}}