{"id":19354,"date":"2025-05-15T11:43:39","date_gmt":"2025-05-15T11:43:39","guid":{"rendered":"https:\/\/www.sunkaraoke.hu\/?post_type=product&#038;p=19354"},"modified":"2025-05-15T11:51:38","modified_gmt":"2025-05-15T11:51:38","slug":"joy-ugy-szeress-most-2025-new-pb-edition","status":"publish","type":"product","link":"https:\/\/www.sunkaraoke.hu\/index.php\/termek\/joy-ugy-szeress-most-2025-new-pb-edition\/","title":{"rendered":"<div class=\"wcmp-player-container product-19354\"><audio controlslist=\"nodownload\" data-product=\"19354\"  volume=\"1\"  preload=\"none\" data-lazyloading=\"none\" class=\"wcmp-player track mejs-classic\" data-duration=\"0:36\" data-estimated_duration=\"4\"><source src=\"https:\/\/www.sunkaraoke.hu\/wp-content\/uploads\/2025\/05\/Ugy-szeress-most-2025.-New-Joy-Magyar-PB.demooo.mp3\" type=\"audio\/mp3\" \/><\/audio><\/div>Joy &#8211; \u00dagy szeress most 2025. New ( PB. Edition )"},"content":{"rendered":"<p><strong>03:12<\/strong>\u00a0| <strong><img loading=\"lazy\" decoding=\"async\" class=\"alignnone size-full wp-image-467\" src=\"https:\/\/www.sunkaraoke.hu\/wp-content\/uploads\/2022\/07\/choir_2-copy.webp\" alt=\"\" width=\"30\" height=\"30\" \/> <\/strong><\/p>\n","protected":false},"excerpt":{"rendered":"<h6><strong>Bits\u0171r\u0171s\u00e9g: 320<\/strong>kb\/s<strong><br \/>\n<\/strong><strong>Hossz: <\/strong>03:12<strong><br \/>\n<\/strong><strong style=\"font-size: 16px;\">Vok\u00e1lt tartalmaz: <\/strong>Nem <img loading=\"lazy\" decoding=\"async\" class=\"alignnone size-full wp-image-467\" src=\"http:\/\/www.sunkaraoke.hu\/wp-content\/uploads\/2022\/07\/choir_2-copy.png\" alt=\"\" width=\"30\" height=\"30\" \/><strong style=\"font-size: 16px;\"><br \/>\n<\/strong><\/h6>\n<p>Sunkaraoke mp3 st\u00fadi\u00f3 \/ www.sunkaraoke.hu \/ Inf: Tel: 06 20 4275001<\/p>\n<p>&#8212;Intr\u00f3&#8212;<br \/>\nHa j\u00f3 az id\u0151 \u00e9s te itt vagy velem, ritmusra ver bolond sz\u00edvem,<br \/>\nszemeid f\u00e9nysugar\u00e1ban, \u00e9rzem el\u00e9gek.<br \/>\nCsak veled sz\u00e1rnyal a k\u00e9pzelet, sz\u00ednesre fested a k\u00e9k eget,<br \/>\ns ha t\u0171zben l\u00e1ngol a lelked, sose f\u00e9lek.<br \/>\nMegteszem ha k\u00e9red, ez a c\u00e9l,<br \/>\nmindig sz\u00edvedben \u00e9lek.<br \/>\nMegteszem ha k\u00e9red, sose f\u00e9lj,<br \/>\nmert te vagy nekem a v\u00e9gzet.<br \/>\n\u00dagy szeress most, b\u0151r\u00f6dt\u0151l \u00e9gjen a testem,<br \/>\n\u00fagy szeress most, te leszel az \u00f6r\u00f6k szerelmem.<br \/>\n&#8212;Sz\u00f3l\u00f3&#8212;<br \/>\nEz a perc nekem \u00f6r\u00f6kre kell, s a k\u00e9t karod ami \u00e1t\u00f6lel,<br \/>\noly tiszta \u00e9s egyszer\u0171 \u00e9rz\u00e9s, amit v\u00e1r m\u00e9g.<br \/>\nSzerelmed \u00e9rzem csak az eny\u00e9m, ezernyi \u00e1lmod tenger\u00e9n,<br \/>\n\u00e9jjel \u00e9s nappal is v\u00e1rom, kell a j\u00e1t\u00e9k.<br \/>\nMegteszem ha k\u00e9red, ez a c\u00e9l,<br \/>\nmindig sz\u00edvedben \u00e9lek.<br \/>\nMegteszem ha k\u00e9red, sose f\u00e9lj,<br \/>\nmert te vagy nekem a v\u00e9gzet.<br \/>\n\u00dagy szeress most, b\u0151r\u00f6dt\u0151l \u00e9gjen a testem,<br \/>\n\u00fagy szeress most, te leszel az \u00f6r\u00f6k szerelmem.<br \/>\nMegteszem ha k\u00e9red, ez a c\u00e9l,<br \/>\nmindig sz\u00edvedben \u00e9lek.<br \/>\nMegteszem ha k\u00e9red, sose f\u00e9lj,<br \/>\nmert te vagy nekem a v\u00e9gzet.<br \/>\n\u00dagy szeress most, b\u0151r\u00f6dt\u0151l \u00e9gjen a testem,<br \/>\n\u00fagy szeress most, te leszel az \u00f6r\u00f6k szerelmem.<br \/>\n&#8212;V\u00e9ge&#8212;<\/p>\n","protected":false},"featured_media":19361,"template":"","meta":{"site-sidebar-layout":"default","site-content-layout":"default","ast-site-content-layout":"default","site-content-style":"default","site-sidebar-style":"default","ast-global-header-display":"","ast-banner-title-visibility":"","ast-main-header-display":"","ast-hfb-above-header-display":"","ast-hfb-below-header-display":"","ast-hfb-mobile-header-display":"","site-post-title":"","ast-breadcrumbs-content":"","ast-featured-img":"","footer-sml-layout":"","theme-transparent-header-meta":"default","adv-header-id-meta":"","stick-header-meta":"","header-above-stick-meta":"","header-main-stick-meta":"","header-below-stick-meta":"","astra-migrate-meta-layouts":"set","ast-page-background-enabled":"default","ast-page-background-meta":{"desktop":{"background-color":"var(--ast-global-color-4)","background-image":"","background-repeat":"repeat","background-position":"center center","background-size":"auto","background-attachment":"scroll","background-type":"","background-media":"","overlay-type":"","overlay-color":"","overlay-opacity":"","overlay-gradient":""},"tablet":{"background-color":"","background-image":"","background-repeat":"repeat","background-position":"center center","background-size":"auto","background-attachment":"scroll","background-type":"","background-media":"","overlay-type":"","overlay-color":"","overlay-opacity":"","overlay-gradient":""},"mobile":{"background-color":"","background-image":"","background-repeat":"repeat","background-position":"center center","background-size":"auto","background-attachment":"scroll","background-type":"","background-media":"","overlay-type":"","overlay-color":"","overlay-opacity":"","overlay-gradient":""}},"ast-content-background-meta":{"desktop":{"background-color":"var(--ast-global-color-5)","background-image":"","background-repeat":"repeat","background-position":"center center","background-size":"auto","background-attachment":"scroll","background-type":"","background-media":"","overlay-type":"","overlay-color":"","overlay-opacity":"","overlay-gradient":""},"tablet":{"background-color":"var(--ast-global-color-5)","background-image":"","background-repeat":"repeat","background-position":"center center","background-size":"auto","background-attachment":"scroll","background-type":"","background-media":"","overlay-type":"","overlay-color":"","overlay-opacity":"","overlay-gradient":""},"mobile":{"background-color":"var(--ast-global-color-5)","background-image":"","background-repeat":"repeat","background-position":"center center","background-size":"auto","background-attachment":"scroll","background-type":"","background-media":"","overlay-type":"","overlay-color":"","overlay-opacity":"","overlay-gradient":""}}},"product_cat":[48],"product_tag":[],"class_list":["post-19354","product","type-product","status-publish","has-post-thumbnail","hentry","product_cat-sunkaraoke-dalok","desktop-align-left","tablet-align-left","mobile-align-left"],"_links":{"self":[{"href":"https:\/\/www.sunkaraoke.hu\/index.php\/wp-json\/wp\/v2\/product\/19354","targetHints":{"allow":["GET"]}}],"collection":[{"href":"https:\/\/www.sunkaraoke.hu\/index.php\/wp-json\/wp\/v2\/product"}],"about":[{"href":"https:\/\/www.sunkaraoke.hu\/index.php\/wp-json\/wp\/v2\/types\/product"}],"wp:featuredmedia":[{"embeddable":true,"href":"https:\/\/www.sunkaraoke.hu\/index.php\/wp-json\/wp\/v2\/media\/19361"}],"wp:attachment":[{"href":"https:\/\/www.sunkaraoke.hu\/index.php\/wp-json\/wp\/v2\/media?parent=19354"}],"wp:term":[{"taxonomy":"product_cat","embeddable":true,"href":"https:\/\/www.sunkaraoke.hu\/index.php\/wp-json\/wp\/v2\/product_cat?post=19354"},{"taxonomy":"product_tag","embeddable":true,"href":"https:\/\/www.sunkaraoke.hu\/index.php\/wp-json\/wp\/v2\/product_tag?post=19354"}],"curies":[{"name":"wp","href":"https:\/\/api.w.org\/{rel}","templated":true}]}}