{"id":19350,"date":"2025-05-13T12:54:28","date_gmt":"2025-05-13T12:54:28","guid":{"rendered":"https:\/\/www.sunkaraoke.hu\/?post_type=product&#038;p=19350"},"modified":"2025-05-13T12:55:56","modified_gmt":"2025-05-13T12:55:56","slug":"piros-bela-piros-mulatos-90-mix-original","status":"publish","type":"product","link":"https:\/\/www.sunkaraoke.hu\/index.php\/termek\/piros-bela-piros-mulatos-90-mix-original\/","title":{"rendered":"<div class=\"wcmp-player-container product-19350\"><audio controlslist=\"nodownload\" data-product=\"19350\"  volume=\"1\"  preload=\"none\" data-lazyloading=\"none\" class=\"wcmp-player track mejs-classic\" data-duration=\"0:36\" data-estimated_duration=\"4\"><source src=\"https:\/\/www.sunkaraoke.hu\/wp-content\/uploads\/2025\/05\/Piros-Bela-mulatos-mix-90.-Orig-demoo.mp3\" type=\"audio\/mp3\" \/><\/audio><\/div>Piros B\u00e9la -Piros Mulat\u00f3s 90. Mix. (Original)"},"content":{"rendered":"<p><b>11:03<\/b>| <strong><img loading=\"lazy\" decoding=\"async\" class=\"alignnone size-full wp-image-467\" src=\"https:\/\/www.sunkaraoke.hu\/wp-content\/uploads\/2022\/07\/choir_2-copy.webp\" alt=\"\" width=\"30\" height=\"30\" \/> <\/strong><\/p>\n","protected":false},"excerpt":{"rendered":"<h6><strong>Bits\u0171r\u0171s\u00e9g: 320kb\/s<\/strong><br \/>\n<strong>Hossz: 11:03<\/strong><br \/>\n<strong>Vok\u00e1lt tartalmaz: Nem <img loading=\"lazy\" decoding=\"async\" class=\"alignnone size-full wp-image-467\" src=\"http:\/\/www.sunkaraoke.hu\/wp-content\/uploads\/2022\/07\/choir_2-copy.png\" alt=\"\" width=\"30\" height=\"30\" \/><\/strong><strong style=\"font-size: 16px;\"><br \/>\n<\/strong><\/h6>\n<p>Sunkaraoke mp3 st\u00fadi\u00f3 \/ www.sunkaraoke.hu \/ Inf: Tel: 06 20 4275001<\/p>\n<p>&#8212;Intr\u00f3&#8212;<br \/>\nFekete cserepes,h\u00e1romemeletes a tarpai b\u00edr\u00f3 h\u00e1za,<br \/>\nS\u00edrva s\u00e9t\u00e1l benne,s\u00edrva s\u00e9t\u00e1l benne a tarpai b\u00edr\u00f3 l\u00e1nya.<br \/>\nMinden l\u00e1nynak van bab\u00e1ja,kivel mulat a cs\u00e1rd\u00e1ban,<br \/>\nsej,csak az eny\u00e9m,csuhaj,csak az eny\u00e9m hervad benn a kasz\u00e1rny\u00e1ban.<br \/>\nMinden l\u00e1nynak van bab\u00e1ja,kivel mulat a cs\u00e1rd\u00e1ban,<br \/>\nsej,csak az eny\u00e9m,csuhaj,csak az eny\u00e9m hervad benn a kasz\u00e1rny\u00e1ban.<br \/>\nBefogom a lovam,befogom a lovam a z\u00f6ldre festett kis kocsimba,<br \/>\nElviszem a b\u00faz\u00e1t,elviszem a b\u00faz\u00e1t a tarpai g\u0151zmalomba.<br \/>\nMegk\u00e9rem a lisztesmoln\u00e1rt,\u0151r\u00f6lje meg a b\u00faz\u00e1mat!<br \/>\n\u00cdgy is m\u00e1s \u00f6leli,\u00fagy is m\u00e1s \u00f6leli odahaza a bab\u00e1mat.<br \/>\nMegk\u00e9rem a lisztesmoln\u00e1rt,\u0151r\u00f6lje meg a b\u00faz\u00e1mat!<br \/>\n\u00cdgy is m\u00e1s \u00f6leli,\u00fagy is m\u00e1s \u00f6leli odahaza a bab\u00e1mat.<br \/>\n&#8212;Sz\u00f3l\u00f3&#8212;<br \/>\nFekete cserepes,h\u00e1romemeletes a tarpai b\u00edr\u00f3 h\u00e1za,<br \/>\nS\u00edrva s\u00e9t\u00e1l benne,s\u00edrva s\u00e9t\u00e1l benne a tarpai b\u00edr\u00f3 l\u00e1nya.<br \/>\nMinden l\u00e1nynak van bab\u00e1ja,kivel mulat a cs\u00e1rd\u00e1ban,<br \/>\nsej,csak az eny\u00e9m,csuhaj,csak az eny\u00e9m hervad benn a kasz\u00e1rny\u00e1ban.<br \/>\nMinden l\u00e1nynak van bab\u00e1ja,kivel mulat a cs\u00e1rd\u00e1ban,<br \/>\nsej,csak az eny\u00e9m,csuhaj,csak az eny\u00e9m hervad benn a kasz\u00e1rny\u00e1ban.<br \/>\n&#8212;Sz\u00f3l\u00f3&#8212;<br \/>\nEz a vonat most van indul\u00f3ban,<br \/>\nA belseje fel van vir\u00e1gozva.<br \/>\nA belseje s\u00e1rg\u00e1ra, leszerel\u0151 \u00f6reg bak\u00e1k sz\u00e1m\u00e1ra,<br \/>\nmennek haza v\u00e9gleg szabads\u00e1gra.<br \/>\nA belseje s\u00e1rg\u00e1ra, leszerel\u0151 \u00f6reg bak\u00e1k sz\u00e1m\u00e1ra,<br \/>\nmennek haza v\u00e9gleg szabads\u00e1gra.<br \/>\nBe van az \u00e9n zubbonyzsebem varrva,<br \/>\nbarna kisl\u00e1ny kisl\u00e1ny mit keresel rajta?<br \/>\nBenne van a zsoldk\u00f6nyvem, meg a leszerel\u0151 civil levelem,<br \/>\nm\u00e1r ezut\u00e1n barna kisl\u00e1ny a kedvesem.<br \/>\nBenne van a zsoldk\u00f6nyvem, meg a leszerel\u0151 civil levelem,<br \/>\nm\u00e1r ezut\u00e1n barna kisl\u00e1ny a kedvesem.<br \/>\nV\u00e9ge van az \u00f6sszes gyakorlatnak<br \/>\n\u00f6reg baka hazafel\u00e9 baktat.<br \/>\nZsebre v\u00e1gja a zsoldk\u00f6nyv\u00e9t, meg a leszerel\u0151 civil level\u00e9t,<br \/>\nelveszi a kopasznak a szeret\u0151j\u00e9t.<br \/>\nZsebre v\u00e1gja a zsoldk\u00f6nyv\u00e9t, meg a leszerel\u0151 civil level\u00e9t,<br \/>\nelveszi a kopasznak a szeret\u0151j\u00e9t.<br \/>\n&#8212;Sz\u00f3l\u00f3&#8212;<br \/>\nA szekeresi vas\u00fat\u00e1llom\u00e1son k\u00e9t vonat \u00e1ll kinn a negyedik v\u00e1g\u00e1nyon.<br \/>\nAz egyiknek,jaj,de magas a k\u00e9m\u00e9nye,azzal visznek ki a hat\u00e1rsz\u00e9lre.<br \/>\nAz egyiknek,jaj,de magas a k\u00e9m\u00e9nye,azzal visznek ki a hat\u00e1rsz\u00e9lre.<br \/>\nAz \u00e9n r\u00f3zs\u00e1m karjai,karjai,nem akar meghajlani, levelet \u00edrni.<br \/>\nMeg kell annak hajlani,levelet \u00edrni,ha meg akar \u00f6lelni cs\u00f3kolni.<br \/>\nMeg kell annak hajlani,levelet \u00edrni,ha meg akar \u00f6lelni cs\u00f3kolni.<br \/>\n&#8212;Sz\u00f3l\u00f3&#8212;<br \/>\nHej, de kutya j\u00f3 kedvem van az \u00e1ld\u00f3j\u00e1t n\u00e9ki,<br \/>\nm\u00e9g az \u00e9jjel, \u00fagy ber\u00fagok, hogy \u00f6r\u00f6m lesz azt n\u00e9zni.<br \/>\nSzombaton este azt mondta a bab\u00e1m,<br \/>\nhogy ne j\u00e1rjak, bolonduljak ut\u00e1na.<br \/>\nK\u00f3cot teker a haj\u00e1ba,m\u00e1snak lesz a bab\u00e1ja.<br \/>\nSzombaton este azt mondta a bab\u00e1m,<br \/>\nhogy ne j\u00e1rjak, bolonduljak ut\u00e1na.<br \/>\nK\u00f3cot teker a haj\u00e1ba,m\u00e1snak lesz a bab\u00e1ja.<br \/>\nHej, de kutya j\u00f3 kedvem van az \u00e1ld\u00f3j\u00e1t n\u00e9ki,<br \/>\nm\u00e9g az \u00e9jjel, \u00fagy ber\u00fagok, hogy \u00f6r\u00f6m lesz azt n\u00e9zni<br \/>\nDe \u00e9n azt\u00e1n azt feleltem n\u00e9ki,<br \/>\nHallod r\u00f3zs\u00e1m kellesz te a fen\u00e9nek,<br \/>\nNem vagyok \u00e9n bugyi, amit minden este cser\u00e9lnek.<br \/>\nDe \u00e9n azt\u00e1n azt feleltem n\u00e9ki,<br \/>\nHallod r\u00f3zs\u00e1m kellesz te a fen\u00e9nek,<br \/>\nNem vagyok \u00e9n bugyi, amit minden este cser\u00e9lnek.<br \/>\nLemegyek a, lemegyek a pince fenek\u00e9re,<br \/>\nfel\u00fcl\u00f6k a, fel\u00fcl\u00f6k a hord\u00f3 tetej\u00e9re.<br \/>\nAddig iszom m\u00e9g egy korty lesz,<br \/>\nazut\u00e1n meg kisangyalom a sz\u00f3dav\u00edz is j\u00f3 lesz.<br \/>\negyszer voltam el a Ligetbe s\u00e9t\u00e1lni.<br \/>\nAddig iszom m\u00e9g egy korty lesz,<br \/>\nazut\u00e1n meg kisangyalom de \u00fagy is j\u00f3 lesz,<br \/>\negyszer voltam el a Ligetbe s\u00e9t\u00e1lni.<br \/>\n&#8212;Sz\u00f3l\u00f3&#8212;<br \/>\nS\u00e1rga a csik\u00f3,s\u00e1rga a nyereg rajta,most akartam hozz\u00e1d menni rajta.<br \/>\nMost akartam v\u00e9led besz\u00e9lgetni,itt van az id\u0151,el kell mas\u00edrozni!<br \/>\nMost akartam v\u00e9led besz\u00e9lgetni,itt van az id\u0151,el kell mas\u00edrozni!<br \/>\nAny\u00e1m,any\u00e1m,kedves \u00e9desany\u00e1m,de szomor\u00fa vas\u00e1rnap d\u00e9lut\u00e1n.<br \/>\nH\u00e1zunk el\u0151tt sz\u00e9pen muzsik\u00e1lnak,engemet pedig visznek katon\u00e1nak.<br \/>\nH\u00e1zunk el\u0151tt sz\u00e9pen muzsik\u00e1lnak,engemet pedig visznek katon\u00e1nak.<br \/>\nNe vigyenek engem katon\u00e1nak!Megszakad a sz\u00edve a bab\u00e1mnak.<br \/>\nMeghasad a bab\u00e1m gy\u00f6nge sz\u00edve,ha engemet elrabolnak t\u0151le.<br \/>\nMeghasad a bab\u00e1m gy\u00f6nge sz\u00edve,ha engemet elrabolnak t\u0151le.<br \/>\n&#8212;V\u00e9ge&#8212;<\/p>\n","protected":false},"featured_media":12989,"template":"","meta":{"site-sidebar-layout":"default","site-content-layout":"default","ast-site-content-layout":"default","site-content-style":"default","site-sidebar-style":"default","ast-global-header-display":"","ast-banner-title-visibility":"","ast-main-header-display":"","ast-hfb-above-header-display":"","ast-hfb-below-header-display":"","ast-hfb-mobile-header-display":"","site-post-title":"","ast-breadcrumbs-content":"","ast-featured-img":"","footer-sml-layout":"","theme-transparent-header-meta":"default","adv-header-id-meta":"","stick-header-meta":"","header-above-stick-meta":"","header-main-stick-meta":"","header-below-stick-meta":"","astra-migrate-meta-layouts":"set","ast-page-background-enabled":"default","ast-page-background-meta":{"desktop":{"background-color":"var(--ast-global-color-4)","background-image":"","background-repeat":"repeat","background-position":"center center","background-size":"auto","background-attachment":"scroll","background-type":"","background-media":"","overlay-type":"","overlay-color":"","overlay-opacity":"","overlay-gradient":""},"tablet":{"background-color":"","background-image":"","background-repeat":"repeat","background-position":"center center","background-size":"auto","background-attachment":"scroll","background-type":"","background-media":"","overlay-type":"","overlay-color":"","overlay-opacity":"","overlay-gradient":""},"mobile":{"background-color":"","background-image":"","background-repeat":"repeat","background-position":"center center","background-size":"auto","background-attachment":"scroll","background-type":"","background-media":"","overlay-type":"","overlay-color":"","overlay-opacity":"","overlay-gradient":""}},"ast-content-background-meta":{"desktop":{"background-color":"var(--ast-global-color-5)","background-image":"","background-repeat":"repeat","background-position":"center center","background-size":"auto","background-attachment":"scroll","background-type":"","background-media":"","overlay-type":"","overlay-color":"","overlay-opacity":"","overlay-gradient":""},"tablet":{"background-color":"var(--ast-global-color-5)","background-image":"","background-repeat":"repeat","background-position":"center center","background-size":"auto","background-attachment":"scroll","background-type":"","background-media":"","overlay-type":"","overlay-color":"","overlay-opacity":"","overlay-gradient":""},"mobile":{"background-color":"var(--ast-global-color-5)","background-image":"","background-repeat":"repeat","background-position":"center center","background-size":"auto","background-attachment":"scroll","background-type":"","background-media":"","overlay-type":"","overlay-color":"","overlay-opacity":"","overlay-gradient":""}}},"product_cat":[48],"product_tag":[],"class_list":["post-19350","product","type-product","status-publish","has-post-thumbnail","hentry","product_cat-sunkaraoke-dalok","desktop-align-left","tablet-align-left","mobile-align-left"],"_links":{"self":[{"href":"https:\/\/www.sunkaraoke.hu\/index.php\/wp-json\/wp\/v2\/product\/19350","targetHints":{"allow":["GET"]}}],"collection":[{"href":"https:\/\/www.sunkaraoke.hu\/index.php\/wp-json\/wp\/v2\/product"}],"about":[{"href":"https:\/\/www.sunkaraoke.hu\/index.php\/wp-json\/wp\/v2\/types\/product"}],"wp:featuredmedia":[{"embeddable":true,"href":"https:\/\/www.sunkaraoke.hu\/index.php\/wp-json\/wp\/v2\/media\/12989"}],"wp:attachment":[{"href":"https:\/\/www.sunkaraoke.hu\/index.php\/wp-json\/wp\/v2\/media?parent=19350"}],"wp:term":[{"taxonomy":"product_cat","embeddable":true,"href":"https:\/\/www.sunkaraoke.hu\/index.php\/wp-json\/wp\/v2\/product_cat?post=19350"},{"taxonomy":"product_tag","embeddable":true,"href":"https:\/\/www.sunkaraoke.hu\/index.php\/wp-json\/wp\/v2\/product_tag?post=19350"}],"curies":[{"name":"wp","href":"https:\/\/api.w.org\/{rel}","templated":true}]}}