{"id":19335,"date":"2025-05-10T14:06:41","date_gmt":"2025-05-10T14:06:41","guid":{"rendered":"https:\/\/www.sunkaraoke.hu\/?post_type=product&#038;p=19335"},"modified":"2025-05-10T14:07:57","modified_gmt":"2025-05-10T14:07:57","slug":"hofi-geza-szembe-jonnek-a-lanyok-2025-new-pb-edition","status":"publish","type":"product","link":"https:\/\/www.sunkaraoke.hu\/index.php\/termek\/hofi-geza-szembe-jonnek-a-lanyok-2025-new-pb-edition\/","title":{"rendered":"<div class=\"wcmp-player-container product-19335\"><audio controlslist=\"nodownload\" data-product=\"19335\"  volume=\"1\"  preload=\"none\" data-lazyloading=\"none\" class=\"wcmp-player track mejs-classic\" data-duration=\"0:40\" data-estimated_duration=\"4\"><source src=\"https:\/\/www.sunkaraoke.hu\/wp-content\/uploads\/2025\/05\/Szembe-jonnek-a-lanyok-TRSZ-2025.-New-Hofi-PB.-kdemoo.mp3\" type=\"audio\/mp3\" \/><\/audio><\/div>Hofi G\u00e9za &#8211; Szembe j\u00f6nnek a l\u00e1nyok 2025. New ( PB Edition)"},"content":{"rendered":"<p><strong>04:01<\/strong>\u00a0| <strong><img loading=\"lazy\" decoding=\"async\" class=\"alignnone size-full wp-image-467\" src=\"https:\/\/www.sunkaraoke.hu\/wp-content\/uploads\/2022\/07\/choir_2-copy.webp\" alt=\"\" width=\"30\" height=\"30\" \/> <\/strong><\/p>\n","protected":false},"excerpt":{"rendered":"<h6><strong>Bits\u0171r\u0171s\u00e9g: 320kb\/s<\/strong><br \/>\n<strong>Hossz: 04:01<\/strong><br \/>\n<strong>Vok\u00e1lt tartalmaz: Nem <img loading=\"lazy\" decoding=\"async\" class=\"alignnone size-full wp-image-467\" src=\"http:\/\/www.sunkaraoke.hu\/wp-content\/uploads\/2022\/07\/choir_2-copy.png\" alt=\"\" width=\"30\" height=\"30\" \/><\/strong><strong style=\"font-size: 16px;\"><br \/>\n<\/strong><\/h6>\n<p>Sunkaraoke mp3 st\u00fadi\u00f3 \/ www.sunkaraoke.hu \/ Inf: Tel: 06 20 4275001<\/p>\n<p>&#8212;Intr\u00f3&#8212;<br \/>\nNem tudom, hogy h\u00e1ny ezer \u00e9ve, s h\u00e1ny napja m\u00e1r,<br \/>\nha \u00e9rkezem vagy elmegyek,<br \/>\na r\u00e9gi suli a sarkon, a l\u00e1nyok kacaja folyton,<br \/>\nel\u00e9g hogy, gyermek legyek.<br \/>\nJ\u00e1tszan\u00e9k mint tizen\u00f6t \u00e9ve, semmi sem komoly,<br \/>\n\u00fagyis mi\u00e9nk, a f\u00e9l vil\u00e1g,<br \/>\nha most a kapuhoz \u00e9rek, visszat\u00e9rnek azok a k\u00e9pek,<br \/>\n\u00fagy d\u00e9lben, f\u00e9l egy ut\u00e1n.<br \/>\nSzembe j\u00f6nnek a l\u00e1nyok,<br \/>\n\u00e9s nem fakulnak az \u00e1lmok, valami\u00e9rt,<br \/>\nm\u00e9g most is arra j\u00e1rok.<br \/>\nR\u00e9g feln\u0151ttek a v\u00e1gyak, biztos helyre tal\u00e1ltak,<br \/>\n\u00e9s aki nem, megbocs\u00e1jt!<br \/>\n&#8212;Sz\u00f3l\u00f3&#8212;<br \/>\nNem tudom, hogy h\u00e1ny ezer \u00e9ve, s h\u00e1ny napja m\u00e1r,<br \/>\na sz\u00edvem m\u00e1s ritmusra j\u00e1r.<br \/>\nA l\u00e1nyok kacaja hajtja,s visszah\u00edvja \u00fajra meg \u00fajra,<br \/>\n\u00fagy d\u00e9lben, f\u00e9l egy ut\u00e1n.<br \/>\nJ\u00e1tszan\u00e9k mint tizen\u00f6t \u00e9ve, semmi sem komoly,<br \/>\n\u00fagyis mi\u00e9nk, a f\u00e9l vil\u00e1g,<br \/>\nha most a kapuhoz \u00e9rek, visszat\u00e9rnek azok a k\u00e9pek,<br \/>\n\u00fagy d\u00e9lben, f\u00e9l egy ut\u00e1n.<br \/>\nSzembe j\u00f6nnek a l\u00e1nyok,<br \/>\n\u00e9s nem fakulnak az \u00e1lmok, valami\u00e9rt,<br \/>\nm\u00e9g most is arra j\u00e1rok.<br \/>\nR\u00e9g feln\u0151ttek a v\u00e1gyak,<br \/>\nbiztos helyre tal\u00e1ltak,<br \/>\n\u00e9s aki nem, az megbocs\u00e1jt!<br \/>\nSzembe j\u00f6nnek a l\u00e1nyok,<br \/>\n\u00e9s nem fakulnak az \u00e1lmok,<br \/>\nvalami\u00e9rt, m\u00e9g most is arra j\u00e1rok.<br \/>\nR\u00e9g feln\u0151ttek a v\u00e1gyak,<br \/>\nbiztos helyre tal\u00e1ltak,<br \/>\n\u00e9s aki nem, az megbocs\u00e1jt.<br \/>\n&#8212;V\u00e9ge&#8212;<\/p>\n","protected":false},"featured_media":9326,"template":"","meta":{"site-sidebar-layout":"default","site-content-layout":"default","ast-site-content-layout":"default","site-content-style":"default","site-sidebar-style":"default","ast-global-header-display":"","ast-banner-title-visibility":"","ast-main-header-display":"","ast-hfb-above-header-display":"","ast-hfb-below-header-display":"","ast-hfb-mobile-header-display":"","site-post-title":"","ast-breadcrumbs-content":"","ast-featured-img":"","footer-sml-layout":"","theme-transparent-header-meta":"default","adv-header-id-meta":"","stick-header-meta":"","header-above-stick-meta":"","header-main-stick-meta":"","header-below-stick-meta":"","astra-migrate-meta-layouts":"set","ast-page-background-enabled":"default","ast-page-background-meta":{"desktop":{"background-color":"var(--ast-global-color-4)","background-image":"","background-repeat":"repeat","background-position":"center center","background-size":"auto","background-attachment":"scroll","background-type":"","background-media":"","overlay-type":"","overlay-color":"","overlay-opacity":"","overlay-gradient":""},"tablet":{"background-color":"","background-image":"","background-repeat":"repeat","background-position":"center center","background-size":"auto","background-attachment":"scroll","background-type":"","background-media":"","overlay-type":"","overlay-color":"","overlay-opacity":"","overlay-gradient":""},"mobile":{"background-color":"","background-image":"","background-repeat":"repeat","background-position":"center center","background-size":"auto","background-attachment":"scroll","background-type":"","background-media":"","overlay-type":"","overlay-color":"","overlay-opacity":"","overlay-gradient":""}},"ast-content-background-meta":{"desktop":{"background-color":"var(--ast-global-color-5)","background-image":"","background-repeat":"repeat","background-position":"center center","background-size":"auto","background-attachment":"scroll","background-type":"","background-media":"","overlay-type":"","overlay-color":"","overlay-opacity":"","overlay-gradient":""},"tablet":{"background-color":"var(--ast-global-color-5)","background-image":"","background-repeat":"repeat","background-position":"center center","background-size":"auto","background-attachment":"scroll","background-type":"","background-media":"","overlay-type":"","overlay-color":"","overlay-opacity":"","overlay-gradient":""},"mobile":{"background-color":"var(--ast-global-color-5)","background-image":"","background-repeat":"repeat","background-position":"center center","background-size":"auto","background-attachment":"scroll","background-type":"","background-media":"","overlay-type":"","overlay-color":"","overlay-opacity":"","overlay-gradient":""}}},"product_cat":[48],"product_tag":[],"class_list":["post-19335","product","type-product","status-publish","has-post-thumbnail","hentry","product_cat-sunkaraoke-dalok","desktop-align-left","tablet-align-left","mobile-align-left"],"_links":{"self":[{"href":"https:\/\/www.sunkaraoke.hu\/index.php\/wp-json\/wp\/v2\/product\/19335","targetHints":{"allow":["GET"]}}],"collection":[{"href":"https:\/\/www.sunkaraoke.hu\/index.php\/wp-json\/wp\/v2\/product"}],"about":[{"href":"https:\/\/www.sunkaraoke.hu\/index.php\/wp-json\/wp\/v2\/types\/product"}],"wp:featuredmedia":[{"embeddable":true,"href":"https:\/\/www.sunkaraoke.hu\/index.php\/wp-json\/wp\/v2\/media\/9326"}],"wp:attachment":[{"href":"https:\/\/www.sunkaraoke.hu\/index.php\/wp-json\/wp\/v2\/media?parent=19335"}],"wp:term":[{"taxonomy":"product_cat","embeddable":true,"href":"https:\/\/www.sunkaraoke.hu\/index.php\/wp-json\/wp\/v2\/product_cat?post=19335"},{"taxonomy":"product_tag","embeddable":true,"href":"https:\/\/www.sunkaraoke.hu\/index.php\/wp-json\/wp\/v2\/product_tag?post=19335"}],"curies":[{"name":"wp","href":"https:\/\/api.w.org\/{rel}","templated":true}]}}