{"id":19322,"date":"2025-05-08T10:49:37","date_gmt":"2025-05-08T10:49:37","guid":{"rendered":"https:\/\/www.sunkaraoke.hu\/?post_type=product&#038;p=19322"},"modified":"2025-05-08T10:50:55","modified_gmt":"2025-05-08T10:50:55","slug":"bodi-guszti-es-a-feketeszemek-ide-gyere-oda-gyereoriginal-palika-edition-copy","status":"publish","type":"product","link":"https:\/\/www.sunkaraoke.hu\/index.php\/termek\/bodi-guszti-es-a-feketeszemek-ide-gyere-oda-gyereoriginal-palika-edition-copy\/","title":{"rendered":"<div class=\"wcmp-player-container product-19322\"><audio controlslist=\"nodownload\" data-product=\"19322\"  volume=\"1\"  preload=\"none\" data-lazyloading=\"none\" class=\"wcmp-player track mejs-classic\" data-duration=\"0:37\" data-estimated_duration=\"4\"><source src=\"https:\/\/www.sunkaraoke.hu\/wp-content\/uploads\/2025\/05\/Ide-gyere-demooo.mp3\" type=\"audio\/mp3\" \/><\/audio><\/div>B\u00f3di Guszti \u00e9s a Feketeszemek &#8211; Ide gyere oda gyere(Original Palika Edition)"},"content":{"rendered":"<p><strong>03:24\/ <\/strong>\u00a0<strong><img loading=\"lazy\" decoding=\"async\" class=\"alignnone size-full wp-image-467\" src=\"https:\/\/www.sunkaraoke.hu\/wp-content\/uploads\/2022\/07\/choir_2-copy.webp\" alt=\"\" width=\"30\" height=\"30\" \/>\u00a0 \/\u00a0<\/strong><\/p>\n","protected":false},"excerpt":{"rendered":"<h6><strong>Bits\u0171r\u0171s\u00e9g: 320 kb\/s<\/strong><br \/>\n<strong>Hossz: 03:24<\/strong><br \/>\n<strong>Vok\u00e1lt tartalmaz: Nem <img loading=\"lazy\" decoding=\"async\" class=\"alignnone size-full wp-image-467\" src=\"http:\/\/www.sunkaraoke.hu\/wp-content\/uploads\/2022\/07\/choir_2-copy.png\" alt=\"\" width=\"30\" height=\"30\" \/><\/strong><\/h6>\n<p>Sunkaraoke mp3 st\u00fadi\u00f3 \/ www.sunkaraoke.hu \/ Inf: Tel: 06 20 4275001<\/p>\n<p>&#8212;Intr\u00f3&#8212;<br \/>\nJaj Istenem mit tettem, nagy szerelembe estem,<br \/>\nsz\u00e9peket mondt\u00e1l nekem , t\u00e1ncolni mentem veled.<br \/>\nOlyan j\u00f3l t\u00e1ncolt\u00e1l hogy az eszem is meg\u00e1ll.<br \/>\nolyan j\u00f3l figur\u00e1zt\u00e1l, hogy megbolond\u00edtott\u00e1l!<br \/>\nOlyan j\u00f3l t\u00e1ncolt\u00e1l hogy az eszem is meg\u00e1ll.<br \/>\nolyan j\u00f3l figur\u00e1zt\u00e1l, hogy megbolond\u00edtott\u00e1l!<br \/>\nN\u00e1d\u00e9 D\u00e9vl\u00e1 temer\u00e1v,\u00e1nde luma trubuv\u00e1v,<br \/>\ntrubuv\u00e1v k\u00e9 m\u00e9 zs\u00e1n\u00e1v, l\u00e1si voj\u00e1 t\u00e9 k\u00e9r\u00e1v.<br \/>\nAh\u00e1ly d\u00e9vl\u00e1 \u00e1ldin m\u00e1n, \u00e1nde luma trubuv\u00e1v&#8230;\u00e1j l\u00e9, l\u00e9, l\u00e9&#8230;<br \/>\nrubuv\u00e1v k\u00e9 m\u00e9 zs\u00e1n\u00e1v, l\u00e1si voj\u00e1 t\u00e9 k\u00e9r\u00e1v.<br \/>\nAh\u00e1ly d\u00e9vl\u00e1 \u00e1ldin m\u00e1n, \u00e1nde luma trubuv\u00e1v&#8230;\u00e1j l\u00e9, l\u00e9, l\u00e9&#8230;<br \/>\nrubuv\u00e1v k\u00e9 m\u00e9 zs\u00e1n\u00e1v, l\u00e1si voj\u00e1 t\u00e9 k\u00e9r\u00e1v.<br \/>\n&#8212;Sz\u00f3l\u00f3&#8212;<br \/>\nNekem minden siker\u00fcl a b\u00e1nat engem elker\u00fcl,<br \/>\nolyan j\u00f3l megy \u00e9nnekem, gy\u00f6ny\u00f6r\u0171 az \u00e9letem.<br \/>\nIde gyere oda gyere, megcs\u00f3kollak hogyha szeretsz,<br \/>\n\u00fagy megcs\u00f3kolt\u00e1l, hogy megbolond\u00edtott\u00e1l.<br \/>\nIde gyere oda gyere, megcs\u00f3kollak hogyha szeretsz,<br \/>\n\u00fagy megcs\u00f3kolt\u00e1l, hogy megbolond\u00edtott\u00e1l.<br \/>\n\u00c1r\u00e1tyi sz\u00e1sz \u00e9k kurk\u00f3,sz\u00e1sz o bij\u00e1v, rom\u00e1no,<br \/>\n\u00e1kh\u00e1rdem\u00e1n t\u00e9 kh\u00e9l\u00e1v,t\u00e1j mi ph\u00e9nd\u00e9m, csi cs\u00e1n\u00e1v.<br \/>\n\u00c1h\u00e1ly d\u00e9vl\u00e1 szok\u00e9rd\u00e9m, l\u00e9 but rom\u00e9n xox\u00e1d\u00e9m,<br \/>\nxox\u00e9d\u00e9m m\u00e9 csi zs\u00e1n\u00e1v, lov\u00e1rick\u00e1t\u00e9 kh\u00e9l\u00e1v.<br \/>\n\u00c1h\u00e1ly d\u00e9vl\u00e1 szok\u00e9rd\u00e9m, l\u00e9 but rom\u00e9n xox\u00e1d\u00e9m..l\u00e1,l\u00e1,l\u00e1&#8230;<br \/>\nxox\u00e9d\u00e9m m\u00e9 csi zs\u00e1n\u00e1v, lov\u00e1rick\u00e1t\u00e9 kh\u00e9l\u00e1v.<br \/>\nXox\u00e9d\u00e9m m\u00e9 csi zs\u00e1n\u00e1v, lov\u00e1rick\u00e1t\u00e9 kh\u00e9l\u00e1v.<br \/>\n&#8212;V\u00e9ge&#8212;<\/p>\n","protected":false},"featured_media":8719,"template":"","meta":{"site-sidebar-layout":"default","site-content-layout":"default","ast-site-content-layout":"default","site-content-style":"default","site-sidebar-style":"default","ast-global-header-display":"","ast-banner-title-visibility":"","ast-main-header-display":"","ast-hfb-above-header-display":"","ast-hfb-below-header-display":"","ast-hfb-mobile-header-display":"","site-post-title":"","ast-breadcrumbs-content":"","ast-featured-img":"","footer-sml-layout":"","theme-transparent-header-meta":"default","adv-header-id-meta":"","stick-header-meta":"","header-above-stick-meta":"","header-main-stick-meta":"","header-below-stick-meta":"","astra-migrate-meta-layouts":"set","ast-page-background-enabled":"default","ast-page-background-meta":{"desktop":{"background-color":"var(--ast-global-color-4)","background-image":"","background-repeat":"repeat","background-position":"center center","background-size":"auto","background-attachment":"scroll","background-type":"","background-media":"","overlay-type":"","overlay-color":"","overlay-opacity":"","overlay-gradient":""},"tablet":{"background-color":"","background-image":"","background-repeat":"repeat","background-position":"center center","background-size":"auto","background-attachment":"scroll","background-type":"","background-media":"","overlay-type":"","overlay-color":"","overlay-opacity":"","overlay-gradient":""},"mobile":{"background-color":"","background-image":"","background-repeat":"repeat","background-position":"center center","background-size":"auto","background-attachment":"scroll","background-type":"","background-media":"","overlay-type":"","overlay-color":"","overlay-opacity":"","overlay-gradient":""}},"ast-content-background-meta":{"desktop":{"background-color":"var(--ast-global-color-5)","background-image":"","background-repeat":"repeat","background-position":"center center","background-size":"auto","background-attachment":"scroll","background-type":"","background-media":"","overlay-type":"","overlay-color":"","overlay-opacity":"","overlay-gradient":""},"tablet":{"background-color":"var(--ast-global-color-5)","background-image":"","background-repeat":"repeat","background-position":"center center","background-size":"auto","background-attachment":"scroll","background-type":"","background-media":"","overlay-type":"","overlay-color":"","overlay-opacity":"","overlay-gradient":""},"mobile":{"background-color":"var(--ast-global-color-5)","background-image":"","background-repeat":"repeat","background-position":"center center","background-size":"auto","background-attachment":"scroll","background-type":"","background-media":"","overlay-type":"","overlay-color":"","overlay-opacity":"","overlay-gradient":""}}},"product_cat":[48],"product_tag":[],"class_list":["post-19322","product","type-product","status-publish","has-post-thumbnail","hentry","product_cat-sunkaraoke-dalok","desktop-align-left","tablet-align-left","mobile-align-left"],"_links":{"self":[{"href":"https:\/\/www.sunkaraoke.hu\/index.php\/wp-json\/wp\/v2\/product\/19322","targetHints":{"allow":["GET"]}}],"collection":[{"href":"https:\/\/www.sunkaraoke.hu\/index.php\/wp-json\/wp\/v2\/product"}],"about":[{"href":"https:\/\/www.sunkaraoke.hu\/index.php\/wp-json\/wp\/v2\/types\/product"}],"wp:featuredmedia":[{"embeddable":true,"href":"https:\/\/www.sunkaraoke.hu\/index.php\/wp-json\/wp\/v2\/media\/8719"}],"wp:attachment":[{"href":"https:\/\/www.sunkaraoke.hu\/index.php\/wp-json\/wp\/v2\/media?parent=19322"}],"wp:term":[{"taxonomy":"product_cat","embeddable":true,"href":"https:\/\/www.sunkaraoke.hu\/index.php\/wp-json\/wp\/v2\/product_cat?post=19322"},{"taxonomy":"product_tag","embeddable":true,"href":"https:\/\/www.sunkaraoke.hu\/index.php\/wp-json\/wp\/v2\/product_tag?post=19322"}],"curies":[{"name":"wp","href":"https:\/\/api.w.org\/{rel}","templated":true}]}}