{"id":19312,"date":"2025-05-06T12:03:06","date_gmt":"2025-05-06T12:03:06","guid":{"rendered":"https:\/\/www.sunkaraoke.hu\/?post_type=product&#038;p=19312"},"modified":"2025-05-06T12:04:46","modified_gmt":"2025-05-06T12:04:46","slug":"lobo-baby-faj-nagyon-a-szivem-2025-new-pb-edition","status":"publish","type":"product","link":"https:\/\/www.sunkaraoke.hu\/index.php\/termek\/lobo-baby-faj-nagyon-a-szivem-2025-new-pb-edition\/","title":{"rendered":"<div class=\"wcmp-player-container product-19312\"><audio controlslist=\"nodownload\" data-product=\"19312\"  volume=\"1\"  preload=\"none\" data-lazyloading=\"none\" class=\"wcmp-player track mejs-classic\" data-duration=\"0:32\" data-estimated_duration=\"4\"><source src=\"https:\/\/www.sunkaraoke.hu\/wp-content\/uploads\/2025\/05\/Baby-faj-nagyon-2025.-Newdemoo.mp3\" type=\"audio\/mp3\" \/><\/audio><\/div>Lobo: Baby f\u00e1j nagyon a sz\u00edvem 2025. NEW ( PB Edition)"},"content":{"rendered":"<p><strong>03:25<\/strong>| <strong><img loading=\"lazy\" decoding=\"async\" class=\"alignnone size-full wp-image-467\" src=\"https:\/\/www.sunkaraoke.hu\/wp-content\/uploads\/2022\/07\/choir_2-copy.webp\" alt=\"\" width=\"30\" height=\"30\" \/> | <img decoding=\"async\" src=\"https:\/\/www.sunkaraoke.hu\/wp-content\/uploads\/2022\/07\/transzponalas.webp\" \/> \u00a0<\/strong><\/p>\n","protected":false},"excerpt":{"rendered":"<h5><strong>Bits\u0171r\u0171s\u00e9g: 320kb\/s<\/strong><br \/>\n<strong>Hossz: 03:25<\/strong><br \/>\n<strong>Vok\u00e1lt tartalmaz: Nem <img loading=\"lazy\" decoding=\"async\" class=\"alignnone size-full wp-image-467\" src=\"http:\/\/www.sunkaraoke.hu\/wp-content\/uploads\/2022\/07\/choir_2-copy.png\" alt=\"\" width=\"30\" height=\"30\" \/><\/strong><\/h5>\n<p>Sunkaraoke mp3 st\u00fadi\u00f3 \/ www.sunkaraoke.hu \/ Inf: Tel: 06 20 4275001<\/p>\n<p>&#8212;Intr\u00f3&#8212;<br \/>\nVolt m\u00e1r n\u00e9h\u00e1ny \u00e1llom\u00e1s, egyik sem volt jobb, mint m\u00e1s.<br \/>\nAm\u00edg nem, tal\u00e1ltam r\u00e1d, nem volt semmi csak vads\u00e1g.<br \/>\nTan\u00edtsd meg h\u00e1t mi a j\u00f3, igaz r\u00e1m is az a sz\u00f3.<br \/>\nSenkit nem szerettem m\u00e9g, nincs bennem semmi sz\u00e9p eml\u00e9k.<br \/>\nBaby, f\u00e1j nagyon a sz\u00edvem,<br \/>\nha szerelem nincsen, itt szomor\u00fa minden.<br \/>\nBaby, l\u00e9gy nekem a kincsem,<br \/>\nj\u00f6jj szerelemisten, mondd el, hogy kell szeretnem!<br \/>\nH\u0171tlen sz\u00edvem megjavul, ha velem leszel ezent\u00fal,<br \/>\nha minden \u00e9jjel \u00f6leln\u00e9l, ha az \u00e9n nagy \u0151m lenn\u00e9l.<br \/>\nBaby, f\u00e1j nagyon a sz\u00edvem,<br \/>\nha szerelem nincsen, itt szomor\u00fa minden.<br \/>\nBaby, l\u00e9gy nekem a kincsem,<br \/>\nj\u00f6jj szerelemisten, mondd el, hogy kell szeretnem!<br \/>\n&#8212;Sz\u00f3l\u00f3&#8212;<br \/>\nVolt m\u00e1r n\u00e9h\u00e1ny \u00e1llom\u00e1s, egyik sem volt jobb, mint m\u00e1s.<br \/>\nAm\u00edg nem, tal\u00e1ltam r\u00e1d, nem volt semmi csak vads\u00e1g.<br \/>\nTan\u00edtsd meg h\u00e1t mi a j\u00f3, igaz r\u00e1m is az a sz\u00f3.<br \/>\nSenkit nem szerettem m\u00e9g, nincs bennem semmi sz\u00e9p eml\u00e9k.<br \/>\nBaby, f\u00e1j nagyon a sz\u00edvem,<br \/>\nha szerelem nincsen, itt szomor\u00fa minden.<br \/>\nBaby, l\u00e9gy nekem a kincsem,<br \/>\nj\u00f6jj szerelemisten, mondd el, hogy kell szeretnem!<br \/>\nBaby,f\u00e1j nagyon a sz\u00edvem,<br \/>\nha szerelem nincsen, itt szomor\u00fa minden.<br \/>\nBaby,l\u00e9gy nekem a kincsem,<br \/>\nj\u00f6jj,szerelemisten,mondd el,hogy kell szeretnem!<br \/>\n&#8212;V\u00e9ge&#8212;<\/p>\n","protected":false},"featured_media":19315,"template":"","meta":{"site-sidebar-layout":"default","site-content-layout":"default","ast-site-content-layout":"default","site-content-style":"default","site-sidebar-style":"default","ast-global-header-display":"","ast-banner-title-visibility":"","ast-main-header-display":"","ast-hfb-above-header-display":"","ast-hfb-below-header-display":"","ast-hfb-mobile-header-display":"","site-post-title":"","ast-breadcrumbs-content":"","ast-featured-img":"","footer-sml-layout":"","theme-transparent-header-meta":"default","adv-header-id-meta":"","stick-header-meta":"","header-above-stick-meta":"","header-main-stick-meta":"","header-below-stick-meta":"","astra-migrate-meta-layouts":"set","ast-page-background-enabled":"default","ast-page-background-meta":{"desktop":{"background-color":"var(--ast-global-color-4)","background-image":"","background-repeat":"repeat","background-position":"center center","background-size":"auto","background-attachment":"scroll","background-type":"","background-media":"","overlay-type":"","overlay-color":"","overlay-opacity":"","overlay-gradient":""},"tablet":{"background-color":"","background-image":"","background-repeat":"repeat","background-position":"center center","background-size":"auto","background-attachment":"scroll","background-type":"","background-media":"","overlay-type":"","overlay-color":"","overlay-opacity":"","overlay-gradient":""},"mobile":{"background-color":"","background-image":"","background-repeat":"repeat","background-position":"center center","background-size":"auto","background-attachment":"scroll","background-type":"","background-media":"","overlay-type":"","overlay-color":"","overlay-opacity":"","overlay-gradient":""}},"ast-content-background-meta":{"desktop":{"background-color":"var(--ast-global-color-5)","background-image":"","background-repeat":"repeat","background-position":"center center","background-size":"auto","background-attachment":"scroll","background-type":"","background-media":"","overlay-type":"","overlay-color":"","overlay-opacity":"","overlay-gradient":""},"tablet":{"background-color":"var(--ast-global-color-5)","background-image":"","background-repeat":"repeat","background-position":"center center","background-size":"auto","background-attachment":"scroll","background-type":"","background-media":"","overlay-type":"","overlay-color":"","overlay-opacity":"","overlay-gradient":""},"mobile":{"background-color":"var(--ast-global-color-5)","background-image":"","background-repeat":"repeat","background-position":"center center","background-size":"auto","background-attachment":"scroll","background-type":"","background-media":"","overlay-type":"","overlay-color":"","overlay-opacity":"","overlay-gradient":""}}},"product_cat":[48],"product_tag":[],"class_list":["post-19312","product","type-product","status-publish","has-post-thumbnail","hentry","product_cat-sunkaraoke-dalok","desktop-align-left","tablet-align-left","mobile-align-left"],"_links":{"self":[{"href":"https:\/\/www.sunkaraoke.hu\/index.php\/wp-json\/wp\/v2\/product\/19312","targetHints":{"allow":["GET"]}}],"collection":[{"href":"https:\/\/www.sunkaraoke.hu\/index.php\/wp-json\/wp\/v2\/product"}],"about":[{"href":"https:\/\/www.sunkaraoke.hu\/index.php\/wp-json\/wp\/v2\/types\/product"}],"wp:featuredmedia":[{"embeddable":true,"href":"https:\/\/www.sunkaraoke.hu\/index.php\/wp-json\/wp\/v2\/media\/19315"}],"wp:attachment":[{"href":"https:\/\/www.sunkaraoke.hu\/index.php\/wp-json\/wp\/v2\/media?parent=19312"}],"wp:term":[{"taxonomy":"product_cat","embeddable":true,"href":"https:\/\/www.sunkaraoke.hu\/index.php\/wp-json\/wp\/v2\/product_cat?post=19312"},{"taxonomy":"product_tag","embeddable":true,"href":"https:\/\/www.sunkaraoke.hu\/index.php\/wp-json\/wp\/v2\/product_tag?post=19312"}],"curies":[{"name":"wp","href":"https:\/\/api.w.org\/{rel}","templated":true}]}}