{"id":19302,"date":"2025-05-05T13:25:51","date_gmt":"2025-05-05T13:25:51","guid":{"rendered":"https:\/\/www.sunkaraoke.hu\/?post_type=product&#038;p=19302"},"modified":"2025-05-05T13:29:57","modified_gmt":"2025-05-05T13:29:57","slug":"jerzsele-zoltan-lenn-a-delibabos-original","status":"publish","type":"product","link":"https:\/\/www.sunkaraoke.hu\/index.php\/termek\/jerzsele-zoltan-lenn-a-delibabos-original\/","title":{"rendered":"<div class=\"wcmp-player-container product-19302\"><audio controlslist=\"nodownload\" data-product=\"19302\"  volume=\"1\"  preload=\"none\" data-lazyloading=\"none\" class=\"wcmp-player track mejs-classic\" data-duration=\"0:33\" data-estimated_duration=\"4\"><source src=\"https:\/\/www.sunkaraoke.hu\/wp-content\/uploads\/2025\/05\/Lenn-a-delibabos-Jero.-kdemoo.mp3\" type=\"audio\/mp3\" \/><\/audio><\/div>Jerzsele Zolt\u00e1n- Lenn a D\u00e9lib\u00e1bos (Original)"},"content":{"rendered":"<p><b>03:12 \/<\/b>\u00a0<img decoding=\"async\" src=\"https:\/\/www.sunkaraoke.hu\/wp-content\/uploads\/2022\/07\/choir_1-copy.webp\" \/> \/<\/p>\n","protected":false},"excerpt":{"rendered":"<h6><strong>Bits\u0171r\u0171s\u00e9g: 320 kb\/s<\/strong><br \/>\n<strong>Hossz: 03:36<\/strong><\/h6>\n<p>Sunkaraoke mp3 st\u00fadi\u00f3 \/ www.sunkaraoke.hu \/ Inf: Tel: 06 20 4275001<\/p>\n<p>&#8212;Intr\u00f3&#8212;<br \/>\nLenn a d\u00e9lib\u00e1bos Hortob\u00e1gyon,<br \/>\nmegakadt a szemem egy kisl\u00e1nyon.<br \/>\nHull\u00e1mzott a g\u00f6nd\u00f6r haja a s\u00f6t\u00e9tbe&#8217;,<br \/>\nmikor belen\u00e9ztem a szem\u00e9be.<br \/>\nHull\u00e1mzott a g\u00f6nd\u00f6r haja a s\u00f6t\u00e9tbe&#8217;,<br \/>\nmikor belen\u00e9ztem a szem\u00e9be.<br \/>\nEl is mentem hozz\u00e1, meg is k\u00e9rtem:<br \/>\n&#8216;hogy&#8217; legyen az \u00e9n cs\u00e1rd\u00e1s feles\u00e9gem.<br \/>\nBoldogs\u00e1gom tudom n\u00e1la megtal\u00e1lom,<br \/>\nlenn a d\u00e9lib\u00e1bos Hortob\u00e1gyon.<br \/>\nBoldogs\u00e1gom tudom n\u00e1la megtal\u00e1lom,<br \/>\nlenn a d\u00e9lib\u00e1bos Hortob\u00e1gyon.<br \/>\nF\u00fav\u00f3s! &#8212;Sz\u00f3l\u00f3&#8212;<br \/>\nBadacsonyba van egy boros pince,<br \/>\nt\u00f6bbet \u00e9r az mint a vil\u00e1g kincse!<br \/>\nNem kell n\u00e9kem sem a Marcsa, sem a Julcsa,<br \/>\ncsak a boros pinc\u00e9nek a kulcsa.<br \/>\nNem kell n\u00e9kem sem a Marcsa, sem a Julcsa,<br \/>\ncsak a boros pinc\u00e9nek a kulcsa.<br \/>\nF\u00fav\u00f3s! &#8212;Sz\u00f3l\u00f3&#8212;<br \/>\nLenn a d\u00e9lib\u00e1bos Hortob\u00e1gyon,<br \/>\nmegakadt a szemem egy kisl\u00e1nyon.<br \/>\nHull\u00e1mzott a g\u00f6nd\u00f6r haja a s\u00f6t\u00e9tbe&#8217;,<br \/>\nmikor belen\u00e9ztem a szem\u00e9be.<br \/>\nHull\u00e1mzott a g\u00f6nd\u00f6r haja a s\u00f6t\u00e9tbe&#8217;,<br \/>\nmikor belen\u00e9ztem a szem\u00e9be.<br \/>\nEl is mentem hozz\u00e1, meg is k\u00e9rtem:<br \/>\n&#8216;hogy&#8217; legyen az \u00e9n cs\u00e1rd\u00e1s feles\u00e9gem.<br \/>\nBoldogs\u00e1gom tudom n\u00e1la megtal\u00e1lom,<br \/>\nlenn a d\u00e9lib\u00e1bos Hortob\u00e1gyon.<br \/>\nBoldogs\u00e1gom tudom n\u00e1la megtal\u00e1lom,<br \/>\nlenn a d\u00e9lib\u00e1bos Hortob\u00e1gyon.<br \/>\nBadacsonyba van egy boros pince,<br \/>\nt\u00f6bbet \u00e9r az mint a vil\u00e1g kincse!<br \/>\nNem kell n\u00e9kem sem a Marcsa, sem a Julcsa,<br \/>\ncsak a boros pinc\u00e9nek a kulcsa.<br \/>\nNem kell n\u00e9kem sem a Marcsa, sem a Julcsa,<br \/>\ncsak a boros pinc\u00e9nek a kulcsa.<br \/>\nF\u00fav\u00f3s! &#8211; Gyors\u00edt!<br \/>\n&#8212;V\u00e9ge&#8212;<\/p>\n","protected":false},"featured_media":9772,"template":"","meta":{"site-sidebar-layout":"default","site-content-layout":"default","ast-site-content-layout":"default","site-content-style":"default","site-sidebar-style":"default","ast-global-header-display":"","ast-banner-title-visibility":"","ast-main-header-display":"","ast-hfb-above-header-display":"","ast-hfb-below-header-display":"","ast-hfb-mobile-header-display":"","site-post-title":"","ast-breadcrumbs-content":"","ast-featured-img":"","footer-sml-layout":"","theme-transparent-header-meta":"default","adv-header-id-meta":"","stick-header-meta":"","header-above-stick-meta":"","header-main-stick-meta":"","header-below-stick-meta":"","astra-migrate-meta-layouts":"set","ast-page-background-enabled":"default","ast-page-background-meta":{"desktop":{"background-color":"var(--ast-global-color-4)","background-image":"","background-repeat":"repeat","background-position":"center center","background-size":"auto","background-attachment":"scroll","background-type":"","background-media":"","overlay-type":"","overlay-color":"","overlay-opacity":"","overlay-gradient":""},"tablet":{"background-color":"","background-image":"","background-repeat":"repeat","background-position":"center center","background-size":"auto","background-attachment":"scroll","background-type":"","background-media":"","overlay-type":"","overlay-color":"","overlay-opacity":"","overlay-gradient":""},"mobile":{"background-color":"","background-image":"","background-repeat":"repeat","background-position":"center center","background-size":"auto","background-attachment":"scroll","background-type":"","background-media":"","overlay-type":"","overlay-color":"","overlay-opacity":"","overlay-gradient":""}},"ast-content-background-meta":{"desktop":{"background-color":"var(--ast-global-color-5)","background-image":"","background-repeat":"repeat","background-position":"center center","background-size":"auto","background-attachment":"scroll","background-type":"","background-media":"","overlay-type":"","overlay-color":"","overlay-opacity":"","overlay-gradient":""},"tablet":{"background-color":"var(--ast-global-color-5)","background-image":"","background-repeat":"repeat","background-position":"center center","background-size":"auto","background-attachment":"scroll","background-type":"","background-media":"","overlay-type":"","overlay-color":"","overlay-opacity":"","overlay-gradient":""},"mobile":{"background-color":"var(--ast-global-color-5)","background-image":"","background-repeat":"repeat","background-position":"center center","background-size":"auto","background-attachment":"scroll","background-type":"","background-media":"","overlay-type":"","overlay-color":"","overlay-opacity":"","overlay-gradient":""}}},"product_cat":[75],"product_tag":[],"class_list":["post-19302","product","type-product","status-publish","has-post-thumbnail","hentry","product_cat-jerzsele-zoltan","desktop-align-left","tablet-align-left","mobile-align-left"],"_links":{"self":[{"href":"https:\/\/www.sunkaraoke.hu\/index.php\/wp-json\/wp\/v2\/product\/19302","targetHints":{"allow":["GET"]}}],"collection":[{"href":"https:\/\/www.sunkaraoke.hu\/index.php\/wp-json\/wp\/v2\/product"}],"about":[{"href":"https:\/\/www.sunkaraoke.hu\/index.php\/wp-json\/wp\/v2\/types\/product"}],"wp:featuredmedia":[{"embeddable":true,"href":"https:\/\/www.sunkaraoke.hu\/index.php\/wp-json\/wp\/v2\/media\/9772"}],"wp:attachment":[{"href":"https:\/\/www.sunkaraoke.hu\/index.php\/wp-json\/wp\/v2\/media?parent=19302"}],"wp:term":[{"taxonomy":"product_cat","embeddable":true,"href":"https:\/\/www.sunkaraoke.hu\/index.php\/wp-json\/wp\/v2\/product_cat?post=19302"},{"taxonomy":"product_tag","embeddable":true,"href":"https:\/\/www.sunkaraoke.hu\/index.php\/wp-json\/wp\/v2\/product_tag?post=19302"}],"curies":[{"name":"wp","href":"https:\/\/api.w.org\/{rel}","templated":true}]}}