{"id":19289,"date":"2025-05-02T11:24:01","date_gmt":"2025-05-02T11:24:01","guid":{"rendered":"https:\/\/www.sunkaraoke.hu\/?post_type=product&#038;p=19289"},"modified":"2025-05-02T17:03:05","modified_gmt":"2025-05-02T17:03:05","slug":"eszmenyi-viktoria-orulj-hogy-itt-vagyok-2025-new-pb-edition","status":"publish","type":"product","link":"https:\/\/www.sunkaraoke.hu\/index.php\/termek\/eszmenyi-viktoria-orulj-hogy-itt-vagyok-2025-new-pb-edition\/","title":{"rendered":"<div class=\"wcmp-player-container product-19289\"><audio controlslist=\"nodownload\" data-product=\"19289\"  volume=\"1\"  preload=\"none\" data-lazyloading=\"none\" class=\"wcmp-player track mejs-classic\" data-duration=\"0:35\" data-estimated_duration=\"4\"><source src=\"https:\/\/www.sunkaraoke.hu\/wp-content\/uploads\/2025\/05\/Orulj-hogy-itt-vagyok-2025.-New_demoo.mp3\" type=\"audio\/mp3\" \/><\/audio><\/div>Eszm\u00e9nyi Vikt\u00f3ria: \u00d6r\u00fclj, hogy itt vagyok 2025. NEW (PB Edition)"},"content":{"rendered":"<p><strong>02:51<\/strong>| <strong><img loading=\"lazy\" decoding=\"async\" class=\"alignnone size-full wp-image-467\" src=\"https:\/\/www.sunkaraoke.hu\/wp-content\/uploads\/2022\/07\/choir_2-copy.webp\" alt=\"\" width=\"30\" height=\"30\" \/> <\/strong><\/p>\n","protected":false},"excerpt":{"rendered":"<h5><strong>Bits\u0171r\u0171s\u00e9g: 320kb\/s<\/strong><\/h5>\n<h5><strong>Hossz: 02:51<\/strong><\/h5>\n<h5><strong>Vok\u00e1l: Nem <img loading=\"lazy\" decoding=\"async\" class=\"alignnone size-full wp-image-467\" src=\"http:\/\/www.sunkaraoke.hu\/wp-content\/uploads\/2022\/07\/choir_2-copy.png\" alt=\"\" width=\"30\" height=\"30\" \/><\/strong><\/h5>\n<p>Sunkaraoke mp3 st\u00fadi\u00f3 \/ www.sunkaraoke.hu \/ Inf: Tel: 06 20 4275001<\/p>\n<p>&#8212;Intr\u00f3&#8212;<br \/>\nNe k\u00e9rdezd, hol \u00e9ltem, ne k\u00e9rdezd meddig maradok.<br \/>\nHa t\u00e1rsas\u00e1gom nem zavar t\u00e9ged, \u00d6r\u00fclj, hogy itt vagyok.<br \/>\n\u00c9vek \u00f3ta v\u00e1rom, hogy j\u00f6jj\u00f6n az alkalom,<br \/>\nhogy tal\u00e1lkozzam egy j\u00f3 bar\u00e1ttal, ez ki lesz, m\u00e9g nem tudom.<br \/>\nNe k\u00e9rdezd, hol \u00e9ltem, ne k\u00e9rdezd meddig maradok.<br \/>\nHa t\u00e1rsas\u00e1gom nem zavar t\u00e9ged, \u00d6r\u00fclj, hogy itt vagyok.<br \/>\nNe k\u00e9rdezd, hol \u00e9ltem, ne k\u00e9rdezd meddig maradok.<br \/>\nHa t\u00e1rsas\u00e1gom nem zavar t\u00e9ged, \u00d6r\u00fclj, hogy itt vagyok.<br \/>\nVoltak \u00e9letemben olyan emberek,megpr\u00f3b\u00e1lt\u00e1k elhitetni,<br \/>\ncsak vel\u00fck l\u00e9tezhetek.<br \/>\nNe k\u00e9rdezd, hol \u00e9ltem,ne k\u00e9rdezd meddig maradok.<br \/>\nHa t\u00e1rsas\u00e1gom nem zavar t\u00e9ged, \u00d6r\u00fclj, hogy itt vagyok.<br \/>\nNe k\u00e9rdezd, hol \u00e9ltem,ne k\u00e9rdezd meddig maradok.<br \/>\nHa t\u00e1rsas\u00e1gom nem zavar t\u00e9ged, \u00d6r\u00fclj, hogy itt vagyok.<br \/>\nBar\u00e1tok, bar\u00e1tn\u0151k, r\u00e9gi kapcsolatok.<br \/>\nN\u00e9h\u00e1ny k\u00f6z\u00fcl\u00fck megm\u00e9retett, \u00e9s k\u00f6nny\u0171nek tal\u00e1ltatott.<br \/>\nNe k\u00e9rdezd, hol \u00e9ltem, ne k\u00e9rdezd meddig maradok.<br \/>\nHa t\u00e1rsas\u00e1gom nem zavar t\u00e9ged, \u00d6r\u00fclj, hogy itt vagyok.<br \/>\nNe k\u00e9rdezd, hol \u00e9ltem, ne k\u00e9rdezd meddig maradok.<br \/>\nHa t\u00e1rsas\u00e1gom nem zavar t\u00e9ged, \u00d6r\u00fclj, hogy itt vagyok.<br \/>\n&#8212;V\u00e9ge&#8212;<\/p>\n","protected":false},"featured_media":19293,"template":"","meta":{"site-sidebar-layout":"default","site-content-layout":"default","ast-site-content-layout":"default","site-content-style":"default","site-sidebar-style":"default","ast-global-header-display":"","ast-banner-title-visibility":"","ast-main-header-display":"","ast-hfb-above-header-display":"","ast-hfb-below-header-display":"","ast-hfb-mobile-header-display":"","site-post-title":"","ast-breadcrumbs-content":"","ast-featured-img":"","footer-sml-layout":"","theme-transparent-header-meta":"default","adv-header-id-meta":"","stick-header-meta":"","header-above-stick-meta":"","header-main-stick-meta":"","header-below-stick-meta":"","astra-migrate-meta-layouts":"set","ast-page-background-enabled":"default","ast-page-background-meta":{"desktop":{"background-color":"var(--ast-global-color-4)","background-image":"","background-repeat":"repeat","background-position":"center center","background-size":"auto","background-attachment":"scroll","background-type":"","background-media":"","overlay-type":"","overlay-color":"","overlay-opacity":"","overlay-gradient":""},"tablet":{"background-color":"","background-image":"","background-repeat":"repeat","background-position":"center center","background-size":"auto","background-attachment":"scroll","background-type":"","background-media":"","overlay-type":"","overlay-color":"","overlay-opacity":"","overlay-gradient":""},"mobile":{"background-color":"","background-image":"","background-repeat":"repeat","background-position":"center center","background-size":"auto","background-attachment":"scroll","background-type":"","background-media":"","overlay-type":"","overlay-color":"","overlay-opacity":"","overlay-gradient":""}},"ast-content-background-meta":{"desktop":{"background-color":"var(--ast-global-color-5)","background-image":"","background-repeat":"repeat","background-position":"center center","background-size":"auto","background-attachment":"scroll","background-type":"","background-media":"","overlay-type":"","overlay-color":"","overlay-opacity":"","overlay-gradient":""},"tablet":{"background-color":"var(--ast-global-color-5)","background-image":"","background-repeat":"repeat","background-position":"center center","background-size":"auto","background-attachment":"scroll","background-type":"","background-media":"","overlay-type":"","overlay-color":"","overlay-opacity":"","overlay-gradient":""},"mobile":{"background-color":"var(--ast-global-color-5)","background-image":"","background-repeat":"repeat","background-position":"center center","background-size":"auto","background-attachment":"scroll","background-type":"","background-media":"","overlay-type":"","overlay-color":"","overlay-opacity":"","overlay-gradient":""}}},"product_cat":[48],"product_tag":[],"class_list":["post-19289","product","type-product","status-publish","has-post-thumbnail","hentry","product_cat-sunkaraoke-dalok","desktop-align-left","tablet-align-left","mobile-align-left"],"_links":{"self":[{"href":"https:\/\/www.sunkaraoke.hu\/index.php\/wp-json\/wp\/v2\/product\/19289","targetHints":{"allow":["GET"]}}],"collection":[{"href":"https:\/\/www.sunkaraoke.hu\/index.php\/wp-json\/wp\/v2\/product"}],"about":[{"href":"https:\/\/www.sunkaraoke.hu\/index.php\/wp-json\/wp\/v2\/types\/product"}],"wp:featuredmedia":[{"embeddable":true,"href":"https:\/\/www.sunkaraoke.hu\/index.php\/wp-json\/wp\/v2\/media\/19293"}],"wp:attachment":[{"href":"https:\/\/www.sunkaraoke.hu\/index.php\/wp-json\/wp\/v2\/media?parent=19289"}],"wp:term":[{"taxonomy":"product_cat","embeddable":true,"href":"https:\/\/www.sunkaraoke.hu\/index.php\/wp-json\/wp\/v2\/product_cat?post=19289"},{"taxonomy":"product_tag","embeddable":true,"href":"https:\/\/www.sunkaraoke.hu\/index.php\/wp-json\/wp\/v2\/product_tag?post=19289"}],"curies":[{"name":"wp","href":"https:\/\/api.w.org\/{rel}","templated":true}]}}