{"id":19281,"date":"2025-05-01T11:29:12","date_gmt":"2025-05-01T11:29:12","guid":{"rendered":"https:\/\/www.sunkaraoke.hu\/?post_type=product&#038;p=19281"},"modified":"2025-05-01T11:30:30","modified_gmt":"2025-05-01T11:30:30","slug":"bitto-duo-hajnalig-meg-van-ido-2025-new-pb-edition-copy","status":"publish","type":"product","link":"https:\/\/www.sunkaraoke.hu\/index.php\/termek\/bitto-duo-hajnalig-meg-van-ido-2025-new-pb-edition-copy\/","title":{"rendered":"<div class=\"wcmp-player-container product-19281\"><audio controlslist=\"nodownload\" data-product=\"19281\"  volume=\"1\"  preload=\"none\" data-lazyloading=\"none\" class=\"wcmp-player track mejs-classic\" data-duration=\"0:34\" data-estimated_duration=\"4\"><source src=\"https:\/\/www.sunkaraoke.hu\/wp-content\/uploads\/2025\/05\/Hajnalig-meg-van-ido-2025.New-Bitto-PB.-kdemoo.mp3\" type=\"audio\/mp3\" \/><\/audio><\/div>Bitt\u00f3 Du\u00f3 &#8211; Hajnalig m\u00e9g van id\u0151 2025. NEW (PB Edition)"},"content":{"rendered":"<p><strong>02:58<\/strong>| <strong><img loading=\"lazy\" decoding=\"async\" class=\"alignnone size-full wp-image-467\" src=\"https:\/\/www.sunkaraoke.hu\/wp-content\/uploads\/2022\/07\/choir_2-copy.webp\" alt=\"\" width=\"30\" height=\"30\" \/> <\/strong><\/p>\n","protected":false},"excerpt":{"rendered":"<h5><strong>Bits\u0171r\u0171s\u00e9g: 320kb\/s<\/strong><\/h5>\n<h5><strong>Hossz: 02:58<\/strong><\/h5>\n<h5><strong>Vok\u00e1l: Nem <img loading=\"lazy\" decoding=\"async\" class=\"alignnone size-full wp-image-467\" src=\"http:\/\/www.sunkaraoke.hu\/wp-content\/uploads\/2022\/07\/choir_2-copy.png\" alt=\"\" width=\"30\" height=\"30\" \/><\/strong><\/h5>\n<p>Sunkaraoke mp3 st\u00fadi\u00f3 \/ www.sunkaraoke.hu \/ Inf: Tel: 06 20 4275001<\/p>\n<p>&#8212;Intr\u00f3&#8211;<br \/>\nEgy keser\u0171 cs\u00f3k \u00e9g ajkaimon,<br \/>\n\u00e9s belehal a sz\u00edvem, m\u00e9gis visszaadom, s akarom,<br \/>\nhogy a hajnal f\u00e9nye k\u00e9ssen m\u00e9g,<br \/>\np\u00e1r \u00f3r\u00e1\u00e9rt egy \u00e9vet megadn\u00e9k,<br \/>\nminek \u00e1lom, mondd ha \u00e9bren alszom?<br \/>\nEgy keser\u0171 cs\u00f3k \u00e9g ajkaimon,<br \/>\nmert veled vagyok tiltott b\u0171n\u00f6s hajnalokon, s hazudom,<br \/>\nhogy a m\u00e1siknak ez \u00fagysem f\u00e1j,<br \/>\nhogy benned s bennem, \u00e9bredt egy \u00faj v\u00e1gy,<br \/>\ns veled \u00e9lem \u00e1t egy m\u00e1sik arcom.<br \/>\nHajnalig m\u00e9g van id\u0151, hajnalig m\u00e9g van id\u0151,<br \/>\nh\u00fazz magadhoz k\u00e9rlek sz\u00e1zszor m\u00e9g,<br \/>\nl\u00e9gy nekem a leveg\u0151, l\u00e9gy nekem a leveg\u0151,<br \/>\n\u00fagysem \u00e9lek r\u00e9g!<br \/>\nHajnalig m\u00e9g van id\u0151, hajnalig m\u00e9g van id\u0151,<br \/>\neltakarja addig kinn a s\u00f6t\u00e9t,<br \/>\nk\u00e9t szerelmes szeret\u0151, k\u00e9t szerelmes szeret\u0151 b\u0171n\u00e9t!<br \/>\n&#8212;Sz\u00f3l\u00f3&#8212;<br \/>\n\u00c9s hazudok \u00fajra \u00e9jeken \u00e1t,<br \/>\nb\u00e1r tudom, hogy a b\u0171n\u00fcnk \u00edgy is \u00e9gbeki\u00e1lt, de ne b\u00e1ndd,<br \/>\nmivel \u00edgy hozta az \u00e9let m\u00e1r,<br \/>\nh\u00e1t hadd tomboljon k\u00f6zt\u00fcnk az \u00faj ny\u00e1r,<br \/>\nidebenn ma \u00e9jjel senki sem l\u00e1t.<br \/>\nHajnalig m\u00e9g van id\u0151, hajnalig m\u00e9g van id\u0151,<br \/>\nh\u00fazz magadhoz k\u00e9rlek sz\u00e1zszor m\u00e9g,<br \/>\nl\u00e9gy nekem a leveg\u0151, l\u00e9gy nekem a leveg\u0151,<br \/>\n\u00fagysem \u00e9lek r\u00e9g!<br \/>\nHajnalig m\u00e9g van id\u0151, hajnalig m\u00e9g van id\u0151,<br \/>\neltakarja addig kinn a s\u00f6t\u00e9t,<br \/>\nk\u00e9t szerelmes szeret\u0151, k\u00e9t szerelmes szeret\u0151b\u0171n\u00e9t!<br \/>\nHajnalig m\u00e9g van id\u0151, hajnalig m\u00e9g van id\u0151,<br \/>\nh\u00fazz magadhoz k\u00e9rlek sz\u00e1zszor m\u00e9g,<br \/>\nl\u00e9gy nekem a leveg\u0151, l\u00e9gy nekem a leveg\u0151,<br \/>\n\u00fagysem \u00e9lek r\u00e9g!<br \/>\nHajnalig m\u00e9g van id\u0151, hajnalig m\u00e9g van id\u0151,<br \/>\neltakarja addig kinn a s\u00f6t\u00e9t,<br \/>\nk\u00e9t szerelmes szeret\u0151, k\u00e9t szerelmes szeret\u0151 b\u0171n\u00e9t!<br \/>\n&#8212;V\u00e9ge&#8212;<\/p>\n","protected":false},"featured_media":11406,"template":"","meta":{"site-sidebar-layout":"default","site-content-layout":"default","ast-site-content-layout":"default","site-content-style":"default","site-sidebar-style":"default","ast-global-header-display":"","ast-banner-title-visibility":"","ast-main-header-display":"","ast-hfb-above-header-display":"","ast-hfb-below-header-display":"","ast-hfb-mobile-header-display":"","site-post-title":"","ast-breadcrumbs-content":"","ast-featured-img":"","footer-sml-layout":"","theme-transparent-header-meta":"default","adv-header-id-meta":"","stick-header-meta":"","header-above-stick-meta":"","header-main-stick-meta":"","header-below-stick-meta":"","astra-migrate-meta-layouts":"set","ast-page-background-enabled":"default","ast-page-background-meta":{"desktop":{"background-color":"var(--ast-global-color-4)","background-image":"","background-repeat":"repeat","background-position":"center center","background-size":"auto","background-attachment":"scroll","background-type":"","background-media":"","overlay-type":"","overlay-color":"","overlay-opacity":"","overlay-gradient":""},"tablet":{"background-color":"","background-image":"","background-repeat":"repeat","background-position":"center center","background-size":"auto","background-attachment":"scroll","background-type":"","background-media":"","overlay-type":"","overlay-color":"","overlay-opacity":"","overlay-gradient":""},"mobile":{"background-color":"","background-image":"","background-repeat":"repeat","background-position":"center center","background-size":"auto","background-attachment":"scroll","background-type":"","background-media":"","overlay-type":"","overlay-color":"","overlay-opacity":"","overlay-gradient":""}},"ast-content-background-meta":{"desktop":{"background-color":"var(--ast-global-color-5)","background-image":"","background-repeat":"repeat","background-position":"center center","background-size":"auto","background-attachment":"scroll","background-type":"","background-media":"","overlay-type":"","overlay-color":"","overlay-opacity":"","overlay-gradient":""},"tablet":{"background-color":"var(--ast-global-color-5)","background-image":"","background-repeat":"repeat","background-position":"center center","background-size":"auto","background-attachment":"scroll","background-type":"","background-media":"","overlay-type":"","overlay-color":"","overlay-opacity":"","overlay-gradient":""},"mobile":{"background-color":"var(--ast-global-color-5)","background-image":"","background-repeat":"repeat","background-position":"center center","background-size":"auto","background-attachment":"scroll","background-type":"","background-media":"","overlay-type":"","overlay-color":"","overlay-opacity":"","overlay-gradient":""}}},"product_cat":[48],"product_tag":[],"class_list":["post-19281","product","type-product","status-publish","has-post-thumbnail","hentry","product_cat-sunkaraoke-dalok","desktop-align-left","tablet-align-left","mobile-align-left"],"_links":{"self":[{"href":"https:\/\/www.sunkaraoke.hu\/index.php\/wp-json\/wp\/v2\/product\/19281","targetHints":{"allow":["GET"]}}],"collection":[{"href":"https:\/\/www.sunkaraoke.hu\/index.php\/wp-json\/wp\/v2\/product"}],"about":[{"href":"https:\/\/www.sunkaraoke.hu\/index.php\/wp-json\/wp\/v2\/types\/product"}],"wp:featuredmedia":[{"embeddable":true,"href":"https:\/\/www.sunkaraoke.hu\/index.php\/wp-json\/wp\/v2\/media\/11406"}],"wp:attachment":[{"href":"https:\/\/www.sunkaraoke.hu\/index.php\/wp-json\/wp\/v2\/media?parent=19281"}],"wp:term":[{"taxonomy":"product_cat","embeddable":true,"href":"https:\/\/www.sunkaraoke.hu\/index.php\/wp-json\/wp\/v2\/product_cat?post=19281"},{"taxonomy":"product_tag","embeddable":true,"href":"https:\/\/www.sunkaraoke.hu\/index.php\/wp-json\/wp\/v2\/product_tag?post=19281"}],"curies":[{"name":"wp","href":"https:\/\/api.w.org\/{rel}","templated":true}]}}