{"id":19250,"date":"2025-04-23T13:35:54","date_gmt":"2025-04-23T13:35:54","guid":{"rendered":"https:\/\/www.sunkaraoke.hu\/?post_type=product&#038;p=19250"},"modified":"2025-04-23T13:37:47","modified_gmt":"2025-04-23T13:37:47","slug":"korda-gyorgy-a-szerelem-el-2025-new-pb-in-unique-editing","status":"publish","type":"product","link":"https:\/\/www.sunkaraoke.hu\/index.php\/termek\/korda-gyorgy-a-szerelem-el-2025-new-pb-in-unique-editing\/","title":{"rendered":"<div class=\"wcmp-player-container product-19250\"><audio controlslist=\"nodownload\" data-product=\"19250\"  volume=\"1\"  preload=\"none\" data-lazyloading=\"none\" class=\"wcmp-player track mejs-classic\" data-duration=\"0:32\" data-estimated_duration=\"4\"><source src=\"https:\/\/www.sunkaraoke.hu\/wp-content\/uploads\/2025\/04\/A-szerelem-el-2025.-New-Korda-PB-demoo.mp3\" type=\"audio\/mp3\" \/><\/audio><\/div>Korda Gy\u00f6rgy &#8211; A szerelem \u00e9l 2025. NEW (PB In Unique Editing)"},"content":{"rendered":"<p><strong>04:11<\/strong>\u00a0\/\u00a0<strong><img loading=\"lazy\" decoding=\"async\" class=\"alignnone size-full wp-image-467\" src=\"https:\/\/www.sunkaraoke.hu\/wp-content\/uploads\/2022\/07\/choir_2-copy.webp\" alt=\"\" width=\"30\" height=\"30\" \/>\u00a0<\/strong><\/p>\n","protected":false},"excerpt":{"rendered":"<h5><strong>Bits\u0171r\u0171s\u00e9g: 320kb\/s<\/strong><br \/>\n<strong>Hossz: 04:11<\/strong><br \/>\n<strong>Vok\u00e1lt tartalmaz: Nem <img loading=\"lazy\" decoding=\"async\" class=\"alignnone size-full wp-image-467\" src=\"http:\/\/www.sunkaraoke.hu\/wp-content\/uploads\/2022\/07\/choir_2-copy.png\" alt=\"\" width=\"30\" height=\"30\" \/><\/strong><\/h5>\n<p>Sunkaraoke mp3 st\u00fadi\u00f3 \/ www.sunkaraoke.hu \/ Inf: Tel: 06 20 4275001<\/p>\n<p>&#8212;Intr\u00f3&#8211;<br \/>\nA szerelem \u00e9l, oly gy\u00f6ny\u00f6r\u0171 sz\u00e9p.<br \/>\nMelletted b\u00e1rmilyen hossz\u00fa az \u00e9jjel, sosem el\u00e9g.<br \/>\nA szerelem t\u0171z, mely lobogva \u00e9g.<br \/>\n\u00c9rzem, hogy mennyire perzsel a l\u00e1ngja, de sosem el\u00e9g.<br \/>\nMert b\u00e1rhova m\u00e9sz, \u00e9s b\u00e1rmit teszel,<br \/>\na v\u00e1gyam elk\u00eds\u00e9r,egy percre se menjen el.<br \/>\nHogy itt vagy velem, \u00f3, az nekem is j\u00f3.<br \/>\nHisz&#8217; a szerelem semmi m\u00e1ssal nem p\u00f3tolhat\u00f3.<br \/>\n\u00c9s te vagy nekem, baby, a nagy szerelem.<br \/>\nA szerelem \u00e9l, oly gy\u00f6ny\u00f6r\u0171 sz\u00e9p.<br \/>\nMelletted b\u00e1rmilyen hossz\u00fa az \u00e9jjel, sosem el\u00e9g.<br \/>\nA szerelem t\u0171z, mely lobogva \u00e9g.<br \/>\n\u00c9rzem, hogy mennyire perzsel a l\u00e1ngja, de sosem el\u00e9g.<br \/>\nFiatal vagy, oly gy\u00f6ny\u00f6r\u0171 sz\u00e9p.<br \/>\nEz \u00edgy igaz, sz\u00e9p vagyok neked, a sz\u00edvem csak a ti\u00e9d.<br \/>\nCsak r\u00e1d gondolok. J\u00f3, hogy veled vagyok.<br \/>\nHa mosolyod l\u00e1thatom,egy perc \u00e9s boldog vagyok.<br \/>\n\u00c9s te vagy nekem, baby, a nagy szerelem.<br \/>\n&#8212;Sz\u00f3l\u00f3&#8212;<br \/>\nA szerelem \u00e9l, oly gy\u00f6ny\u00f6r\u0171 sz\u00e9p.<br \/>\nMelletted b\u00e1rmilyen hossz\u00fa az \u00e9jjel, sosem el\u00e9g.<br \/>\nA szerelem t\u0171z, mely lobogva \u00e9g.<br \/>\n\u00c9rzem, hogy mennyire perzsel a l\u00e1ngja, de sosem el\u00e9g.<br \/>\nSosem el\u00e9g, \u00f3h sosem el\u00e9g&#8230;.<br \/>\nMelletted b\u00e1rmilyen hossz\u00fa az \u00e9let, sosem el\u00e9g.<br \/>\nSosem el\u00e9g, \u00f3h sosem el\u00e9g&#8230;.<br \/>\nMelletted b\u00e1rmilyen hossz\u00fa az \u00e9let , sosem el\u00e9g.<br \/>\n&#8212;V\u00e9ge&#8212;<\/p>\n","protected":false},"featured_media":8824,"template":"","meta":{"site-sidebar-layout":"default","site-content-layout":"default","ast-site-content-layout":"default","site-content-style":"default","site-sidebar-style":"default","ast-global-header-display":"","ast-banner-title-visibility":"","ast-main-header-display":"","ast-hfb-above-header-display":"","ast-hfb-below-header-display":"","ast-hfb-mobile-header-display":"","site-post-title":"","ast-breadcrumbs-content":"","ast-featured-img":"","footer-sml-layout":"","theme-transparent-header-meta":"default","adv-header-id-meta":"","stick-header-meta":"","header-above-stick-meta":"","header-main-stick-meta":"","header-below-stick-meta":"","astra-migrate-meta-layouts":"set","ast-page-background-enabled":"default","ast-page-background-meta":{"desktop":{"background-color":"var(--ast-global-color-4)","background-image":"","background-repeat":"repeat","background-position":"center center","background-size":"auto","background-attachment":"scroll","background-type":"","background-media":"","overlay-type":"","overlay-color":"","overlay-opacity":"","overlay-gradient":""},"tablet":{"background-color":"","background-image":"","background-repeat":"repeat","background-position":"center center","background-size":"auto","background-attachment":"scroll","background-type":"","background-media":"","overlay-type":"","overlay-color":"","overlay-opacity":"","overlay-gradient":""},"mobile":{"background-color":"","background-image":"","background-repeat":"repeat","background-position":"center center","background-size":"auto","background-attachment":"scroll","background-type":"","background-media":"","overlay-type":"","overlay-color":"","overlay-opacity":"","overlay-gradient":""}},"ast-content-background-meta":{"desktop":{"background-color":"var(--ast-global-color-5)","background-image":"","background-repeat":"repeat","background-position":"center center","background-size":"auto","background-attachment":"scroll","background-type":"","background-media":"","overlay-type":"","overlay-color":"","overlay-opacity":"","overlay-gradient":""},"tablet":{"background-color":"var(--ast-global-color-5)","background-image":"","background-repeat":"repeat","background-position":"center center","background-size":"auto","background-attachment":"scroll","background-type":"","background-media":"","overlay-type":"","overlay-color":"","overlay-opacity":"","overlay-gradient":""},"mobile":{"background-color":"var(--ast-global-color-5)","background-image":"","background-repeat":"repeat","background-position":"center center","background-size":"auto","background-attachment":"scroll","background-type":"","background-media":"","overlay-type":"","overlay-color":"","overlay-opacity":"","overlay-gradient":""}}},"product_cat":[48],"product_tag":[],"class_list":["post-19250","product","type-product","status-publish","has-post-thumbnail","hentry","product_cat-sunkaraoke-dalok","desktop-align-left","tablet-align-left","mobile-align-left"],"_links":{"self":[{"href":"https:\/\/www.sunkaraoke.hu\/index.php\/wp-json\/wp\/v2\/product\/19250","targetHints":{"allow":["GET"]}}],"collection":[{"href":"https:\/\/www.sunkaraoke.hu\/index.php\/wp-json\/wp\/v2\/product"}],"about":[{"href":"https:\/\/www.sunkaraoke.hu\/index.php\/wp-json\/wp\/v2\/types\/product"}],"wp:featuredmedia":[{"embeddable":true,"href":"https:\/\/www.sunkaraoke.hu\/index.php\/wp-json\/wp\/v2\/media\/8824"}],"wp:attachment":[{"href":"https:\/\/www.sunkaraoke.hu\/index.php\/wp-json\/wp\/v2\/media?parent=19250"}],"wp:term":[{"taxonomy":"product_cat","embeddable":true,"href":"https:\/\/www.sunkaraoke.hu\/index.php\/wp-json\/wp\/v2\/product_cat?post=19250"},{"taxonomy":"product_tag","embeddable":true,"href":"https:\/\/www.sunkaraoke.hu\/index.php\/wp-json\/wp\/v2\/product_tag?post=19250"}],"curies":[{"name":"wp","href":"https:\/\/api.w.org\/{rel}","templated":true}]}}