{"id":19246,"date":"2025-04-22T10:22:11","date_gmt":"2025-04-22T10:22:11","guid":{"rendered":"https:\/\/www.sunkaraoke.hu\/?post_type=product&#038;p=19246"},"modified":"2025-04-22T10:24:45","modified_gmt":"2025-04-22T10:24:45","slug":"bitto-duo-valasszunk-egy-csillagot-2025-new-pb-edition","status":"publish","type":"product","link":"https:\/\/www.sunkaraoke.hu\/index.php\/termek\/bitto-duo-valasszunk-egy-csillagot-2025-new-pb-edition\/","title":{"rendered":"<div class=\"wcmp-player-container product-19246\"><audio controlslist=\"nodownload\" data-product=\"19246\"  volume=\"1\"  preload=\"none\" data-lazyloading=\"none\" class=\"wcmp-player track mejs-classic\" data-duration=\"0:33\" data-estimated_duration=\"4\"><source src=\"https:\/\/www.sunkaraoke.hu\/wp-content\/uploads\/2025\/04\/Valasszunk-egy-csillagot-2025.-New-Bitto-PB.-demooo.mp3\" type=\"audio\/mp3\" \/><\/audio><\/div>Bitt\u00f3 Du\u00f3 -V\u00e1lasszunk egy csillagot 2025. NEW (PB Edition)"},"content":{"rendered":"<p><strong>03: 46 <\/strong>| <strong><img loading=\"lazy\" decoding=\"async\" class=\"alignnone size-full wp-image-467\" src=\"https:\/\/www.sunkaraoke.hu\/wp-content\/uploads\/2022\/07\/choir_2-copy.webp\" alt=\"\" width=\"30\" height=\"30\" \/> <\/strong><\/p>\n","protected":false},"excerpt":{"rendered":"<h5><strong>Bits\u0171r\u0171s\u00e9g: 320kb\/s<\/strong><\/h5>\n<h5><strong>Hossz: 03:46<\/strong><\/h5>\n<h5><strong>Vok\u00e1l: Nem <img loading=\"lazy\" decoding=\"async\" class=\"alignnone size-full wp-image-467\" src=\"http:\/\/www.sunkaraoke.hu\/wp-content\/uploads\/2022\/07\/choir_2-copy.png\" alt=\"\" width=\"30\" height=\"30\" \/><\/strong><\/h5>\n<p>Sunkaraoke mp3 st\u00fadi\u00f3 \/ www.sunkaraoke.hu \/ Inf: Tel: 06 20 4275001<\/p>\n<p>&#8212;Intr\u00f3&#8212;<br \/>\nBelehalna sz\u00edvem, ha nem lenn\u00e9l velem,<br \/>\nneked adom az eg\u00e9sz \u00e9letem.<br \/>\nBelehalok minden nap, ha t\u00e9ged nem l\u00e1tlak,<br \/>\nrabod lettem te vagy a mindenem.<br \/>\nV\u00e1lasszunk egy csillagot, melyik a legszebben ragyog,<br \/>\nsoha nem kell m\u00e1s csak t\u00e9ged szeretlek.<br \/>\nV\u00e1lasszunk egy csillagot, melyik a szemeidben ragyog,<br \/>\nsoha nem kell m\u00e1s csak t\u00e9ged szeretlek.<br \/>\nSok mag\u00e1nyos \u00e9jszak\u00e1n,sok sok f\u00e1jdalom,<br \/>\nk\u00f6nny hullott mindig az arcomon.<br \/>\n\u00c1lmodni sem mertem \u00e9n hogy lesz r\u00e1 alkalom,<br \/>\nhogy csillog\u00f3 szemed r\u00e1m ragyogjon.<br \/>\nV\u00e1lasszunk egy csillagot, melyik a legszebben ragyog,<br \/>\nsoha nem kell m\u00e1s csak t\u00e9ged szeretlek.<br \/>\nV\u00e1lasszunk egy csillagot, melyik a szemeidben ragyog,<br \/>\nsoha nem kell m\u00e1s csak t\u00e9ged szeretlek.<br \/>\n&#8212;Sz\u00f3l\u00f3&#8212;<br \/>\nBelehalna sz\u00edvem ha nem lenn\u00e9l velem,<br \/>\nneked adom az eg\u00e9sz \u00e9letem.<br \/>\nBelehalok minden nap, ha t\u00e9ged nem l\u00e1tlak,<br \/>\nrabod lettem te vagy a mindenem.<br \/>\nV\u00e1lasszunk egy csillagot, melyik a legszebben ragyog,<br \/>\nsoha nem kell m\u00e1s csak t\u00e9ged szeretlek.<br \/>\nV\u00e1lasszunk egy csillagot, melyik a szemeidben ragyog,<br \/>\nsoha nem kell m\u00e1s csak t\u00e9ged szeretlek.<br \/>\nSok mag\u00e1nyos \u00e9jszak\u00e1n,sok sok f\u00e1jdalom,<br \/>\nk\u00f6nny hullott mindig az arcomon.<br \/>\n\u00c1lmodni sem mertem \u00e9n hogy lesz r\u00e1 alkalom,<br \/>\nhogy csillog\u00f3 szemed r\u00e1m ragyogjon.<br \/>\nV\u00e1lasszunk egy csillagot, melyik a legszebben ragyog,<br \/>\nsoha nem kell m\u00e1s csak t\u00e9ged szeretlek.<br \/>\nV\u00e1lasszunk egy csillagot, melyik a szemeidben ragyog,<br \/>\nsoha nem kell m\u00e1s csak t\u00e9ged szeretlek.<br \/>\nV\u00e1lasszunk egy csillagot, melyik a legszebben ragyog,<br \/>\nsoha nem kell m\u00e1s csak t\u00e9ged szeretlek.<br \/>\nV\u00e1lasszunk egy csillagot, melyik a szemeidben ragyog,<br \/>\nsoha nem kell m\u00e1s csak t\u00e9ged szeretlek.<br \/>\n&#8212;V\u00e9ge&#8212;<\/p>\n","protected":false},"featured_media":11406,"template":"","meta":{"site-sidebar-layout":"default","site-content-layout":"default","ast-site-content-layout":"default","site-content-style":"default","site-sidebar-style":"default","ast-global-header-display":"","ast-banner-title-visibility":"","ast-main-header-display":"","ast-hfb-above-header-display":"","ast-hfb-below-header-display":"","ast-hfb-mobile-header-display":"","site-post-title":"","ast-breadcrumbs-content":"","ast-featured-img":"","footer-sml-layout":"","theme-transparent-header-meta":"default","adv-header-id-meta":"","stick-header-meta":"","header-above-stick-meta":"","header-main-stick-meta":"","header-below-stick-meta":"","astra-migrate-meta-layouts":"set","ast-page-background-enabled":"default","ast-page-background-meta":{"desktop":{"background-color":"var(--ast-global-color-4)","background-image":"","background-repeat":"repeat","background-position":"center center","background-size":"auto","background-attachment":"scroll","background-type":"","background-media":"","overlay-type":"","overlay-color":"","overlay-opacity":"","overlay-gradient":""},"tablet":{"background-color":"","background-image":"","background-repeat":"repeat","background-position":"center center","background-size":"auto","background-attachment":"scroll","background-type":"","background-media":"","overlay-type":"","overlay-color":"","overlay-opacity":"","overlay-gradient":""},"mobile":{"background-color":"","background-image":"","background-repeat":"repeat","background-position":"center center","background-size":"auto","background-attachment":"scroll","background-type":"","background-media":"","overlay-type":"","overlay-color":"","overlay-opacity":"","overlay-gradient":""}},"ast-content-background-meta":{"desktop":{"background-color":"var(--ast-global-color-5)","background-image":"","background-repeat":"repeat","background-position":"center center","background-size":"auto","background-attachment":"scroll","background-type":"","background-media":"","overlay-type":"","overlay-color":"","overlay-opacity":"","overlay-gradient":""},"tablet":{"background-color":"var(--ast-global-color-5)","background-image":"","background-repeat":"repeat","background-position":"center center","background-size":"auto","background-attachment":"scroll","background-type":"","background-media":"","overlay-type":"","overlay-color":"","overlay-opacity":"","overlay-gradient":""},"mobile":{"background-color":"var(--ast-global-color-5)","background-image":"","background-repeat":"repeat","background-position":"center center","background-size":"auto","background-attachment":"scroll","background-type":"","background-media":"","overlay-type":"","overlay-color":"","overlay-opacity":"","overlay-gradient":""}}},"product_cat":[48],"product_tag":[],"class_list":["post-19246","product","type-product","status-publish","has-post-thumbnail","hentry","product_cat-sunkaraoke-dalok","desktop-align-left","tablet-align-left","mobile-align-left"],"_links":{"self":[{"href":"https:\/\/www.sunkaraoke.hu\/index.php\/wp-json\/wp\/v2\/product\/19246","targetHints":{"allow":["GET"]}}],"collection":[{"href":"https:\/\/www.sunkaraoke.hu\/index.php\/wp-json\/wp\/v2\/product"}],"about":[{"href":"https:\/\/www.sunkaraoke.hu\/index.php\/wp-json\/wp\/v2\/types\/product"}],"wp:featuredmedia":[{"embeddable":true,"href":"https:\/\/www.sunkaraoke.hu\/index.php\/wp-json\/wp\/v2\/media\/11406"}],"wp:attachment":[{"href":"https:\/\/www.sunkaraoke.hu\/index.php\/wp-json\/wp\/v2\/media?parent=19246"}],"wp:term":[{"taxonomy":"product_cat","embeddable":true,"href":"https:\/\/www.sunkaraoke.hu\/index.php\/wp-json\/wp\/v2\/product_cat?post=19246"},{"taxonomy":"product_tag","embeddable":true,"href":"https:\/\/www.sunkaraoke.hu\/index.php\/wp-json\/wp\/v2\/product_tag?post=19246"}],"curies":[{"name":"wp","href":"https:\/\/api.w.org\/{rel}","templated":true}]}}