{"id":19239,"date":"2025-04-21T08:26:52","date_gmt":"2025-04-21T08:26:52","guid":{"rendered":"https:\/\/www.sunkaraoke.hu\/?post_type=product&#038;p=19239"},"modified":"2025-04-22T05:13:07","modified_gmt":"2025-04-22T05:13:07","slug":"jolly-ugy-szeretlek-ugy-imadlak-2025-new-bence-edition","status":"publish","type":"product","link":"https:\/\/www.sunkaraoke.hu\/index.php\/termek\/jolly-ugy-szeretlek-ugy-imadlak-2025-new-bence-edition\/","title":{"rendered":"<div class=\"wcmp-player-container product-19239\"><audio controlslist=\"nodownload\" data-product=\"19239\"  volume=\"1\"  preload=\"none\" data-lazyloading=\"none\" class=\"wcmp-player track mejs-classic\" data-duration=\"0:33\" data-estimated_duration=\"4\"><source src=\"https:\/\/www.sunkaraoke.hu\/wp-content\/uploads\/2025\/04\/UGY-SZERETLEK-UGY-IMADLAKB_ddemoiooo2.mp3\" type=\"audio\/mp3\" \/><\/audio><\/div>Jolly &#8211; \u00dagy szeretlek, \u00fagy im\u00e1dlak 2025.NEW  (Bence Edition)"},"content":{"rendered":"<p><strong>02:54<\/strong>\u00a0| <strong><img loading=\"lazy\" decoding=\"async\" class=\"alignnone size-full wp-image-467\" src=\"https:\/\/www.sunkaraoke.hu\/wp-content\/uploads\/2022\/07\/choir_2-copy.webp\" alt=\"\" width=\"30\" height=\"30\" \/> <\/strong><\/p>\n","protected":false},"excerpt":{"rendered":"<h6>Bits\u0171r\u0171s\u00e9g: 320 kb\/s<br \/>\nHossz: 03:11<br \/>\nVok\u00e1lt tartalmaz: Nem <img loading=\"lazy\" decoding=\"async\" class=\"alignnone size-full wp-image-467\" src=\"http:\/\/www.sunkaraoke.hu\/wp-content\/uploads\/2022\/07\/choir_2-copy.png\" alt=\"\" width=\"30\" height=\"30\" \/><strong style=\"font-size: 16px;\"><br \/>\n<\/strong><\/h6>\n<p>Sunkaraoke mp3 st\u00fadi\u00f3 \/ www.sunkaraoke.hu \/ Inf: Tel: 06 20 4275001<\/p>\n<p>&#8212;Intr\u00f3&#8212;<br \/>\nBoldogs\u00e1gom nem tal\u00e1lom<br \/>\nMerre j\u00e1rsz most kedvesem?<br \/>\nTe vagy nekem a vil\u00e1gon<br \/>\nAz egyetlen szerelmem<br \/>\nGondolj \u00fajra a sz\u00e9p napokra,<br \/>\nMikor velem volt\u00e1l kedvesem.<br \/>\nNem tudn\u00e1lak elfeledni,<br \/>\nH\u00e1t te vagy az \u00e9n \u00e9letem.<br \/>\nTudod \u00e9n \u00fagy szeretlek \u00fagy im\u00e1dlak,<br \/>\nMinden \u00e9jjel t\u00e9ged v\u00e1rlak,<br \/>\nSoha t\u00f6bb\u00e9 nem dobn\u00e1lak senki\u00e9rt sem el.<br \/>\nTudod \u00e9n \u00fagy szeretlek \u00fagy im\u00e1dlak,<br \/>\nBoldog sz\u00edvvel t\u00e9ged v\u00e1rlak,<br \/>\nSoha t\u00f6bb\u00e9 nem dobn\u00e1lak senki\u00e9rt sem el.<br \/>\n&#8212;Sz\u00f3l\u00f3&#8212;<br \/>\nK\u00e9t karomba z\u00e1rlak t\u00e9ged,<br \/>\n\u00c9s soha nem engedlek el.<br \/>\nTeljes\u00edtem minden \u00e1lmod,<br \/>\nSz\u00edvem-lelkem \u00e9kszerem.<br \/>\nMegszeretni t\u00e9ged \u00e9des,<br \/>\nTudod nagyon-nagyon k\u00f6nny\u0171 volt.<br \/>\nTied az \u00e9n sz\u00edvem-lelkem,<br \/>\nNeked adom \u00f6r\u00f6kre.<br \/>\nTudod \u00e9n \u00fagy szeretlek \u00fagy im\u00e1dlak,<br \/>\nMinden \u00e9jjel t\u00e9ged v\u00e1rlak,<br \/>\nSoha t\u00f6bb\u00e9 nem dobn\u00e1lak senki\u00e9rt sem el.<br \/>\nTudod \u00e9n \u00fagy szeretlek \u00fagy im\u00e1dlak,<br \/>\nBoldog sz\u00edvvel t\u00e9ged v\u00e1rlak,<br \/>\nSoha t\u00f6bb\u00e9 nem dobn\u00e1lak senki\u00e9rt sem el.<br \/>\nTudod \u00e9n \u00fagy szeretlek \u00fagy im\u00e1dlak,<br \/>\nMinden \u00e9jjel t\u00e9ged v\u00e1rlak,<br \/>\nSoha t\u00f6bb\u00e9 nem dobn\u00e1lak senki\u00e9rt sem el.<br \/>\nTudod \u00e9n \u00fagy szeretlek \u00fagy im\u00e1dlak,<br \/>\nBoldog sz\u00edvvel t\u00e9ged v\u00e1rlak,<br \/>\nSoha t\u00f6bb\u00e9 nem dobn\u00e1lak senki\u00e9rt sem el.<br \/>\n&#8212;V\u00e9ge&#8212;<\/p>\n","protected":false},"featured_media":6147,"template":"","meta":{"site-sidebar-layout":"default","site-content-layout":"default","ast-site-content-layout":"default","site-content-style":"default","site-sidebar-style":"default","ast-global-header-display":"","ast-banner-title-visibility":"","ast-main-header-display":"","ast-hfb-above-header-display":"","ast-hfb-below-header-display":"","ast-hfb-mobile-header-display":"","site-post-title":"","ast-breadcrumbs-content":"","ast-featured-img":"","footer-sml-layout":"","theme-transparent-header-meta":"default","adv-header-id-meta":"","stick-header-meta":"","header-above-stick-meta":"","header-main-stick-meta":"","header-below-stick-meta":"","astra-migrate-meta-layouts":"set","ast-page-background-enabled":"default","ast-page-background-meta":{"desktop":{"background-color":"var(--ast-global-color-4)","background-image":"","background-repeat":"repeat","background-position":"center center","background-size":"auto","background-attachment":"scroll","background-type":"","background-media":"","overlay-type":"","overlay-color":"","overlay-opacity":"","overlay-gradient":""},"tablet":{"background-color":"","background-image":"","background-repeat":"repeat","background-position":"center center","background-size":"auto","background-attachment":"scroll","background-type":"","background-media":"","overlay-type":"","overlay-color":"","overlay-opacity":"","overlay-gradient":""},"mobile":{"background-color":"","background-image":"","background-repeat":"repeat","background-position":"center center","background-size":"auto","background-attachment":"scroll","background-type":"","background-media":"","overlay-type":"","overlay-color":"","overlay-opacity":"","overlay-gradient":""}},"ast-content-background-meta":{"desktop":{"background-color":"var(--ast-global-color-5)","background-image":"","background-repeat":"repeat","background-position":"center center","background-size":"auto","background-attachment":"scroll","background-type":"","background-media":"","overlay-type":"","overlay-color":"","overlay-opacity":"","overlay-gradient":""},"tablet":{"background-color":"var(--ast-global-color-5)","background-image":"","background-repeat":"repeat","background-position":"center center","background-size":"auto","background-attachment":"scroll","background-type":"","background-media":"","overlay-type":"","overlay-color":"","overlay-opacity":"","overlay-gradient":""},"mobile":{"background-color":"var(--ast-global-color-5)","background-image":"","background-repeat":"repeat","background-position":"center center","background-size":"auto","background-attachment":"scroll","background-type":"","background-media":"","overlay-type":"","overlay-color":"","overlay-opacity":"","overlay-gradient":""}}},"product_cat":[89],"product_tag":[],"class_list":["post-19239","product","type-product","status-publish","has-post-thumbnail","hentry","product_cat-balog-bence","desktop-align-left","tablet-align-left","mobile-align-left"],"_links":{"self":[{"href":"https:\/\/www.sunkaraoke.hu\/index.php\/wp-json\/wp\/v2\/product\/19239","targetHints":{"allow":["GET"]}}],"collection":[{"href":"https:\/\/www.sunkaraoke.hu\/index.php\/wp-json\/wp\/v2\/product"}],"about":[{"href":"https:\/\/www.sunkaraoke.hu\/index.php\/wp-json\/wp\/v2\/types\/product"}],"wp:featuredmedia":[{"embeddable":true,"href":"https:\/\/www.sunkaraoke.hu\/index.php\/wp-json\/wp\/v2\/media\/6147"}],"wp:attachment":[{"href":"https:\/\/www.sunkaraoke.hu\/index.php\/wp-json\/wp\/v2\/media?parent=19239"}],"wp:term":[{"taxonomy":"product_cat","embeddable":true,"href":"https:\/\/www.sunkaraoke.hu\/index.php\/wp-json\/wp\/v2\/product_cat?post=19239"},{"taxonomy":"product_tag","embeddable":true,"href":"https:\/\/www.sunkaraoke.hu\/index.php\/wp-json\/wp\/v2\/product_tag?post=19239"}],"curies":[{"name":"wp","href":"https:\/\/api.w.org\/{rel}","templated":true}]}}