{"id":19213,"date":"2025-04-15T10:35:04","date_gmt":"2025-04-15T10:35:04","guid":{"rendered":"https:\/\/www.sunkaraoke.hu\/?post_type=product&#038;p=19213"},"modified":"2025-04-15T10:37:07","modified_gmt":"2025-04-15T10:37:07","slug":"ignacz-marko-kan-muro-gad-2025-new-bence-edition","status":"publish","type":"product","link":"https:\/\/www.sunkaraoke.hu\/index.php\/termek\/ignacz-marko-kan-muro-gad-2025-new-bence-edition\/","title":{"rendered":"<div class=\"wcmp-player-container product-19213\"><audio controlslist=\"nodownload\" data-product=\"19213\"  volume=\"1\"  preload=\"none\" data-lazyloading=\"none\" class=\"wcmp-player track mejs-classic\" data-duration=\"0:33\" data-estimated_duration=\"4\"><source src=\"https:\/\/www.sunkaraoke.hu\/wp-content\/uploads\/2025\/04\/KAMIMO-SZASZ-demoo.mp3\" type=\"audio\/mp3\" \/><\/audio><\/div>Ign\u00e1cz M\u00e1rk\u00f3 &#8211; Kana Muro Gad 2025. New ( Bence Edition)"},"content":{"rendered":"<p><strong>03:03<\/strong>\u00a0| <strong><img loading=\"lazy\" decoding=\"async\" class=\"alignnone size-full wp-image-467\" src=\"https:\/\/www.sunkaraoke.hu\/wp-content\/uploads\/2022\/07\/choir_2-copy.webp\" alt=\"\" width=\"30\" height=\"30\" \/> <\/strong><\/p>\n","protected":false},"excerpt":{"rendered":"<h6><strong>Bits\u0171r\u0171s\u00e9g: 320 kb\/s<\/strong><br \/>\n<strong>Hossz: 03:03<\/strong><br \/>\n<strong>Vok\u00e1lt tartalmaz: Nem <img loading=\"lazy\" decoding=\"async\" class=\"alignnone size-full wp-image-467\" src=\"http:\/\/www.sunkaraoke.hu\/wp-content\/uploads\/2022\/07\/choir_2-copy.png\" alt=\"\" width=\"30\" height=\"30\" \/><\/strong><strong style=\"font-size: 16px;\"><br \/>\n<\/strong><\/h6>\n<p>Sunkaraoke mp3 st\u00fadi\u00f3 \/ www.sunkaraoke.hu \/ Inf: Tel: 06 20 4275001<\/p>\n<p>&#8212;Intr\u00f3&#8211;<br \/>\nAz utc\u00e1n te j\u00f6tt\u00e9l szemben, szemedbe n\u00e9zve meg\u00e9rtettem,<br \/>\na szerelem nem csak \u00e1lom, r\u00e9g\u00f3ta ter\u00e1d v\u00e1rok!<br \/>\nSz\u00edvem ti\u00e9d senki m\u00e1s\u00e9, a szerelemed nagy aj\u00e1nd\u00e9k,<br \/>\nszeress k\u00e9rlek \u00fagy ahogy \u00e9n,az \u00e9letem ti\u00e9d!<br \/>\nK\u00e1n\u00e1 muro g\u00e1d opr\u00e9ll\u00e1, Ik\u00e1lis\u00e9 m\u00e9r\u00e9 \u00e1nd\u00e1l\u00e1,<br \/>\nP\u00e9n\u00e9l m\u00e1gn\u00e9 hoj b\u00e1r\u00e9sz k\u00e1m\u00e9lm\u00e1,Pl\u00e1bol\u00e1b\u00e1r\u00f3 m\u00e9 k\u00e1mim\u00f3.<br \/>\nK\u00e1n\u00e1 muro g\u00e1d opr\u00e9ll\u00e1, aIk\u00e1lis\u00e9 m\u00e9r\u00e9 \u00e1nd\u00e1l\u00e1.<br \/>\nP\u00e9n\u00e9l m\u00e1gn\u00e9 hoj b\u00e1r\u00e9sz k\u00e1m\u00e9lm\u00e1,Pl\u00e1bol\u00e1b\u00e1r\u00f3 m\u00e9 k\u00e1mim\u00f3.<br \/>\n&#8212;Sz\u00f3l\u00f3&#8212;<br \/>\nAz utc\u00e1n te j\u00f6tt\u00e9l szemben, szemedbe n\u00e9zve meg\u00e9rtettem,<br \/>\na szerelem nem csak \u00e1lom, r\u00e9g\u00f3ta ter\u00e1d v\u00e1rok!<br \/>\nSz\u00edvem ti\u00e9d senki m\u00e1s\u00e9, a szerelemed nagy aj\u00e1nd\u00e9k,<br \/>\nszeress k\u00e9rlek \u00fagy ahogy \u00e9n,az \u00e9letem ti\u00e9d!<br \/>\nDehogyha r\u00e1mragyog a k\u00e9t szemed, megsz\u00e9d\u00edted teljesen a fejemet,<br \/>\nm\u00e9rt nem \u00e9rzed \u00e9rted \u00e9n meghalok tudd meg azt hogy szeretlek nagyon.<br \/>\nK\u00e1n\u00e1 muro g\u00e1d opr\u00e9ll\u00e1, aIk\u00e1lis\u00e9 m\u00e9r\u00e9 \u00e1nd\u00e1l\u00e1.<br \/>\nP\u00e9n\u00e9l m\u00e1gn\u00e9 hoj b\u00e1r\u00e9sz k\u00e1m\u00e9lm\u00e1,Pl\u00e1bol\u00e1b\u00e1r\u00f3 m\u00e9 k\u00e1mim\u00f3.<br \/>\nDehogyha r\u00e1mrafyog a k\u00e9t szemed, megsz\u00e9d\u00edted teljesen a fejemet,<br \/>\nm\u00e9rt nem \u00e9rzed \u00e9rted \u00e9n meghalok tudd meg azt hogy szeretlek nagyon.<br \/>\nK\u00e1n\u00e1 muro g\u00e1d opr\u00e9ll\u00e1, aIk\u00e1lis\u00e9 m\u00e9r\u00e9 \u00e1nd\u00e1l\u00e1.<br \/>\nP\u00e9n\u00e9l m\u00e1gn\u00e9 hoj b\u00e1r\u00e9sz k\u00e1m\u00e9lm\u00e1,Pl\u00e1bol\u00e1b\u00e1r\u00f3 m\u00e9 k\u00e1mim\u00f3<br \/>\n&#8212;V\u00e9ge&#8212;<\/p>\n","protected":false},"featured_media":10184,"template":"","meta":{"site-sidebar-layout":"default","site-content-layout":"default","ast-site-content-layout":"default","site-content-style":"default","site-sidebar-style":"default","ast-global-header-display":"","ast-banner-title-visibility":"","ast-main-header-display":"","ast-hfb-above-header-display":"","ast-hfb-below-header-display":"","ast-hfb-mobile-header-display":"","site-post-title":"","ast-breadcrumbs-content":"","ast-featured-img":"","footer-sml-layout":"","theme-transparent-header-meta":"default","adv-header-id-meta":"","stick-header-meta":"","header-above-stick-meta":"","header-main-stick-meta":"","header-below-stick-meta":"","astra-migrate-meta-layouts":"set","ast-page-background-enabled":"default","ast-page-background-meta":{"desktop":{"background-color":"var(--ast-global-color-4)","background-image":"","background-repeat":"repeat","background-position":"center center","background-size":"auto","background-attachment":"scroll","background-type":"","background-media":"","overlay-type":"","overlay-color":"","overlay-opacity":"","overlay-gradient":""},"tablet":{"background-color":"","background-image":"","background-repeat":"repeat","background-position":"center center","background-size":"auto","background-attachment":"scroll","background-type":"","background-media":"","overlay-type":"","overlay-color":"","overlay-opacity":"","overlay-gradient":""},"mobile":{"background-color":"","background-image":"","background-repeat":"repeat","background-position":"center center","background-size":"auto","background-attachment":"scroll","background-type":"","background-media":"","overlay-type":"","overlay-color":"","overlay-opacity":"","overlay-gradient":""}},"ast-content-background-meta":{"desktop":{"background-color":"var(--ast-global-color-5)","background-image":"","background-repeat":"repeat","background-position":"center center","background-size":"auto","background-attachment":"scroll","background-type":"","background-media":"","overlay-type":"","overlay-color":"","overlay-opacity":"","overlay-gradient":""},"tablet":{"background-color":"var(--ast-global-color-5)","background-image":"","background-repeat":"repeat","background-position":"center center","background-size":"auto","background-attachment":"scroll","background-type":"","background-media":"","overlay-type":"","overlay-color":"","overlay-opacity":"","overlay-gradient":""},"mobile":{"background-color":"var(--ast-global-color-5)","background-image":"","background-repeat":"repeat","background-position":"center center","background-size":"auto","background-attachment":"scroll","background-type":"","background-media":"","overlay-type":"","overlay-color":"","overlay-opacity":"","overlay-gradient":""}}},"product_cat":[89],"product_tag":[],"class_list":["post-19213","product","type-product","status-publish","has-post-thumbnail","hentry","product_cat-balog-bence","desktop-align-left","tablet-align-left","mobile-align-left"],"_links":{"self":[{"href":"https:\/\/www.sunkaraoke.hu\/index.php\/wp-json\/wp\/v2\/product\/19213","targetHints":{"allow":["GET"]}}],"collection":[{"href":"https:\/\/www.sunkaraoke.hu\/index.php\/wp-json\/wp\/v2\/product"}],"about":[{"href":"https:\/\/www.sunkaraoke.hu\/index.php\/wp-json\/wp\/v2\/types\/product"}],"wp:featuredmedia":[{"embeddable":true,"href":"https:\/\/www.sunkaraoke.hu\/index.php\/wp-json\/wp\/v2\/media\/10184"}],"wp:attachment":[{"href":"https:\/\/www.sunkaraoke.hu\/index.php\/wp-json\/wp\/v2\/media?parent=19213"}],"wp:term":[{"taxonomy":"product_cat","embeddable":true,"href":"https:\/\/www.sunkaraoke.hu\/index.php\/wp-json\/wp\/v2\/product_cat?post=19213"},{"taxonomy":"product_tag","embeddable":true,"href":"https:\/\/www.sunkaraoke.hu\/index.php\/wp-json\/wp\/v2\/product_tag?post=19213"}],"curies":[{"name":"wp","href":"https:\/\/api.w.org\/{rel}","templated":true}]}}