{"id":19177,"date":"2025-04-13T17:28:13","date_gmt":"2025-04-13T17:28:13","guid":{"rendered":"https:\/\/www.sunkaraoke.hu\/?post_type=product&#038;p=19177"},"modified":"2025-04-13T17:35:04","modified_gmt":"2025-04-13T17:35:04","slug":"csore-bela-csore-megamix-2025-new-original-bence-edition","status":"publish","type":"product","link":"https:\/\/www.sunkaraoke.hu\/index.php\/termek\/csore-bela-csore-megamix-2025-new-original-bence-edition\/","title":{"rendered":"<div class=\"wcmp-player-container product-19177\"><audio controlslist=\"nodownload\" data-product=\"19177\"  volume=\"1\"  preload=\"none\" data-lazyloading=\"none\" class=\"wcmp-player track mejs-classic\" data-duration=\"0:32\" data-estimated_duration=\"4\"><source src=\"https:\/\/www.sunkaraoke.hu\/wp-content\/uploads\/2025\/04\/CSORE-MIX_demo-1.mp3\" type=\"audio\/mp3\" \/><\/audio><\/div>Cs\u00f3r\u00e9 B\u00e9la &#8211; Cs\u00f3r\u00e9 Megamix 2025. NEW ( Original Bence Edition)"},"content":{"rendered":"<p><strong>06:57<\/strong>\u00a0| <strong><img loading=\"lazy\" decoding=\"async\" class=\"alignnone size-full wp-image-466\" src=\"https:\/\/www.sunkaraoke.hu\/wp-content\/uploads\/2022\/07\/choir_1-copy.webp\" alt=\"\" width=\"30\" height=\"30\" \/> <\/strong><\/p>\n","protected":false},"excerpt":{"rendered":"<h6><strong>Bits\u0171r\u0171s\u00e9g: 320<\/strong>kb\/s<strong><br \/>\n<\/strong><strong>Hossz: 06:57<\/strong><strong><br \/>\n<\/strong><strong style=\"font-size: 16px;\">Vok\u00e1lt tartalmaz: NEM<\/strong><strong style=\"font-size: 16px;\"><br \/>\n<\/strong><\/h6>\n<p>Sunkaraoke mp3 st\u00fadi\u00f3 \/ www.sunkaraoke.hu \/ Inf: Tel: 06 20 4275001<\/p>\n<p>&#8212;INTRO&#8212;<br \/>\nReggel van m\u00e1r, kora reggel,<br \/>\nminden fegyenc alszik m\u00e1r.<br \/>\nCsak egy fegyenc, van m\u00e9g \u00e9bren,<br \/>\nkinek sz\u00edve nagyon f\u00e1j.<br \/>\nNe szomorkodj barna kisl\u00e1ny,<br \/>\nne hullajtsd a k\u00f6nnyedet,<br \/>\n\u00fagy is tudod, hogy a s\u00edrb\u00f3l,<br \/>\nvissza t\u00e9rni nem lehet.<br \/>\nHa volna n\u00e9kem, tint\u00e1m tollam,<br \/>\nmeg egy darab pap\u00edrom.<br \/>\nLe\u00edrn\u00e1m \u00e9n, mind azokat,<br \/>\nmit le\u00edrni f\u00e1jdalom.<br \/>\nEste van m\u00e1r, k\u00e9s\u0151 este,<br \/>\nminden fegyenc, alszik m\u00e1r.<br \/>\nCsak egy fegyenc, van m\u00e9g \u00e9bren,<br \/>\nkinek sz\u00edve nagyon f\u00e1j.<br \/>\nHull\u00e1mz\u00f3 tenger v\u00edz\u00e9ben<br \/>\nVan egy haj\u00f3 kik\u00f6t\u0151<br \/>\nOda \u00faszik minden este<br \/>\nK\u00e9t kicsi pap\u00edrhaj\u00f3<br \/>\nVan m\u00e1r n\u00e9kem, tint\u00e1m tollam,<br \/>\nmeg darab egy pap\u00edrom.<br \/>\nLe is \u00edrom mind azokat,<br \/>\nmit le\u00edrni f\u00e1jdalom.<br \/>\n&#8212;SZ\u00d3L\u00d3&#8212;<br \/>\nMegyek, de megyek v\u00e9gig a k\u00f6rleten,<br \/>\nkisz\u00f3lnak, hogy gyere ide be.<br \/>\nNe sz\u00f3ljatok n\u00e9kem b\u00fasulok egy l\u00e1ny ut\u00e1n,<br \/>\nszabad leszek egyszer a l\u00e1ny m\u00e1r m\u00e1ssal j\u00e1r.<br \/>\nNe sz\u00f3ljatok n\u00e9kem b\u00fasulok egy l\u00e1ny ut\u00e1n,<br \/>\nszabad leszek egyszer a l\u00e1ny m\u00e1r m\u00e1ssal j\u00e1r.<br \/>\nEz a kisl\u00e1ny nem hozz\u00e1m val\u00f3,<br \/>\nnem kell neki t\u0151lem takar\u00f3.<br \/>\nCig\u00e1nyok k\u00f6zt \u00e9lek, ott van nekem a bab\u00e1m,<br \/>\nott ahol a git\u00e1rom hangja sz\u00e1ll.<br \/>\nCig\u00e1nyok k\u00f6zt \u00e9lek, ott van nekem a haz\u00e1m,<br \/>\nHajnali \u00e1rny\u00e9k vet\u00edti \u00e1lmomat,<br \/>\ncsak egy kisl\u00e1ny tudja a b\u00e1natomat.<br \/>\nGy\u00f6ngy bet\u0171kkel \u00edrom, hogy eny\u00e9m leszel kedvesem,<br \/>\nak\u00e1rmerre j\u00e1rok t\u00e9ged kereslek.<br \/>\nGy\u00f6ngy bet\u0171kkel \u00edrom, hogy eny\u00e9m leszel kedvesem,<br \/>\nszabad leszek egyszer t\u00e9ged kereslek.<br \/>\nB\u00f6rt\u00f6n \u00e1rny\u00e9k\u00e1ban \u00e1ll egy l\u00e1ny,<br \/>\nhossz\u00fa haj\u00e1t megsimogatn\u00e1m.<br \/>\nElfelejtett engem a barnahaj\u00fa szerelmem,<br \/>\nszabad leszek egyszer t\u00e9ged kereslek.<br \/>\nElfelejtett engem a barnahaj\u00fa szerelmem,<br \/>\nszabad leszek egyszer t\u00e9ged kereslek.<br \/>\n&#8212;Sz\u00f3l\u00f3&#8212;<br \/>\nF\u00e1radt l\u00e1bam megbotlott a j\u00e1rd\u00e1n,<br \/>\nAz \u00e9hs\u00e9gt\u0151l \u00e1juldozom \u00e9n,<br \/>\nA Keletiben lesz a fekv\u0151helyem,<br \/>\nAhov\u00e1 most \u00fagy igyekszem \u00e9n<br \/>\nA rend\u0151r\u00f6kt\u0151l nincsen marad\u00e1som,<br \/>\nS\u00fajt az \u00e9let, s\u00fajt a gumibot,<br \/>\nA padl\u00f3t\u00f3l remegve fel\u00e1llok,<br \/>\nS \u00e9neklek egy r\u00e9gi dallamot:<br \/>\nA cig\u00e1nyasszony megj\u00f3solta n\u00e9kem<br \/>\nHogy b\u00f6rt\u00f6nben t\u00f6lt\u00f6m el az \u00e9letem<br \/>\nVolt egy kisl\u00e1ny, ki elhagyott a ny\u00e1ron,<br \/>\nEz\u00e9rt \u00fcltem h\u00e1rom \u00e9vet \u00e9n,<br \/>\nRend\u0151r b\u00e1csik ne b\u00e1ntsatok engem,<br \/>\nNincsen senkim a f\u00f6ld kerek\u00e9n,<br \/>\nVolt egy kisl\u00e1ny, ki elhagyott a ny\u00e1ron,<br \/>\nEz\u00e9rt \u00fcltem h\u00e1rom \u00e9vet \u00e9n,<br \/>\nEgy sz\u00e1l r\u00f3zs\u00e1t adt\u00e1l ide n\u00e9kem ,<br \/>\nEgy sz\u00e1l r\u00f3zs\u00e1t a ny\u00e1r elej\u00e9n,<br \/>\nAzt mondtad, hogy h\u0171s\u00e9ged vir\u00e1ga,<br \/>\nDe elhervadt, \u00e9s nincs t\u00f6bb\u00e9 rem\u00e9ny,<br \/>\n&#8212;V\u00e9ge&#8212;<\/p>\n","protected":false},"featured_media":18710,"template":"","meta":{"site-sidebar-layout":"default","site-content-layout":"default","ast-site-content-layout":"default","site-content-style":"default","site-sidebar-style":"default","ast-global-header-display":"","ast-banner-title-visibility":"","ast-main-header-display":"","ast-hfb-above-header-display":"","ast-hfb-below-header-display":"","ast-hfb-mobile-header-display":"","site-post-title":"","ast-breadcrumbs-content":"","ast-featured-img":"","footer-sml-layout":"","theme-transparent-header-meta":"default","adv-header-id-meta":"","stick-header-meta":"","header-above-stick-meta":"","header-main-stick-meta":"","header-below-stick-meta":"","astra-migrate-meta-layouts":"set","ast-page-background-enabled":"default","ast-page-background-meta":{"desktop":{"background-color":"var(--ast-global-color-4)","background-image":"","background-repeat":"repeat","background-position":"center center","background-size":"auto","background-attachment":"scroll","background-type":"","background-media":"","overlay-type":"","overlay-color":"","overlay-opacity":"","overlay-gradient":""},"tablet":{"background-color":"","background-image":"","background-repeat":"repeat","background-position":"center center","background-size":"auto","background-attachment":"scroll","background-type":"","background-media":"","overlay-type":"","overlay-color":"","overlay-opacity":"","overlay-gradient":""},"mobile":{"background-color":"","background-image":"","background-repeat":"repeat","background-position":"center center","background-size":"auto","background-attachment":"scroll","background-type":"","background-media":"","overlay-type":"","overlay-color":"","overlay-opacity":"","overlay-gradient":""}},"ast-content-background-meta":{"desktop":{"background-color":"var(--ast-global-color-5)","background-image":"","background-repeat":"repeat","background-position":"center center","background-size":"auto","background-attachment":"scroll","background-type":"","background-media":"","overlay-type":"","overlay-color":"","overlay-opacity":"","overlay-gradient":""},"tablet":{"background-color":"var(--ast-global-color-5)","background-image":"","background-repeat":"repeat","background-position":"center center","background-size":"auto","background-attachment":"scroll","background-type":"","background-media":"","overlay-type":"","overlay-color":"","overlay-opacity":"","overlay-gradient":""},"mobile":{"background-color":"var(--ast-global-color-5)","background-image":"","background-repeat":"repeat","background-position":"center center","background-size":"auto","background-attachment":"scroll","background-type":"","background-media":"","overlay-type":"","overlay-color":"","overlay-opacity":"","overlay-gradient":""}}},"product_cat":[89],"product_tag":[],"class_list":["post-19177","product","type-product","status-publish","has-post-thumbnail","hentry","product_cat-balog-bence","desktop-align-left","tablet-align-left","mobile-align-left"],"_links":{"self":[{"href":"https:\/\/www.sunkaraoke.hu\/index.php\/wp-json\/wp\/v2\/product\/19177","targetHints":{"allow":["GET"]}}],"collection":[{"href":"https:\/\/www.sunkaraoke.hu\/index.php\/wp-json\/wp\/v2\/product"}],"about":[{"href":"https:\/\/www.sunkaraoke.hu\/index.php\/wp-json\/wp\/v2\/types\/product"}],"wp:featuredmedia":[{"embeddable":true,"href":"https:\/\/www.sunkaraoke.hu\/index.php\/wp-json\/wp\/v2\/media\/18710"}],"wp:attachment":[{"href":"https:\/\/www.sunkaraoke.hu\/index.php\/wp-json\/wp\/v2\/media?parent=19177"}],"wp:term":[{"taxonomy":"product_cat","embeddable":true,"href":"https:\/\/www.sunkaraoke.hu\/index.php\/wp-json\/wp\/v2\/product_cat?post=19177"},{"taxonomy":"product_tag","embeddable":true,"href":"https:\/\/www.sunkaraoke.hu\/index.php\/wp-json\/wp\/v2\/product_tag?post=19177"}],"curies":[{"name":"wp","href":"https:\/\/api.w.org\/{rel}","templated":true}]}}