{"id":15444,"date":"2025-03-27T06:52:58","date_gmt":"2025-03-27T06:52:58","guid":{"rendered":"https:\/\/www.sunkaraoke.hu\/?post_type=product&#038;p=15444"},"modified":"2025-03-27T06:53:52","modified_gmt":"2025-03-27T06:53:52","slug":"jolly-loca-loca-new","status":"publish","type":"product","link":"https:\/\/www.sunkaraoke.hu\/index.php\/termek\/jolly-loca-loca-new\/","title":{"rendered":"<div class=\"wcmp-player-container product-15444\"><audio controlslist=\"nodownload\" data-product=\"15444\"  volume=\"1\"  preload=\"none\" data-lazyloading=\"none\" class=\"wcmp-player track mejs-classic\" data-duration=\"0:32\" data-estimated_duration=\"4\"><source src=\"https:\/\/www.sunkaraoke.hu\/wp-content\/uploads\/2025\/03\/Loca-loca-vocal-2013-SB_demo.mp3\" type=\"audio\/mp3\" \/><\/audio><\/div>Jolly &#8211; Loca loca NEW."},"content":{"rendered":"<p><strong>04:04<\/strong> | <strong><img loading=\"lazy\" decoding=\"async\" class=\"alignnone size-full wp-image-467\" src=\"https:\/\/www.sunkaraoke.hu\/wp-content\/uploads\/2022\/07\/choir_2-copy.webp\" alt=\"\" width=\"30\" height=\"30\" \/> <strong> | <img loading=\"lazy\" decoding=\"async\" class=\"alignnone size-full wp-image-613\" src=\"https:\/\/www.sunkaraoke.hu\/wp-content\/uploads\/2022\/07\/transzponalas.webp\" alt=\"\" width=\"30\" height=\"30\" \/> <\/strong><strong>0<\/strong><\/strong><\/p>\n","protected":false},"excerpt":{"rendered":"<h6><strong>Bits\u0171r\u0171s\u00e9g: 320 <\/strong>kb\/s<strong><br \/>\n<\/strong><strong>Hossz: <\/strong>04:04<strong><br \/>\n<\/strong><strong style=\"font-size: 16px;\">Vok\u00e1lt tartalmaz: IGEN<\/strong>\u00a0<img loading=\"lazy\" decoding=\"async\" class=\"alignnone size-full wp-image-467\" src=\"http:\/\/www.sunkaraoke.hu\/wp-content\/uploads\/2022\/07\/choir_2-copy.png\" alt=\"\" width=\"30\" height=\"30\" \/><strong style=\"font-size: 16px;\"><br \/>\n<\/strong><strong>Transzpon\u00e1l\u00e1s: <\/strong><img loading=\"lazy\" decoding=\"async\" class=\"alignnone size-full wp-image-613\" src=\"http:\/\/www.sunkaraoke.hu\/wp-content\/uploads\/2022\/07\/transzponalas.png\" alt=\"\" width=\"30\" height=\"30\" \/> -4<\/h6>\n<p>Sunkaraoke mp3 st\u00fadi\u00f3 \/ www.sunkaraoke.hu \/ Inf: Tel: 06 20 4275001<\/p>\n<p>&#8212;Intr\u00f3&#8212;<br \/>\nLoca, loca, loca, a sz\u00edvem neked s\u00fagja.<br \/>\nLoca, loca, loca.<br \/>\nSzerelem, szerelem, mi\u00e9rt f\u00e1jd\u00edtod a sz\u00edvem,<br \/>\nmi\u00e9rt v\u00e1gyom r\u00e1d minden \u00e9jjel sz\u00fcntelen?<br \/>\n\u00c9n nem tudom, nem tudom,<br \/>\nmi\u00e9rt szeretlek oly nagyon,<br \/>\nn\u00e9lk\u00fcled az \u00e9letem egy romhalom.<br \/>\nGyere b\u00fajj hozz\u00e1m, ha \u00fagy \u00e9rzed, hogy hi\u00e1nyzom!<br \/>\n\u00cdg\u00e9rem, hogy t\u0151led sose b\u00facs\u00fazom.<br \/>\nMegtal\u00e1ltam melletted a boldogs\u00e1gom,<br \/>\naj\u00e1nd\u00e9k a sz\u00edved \u00c9nnekem.<br \/>\nLoca, loca, loca,a sz\u00edvem neked s\u00fagja.<br \/>\nSzeretlek mind hal\u00e1lig, csak a ti\u00e9d leszek.<br \/>\nLoca, loca, loca,a sz\u00edvem csak azt s\u00fagja,<br \/>\nlegy\u00e9l az \u00e9n kis p\u00e1rom egy \u00e9leten \u00e1t.<br \/>\nLoca, loca, loca, a sz\u00edvem neked s\u00fagja.<br \/>\nSzeretlek mind hal\u00e1lig, csak a ti\u00e9d leszek.<br \/>\nLoca, loca, loca,a sz\u00edvem csak azt s\u00fagja.<br \/>\nLegy\u00e9l az \u00e9n kis p\u00e1rom, mindig engem szeress!<br \/>\nSzerelem, szerelem, mi\u00e9rt f\u00e1jd\u00edtod a sz\u00edvem,<br \/>\nmi\u00e9rt v\u00e1gyom r\u00e1d minden \u00e9jjel sz\u00fcntelen?<br \/>\n\u00c9n nem tudom, nem tudom,<br \/>\nmi\u00e9rt szeretlek oly nagyon,<br \/>\nn\u00e9lk\u00fcled az \u00e9letem egy rom halom.<br \/>\nGyere b\u00fajj hozz\u00e1m, ha \u00fagy \u00e9rzed, hogy hi\u00e1nyzom!<br \/>\n\u00cdg\u00e9rem, hogy t\u0151led sose b\u00facs\u00fazom.<br \/>\nMegtal\u00e1ltam melletted a boldogs\u00e1gom,<br \/>\naj\u00e1nd\u00e9k a sz\u00edved \u00e9nnekem.<br \/>\nLoca, loca, loca,a sz\u00edvem neked s\u00fagja.<br \/>\nSzeretlek mind hal\u00e1lig, csak a ti\u00e9d leszek.<br \/>\nLoca, loca, loca,a sz\u00edvem neked s\u00fagja.,<br \/>\nlegy\u00e9l az \u00e9n kis p\u00e1rom, egy \u00e9leten \u00e1t.<br \/>\nLoca, loca, loca, a sz\u00edvem neked s\u00fagja.<br \/>\nSzeretlek mind hal\u00e1lig, csak a ti\u00e9d leszek.<br \/>\nLoca, loca, loca, a sz\u00edvem csak azt s\u00fagja.<br \/>\nLegy\u00e9l az \u00e9n kis p\u00e1rom, mindig engem szeress!<br \/>\n&#8212;Sz\u00f3l\u00f3&#8212;<br \/>\nLoca, loca, loca,a sz\u00edvem neked s\u00fagja.<br \/>\nSzeretlek mind hal\u00e1lig, csak a ti\u00e9d leszek.<br \/>\nLoca, loca, loca,a sz\u00edvem neked s\u00fagja.,<br \/>\nlegy\u00e9l az \u00e9n kis p\u00e1rom, egy \u00e9leten \u00e1t.<br \/>\nLoca, loca, loca, a sz\u00edvem neked s\u00fagja.<br \/>\nSzeretlek mind hal\u00e1lig, csak a ti\u00e9d leszek.<br \/>\nLoca, loca, loca, a sz\u00edvem csak azt s\u00fagja.<br \/>\nLegy\u00e9l az \u00e9n kis p\u00e1rom, mindig engem szeress!<br \/>\n&#8212;V\u00e9ge&#8212;<\/p>\n","protected":false},"featured_media":6147,"template":"","meta":{"site-sidebar-layout":"default","site-content-layout":"default","ast-site-content-layout":"default","site-content-style":"default","site-sidebar-style":"default","ast-global-header-display":"","ast-banner-title-visibility":"","ast-main-header-display":"","ast-hfb-above-header-display":"","ast-hfb-below-header-display":"","ast-hfb-mobile-header-display":"","site-post-title":"","ast-breadcrumbs-content":"","ast-featured-img":"","footer-sml-layout":"","theme-transparent-header-meta":"default","adv-header-id-meta":"","stick-header-meta":"","header-above-stick-meta":"","header-main-stick-meta":"","header-below-stick-meta":"","astra-migrate-meta-layouts":"set","ast-page-background-enabled":"default","ast-page-background-meta":{"desktop":{"background-color":"var(--ast-global-color-4)","background-image":"","background-repeat":"repeat","background-position":"center center","background-size":"auto","background-attachment":"scroll","background-type":"","background-media":"","overlay-type":"","overlay-color":"","overlay-opacity":"","overlay-gradient":""},"tablet":{"background-color":"","background-image":"","background-repeat":"repeat","background-position":"center center","background-size":"auto","background-attachment":"scroll","background-type":"","background-media":"","overlay-type":"","overlay-color":"","overlay-opacity":"","overlay-gradient":""},"mobile":{"background-color":"","background-image":"","background-repeat":"repeat","background-position":"center center","background-size":"auto","background-attachment":"scroll","background-type":"","background-media":"","overlay-type":"","overlay-color":"","overlay-opacity":"","overlay-gradient":""}},"ast-content-background-meta":{"desktop":{"background-color":"var(--ast-global-color-5)","background-image":"","background-repeat":"repeat","background-position":"center center","background-size":"auto","background-attachment":"scroll","background-type":"","background-media":"","overlay-type":"","overlay-color":"","overlay-opacity":"","overlay-gradient":""},"tablet":{"background-color":"var(--ast-global-color-5)","background-image":"","background-repeat":"repeat","background-position":"center center","background-size":"auto","background-attachment":"scroll","background-type":"","background-media":"","overlay-type":"","overlay-color":"","overlay-opacity":"","overlay-gradient":""},"mobile":{"background-color":"var(--ast-global-color-5)","background-image":"","background-repeat":"repeat","background-position":"center center","background-size":"auto","background-attachment":"scroll","background-type":"","background-media":"","overlay-type":"","overlay-color":"","overlay-opacity":"","overlay-gradient":""}}},"product_cat":[48],"product_tag":[],"class_list":["post-15444","product","type-product","status-publish","has-post-thumbnail","hentry","product_cat-sunkaraoke-dalok","desktop-align-left","tablet-align-left","mobile-align-left"],"_links":{"self":[{"href":"https:\/\/www.sunkaraoke.hu\/index.php\/wp-json\/wp\/v2\/product\/15444","targetHints":{"allow":["GET"]}}],"collection":[{"href":"https:\/\/www.sunkaraoke.hu\/index.php\/wp-json\/wp\/v2\/product"}],"about":[{"href":"https:\/\/www.sunkaraoke.hu\/index.php\/wp-json\/wp\/v2\/types\/product"}],"wp:featuredmedia":[{"embeddable":true,"href":"https:\/\/www.sunkaraoke.hu\/index.php\/wp-json\/wp\/v2\/media\/6147"}],"wp:attachment":[{"href":"https:\/\/www.sunkaraoke.hu\/index.php\/wp-json\/wp\/v2\/media?parent=15444"}],"wp:term":[{"taxonomy":"product_cat","embeddable":true,"href":"https:\/\/www.sunkaraoke.hu\/index.php\/wp-json\/wp\/v2\/product_cat?post=15444"},{"taxonomy":"product_tag","embeddable":true,"href":"https:\/\/www.sunkaraoke.hu\/index.php\/wp-json\/wp\/v2\/product_tag?post=15444"}],"curies":[{"name":"wp","href":"https:\/\/api.w.org\/{rel}","templated":true}]}}