{"id":15323,"date":"2025-03-26T12:13:21","date_gmt":"2025-03-26T12:13:21","guid":{"rendered":"https:\/\/www.sunkaraoke.hu\/?post_type=product&#038;p=15323"},"modified":"2025-03-26T12:15:10","modified_gmt":"2025-03-26T12:15:10","slug":"sancy-es-judith-ram-talalt-a-boldogsag-2025-new-edit","status":"publish","type":"product","link":"https:\/\/www.sunkaraoke.hu\/index.php\/termek\/sancy-es-judith-ram-talalt-a-boldogsag-2025-new-edit\/","title":{"rendered":"<div class=\"wcmp-player-container product-15323\"><audio controlslist=\"nodownload\" data-product=\"15323\"  volume=\"1\"  preload=\"none\" data-lazyloading=\"none\" class=\"wcmp-player track mejs-classic\" data-duration=\"0:33\" data-estimated_duration=\"4\"><source src=\"https:\/\/www.sunkaraoke.hu\/wp-content\/uploads\/2025\/03\/Ram-talalt-a-boldogsag-2025.-New_demo.mp3\" type=\"audio\/mp3\" \/><\/audio><\/div>Sancy \u00e9s Judith: R\u00e1m tal\u00e1lt a boldogs\u00e1g 2025. NEW Edit"},"content":{"rendered":"<p><strong>03:09 <\/strong>\u00a0\/\u00a0<strong><img loading=\"lazy\" decoding=\"async\" class=\"alignnone size-full wp-image-467\" src=\"https:\/\/www.sunkaraoke.hu\/wp-content\/uploads\/2022\/07\/choir_2-copy.webp\" alt=\"\" width=\"30\" height=\"30\" \/> \/\u00a0 <img decoding=\"async\" src=\"https:\/\/www.sunkaraoke.hu\/wp-content\/uploads\/2022\/07\/transzponalas.webp\" \/>\u00a0<\/strong><\/p>\n","protected":false},"excerpt":{"rendered":"<h6><strong>Bits\u0171r\u0171s\u00e9g: 320kb\/s<\/strong><br \/>\n<strong>Hossz: 03:09<\/strong><br \/>\n<strong>Vok\u00e1lt tartalmaz: Nem <img loading=\"lazy\" decoding=\"async\" class=\"alignnone size-full wp-image-467\" src=\"http:\/\/www.sunkaraoke.hu\/wp-content\/uploads\/2022\/07\/choir_2-copy.png\" alt=\"\" width=\"30\" height=\"30\" \/><\/strong><\/h6>\n<p>Sunkaraoke mp3 st\u00fadi\u00f3 \/ www.sunkaraoke.hu \/ Inf: Tel: 06 20 4275001<\/p>\n<p>&#8212;Intrr\u00f3&#8212;<br \/>\nAzt mondtad hogy szeretsz engem,<br \/>\nha j\u00f3l tudom csak hazugs\u00e1g,<br \/>\nbolond sz\u00edvem elhitte, ez nem \u00e1lom ez val\u00f3s\u00e1g.<br \/>\n\u00c9n hittem neked minden percben,<br \/>\nde becsaptad a sz\u00edvemet.<br \/>\nHazudj m\u00e1snak nem \u00e9rdekelsz, \u00e9ld tov\u00e1bb az \u00e9leted.<br \/>\nR\u00e1m tal\u00e1lt a boldogs\u00e1g, mit soha el nem engedek,<br \/>\nt\u00f6bb\u00e9 soha nem t\u00f6ri sz\u00e9t, senki az \u00e9n sz\u00edvemet.<br \/>\nMegtal\u00e1ltam a boldogs\u00e1got, karjaidban, a biztons\u00e1got,<br \/>\ncsak szeress k\u00e9rlek \u00e9s viszonzom neked.<br \/>\n&#8212;Sz\u00f3l\u00f3&#8212;<br \/>\n\u00daj \u00e9letet kezdek \u00e9n egy \u00e1lom v\u00e9get \u00e9rt,<br \/>\nvalahol tudom v\u00e1rnak r\u00e1m, \u00e9s van m\u00e9g egy es\u00e9ly.<br \/>\nA mes\u00e9kben m\u00e1r nem hiszek, mert becsapt\u00e1k a sz\u00edvemet,<br \/>\nemelt fejjel megyek tov\u00e1bb, \u00e9lem tov\u00e1bb \u00e9letem.<br \/>\nR\u00e1m tal\u00e1lt a boldogs\u00e1g, mit soha el nem engedek,<br \/>\nt\u00f6bb\u00e9 soha nem t\u00f6ri sz\u00e9t senki az \u00e9n sz\u00edvemet.<br \/>\nMegtal\u00e1ltam a boldogs\u00e1got, karjaidban, a biztons\u00e1got,<br \/>\ncsak szeress k\u00e9rlek \u00e9s viszonzom neked.<br \/>\n&#8212;Sz\u00f3l\u00f3&#8212;<br \/>\nR\u00e1m tal\u00e1lt a boldogs\u00e1g, mit soha el nem engedek,<br \/>\nt\u00f6bb\u00e9 soha nem t\u00f6ri sz\u00e9t senki az \u00e9n sz\u00edvemet.<br \/>\nMegtal\u00e1ltam a boldogs\u00e1got, karjaidban, a biztons\u00e1got,<br \/>\ncsak szeress k\u00e9rlek \u00e9s viszonzom neked.<br \/>\n&#8212;V\u00e9ge&#8212;<\/p>\n","protected":false},"featured_media":15326,"template":"","meta":{"site-sidebar-layout":"default","site-content-layout":"default","ast-site-content-layout":"default","site-content-style":"default","site-sidebar-style":"default","ast-global-header-display":"","ast-banner-title-visibility":"","ast-main-header-display":"","ast-hfb-above-header-display":"","ast-hfb-below-header-display":"","ast-hfb-mobile-header-display":"","site-post-title":"","ast-breadcrumbs-content":"","ast-featured-img":"","footer-sml-layout":"","theme-transparent-header-meta":"default","adv-header-id-meta":"","stick-header-meta":"","header-above-stick-meta":"","header-main-stick-meta":"","header-below-stick-meta":"","astra-migrate-meta-layouts":"set","ast-page-background-enabled":"default","ast-page-background-meta":{"desktop":{"background-color":"var(--ast-global-color-4)","background-image":"","background-repeat":"repeat","background-position":"center center","background-size":"auto","background-attachment":"scroll","background-type":"","background-media":"","overlay-type":"","overlay-color":"","overlay-opacity":"","overlay-gradient":""},"tablet":{"background-color":"","background-image":"","background-repeat":"repeat","background-position":"center center","background-size":"auto","background-attachment":"scroll","background-type":"","background-media":"","overlay-type":"","overlay-color":"","overlay-opacity":"","overlay-gradient":""},"mobile":{"background-color":"","background-image":"","background-repeat":"repeat","background-position":"center center","background-size":"auto","background-attachment":"scroll","background-type":"","background-media":"","overlay-type":"","overlay-color":"","overlay-opacity":"","overlay-gradient":""}},"ast-content-background-meta":{"desktop":{"background-color":"var(--ast-global-color-5)","background-image":"","background-repeat":"repeat","background-position":"center center","background-size":"auto","background-attachment":"scroll","background-type":"","background-media":"","overlay-type":"","overlay-color":"","overlay-opacity":"","overlay-gradient":""},"tablet":{"background-color":"var(--ast-global-color-5)","background-image":"","background-repeat":"repeat","background-position":"center center","background-size":"auto","background-attachment":"scroll","background-type":"","background-media":"","overlay-type":"","overlay-color":"","overlay-opacity":"","overlay-gradient":""},"mobile":{"background-color":"var(--ast-global-color-5)","background-image":"","background-repeat":"repeat","background-position":"center center","background-size":"auto","background-attachment":"scroll","background-type":"","background-media":"","overlay-type":"","overlay-color":"","overlay-opacity":"","overlay-gradient":""}}},"product_cat":[48],"product_tag":[],"class_list":["post-15323","product","type-product","status-publish","has-post-thumbnail","hentry","product_cat-sunkaraoke-dalok","desktop-align-left","tablet-align-left","mobile-align-left"],"_links":{"self":[{"href":"https:\/\/www.sunkaraoke.hu\/index.php\/wp-json\/wp\/v2\/product\/15323","targetHints":{"allow":["GET"]}}],"collection":[{"href":"https:\/\/www.sunkaraoke.hu\/index.php\/wp-json\/wp\/v2\/product"}],"about":[{"href":"https:\/\/www.sunkaraoke.hu\/index.php\/wp-json\/wp\/v2\/types\/product"}],"wp:featuredmedia":[{"embeddable":true,"href":"https:\/\/www.sunkaraoke.hu\/index.php\/wp-json\/wp\/v2\/media\/15326"}],"wp:attachment":[{"href":"https:\/\/www.sunkaraoke.hu\/index.php\/wp-json\/wp\/v2\/media?parent=15323"}],"wp:term":[{"taxonomy":"product_cat","embeddable":true,"href":"https:\/\/www.sunkaraoke.hu\/index.php\/wp-json\/wp\/v2\/product_cat?post=15323"},{"taxonomy":"product_tag","embeddable":true,"href":"https:\/\/www.sunkaraoke.hu\/index.php\/wp-json\/wp\/v2\/product_tag?post=15323"}],"curies":[{"name":"wp","href":"https:\/\/api.w.org\/{rel}","templated":true}]}}