{"id":15078,"date":"2025-03-18T12:29:45","date_gmt":"2025-03-18T12:29:45","guid":{"rendered":"https:\/\/www.sunkaraoke.hu\/?post_type=product&#038;p=15078"},"modified":"2025-03-18T12:31:24","modified_gmt":"2025-03-18T12:31:24","slug":"csonno-imre-kavaras-2025-new-edit","status":"publish","type":"product","link":"https:\/\/www.sunkaraoke.hu\/index.php\/termek\/csonno-imre-kavaras-2025-new-edit\/","title":{"rendered":"<div class=\"wcmp-player-container product-15078\"><audio controlslist=\"nodownload\" data-product=\"15078\"  volume=\"1\"  preload=\"none\" data-lazyloading=\"none\" class=\"wcmp-player track mejs-classic\" data-duration=\"0:32\" data-estimated_duration=\"4\"><source src=\"https:\/\/www.sunkaraoke.hu\/wp-content\/uploads\/2025\/03\/Kavares-2025.-New_demo.mp3\" type=\"audio\/mp3\" \/><\/audio><\/div>Csonn\u00f3 Imre : Kavar\u00e1s 2025. New Edit"},"content":{"rendered":"<p><strong>02:47<\/strong>\u00a0\/\u00a0<img decoding=\"async\" src=\"https:\/\/www.sunkaraoke.hu\/wp-content\/uploads\/2022\/07\/choir_2-copy.webp\" \/> \/<\/p>\n","protected":false},"excerpt":{"rendered":"<h5><strong>Bits\u0171r\u0171s\u00e9g: 320kb\/s<\/strong><br \/>\n<strong>Hossz: 02:47<\/strong><br \/>\n<strong>Vok\u00e1lt tartalmaz: Nem <img decoding=\"async\" src=\"https:\/\/www.sunkaraoke.hu\/wp-content\/uploads\/2022\/07\/choir_2-copy.png\" \/><\/strong><\/h5>\n<p>Sunkaraoke mp3 st\u00fadi\u00f3 \/ www.sunkaraoke.hu \/ Inf: Tel: 06 20 4275001<\/p>\n<p>&#8212;Intr\u00f3&#8212;<br \/>\nCsinos ez a l\u00e1ny, nem b\u00edrom tov\u00e1bb,<br \/>\nmeg kell szereznem a sz\u00e1m\u00e1t.<br \/>\nA szeme babon\u00e1z, \u00fagy gy\u00f6t\u00f6r a v\u00e1gy,<br \/>\nl\u00e1tom \u0150 is akarja.<br \/>\nNa gyere csinibaba, elviszlek ide oda,<br \/>\nrajosan az \u00e9jszak\u00e1ba.<br \/>\nA tes\u00f3im fedeznek, a paliddal whiskyizek,<br \/>\nle van zs\u00edrozva m\u00e1r minden.<br \/>\nNa, gyere csinibaba, elviszlek ide oda,<br \/>\nrajosan az \u00e9jszak\u00e1ba.<br \/>\nA tes\u00f3im fedeznek, a paliddal whiskyizek,<br \/>\nle van zs\u00edrozva m\u00e1r minden.<br \/>\n&#8212;Sz\u00f3l\u00f3&#8212;<br \/>\nGy\u00f6ny\u00f6r\u0171 a l\u00e1ny, egy kicsit rafin\u00e1lt,<br \/>\negy forr\u00f3 v\u00e9r\u0171 rossz kisl\u00e1ny.<br \/>\nA szeme babon\u00e1z, \u00fagy gy\u00f6t\u00f6r a v\u00e1gy,<br \/>\nl\u00e1tom \u0150 is akarja.<br \/>\nNa gyere csinibaba, elviszlek ide oda,<br \/>\nrajosan az \u00e9jszak\u00e1ba.<br \/>\nA tes\u00f3im fedeznek, a paliddal whiskyizek,<br \/>\nle van zs\u00edrozva m\u00e1r minden.<br \/>\nNa, gyere csinibaba, elviszlek ide oda,<br \/>\nrajosan az \u00e9jszak\u00e1ba.<br \/>\nA tes\u00f3im fedeznek, a paliddal whiskyizek,<br \/>\nle van zs\u00edrozva m\u00e1r minden.<br \/>\n&#8212;Sz\u00f3l\u00f3&#8212;<br \/>\nNa, gyere csinibaba, elviszlek ide oda,<br \/>\nrajosan az \u00e9jszak\u00e1ba.<br \/>\nA tes\u00f3im fedeznek, a paliddal whiskyizek,<br \/>\nle van zs\u00edrozva m\u00e1r minden.<br \/>\nNa, gyere csinibaba, elviszlek ide oda,<br \/>\nrajosan az \u00e9jszak\u00e1ba.<br \/>\nA tes\u00f3im fedeznek, a paliddal whiskyizek,<br \/>\nle van zs\u00edrozva m\u00e1r minden.<br \/>\nNa, gyere csinibaba, elviszlek ide oda,<br \/>\nrajosan az \u00e9jszak\u00e1ba.<br \/>\nA tes\u00f3im fedeznek, a paliddal whiskyizek,<br \/>\nle van zs\u00edrozva m\u00e1r minden.<br \/>\nNa, gyere csinibaba, elviszlek ide oda,<br \/>\nrajosan az \u00e9jszak\u00e1ba.<br \/>\nA tes\u00f3im fedeznek, a paliddal whiskyizek,<br \/>\nle van zs\u00edrozva m\u00e1r minden.<br \/>\n&#8212;V\u00e9ge&#8212;<\/p>\n<p>&nbsp;<\/p>\n","protected":false},"featured_media":11303,"template":"","meta":{"site-sidebar-layout":"default","site-content-layout":"default","ast-site-content-layout":"default","site-content-style":"default","site-sidebar-style":"default","ast-global-header-display":"","ast-banner-title-visibility":"","ast-main-header-display":"","ast-hfb-above-header-display":"","ast-hfb-below-header-display":"","ast-hfb-mobile-header-display":"","site-post-title":"","ast-breadcrumbs-content":"","ast-featured-img":"","footer-sml-layout":"","theme-transparent-header-meta":"default","adv-header-id-meta":"","stick-header-meta":"","header-above-stick-meta":"","header-main-stick-meta":"","header-below-stick-meta":"","astra-migrate-meta-layouts":"set","ast-page-background-enabled":"default","ast-page-background-meta":{"desktop":{"background-color":"var(--ast-global-color-4)","background-image":"","background-repeat":"repeat","background-position":"center center","background-size":"auto","background-attachment":"scroll","background-type":"","background-media":"","overlay-type":"","overlay-color":"","overlay-opacity":"","overlay-gradient":""},"tablet":{"background-color":"","background-image":"","background-repeat":"repeat","background-position":"center center","background-size":"auto","background-attachment":"scroll","background-type":"","background-media":"","overlay-type":"","overlay-color":"","overlay-opacity":"","overlay-gradient":""},"mobile":{"background-color":"","background-image":"","background-repeat":"repeat","background-position":"center center","background-size":"auto","background-attachment":"scroll","background-type":"","background-media":"","overlay-type":"","overlay-color":"","overlay-opacity":"","overlay-gradient":""}},"ast-content-background-meta":{"desktop":{"background-color":"var(--ast-global-color-5)","background-image":"","background-repeat":"repeat","background-position":"center center","background-size":"auto","background-attachment":"scroll","background-type":"","background-media":"","overlay-type":"","overlay-color":"","overlay-opacity":"","overlay-gradient":""},"tablet":{"background-color":"var(--ast-global-color-5)","background-image":"","background-repeat":"repeat","background-position":"center center","background-size":"auto","background-attachment":"scroll","background-type":"","background-media":"","overlay-type":"","overlay-color":"","overlay-opacity":"","overlay-gradient":""},"mobile":{"background-color":"var(--ast-global-color-5)","background-image":"","background-repeat":"repeat","background-position":"center center","background-size":"auto","background-attachment":"scroll","background-type":"","background-media":"","overlay-type":"","overlay-color":"","overlay-opacity":"","overlay-gradient":""}}},"product_cat":[48],"product_tag":[],"class_list":["post-15078","product","type-product","status-publish","has-post-thumbnail","hentry","product_cat-sunkaraoke-dalok","desktop-align-left","tablet-align-left","mobile-align-left"],"_links":{"self":[{"href":"https:\/\/www.sunkaraoke.hu\/index.php\/wp-json\/wp\/v2\/product\/15078","targetHints":{"allow":["GET"]}}],"collection":[{"href":"https:\/\/www.sunkaraoke.hu\/index.php\/wp-json\/wp\/v2\/product"}],"about":[{"href":"https:\/\/www.sunkaraoke.hu\/index.php\/wp-json\/wp\/v2\/types\/product"}],"wp:featuredmedia":[{"embeddable":true,"href":"https:\/\/www.sunkaraoke.hu\/index.php\/wp-json\/wp\/v2\/media\/11303"}],"wp:attachment":[{"href":"https:\/\/www.sunkaraoke.hu\/index.php\/wp-json\/wp\/v2\/media?parent=15078"}],"wp:term":[{"taxonomy":"product_cat","embeddable":true,"href":"https:\/\/www.sunkaraoke.hu\/index.php\/wp-json\/wp\/v2\/product_cat?post=15078"},{"taxonomy":"product_tag","embeddable":true,"href":"https:\/\/www.sunkaraoke.hu\/index.php\/wp-json\/wp\/v2\/product_tag?post=15078"}],"curies":[{"name":"wp","href":"https:\/\/api.w.org\/{rel}","templated":true}]}}