{"id":15068,"date":"2025-03-16T06:50:58","date_gmt":"2025-03-16T06:50:58","guid":{"rendered":"https:\/\/www.sunkaraoke.hu\/?post_type=product&#038;p=15068"},"modified":"2025-03-16T06:53:31","modified_gmt":"2025-03-16T06:53:31","slug":"dondi-duo-paradicsom-2025-new","status":"publish","type":"product","link":"https:\/\/www.sunkaraoke.hu\/index.php\/termek\/dondi-duo-paradicsom-2025-new\/","title":{"rendered":"<div class=\"wcmp-player-container product-15068\"><audio controlslist=\"nodownload\" data-product=\"15068\"  volume=\"1\"  preload=\"none\" data-lazyloading=\"none\" class=\"wcmp-player track mejs-classic\" data-duration=\"0:32\" data-estimated_duration=\"4\"><source src=\"https:\/\/www.sunkaraoke.hu\/wp-content\/uploads\/2025\/03\/Paradicsom-2025.-New_demo.mp3\" type=\"audio\/mp3\" \/><\/audio><\/div>D\u00f6ndi Du\u00f3 : Paradicsom 2025. New"},"content":{"rendered":"<p><strong>03:23 \/<\/strong>\u00a0<strong><img loading=\"lazy\" decoding=\"async\" class=\"alignnone size-full wp-image-467\" src=\"https:\/\/www.sunkaraoke.hu\/wp-content\/uploads\/2022\/07\/choir_2-copy.webp\" alt=\"\" width=\"30\" height=\"30\" \/> \/ -1<\/strong><\/p>\n","protected":false},"excerpt":{"rendered":"<h5>Bits\u0171r\u0171s\u00e9g: 320kb\/s<\/h5>\n<h5>Hossz: 03:23<\/h5>\n<h5>Vok\u00e1l: Nem <img loading=\"lazy\" decoding=\"async\" class=\"alignnone size-full wp-image-467\" src=\"http:\/\/www.sunkaraoke.hu\/wp-content\/uploads\/2022\/07\/choir_2-copy.png\" alt=\"\" width=\"30\" height=\"30\" \/><\/h5>\n<h5>Transzp: Igen -1<\/h5>\n<p>Sunkaraoke mp3 st\u00fadi\u00f3 \/ www.sunkaraoke.hu \/ Inf: Tel: 06 20 4275001<\/p>\n<p>&#8212;Intr\u00f3&#8212;<br \/>\nS\u00fct a nap, egy felh\u0151n fekszem,<br \/>\nr\u00f3zsasz\u00edn napszem\u00fcvegben.<br \/>\nB\u00edbor k\u00f6d, a felh\u0151k f\u00f6l\u00f6tt,<br \/>\nkipr\u00f3b\u00e1ln\u00e1m, m\u00e1skor is bej\u00f6tt,<br \/>\nez a v\u00e9gtelen, k\u00e9nyelem sziget,<br \/>\nn\u00e9zz sz\u00e9t, \u00fagyse l\u00e1tt\u00e1l ilyet.<br \/>\nEz a v\u00e9gtelennek t\u0171n\u0151 sziget,<br \/>\nparadicsom b\u0151s\u00e9g liget.<br \/>\nEz marha j\u00f3, mint egy l\u00e9ghaj\u00f3,<br \/>\nez marha j\u00f3, rep\u00fclsz mint egy l\u00e9ghaj\u00f3.<br \/>\nEz marha j\u00f3, mint egy l\u00e9ghaj\u00f3,<br \/>\nez marha j\u00f3, rep\u00fclsz mint egy l\u00e9ghaj\u00f3.<br \/>\nEz nem paradicsom&#8212;-<br \/>\nEz nem paradicsom&#8212;-<br \/>\nEz nem paradicsom&#8212;-<br \/>\n&#8212;Sz\u00f3l\u00f3&#8212;<br \/>\nS\u00fct a nap, egy felh\u0151n fekszem,<br \/>\nr\u00f3zsasz\u00edn napszem\u00fcvegben.<br \/>\nB\u00edbor k\u00f6d, a felh\u0151k f\u00f6l\u00f6tt,<br \/>\nkipr\u00f3b\u00e1ln\u00e1m, m\u00e1skor is bej\u00f6tt,<br \/>\nez a v\u00e9gtelen, k\u00e9nyelem sziget,<br \/>\nn\u00e9zz sz\u00e9t, \u00fagyse l\u00e1tt\u00e1l ilyet.<br \/>\nEz a v\u00e9gtelennek t\u0171n\u0151 sziget,<br \/>\nparadicsom b\u0151s\u00e9g liget.<br \/>\nEz marha j\u00f3, mint egy l\u00e9ghaj\u00f3,<br \/>\nez marha j\u00f3, rep\u00fclsz mint egy l\u00e9ghaj\u00f3.<br \/>\nEz marha j\u00f3, mint egy l\u00e9ghaj\u00f3,<br \/>\nez marha j\u00f3, rep\u00fclsz mint egy l\u00e9ghaj\u00f3.<br \/>\nEz nem paradicsom&#8212;-<br \/>\nEz nem paradicsom&#8212;-<br \/>\nEz nem paradicsom&#8212;-<br \/>\n&#8212;Sz\u00f3l\u00f3&#8212;<br \/>\nS\u00fct a nap, egy felh\u0151n fekszem,<br \/>\nr\u00f3zsasz\u00edn napszem\u00fcvegben.<br \/>\nB\u00edbor k\u00f6d, a felh\u0151k f\u00f6l\u00f6tt,<br \/>\nkipr\u00f3b\u00e1ln\u00e1m, m\u00e1skor is bej\u00f6tt,<br \/>\nez a v\u00e9gtelen, k\u00e9nyelem sziget,<br \/>\nn\u00e9zz sz\u00e9t, \u00fagyse l\u00e1tt\u00e1l ilyet.<br \/>\nEz a v\u00e9gtelennek t\u0171n\u0151 sziget,<br \/>\nparadicsom b\u0151s\u00e9g liget.<br \/>\nEz marha j\u00f3, mint egy l\u00e9ghaj\u00f3,<br \/>\nez marha j\u00f3, rep\u00fclsz mint egy l\u00e9ghaj\u00f3.<br \/>\nEz marha j\u00f3, mint egy l\u00e9ghaj\u00f3,<br \/>\nez marha j\u00f3, rep\u00fclsz mint egy l\u00e9ghaj\u00f3.<br \/>\nEz nem paradicsom&#8212;-<br \/>\nEz nem paradicsom&#8212;-<br \/>\nEz nem paradicsom&#8212;-<br \/>\n&#8212;V\u00e9ge&#8212;<\/p>\n","protected":false},"featured_media":12239,"template":"","meta":{"site-sidebar-layout":"default","site-content-layout":"default","ast-site-content-layout":"default","site-content-style":"default","site-sidebar-style":"default","ast-global-header-display":"","ast-banner-title-visibility":"","ast-main-header-display":"","ast-hfb-above-header-display":"","ast-hfb-below-header-display":"","ast-hfb-mobile-header-display":"","site-post-title":"","ast-breadcrumbs-content":"","ast-featured-img":"","footer-sml-layout":"","theme-transparent-header-meta":"default","adv-header-id-meta":"","stick-header-meta":"","header-above-stick-meta":"","header-main-stick-meta":"","header-below-stick-meta":"","astra-migrate-meta-layouts":"set","ast-page-background-enabled":"default","ast-page-background-meta":{"desktop":{"background-color":"var(--ast-global-color-4)","background-image":"","background-repeat":"repeat","background-position":"center center","background-size":"auto","background-attachment":"scroll","background-type":"","background-media":"","overlay-type":"","overlay-color":"","overlay-opacity":"","overlay-gradient":""},"tablet":{"background-color":"","background-image":"","background-repeat":"repeat","background-position":"center center","background-size":"auto","background-attachment":"scroll","background-type":"","background-media":"","overlay-type":"","overlay-color":"","overlay-opacity":"","overlay-gradient":""},"mobile":{"background-color":"","background-image":"","background-repeat":"repeat","background-position":"center center","background-size":"auto","background-attachment":"scroll","background-type":"","background-media":"","overlay-type":"","overlay-color":"","overlay-opacity":"","overlay-gradient":""}},"ast-content-background-meta":{"desktop":{"background-color":"var(--ast-global-color-5)","background-image":"","background-repeat":"repeat","background-position":"center center","background-size":"auto","background-attachment":"scroll","background-type":"","background-media":"","overlay-type":"","overlay-color":"","overlay-opacity":"","overlay-gradient":""},"tablet":{"background-color":"var(--ast-global-color-5)","background-image":"","background-repeat":"repeat","background-position":"center center","background-size":"auto","background-attachment":"scroll","background-type":"","background-media":"","overlay-type":"","overlay-color":"","overlay-opacity":"","overlay-gradient":""},"mobile":{"background-color":"var(--ast-global-color-5)","background-image":"","background-repeat":"repeat","background-position":"center center","background-size":"auto","background-attachment":"scroll","background-type":"","background-media":"","overlay-type":"","overlay-color":"","overlay-opacity":"","overlay-gradient":""}}},"product_cat":[48],"product_tag":[],"class_list":["post-15068","product","type-product","status-publish","has-post-thumbnail","hentry","product_cat-sunkaraoke-dalok","desktop-align-left","tablet-align-left","mobile-align-left"],"_links":{"self":[{"href":"https:\/\/www.sunkaraoke.hu\/index.php\/wp-json\/wp\/v2\/product\/15068","targetHints":{"allow":["GET"]}}],"collection":[{"href":"https:\/\/www.sunkaraoke.hu\/index.php\/wp-json\/wp\/v2\/product"}],"about":[{"href":"https:\/\/www.sunkaraoke.hu\/index.php\/wp-json\/wp\/v2\/types\/product"}],"wp:featuredmedia":[{"embeddable":true,"href":"https:\/\/www.sunkaraoke.hu\/index.php\/wp-json\/wp\/v2\/media\/12239"}],"wp:attachment":[{"href":"https:\/\/www.sunkaraoke.hu\/index.php\/wp-json\/wp\/v2\/media?parent=15068"}],"wp:term":[{"taxonomy":"product_cat","embeddable":true,"href":"https:\/\/www.sunkaraoke.hu\/index.php\/wp-json\/wp\/v2\/product_cat?post=15068"},{"taxonomy":"product_tag","embeddable":true,"href":"https:\/\/www.sunkaraoke.hu\/index.php\/wp-json\/wp\/v2\/product_tag?post=15068"}],"curies":[{"name":"wp","href":"https:\/\/api.w.org\/{rel}","templated":true}]}}