{"id":15047,"date":"2025-03-09T17:30:29","date_gmt":"2025-03-09T17:30:29","guid":{"rendered":"https:\/\/www.sunkaraoke.hu\/?post_type=product&#038;p=15047"},"modified":"2025-03-09T17:31:49","modified_gmt":"2025-03-09T17:31:49","slug":"kaczor-ferenc-nekem-csak-egy-csillag-2025-new-edit","status":"publish","type":"product","link":"https:\/\/www.sunkaraoke.hu\/index.php\/termek\/kaczor-ferenc-nekem-csak-egy-csillag-2025-new-edit\/","title":{"rendered":"<div class=\"wcmp-player-container product-15047\"><audio controlslist=\"nodownload\" data-product=\"15047\"  volume=\"1\"  preload=\"none\" data-lazyloading=\"none\" class=\"wcmp-player track mejs-classic\" data-duration=\"0:30\" data-estimated_duration=\"3\"><source src=\"https:\/\/www.sunkaraoke.hu\/wp-content\/uploads\/2025\/03\/Nekem-csak-egy-csillag-2025.-New_demo.mp3\" type=\"audio\/mp3\" \/><\/audio><\/div>Kaczor Ferenc &#8211; N\u00e9kem csak egy csillag 2025. New Edit"},"content":{"rendered":"<p><strong>03:27<\/strong>| <strong><img loading=\"lazy\" decoding=\"async\" class=\"alignnone size-full wp-image-467\" src=\"https:\/\/www.sunkaraoke.hu\/wp-content\/uploads\/2022\/07\/choir_2-copy.webp\" alt=\"\" width=\"30\" height=\"30\" \/> | <img decoding=\"async\" src=\"https:\/\/www.sunkaraoke.hu\/wp-content\/uploads\/2022\/07\/transzponalas.webp\" \/> \u00a0<\/strong><\/p>\n","protected":false},"excerpt":{"rendered":"<h5><strong>Bits\u0171r\u0171s\u00e9g: 320kb\/s<\/strong><br \/>\n<strong>Hossz: 03:27<\/strong><br \/>\n<strong>Vok\u00e1lt tartalmaz: Nem <img loading=\"lazy\" decoding=\"async\" class=\"alignnone size-full wp-image-467\" src=\"http:\/\/www.sunkaraoke.hu\/wp-content\/uploads\/2022\/07\/choir_2-copy.png\" alt=\"\" width=\"30\" height=\"30\" \/><\/strong><\/h5>\n<p>Sunkaraoke mp3 st\u00fadi\u00f3 \/ www.sunkaraoke.hu \/ Inf: Tel: 06 20 4275001<\/p>\n<p>&#8212;Intr\u00f3&#8212;<br \/>\nN\u00e9kem csak egy csillag, ragyog fent az \u00e9gen,<br \/>\nte vagy az \u00e9letem, a boldogs\u00e1gom n\u00e9kem.<br \/>\nA j\u00f3istent\u0151l csak, azt az egyet k\u00e9rem,<br \/>\nhadd legyek m\u00e9g veled, ne vegyen el t\u0151lem.<br \/>\nA j\u00f3istent\u0151l csak, azt az egyet k\u00e9rem,<br \/>\nmaradj m\u00e9g egy kicsit, ne vegyen el t\u0151lem.<br \/>\nNem szerettem eddig, soha m\u00e9g \u00edgy senkit,<br \/>\na sz\u00edvem kertj\u00e9ben , ezer vil\u00e1g ny\u00edlik.<br \/>\nA j\u00f3istent\u0151l csak, azt az egyet k\u00e9rem,<br \/>\nhadd legyek m\u00e9g veled, ne vegyen el t\u0151lem.<br \/>\nA j\u00f3istent\u0151l csak, azt az egyet k\u00e9rem,<br \/>\nmaradj m\u00e9g egy kicsit, ne vegyen el t\u0151lem.<br \/>\n&#8212;Sz\u00f3l\u00f3&#8212;<br \/>\nTe vagy \u00e9letemnek, legszebb r\u00f3zsasz\u00e1la,<br \/>\nte vagy \u00e9jszak\u00e1im, leggy\u00f6ny\u00f6r\u0171bb \u00e1lma.<br \/>\nA j\u00f3istent\u0151l csak, azt az egyet k\u00e9rem,<br \/>\nhadd legyek m\u00e9g veled, ne vegyen el t\u0151lem.<br \/>\nA j\u00f3istent\u0151l csak, azt az egyet k\u00e9rem,<br \/>\nmaradj m\u00e9g egy kicsit, ne vegyen el t\u0151lem.<br \/>\nNem szerettem eddig, soha m\u00e9g \u00edgy senkit,<br \/>\na sz\u00edvem kertj\u00e9ben , ezer vil\u00e1g ny\u00edlik.<br \/>\nA j\u00f3istent\u0151l csak, azt az egyet k\u00e9rem,<br \/>\nhadd legyek m\u00e9g veled, ne vegyen el t\u0151lem.<br \/>\nA j\u00f3istent\u0151l csak, azt az egyet k\u00e9rem,<br \/>\nmaradj m\u00e9g egy kicsit, ne vegyen el t\u0151lem.<br \/>\n&#8212;V\u00e9ge&#8212;<\/p>\n","protected":false},"featured_media":8960,"template":"","meta":{"site-sidebar-layout":"default","site-content-layout":"default","ast-site-content-layout":"default","site-content-style":"default","site-sidebar-style":"default","ast-global-header-display":"","ast-banner-title-visibility":"","ast-main-header-display":"","ast-hfb-above-header-display":"","ast-hfb-below-header-display":"","ast-hfb-mobile-header-display":"","site-post-title":"","ast-breadcrumbs-content":"","ast-featured-img":"","footer-sml-layout":"","theme-transparent-header-meta":"default","adv-header-id-meta":"","stick-header-meta":"","header-above-stick-meta":"","header-main-stick-meta":"","header-below-stick-meta":"","astra-migrate-meta-layouts":"set","ast-page-background-enabled":"default","ast-page-background-meta":{"desktop":{"background-color":"var(--ast-global-color-4)","background-image":"","background-repeat":"repeat","background-position":"center center","background-size":"auto","background-attachment":"scroll","background-type":"","background-media":"","overlay-type":"","overlay-color":"","overlay-opacity":"","overlay-gradient":""},"tablet":{"background-color":"","background-image":"","background-repeat":"repeat","background-position":"center center","background-size":"auto","background-attachment":"scroll","background-type":"","background-media":"","overlay-type":"","overlay-color":"","overlay-opacity":"","overlay-gradient":""},"mobile":{"background-color":"","background-image":"","background-repeat":"repeat","background-position":"center center","background-size":"auto","background-attachment":"scroll","background-type":"","background-media":"","overlay-type":"","overlay-color":"","overlay-opacity":"","overlay-gradient":""}},"ast-content-background-meta":{"desktop":{"background-color":"var(--ast-global-color-5)","background-image":"","background-repeat":"repeat","background-position":"center center","background-size":"auto","background-attachment":"scroll","background-type":"","background-media":"","overlay-type":"","overlay-color":"","overlay-opacity":"","overlay-gradient":""},"tablet":{"background-color":"var(--ast-global-color-5)","background-image":"","background-repeat":"repeat","background-position":"center center","background-size":"auto","background-attachment":"scroll","background-type":"","background-media":"","overlay-type":"","overlay-color":"","overlay-opacity":"","overlay-gradient":""},"mobile":{"background-color":"var(--ast-global-color-5)","background-image":"","background-repeat":"repeat","background-position":"center center","background-size":"auto","background-attachment":"scroll","background-type":"","background-media":"","overlay-type":"","overlay-color":"","overlay-opacity":"","overlay-gradient":""}}},"product_cat":[48],"product_tag":[],"class_list":["post-15047","product","type-product","status-publish","has-post-thumbnail","hentry","product_cat-sunkaraoke-dalok","desktop-align-left","tablet-align-left","mobile-align-left"],"_links":{"self":[{"href":"https:\/\/www.sunkaraoke.hu\/index.php\/wp-json\/wp\/v2\/product\/15047","targetHints":{"allow":["GET"]}}],"collection":[{"href":"https:\/\/www.sunkaraoke.hu\/index.php\/wp-json\/wp\/v2\/product"}],"about":[{"href":"https:\/\/www.sunkaraoke.hu\/index.php\/wp-json\/wp\/v2\/types\/product"}],"wp:featuredmedia":[{"embeddable":true,"href":"https:\/\/www.sunkaraoke.hu\/index.php\/wp-json\/wp\/v2\/media\/8960"}],"wp:attachment":[{"href":"https:\/\/www.sunkaraoke.hu\/index.php\/wp-json\/wp\/v2\/media?parent=15047"}],"wp:term":[{"taxonomy":"product_cat","embeddable":true,"href":"https:\/\/www.sunkaraoke.hu\/index.php\/wp-json\/wp\/v2\/product_cat?post=15047"},{"taxonomy":"product_tag","embeddable":true,"href":"https:\/\/www.sunkaraoke.hu\/index.php\/wp-json\/wp\/v2\/product_tag?post=15047"}],"curies":[{"name":"wp","href":"https:\/\/api.w.org\/{rel}","templated":true}]}}