{"id":15023,"date":"2025-03-05T11:40:11","date_gmt":"2025-03-05T11:40:11","guid":{"rendered":"https:\/\/www.sunkaraoke.hu\/?post_type=product&#038;p=15023"},"modified":"2025-03-05T11:41:29","modified_gmt":"2025-03-05T11:41:29","slug":"kaczor-ferenc-bocsass-meg-kerlek-2025-new","status":"publish","type":"product","link":"https:\/\/www.sunkaraoke.hu\/index.php\/termek\/kaczor-ferenc-bocsass-meg-kerlek-2025-new\/","title":{"rendered":"<div class=\"wcmp-player-container product-15023\"><audio controlslist=\"nodownload\" data-product=\"15023\"  volume=\"1\"  preload=\"none\" data-lazyloading=\"none\" class=\"wcmp-player track mejs-classic\" data-duration=\"0:33\" data-estimated_duration=\"4\"><source src=\"https:\/\/www.sunkaraoke.hu\/wp-content\/uploads\/2025\/03\/Bocsass-meg-kerlek-2025-NEW-Kaczor_demo.mp3\" type=\"audio\/mp3\" \/><\/audio><\/div>Kaczor Ferenc &#8211; Bocs\u00e1ss meg k\u00e9rlek 2025. NEW"},"content":{"rendered":"<p><strong>03:29<\/strong>| <strong><img loading=\"lazy\" decoding=\"async\" class=\"alignnone size-full wp-image-467\" src=\"https:\/\/www.sunkaraoke.hu\/wp-content\/uploads\/2022\/07\/choir_2-copy.webp\" alt=\"\" width=\"30\" height=\"30\" \/> | <img decoding=\"async\" src=\"https:\/\/www.sunkaraoke.hu\/wp-content\/uploads\/2022\/07\/transzponalas.webp\" \/> \u00a0<\/strong><\/p>\n","protected":false},"excerpt":{"rendered":"<h5><strong>Bits\u0171r\u0171s\u00e9g: 320kb\/s<\/strong><br \/>\n<strong>Hossz: 03:29<\/strong><br \/>\n<strong>Vok\u00e1lt tartalmaz: Nem <img loading=\"lazy\" decoding=\"async\" class=\"alignnone size-full wp-image-467\" src=\"http:\/\/www.sunkaraoke.hu\/wp-content\/uploads\/2022\/07\/choir_2-copy.png\" alt=\"\" width=\"30\" height=\"30\" \/><\/strong><\/h5>\n<h5><\/h5>\n<p>Sunkaraoke mp3 st\u00fadi\u00f3 \/ www.sunkaraoke.hu \/ Inf: Tel: 06 20 4275001<\/p>\n<p>&#8212;Intr\u00f3&#8212;<br \/>\nForr\u00f3 ny\u00e1r volt \u00e9s t\u0171z\u00f6tt a nap,<br \/>\ns\u00e9t\u00e1ltam mikor megl\u00e1ttalak,<br \/>\ncsillog\u00f3 szemed cs\u00e1b\u00edtva n\u00e9zett re\u00e1m.<br \/>\nFiatal volt\u00e1l \u00e9s fiatal a ny\u00e1r,<br \/>\nv\u00e1rt\u00e1l r\u00e1m egy buli ut\u00e1n,<br \/>\nnem mertem akkor bevallani,<br \/>\nsemmit sem neked.<br \/>\nBocs\u00e1ss meg k\u00e9rlek, van egy hib\u00e1m,<br \/>\nm\u00e1s\u00e9 a sz\u00edvem r\u00e9g\u00f3ta m\u00e1r,<br \/>\n\u00e9s m\u00e9g csak annyit mondhatok,<br \/>\nhogy kett\u0151t szeretni nem tudok.<br \/>\nBocs\u00e1ss meg k\u00e9rlek, van egy hib\u00e1m,<br \/>\nm\u00e1s\u00e9 a sz\u00edvem r\u00e9g\u00f3ta m\u00e1r,<br \/>\n\u00e9s m\u00e9g csak annyit mondhatok,<br \/>\nhogy kett\u0151t szeretni nem tudok.<br \/>\n&#8212;Sz\u00f3l\u00f3&#8212;<br \/>\nElm\u00falt m\u00e1r v\u00e9get \u00e9rt a ny\u00e1r,<br \/>\nelt\u0171nt a r\u00e9tr\u0151l a sok vir\u00e1g,<br \/>\nszomor\u00fa sz\u00edvvel gondolok \u00e9n is re\u00e1d.<br \/>\nNem tudom mit tegyek hogyan tov\u00e1bb,<br \/>\nhogy mondjam el azt ami b\u00e1nt,<br \/>\nde be kell, hogy valljak,<br \/>\nvalami fontosat neked.<br \/>\nBocs\u00e1ss meg k\u00e9rlek, van egy hib\u00e1m,<br \/>\nm\u00e1s\u00e9 a sz\u00edvem r\u00e9g\u00f3ta m\u00e1r,<br \/>\n\u00e9s m\u00e9g csak annyit mondhatok,<br \/>\nhogy kett\u0151t szeretni nem tudok.<br \/>\nBocs\u00e1ss meg k\u00e9rlek, van egy hib\u00e1m,<br \/>\nm\u00e1s\u00e9 a sz\u00edvem r\u00e9g\u00f3ta m\u00e1r,<br \/>\n\u00e9s m\u00e9g csak annyit mondhatok,<br \/>\nhogy kett\u0151t szeretni nem tudok.<br \/>\n&#8212;Sz\u00f3l\u00f3&#8212;<br \/>\nBocs\u00e1ss meg k\u00e9rlek, van egy hib\u00e1m,<br \/>\nm\u00e1s\u00e9 a sz\u00edvem r\u00e9g\u00f3ta m\u00e1r,<br \/>\n\u00e9s m\u00e9g csak annyit mondhatok,<br \/>\nhogy kett\u0151t szeretni nem tudok.<br \/>\nBocs\u00e1ss meg k\u00e9rlek, van egy hib\u00e1m,<br \/>\nm\u00e1s\u00e9 a sz\u00edvem r\u00e9g\u00f3ta m\u00e1r,<br \/>\n\u00e9s m\u00e9g csak annyit mondhatok,<br \/>\nhogy kett\u0151t szeretni nem tudok.<br \/>\n&#8212;V\u00e9ge&#8212;<\/p>\n","protected":false},"featured_media":8960,"template":"","meta":{"site-sidebar-layout":"default","site-content-layout":"default","ast-site-content-layout":"default","site-content-style":"default","site-sidebar-style":"default","ast-global-header-display":"","ast-banner-title-visibility":"","ast-main-header-display":"","ast-hfb-above-header-display":"","ast-hfb-below-header-display":"","ast-hfb-mobile-header-display":"","site-post-title":"","ast-breadcrumbs-content":"","ast-featured-img":"","footer-sml-layout":"","theme-transparent-header-meta":"default","adv-header-id-meta":"","stick-header-meta":"","header-above-stick-meta":"","header-main-stick-meta":"","header-below-stick-meta":"","astra-migrate-meta-layouts":"set","ast-page-background-enabled":"default","ast-page-background-meta":{"desktop":{"background-color":"var(--ast-global-color-4)","background-image":"","background-repeat":"repeat","background-position":"center center","background-size":"auto","background-attachment":"scroll","background-type":"","background-media":"","overlay-type":"","overlay-color":"","overlay-opacity":"","overlay-gradient":""},"tablet":{"background-color":"","background-image":"","background-repeat":"repeat","background-position":"center center","background-size":"auto","background-attachment":"scroll","background-type":"","background-media":"","overlay-type":"","overlay-color":"","overlay-opacity":"","overlay-gradient":""},"mobile":{"background-color":"","background-image":"","background-repeat":"repeat","background-position":"center center","background-size":"auto","background-attachment":"scroll","background-type":"","background-media":"","overlay-type":"","overlay-color":"","overlay-opacity":"","overlay-gradient":""}},"ast-content-background-meta":{"desktop":{"background-color":"var(--ast-global-color-5)","background-image":"","background-repeat":"repeat","background-position":"center center","background-size":"auto","background-attachment":"scroll","background-type":"","background-media":"","overlay-type":"","overlay-color":"","overlay-opacity":"","overlay-gradient":""},"tablet":{"background-color":"var(--ast-global-color-5)","background-image":"","background-repeat":"repeat","background-position":"center center","background-size":"auto","background-attachment":"scroll","background-type":"","background-media":"","overlay-type":"","overlay-color":"","overlay-opacity":"","overlay-gradient":""},"mobile":{"background-color":"var(--ast-global-color-5)","background-image":"","background-repeat":"repeat","background-position":"center center","background-size":"auto","background-attachment":"scroll","background-type":"","background-media":"","overlay-type":"","overlay-color":"","overlay-opacity":"","overlay-gradient":""}}},"product_cat":[48],"product_tag":[],"class_list":["post-15023","product","type-product","status-publish","has-post-thumbnail","hentry","product_cat-sunkaraoke-dalok","desktop-align-left","tablet-align-left","mobile-align-left"],"_links":{"self":[{"href":"https:\/\/www.sunkaraoke.hu\/index.php\/wp-json\/wp\/v2\/product\/15023","targetHints":{"allow":["GET"]}}],"collection":[{"href":"https:\/\/www.sunkaraoke.hu\/index.php\/wp-json\/wp\/v2\/product"}],"about":[{"href":"https:\/\/www.sunkaraoke.hu\/index.php\/wp-json\/wp\/v2\/types\/product"}],"wp:featuredmedia":[{"embeddable":true,"href":"https:\/\/www.sunkaraoke.hu\/index.php\/wp-json\/wp\/v2\/media\/8960"}],"wp:attachment":[{"href":"https:\/\/www.sunkaraoke.hu\/index.php\/wp-json\/wp\/v2\/media?parent=15023"}],"wp:term":[{"taxonomy":"product_cat","embeddable":true,"href":"https:\/\/www.sunkaraoke.hu\/index.php\/wp-json\/wp\/v2\/product_cat?post=15023"},{"taxonomy":"product_tag","embeddable":true,"href":"https:\/\/www.sunkaraoke.hu\/index.php\/wp-json\/wp\/v2\/product_tag?post=15023"}],"curies":[{"name":"wp","href":"https:\/\/api.w.org\/{rel}","templated":true}]}}